{"id":8097,"date":"2026-04-13T16:34:42","date_gmt":"2026-04-13T16:34:42","guid":{"rendered":"https:\/\/new.stomil-bydgoszcz.pl\/?page_id=8097"},"modified":"2026-04-18T11:56:52","modified_gmt":"2026-04-18T11:56:52","slug":"cookie-richtlinie","status":"publish","type":"page","link":"https:\/\/new.stomil-bydgoszcz.pl\/de\/polityka-cookies\/","title":{"rendered":"Cookie-Richtlinie"},"content":{"rendered":"<p>&nbsp;<\/p>\n<p>Diese Richtlinie bezieht sich auf Cookies und gilt f\u00fcr die Website <a href=\"https:\/\/www.sklep.stomil-bydgoszcz.pl\/\">sklep.stomil-bydgoszcz.pl<\/a> Bydgoszcz Zak\u0142ad Przemys\u0142u Gumowego \u201eSTOMIL\u201d S.A. in Umstrukturierung<\/p>\n<p><strong>Was sind Cookies? <\/strong><\/p>\n<p>Cookies sind IT-Daten, insbesondere Textdateien, die auf den Endger\u00e4ten der Nutzer f\u00fcr die Nutzung von Websites gespeichert werden. Diese Cookies erm\u00f6glichen es der Website, das Ger\u00e4t des Nutzers zu erkennen und die Website entsprechend den individuellen Pr\u00e4ferenzen des Nutzers anzuzeigen. \u201eCookies\u201d enthalten in der Regel den Namen der Website, von der sie stammen, die Zeit, in der sie auf dem Endger\u00e4t gespeichert werden, und eine eindeutige Nummer.<\/p>\n<p><strong>Wozu verwenden wir Cookies? <\/strong><\/p>\n<p>Cookies werden verwendet, um den Inhalt der Webseiten an die Pr\u00e4ferenzen der Nutzer anzupassen und die Nutzung der Webseiten zu optimieren. Sie werden auch verwendet, um anonyme, aggregierte Statistiken zu erstellen, die dazu beitragen, zu verstehen, wie der Nutzer die Webseiten nutzt, und die es erm\u00f6glichen, deren Struktur und Inhalt zu verbessern, wobei die pers\u00f6nliche Identifizierung des Nutzers ausgeschlossen wird.<\/p>\n<p><strong>Welche Cookies verwenden wir? <\/strong><\/p>\n<p>Es werden zwei Arten von \u201eCookies\u201d verwendet - \u201eSession\u201d und \u201ePermanent\u201d. Erstere sind tempor\u00e4re Dateien, die auf dem Ger\u00e4t des Nutzers verbleiben, bis sich der Nutzer von der Website abmeldet oder die Software (Webbrowser) herunterf\u00e4hrt. \u201ePermanente\u201d Dateien verbleiben auf dem Ger\u00e4t des Nutzers f\u00fcr die in den Parametern der \u201eCookies\u201d angegebene Zeit oder bis sie vom Nutzer manuell gel\u00f6scht werden. \u201eCookies\u201d, die von den Partnern des Website-Betreibers verwendet werden, insbesondere von den Nutzern der Website, unterliegen deren eigenen Datenschutz-Richtlinien.<\/p>\n<p><strong>Enthalten Cookies personenbezogene Daten? <\/strong><\/p>\n<p>Personenbezogene Daten, die mit Hilfe von Cookies erhoben werden, d\u00fcrfen nur zu dem Zweck gesammelt werden, bestimmte Funktionen f\u00fcr den Nutzer auszuf\u00fchren. Diese Daten werden so verschl\u00fcsselt, dass sie f\u00fcr Unbefugte nicht zug\u00e4nglich sind.<\/p>\n<p><strong>L\u00f6schung von Cookies\u201e <\/strong><\/p>\n<p>Standardm\u00e4\u00dfig l\u00e4sst Ihre Webbrowser-Software das Ablegen von Cookies auf Ihrem Endger\u00e4t zu. Diese Einstellungen k\u00f6nnen so ge\u00e4ndert werden, dass die automatische Handhabung von \u201eCookies\u201d in den Einstellungen Ihres Webbrowsers blockiert wird oder dass Sie jedes Mal informiert werden, wenn sie an Ihr Ger\u00e4t gesendet werden. Ausf\u00fchrliche Informationen \u00fcber die M\u00f6glichkeiten und Methoden der Handhabung von Cookies finden Sie in den Einstellungen Ihrer Software (Webbrowser). Die Einschr\u00e4nkung der Verwendung von \u201eCookies\u201d kann einige der auf der Website verf\u00fcgbaren Funktionen beeintr\u00e4chtigen.<\/p>","protected":false},"excerpt":{"rendered":"<p>&nbsp; Diese Richtlinie betrifft \u201eCookies\u201d und gilt f\u00fcr die Website sklep.stomil-bydgoszcz.pl der Bydgoszcz Rubber Industry Plants \u201eSTOMIL\u201d S.A. w restrukturyzacji Was sind \u201eCookies\u201d? Cookies\u201e sind IT-Daten, insbesondere Textdateien, die auf den Endger\u00e4ten der Nutzer f\u00fcr die Nutzung von Websites gespeichert werden. Diese Dateien erm\u00f6glichen es, das Ger\u00e4t des Nutzers zu erkennen und...<\/p>","protected":false},"author":1,"featured_media":0,"parent":0,"menu_order":0,"comment_status":"closed","ping_status":"closed","template":"","meta":{"footnotes":""},"class_list":["post-8097","page","type-page","status-publish","hentry"],"_links":{"self":[{"href":"https:\/\/new.stomil-bydgoszcz.pl\/de\/wp-json\/wp\/v2\/pages\/8097","targetHints":{"allow":["GET"]}}],"collection":[{"href":"https:\/\/new.stomil-bydgoszcz.pl\/de\/wp-json\/wp\/v2\/pages"}],"about":[{"href":"https:\/\/new.stomil-bydgoszcz.pl\/de\/wp-json\/wp\/v2\/types\/page"}],"author":[{"embeddable":true,"href":"https:\/\/new.stomil-bydgoszcz.pl\/de\/wp-json\/wp\/v2\/users\/1"}],"replies":[{"embeddable":true,"href":"https:\/\/new.stomil-bydgoszcz.pl\/de\/wp-json\/wp\/v2\/comments?post=8097"}],"version-history":[{"count":2,"href":"https:\/\/new.stomil-bydgoszcz.pl\/de\/wp-json\/wp\/v2\/pages\/8097\/revisions"}],"predecessor-version":[{"id":8312,"href":"https:\/\/new.stomil-bydgoszcz.pl\/de\/wp-json\/wp\/v2\/pages\/8097\/revisions\/8312"}],"wp:attachment":[{"href":"https:\/\/new.stomil-bydgoszcz.pl\/de\/wp-json\/wp\/v2\/media?parent=8097"}],"curies":[{"name":"wp","href":"https:\/\/api.w.org\/{rel}","templated":true}]}}