{"id":6021,"date":"2026-03-17T21:36:58","date_gmt":"2026-03-17T21:36:58","guid":{"rendered":"https:\/\/new.stomil-bydgoszcz.pl\/produkt\/tuleja-1sn-2sn-2sc-dn16-u5000-10-uniwersalna-do-wezy-nieskorowanych\/"},"modified":"2026-03-17T21:37:01","modified_gmt":"2026-03-17T21:37:01","slug":"buchse-1sn-2sn-2sc-dn16-u5000-10-universal-fur-unkorrelierte-adern","status":"publish","type":"product","link":"https:\/\/new.stomil-bydgoszcz.pl\/de\/produkt\/tuleja-1sn-2sn-2sc-dn16-u5000-10-uniwersalna-do-wezy-nieskorowanych\/","title":{"rendered":"MUFFE 1SN 2SN 2SC DN16 - U5000-10 UNIVERSAL F\u00dcR UNGESCHNITTENE SCHL\u00c4UCHE"},"content":{"rendered":"<p>MUFFE 1SN 2SN 2SC DN16 - U5000-10 UNIVERSAL F\u00dcR UNGESCHNITTENE SCHL\u00c4UCHE<\/p>","protected":false},"excerpt":{"rendered":"<p>MUFFE 1SN 2SN 2SC DN16 - U5000-10 UNIVERSAL F\u00dcR UNGESCHNITTENE SCHL\u00c4UCHE<\/p>","protected":false},"featured_media":6019,"comment_status":"closed","ping_status":"closed","template":"","meta":[],"product_brand":[],"product_cat":[77,78],"product_tag":[],"class_list":{"0":"post-6021","1":"product","2":"type-product","3":"status-publish","4":"has-post-thumbnail","6":"product_cat-grupy-produktow","7":"product_cat-zakucia","9":"first","10":"instock","11":"taxable","12":"shipping-taxable","13":"purchasable","14":"product-type-variable"},"stomil_properties":[],"_links":{"self":[{"href":"https:\/\/new.stomil-bydgoszcz.pl\/de\/wp-json\/wp\/v2\/product\/6021","targetHints":{"allow":["GET"]}}],"collection":[{"href":"https:\/\/new.stomil-bydgoszcz.pl\/de\/wp-json\/wp\/v2\/product"}],"about":[{"href":"https:\/\/new.stomil-bydgoszcz.pl\/de\/wp-json\/wp\/v2\/types\/product"}],"replies":[{"embeddable":true,"href":"https:\/\/new.stomil-bydgoszcz.pl\/de\/wp-json\/wp\/v2\/comments?post=6021"}],"wp:featuredmedia":[{"embeddable":true,"href":"https:\/\/new.stomil-bydgoszcz.pl\/de\/wp-json\/wp\/v2\/media\/6019"}],"wp:attachment":[{"href":"https:\/\/new.stomil-bydgoszcz.pl\/de\/wp-json\/wp\/v2\/media?parent=6021"}],"wp:term":[{"taxonomy":"product_brand","embeddable":true,"href":"https:\/\/new.stomil-bydgoszcz.pl\/de\/wp-json\/wp\/v2\/product_brand?post=6021"},{"taxonomy":"product_cat","embeddable":true,"href":"https:\/\/new.stomil-bydgoszcz.pl\/de\/wp-json\/wp\/v2\/product_cat?post=6021"},{"taxonomy":"product_tag","embeddable":true,"href":"https:\/\/new.stomil-bydgoszcz.pl\/de\/wp-json\/wp\/v2\/product_tag?post=6021"}],"curies":[{"name":"wp","href":"https:\/\/api.w.org\/{rel}","templated":true}]}}