{"id":6031,"date":"2026-03-17T21:36:59","date_gmt":"2026-03-17T21:36:59","guid":{"rendered":"https:\/\/new.stomil-bydgoszcz.pl\/produkt\/tuleja-2sn-4sp-2st-d13-u2000-08-uniwersalna-do-wezy-skorowanych\/"},"modified":"2026-03-17T21:37:01","modified_gmt":"2026-03-17T21:37:01","slug":"buchse-2sn-4sp-2st-d13-u2000-08-universal-fur-scalloped-vee","status":"publish","type":"product","link":"https:\/\/new.stomil-bydgoszcz.pl\/de\/produkt\/tuleja-2sn-4sp-2st-d13-u2000-08-uniwersalna-do-wezy-skorowanych\/","title":{"rendered":"MUFFE 2SN 4SP 2ST D13 -U2000-08 UNIVERSAL F\u00dcR GEH\u00c4UTETE SCHL\u00c4UCHE"},"content":{"rendered":"<p>MUFFE 2SN 4SP 2ST D13 -U2000-08 UNIVERSAL F\u00dcR GEH\u00c4UTETE SCHL\u00c4UCHE<\/p>","protected":false},"excerpt":{"rendered":"<p>MUFFE 2SN 4SP 2ST D13 -U2000-08 UNIVERSAL F\u00dcR GEH\u00c4UTETE SCHL\u00c4UCHE<\/p>","protected":false},"featured_media":6029,"comment_status":"closed","ping_status":"closed","template":"","meta":[],"product_brand":[],"product_cat":[77,78],"product_tag":[],"class_list":{"0":"post-6031","1":"product","2":"type-product","3":"status-publish","4":"has-post-thumbnail","6":"product_cat-grupy-produktow","7":"product_cat-zakucia","9":"first","10":"instock","11":"taxable","12":"shipping-taxable","13":"purchasable","14":"product-type-variable"},"stomil_properties":[],"_links":{"self":[{"href":"https:\/\/new.stomil-bydgoszcz.pl\/de\/wp-json\/wp\/v2\/product\/6031","targetHints":{"allow":["GET"]}}],"collection":[{"href":"https:\/\/new.stomil-bydgoszcz.pl\/de\/wp-json\/wp\/v2\/product"}],"about":[{"href":"https:\/\/new.stomil-bydgoszcz.pl\/de\/wp-json\/wp\/v2\/types\/product"}],"replies":[{"embeddable":true,"href":"https:\/\/new.stomil-bydgoszcz.pl\/de\/wp-json\/wp\/v2\/comments?post=6031"}],"wp:featuredmedia":[{"embeddable":true,"href":"https:\/\/new.stomil-bydgoszcz.pl\/de\/wp-json\/wp\/v2\/media\/6029"}],"wp:attachment":[{"href":"https:\/\/new.stomil-bydgoszcz.pl\/de\/wp-json\/wp\/v2\/media?parent=6031"}],"wp:term":[{"taxonomy":"product_brand","embeddable":true,"href":"https:\/\/new.stomil-bydgoszcz.pl\/de\/wp-json\/wp\/v2\/product_brand?post=6031"},{"taxonomy":"product_cat","embeddable":true,"href":"https:\/\/new.stomil-bydgoszcz.pl\/de\/wp-json\/wp\/v2\/product_cat?post=6031"},{"taxonomy":"product_tag","embeddable":true,"href":"https:\/\/new.stomil-bydgoszcz.pl\/de\/wp-json\/wp\/v2\/product_tag?post=6031"}],"curies":[{"name":"wp","href":"https:\/\/api.w.org\/{rel}","templated":true}]}}