{"id":6091,"date":"2026-03-17T21:37:08","date_gmt":"2026-03-17T21:37:08","guid":{"rendered":"https:\/\/new.stomil-bydgoszcz.pl\/produkt\/zakucie-p21-10-12l-m18x1-5\/"},"modified":"2026-03-17T21:37:08","modified_gmt":"2026-03-17T21:37:08","slug":"armaturen-p21-10-12l-m18x1-5","status":"publish","type":"product","link":"https:\/\/new.stomil-bydgoszcz.pl\/de\/produkt\/zakucie-p21-10-12l-m18x1-5\/","title":{"rendered":"Armatur P21 10 12L M18x1.5"},"content":{"rendered":"<p>Armatur P21 10 12L M18x1.5<\/p>\n<p>Armaturen (Au\u00dfengewinde) f\u00fcr Hydraulikschl\u00e4uche DN 10, metrisches Gewinde, Au\u00dfengewinde M18x1,5 mit 24\u00b0 Muffe<\/p>","protected":false},"excerpt":{"rendered":"<p>Armaturen (Au\u00dfengewinde) f\u00fcr Hydraulikschl\u00e4uche DN 10, metrisches Gewinde, Au\u00dfengewinde M18x1,5 mit 24\u00b0 Muffe<\/p>","protected":false},"featured_media":6089,"comment_status":"closed","ping_status":"closed","template":"","meta":[],"product_brand":[],"product_cat":[77,78],"product_tag":[],"class_list":{"0":"post-6091","1":"product","2":"type-product","3":"status-publish","4":"has-post-thumbnail","6":"product_cat-grupy-produktow","7":"product_cat-zakucia","9":"first","10":"instock","11":"taxable","12":"shipping-taxable","13":"purchasable","14":"product-type-variable"},"stomil_properties":[],"_links":{"self":[{"href":"https:\/\/new.stomil-bydgoszcz.pl\/de\/wp-json\/wp\/v2\/product\/6091","targetHints":{"allow":["GET"]}}],"collection":[{"href":"https:\/\/new.stomil-bydgoszcz.pl\/de\/wp-json\/wp\/v2\/product"}],"about":[{"href":"https:\/\/new.stomil-bydgoszcz.pl\/de\/wp-json\/wp\/v2\/types\/product"}],"replies":[{"embeddable":true,"href":"https:\/\/new.stomil-bydgoszcz.pl\/de\/wp-json\/wp\/v2\/comments?post=6091"}],"wp:featuredmedia":[{"embeddable":true,"href":"https:\/\/new.stomil-bydgoszcz.pl\/de\/wp-json\/wp\/v2\/media\/6089"}],"wp:attachment":[{"href":"https:\/\/new.stomil-bydgoszcz.pl\/de\/wp-json\/wp\/v2\/media?parent=6091"}],"wp:term":[{"taxonomy":"product_brand","embeddable":true,"href":"https:\/\/new.stomil-bydgoszcz.pl\/de\/wp-json\/wp\/v2\/product_brand?post=6091"},{"taxonomy":"product_cat","embeddable":true,"href":"https:\/\/new.stomil-bydgoszcz.pl\/de\/wp-json\/wp\/v2\/product_cat?post=6091"},{"taxonomy":"product_tag","embeddable":true,"href":"https:\/\/new.stomil-bydgoszcz.pl\/de\/wp-json\/wp\/v2\/product_tag?post=6091"}],"curies":[{"name":"wp","href":"https:\/\/api.w.org\/{rel}","templated":true}]}}