{"id":6118,"date":"2026-03-17T21:37:11","date_gmt":"2026-03-17T21:37:11","guid":{"rendered":"https:\/\/new.stomil-bydgoszcz.pl\/produkt\/wykladzina-gumowa-ryfel-waski-3mm-szer-1250-z-odciskiem-tkaniny\/"},"modified":"2026-03-17T21:37:14","modified_gmt":"2026-03-17T21:37:14","slug":"gummibodenbelag-schmaler-spalt-3mm-breit-1250-mit-gewebeabdruck","status":"publish","type":"product","link":"https:\/\/new.stomil-bydgoszcz.pl\/de\/produkt\/wykladzina-gumowa-ryfel-waski-3mm-szer-1250-z-odciskiem-tkaniny\/","title":{"rendered":"RYFEL GUMMIBEL\u00c4GE schmal 3mm breit 1250 (mit Gewebeabdruck)"},"content":{"rendered":"<p><a href=\"https:\/\/sklep.stomil-bydgoszcz.pl\/kategoria-produktu\/grupy-produktow\/wykladziny-i-maty-gumowe-ciete\/\">GUMMIBEL\u00c4GE<\/a>&nbsp;<b>RYFEL&nbsp;<\/b>besteht aus Vollgummi und hat eine geriffelte Au\u00dfenfl\u00e4che, die durch L\u00e4ngsrillen gebildet wird. Die GUMMIBEL\u00c4GE finden ihre Anwendung als Bodenschutz, Bodenbelag, Arbeitstische und vieles mehr. RYFEL Gummibel\u00e4ge sind in zwei Ausf\u00fchrungen erh\u00e4ltlich:<\/p>\n<p><b>WIDE RIFLE:&nbsp;<\/b>Oberseite Riffelbreite 4 mm, Riffelh\u00f6he 1 mm, Riffelabstand 5 mm<\/p>\n<figure id=\"attachment_9395\" aria-describedby=\"caption-attachment-9395\" style=\"width: 300px\" class=\"wp-caption alignnone\"><img loading=\"lazy\" decoding=\"async\" class=\"wp-image-9395 size-medium\" src=\"https:\/\/sklep.stomil-bydgoszcz.pl\/wp-content\/uploads\/2018\/10\/ryfel-szeroki-szkic-300x71.png\" alt=\"rift-breite-skizze\" width=\"300\" height=\"71\"><figcaption id=\"caption-attachment-9395\" class=\"wp-caption-text\">Zeichnung - breiter Spalt<\/figcaption><\/figure>\n<p><b>FISKALISCHE ENGP\u00c4SSE:<\/b>&nbsp;Oberseite Riffelbreite 1 mm, Riffelh\u00f6he 1,5 mm, Riffelabstand 2 mm<\/p>\n<figure id=\"attachment_9396\" aria-describedby=\"caption-attachment-9396\" style=\"width: 300px\" class=\"wp-caption alignnone\"><img loading=\"lazy\" decoding=\"async\" class=\"wp-image-9396 size-medium\" src=\"https:\/\/sklep.stomil-bydgoszcz.pl\/wp-content\/uploads\/2018\/10\/ryfel-waski-szkic-300x71.png\" alt=\"riffelgesp\u00fcltes Glas\" width=\"300\" height=\"71\"><figcaption id=\"caption-attachment-9396\" class=\"wp-caption-text\">Abbildung - Enges Riffel<\/figcaption><\/figure>\n<p><b>Verf\u00fcgbare Arten von Gummibel\u00e4gen:<\/b><\/p>\n<ul>\n<li>allgemeine Verwendung (Innenbereich) ,<\/li>\n<li>\u00d6lbest\u00e4ndige,<\/li>\n<li>witterungsbest\u00e4ndig,<\/li>\n<li>elektro-isolierend.<\/li>\n<\/ul>\n<p><b>Methoden der Verlegung von Gummibel\u00e4gen:<\/b><\/p>\n<ul>\n<li>sich frei (ohne zu haften) auf einem dauerhaften Untergrund, z. B. Beton, Holz, Metall, verteilen.<\/li>\n<li>mit den im Bauwesen \u00fcblichen Klebstoffen f\u00fcr die GUMMIBEL\u00c4GE auf den Untergrund geklebt.<\/li>\n<\/ul>\n<p>Hinweis: Es ist ratsam, die zu verklebenden Gummibel\u00e4ge vorher auf dem Untergrund auszubreiten und sie mehrere Tage lang frei liegen zu lassen, damit sie besser schimmeln k\u00f6nnen. Der Untergrund sollte nach den allgemein anerkannten Regeln der Klebetechnik vorbereitet werden - eine saubere und entfettete Oberfl\u00e4che und gem\u00e4\u00df den spezifischen Anweisungen des Klebstoffherstellers.<\/p>","protected":false},"excerpt":{"rendered":"<p>Verf\u00fcgbar o <b>3 mm dick<\/b> und verpackt in <b>rollt<\/b> breit <b>1250 mm<\/b>.<\/p>","protected":false},"featured_media":6116,"comment_status":"closed","ping_status":"closed","template":"","meta":[],"product_brand":[],"product_cat":[80,77,82,83,84,85,94,86,81,79],"product_tag":[],"class_list":{"0":"post-6118","1":"product","2":"type-product","3":"status-publish","4":"has-post-thumbnail","6":"product_cat-guma-na-podloge","7":"product_cat-grupy-produktow","8":"product_cat-ryfel","9":"product_cat-wykladzina-do-bagaznika-samochodu","10":"product_cat-wykladzina-do-garazu","11":"product_cat-wykladzina-gumowa-na-schody","12":"product_cat-wykladziny-maty-antyposlizgowe","13":"product_cat-wykladziny-maty-gumowe-do-warsztatu","14":"product_cat-wykladziny-gumowe-czarne","15":"product_cat-wykladziny-i-maty-gumowe-ciete","17":"first","18":"outofstock","19":"taxable","20":"shipping-taxable","21":"purchasable","22":"product-type-variable"},"stomil_properties":[],"_links":{"self":[{"href":"https:\/\/new.stomil-bydgoszcz.pl\/de\/wp-json\/wp\/v2\/product\/6118","targetHints":{"allow":["GET"]}}],"collection":[{"href":"https:\/\/new.stomil-bydgoszcz.pl\/de\/wp-json\/wp\/v2\/product"}],"about":[{"href":"https:\/\/new.stomil-bydgoszcz.pl\/de\/wp-json\/wp\/v2\/types\/product"}],"replies":[{"embeddable":true,"href":"https:\/\/new.stomil-bydgoszcz.pl\/de\/wp-json\/wp\/v2\/comments?post=6118"}],"wp:featuredmedia":[{"embeddable":true,"href":"https:\/\/new.stomil-bydgoszcz.pl\/de\/wp-json\/wp\/v2\/media\/6116"}],"wp:attachment":[{"href":"https:\/\/new.stomil-bydgoszcz.pl\/de\/wp-json\/wp\/v2\/media?parent=6118"}],"wp:term":[{"taxonomy":"product_brand","embeddable":true,"href":"https:\/\/new.stomil-bydgoszcz.pl\/de\/wp-json\/wp\/v2\/product_brand?post=6118"},{"taxonomy":"product_cat","embeddable":true,"href":"https:\/\/new.stomil-bydgoszcz.pl\/de\/wp-json\/wp\/v2\/product_cat?post=6118"},{"taxonomy":"product_tag","embeddable":true,"href":"https:\/\/new.stomil-bydgoszcz.pl\/de\/wp-json\/wp\/v2\/product_tag?post=6118"}],"curies":[{"name":"wp","href":"https:\/\/api.w.org\/{rel}","templated":true}]}}