{"id":6142,"date":"2026-03-17T21:37:14","date_gmt":"2026-03-17T21:37:14","guid":{"rendered":"https:\/\/new.stomil-bydgoszcz.pl\/produkt\/sznur-profilowy-l-103\/"},"modified":"2026-03-17T21:37:18","modified_gmt":"2026-03-17T21:37:18","slug":"profilschnure-l-103","status":"publish","type":"product","link":"https:\/\/new.stomil-bydgoszcz.pl\/de\/produkt\/sznur-profilowy-l-103\/","title":{"rendered":"Profilschn\u00fcre \u0141-103 (Sprossen)"},"content":{"rendered":"<p>Profilschn\u00fcre \/ Extrudierte Dichtungen aus Vollgummi EPDM, CR, NBR f\u00fcr Aluminium-Tischlerei.<\/p>\n<p>Modell: \u0141-103<\/p>","protected":false},"excerpt":{"rendered":"<p>Anwendung: <strong>f\u00fcr Aluminium-Tischlerei<\/strong>&nbsp;| Abmessungen: <strong>6,7\u00d715,3\u00d75,0<\/strong><\/p>\n<p><img loading=\"lazy\" decoding=\"async\" class=\"wp-image-12108 alignleft\" src=\"https:\/\/sklep.stomil-bydgoszcz.pl\/wp-content\/uploads\/2022\/02\/przyszybowe.png\" alt=\"Verglasung\" width=\"158\" height=\"46\"><\/p>","protected":false},"featured_media":6141,"comment_status":"closed","ping_status":"closed","template":"","meta":[],"product_brand":[],"product_cat":[104,77,102,99],"product_tag":[],"class_list":{"0":"post-6142","1":"product","2":"type-product","3":"status-publish","4":"has-post-thumbnail","6":"product_cat-do-systemow-aluminiowych","7":"product_cat-grupy-produktow","8":"product_cat-uszczelki-profile-do-okien-i-drzwi-pcv-drewnianych-i-systemow-aluminiowych","9":"product_cat-uszczelki-profile-gumowe-wytlaczane","11":"first","12":"outofstock","13":"taxable","14":"shipping-taxable","15":"purchasable","16":"product-type-variable"},"stomil_properties":[],"_links":{"self":[{"href":"https:\/\/new.stomil-bydgoszcz.pl\/de\/wp-json\/wp\/v2\/product\/6142","targetHints":{"allow":["GET"]}}],"collection":[{"href":"https:\/\/new.stomil-bydgoszcz.pl\/de\/wp-json\/wp\/v2\/product"}],"about":[{"href":"https:\/\/new.stomil-bydgoszcz.pl\/de\/wp-json\/wp\/v2\/types\/product"}],"replies":[{"embeddable":true,"href":"https:\/\/new.stomil-bydgoszcz.pl\/de\/wp-json\/wp\/v2\/comments?post=6142"}],"wp:featuredmedia":[{"embeddable":true,"href":"https:\/\/new.stomil-bydgoszcz.pl\/de\/wp-json\/wp\/v2\/media\/6141"}],"wp:attachment":[{"href":"https:\/\/new.stomil-bydgoszcz.pl\/de\/wp-json\/wp\/v2\/media?parent=6142"}],"wp:term":[{"taxonomy":"product_brand","embeddable":true,"href":"https:\/\/new.stomil-bydgoszcz.pl\/de\/wp-json\/wp\/v2\/product_brand?post=6142"},{"taxonomy":"product_cat","embeddable":true,"href":"https:\/\/new.stomil-bydgoszcz.pl\/de\/wp-json\/wp\/v2\/product_cat?post=6142"},{"taxonomy":"product_tag","embeddable":true,"href":"https:\/\/new.stomil-bydgoszcz.pl\/de\/wp-json\/wp\/v2\/product_tag?post=6142"}],"curies":[{"name":"wp","href":"https:\/\/api.w.org\/{rel}","templated":true}]}}