{"id":6146,"date":"2026-03-17T21:37:15","date_gmt":"2026-03-17T21:37:15","guid":{"rendered":"https:\/\/new.stomil-bydgoszcz.pl\/produkt\/sznur-profilowy-l-711\/"},"modified":"2026-03-17T21:37:18","modified_gmt":"2026-03-17T21:37:18","slug":"profilschnure-l-711","status":"publish","type":"product","link":"https:\/\/new.stomil-bydgoszcz.pl\/de\/produkt\/sznur-profilowy-l-711\/","title":{"rendered":"Profilschn\u00fcre \u0141-711 (Sprossen)"},"content":{"rendered":"<p>Profilschn\u00fcre \/ Extrudierte Dichtungen aus Vollgummi EPDM, CR, NBR f\u00fcr Aluminium-Tischlerei.<\/p>\n<p>Modell: \u0141-711<\/p>","protected":false},"excerpt":{"rendered":"<p>Anwendung: <strong>f\u00fcr Aluminium-Tischlerei<\/strong>&nbsp;| Abmessungen: <strong>12,0\u00d716,0<\/strong><\/p>\n<p><img loading=\"lazy\" decoding=\"async\" class=\"wp-image-12108 alignleft\" src=\"https:\/\/sklep.stomil-bydgoszcz.pl\/wp-content\/uploads\/2022\/02\/przyszybowe.png\" alt=\"Verglasung\" width=\"161\" height=\"47\"><\/p>","protected":false},"featured_media":6145,"comment_status":"closed","ping_status":"closed","template":"","meta":[],"product_brand":[],"product_cat":[104,77,102,99],"product_tag":[],"class_list":{"0":"post-6146","1":"product","2":"type-product","3":"status-publish","4":"has-post-thumbnail","6":"product_cat-do-systemow-aluminiowych","7":"product_cat-grupy-produktow","8":"product_cat-uszczelki-profile-do-okien-i-drzwi-pcv-drewnianych-i-systemow-aluminiowych","9":"product_cat-uszczelki-profile-gumowe-wytlaczane","11":"first","12":"outofstock","13":"taxable","14":"shipping-taxable","15":"purchasable","16":"product-type-variable"},"stomil_properties":[],"_links":{"self":[{"href":"https:\/\/new.stomil-bydgoszcz.pl\/de\/wp-json\/wp\/v2\/product\/6146","targetHints":{"allow":["GET"]}}],"collection":[{"href":"https:\/\/new.stomil-bydgoszcz.pl\/de\/wp-json\/wp\/v2\/product"}],"about":[{"href":"https:\/\/new.stomil-bydgoszcz.pl\/de\/wp-json\/wp\/v2\/types\/product"}],"replies":[{"embeddable":true,"href":"https:\/\/new.stomil-bydgoszcz.pl\/de\/wp-json\/wp\/v2\/comments?post=6146"}],"wp:featuredmedia":[{"embeddable":true,"href":"https:\/\/new.stomil-bydgoszcz.pl\/de\/wp-json\/wp\/v2\/media\/6145"}],"wp:attachment":[{"href":"https:\/\/new.stomil-bydgoszcz.pl\/de\/wp-json\/wp\/v2\/media?parent=6146"}],"wp:term":[{"taxonomy":"product_brand","embeddable":true,"href":"https:\/\/new.stomil-bydgoszcz.pl\/de\/wp-json\/wp\/v2\/product_brand?post=6146"},{"taxonomy":"product_cat","embeddable":true,"href":"https:\/\/new.stomil-bydgoszcz.pl\/de\/wp-json\/wp\/v2\/product_cat?post=6146"},{"taxonomy":"product_tag","embeddable":true,"href":"https:\/\/new.stomil-bydgoszcz.pl\/de\/wp-json\/wp\/v2\/product_tag?post=6146"}],"curies":[{"name":"wp","href":"https:\/\/api.w.org\/{rel}","templated":true}]}}