{"id":6162,"date":"2026-03-17T21:37:16","date_gmt":"2026-03-17T21:37:16","guid":{"rendered":"https:\/\/new.stomil-bydgoszcz.pl\/produkt\/sznur-profilowy-l-829\/"},"modified":"2026-03-17T21:37:18","modified_gmt":"2026-03-17T21:37:18","slug":"profilschnure-l-829","status":"publish","type":"product","link":"https:\/\/new.stomil-bydgoszcz.pl\/de\/produkt\/sznur-profilowy-l-829\/","title":{"rendered":"Profilschn\u00fcre \u0141-829 (Fassade)"},"content":{"rendered":"<p>Profilschn\u00fcre \/ Extrudierte Dichtungen aus Vollgummi EPDM, CR, NBR f\u00fcr Kunststofffensterrahmen.<\/p>\n<p>Modell: \u0141-829<\/p>","protected":false},"excerpt":{"rendered":"<p>Anwendung: <strong>f\u00fcr Kunststoff-Fensterrahmen <\/strong>| Abmessungen: <strong>12,4\u00d710,4\u00d78,8<\/strong><\/p>\n<p><img loading=\"lazy\" decoding=\"async\" class=\"wp-image-12105 alignleft\" src=\"https:\/\/sklep.stomil-bydgoszcz.pl\/wp-content\/uploads\/2022\/02\/fasady.png\" alt=\"fassaden\" width=\"161\" height=\"47\"><\/p>","protected":false},"featured_media":6161,"comment_status":"closed","ping_status":"closed","template":"","meta":[],"product_brand":[],"product_cat":[77,102,99],"product_tag":[],"class_list":{"0":"post-6162","1":"product","2":"type-product","3":"status-publish","4":"has-post-thumbnail","6":"product_cat-grupy-produktow","7":"product_cat-uszczelki-profile-do-okien-i-drzwi-pcv-drewnianych-i-systemow-aluminiowych","8":"product_cat-uszczelki-profile-gumowe-wytlaczane","10":"first","11":"instock","12":"taxable","13":"shipping-taxable","14":"purchasable","15":"product-type-variable"},"stomil_properties":[],"_links":{"self":[{"href":"https:\/\/new.stomil-bydgoszcz.pl\/de\/wp-json\/wp\/v2\/product\/6162","targetHints":{"allow":["GET"]}}],"collection":[{"href":"https:\/\/new.stomil-bydgoszcz.pl\/de\/wp-json\/wp\/v2\/product"}],"about":[{"href":"https:\/\/new.stomil-bydgoszcz.pl\/de\/wp-json\/wp\/v2\/types\/product"}],"replies":[{"embeddable":true,"href":"https:\/\/new.stomil-bydgoszcz.pl\/de\/wp-json\/wp\/v2\/comments?post=6162"}],"wp:featuredmedia":[{"embeddable":true,"href":"https:\/\/new.stomil-bydgoszcz.pl\/de\/wp-json\/wp\/v2\/media\/6161"}],"wp:attachment":[{"href":"https:\/\/new.stomil-bydgoszcz.pl\/de\/wp-json\/wp\/v2\/media?parent=6162"}],"wp:term":[{"taxonomy":"product_brand","embeddable":true,"href":"https:\/\/new.stomil-bydgoszcz.pl\/de\/wp-json\/wp\/v2\/product_brand?post=6162"},{"taxonomy":"product_cat","embeddable":true,"href":"https:\/\/new.stomil-bydgoszcz.pl\/de\/wp-json\/wp\/v2\/product_cat?post=6162"},{"taxonomy":"product_tag","embeddable":true,"href":"https:\/\/new.stomil-bydgoszcz.pl\/de\/wp-json\/wp\/v2\/product_tag?post=6162"}],"curies":[{"name":"wp","href":"https:\/\/api.w.org\/{rel}","templated":true}]}}