{"id":6312,"date":"2026-03-17T21:37:37","date_gmt":"2026-03-17T21:37:37","guid":{"rendered":"https:\/\/new.stomil-bydgoszcz.pl\/produkt\/przewod-hydrauliczny-1-sn-06-do-smarownicy-m10x1-l-0510\/"},"modified":"2026-03-17T21:37:40","modified_gmt":"2026-03-17T21:37:40","slug":"hydraulikleitung-1-sn-06-fur-schmiervorrichtung-m10x1-l-0510","status":"publish","type":"product","link":"https:\/\/new.stomil-bydgoszcz.pl\/de\/produkt\/przewod-hydrauliczny-1-sn-06-do-smarownicy-m10x1-l-0510\/","title":{"rendered":"Hydraulikleitungen 1 SN 06 (f\u00fcr Schmiernippel M10x1 L-510)"},"content":{"rendered":"<p>SCHL\u00c4UCHE Druck, Schlauchtyp, D\u00fcsengewindetyp: Hydraulikleitungen 225 bar f\u00fcr \u00d6ler M10x1<\/p>\n<p>L\u00e4nge: L-510<\/p>\n<p>Typ der Spitze: N\/D<\/p>\n<p>Name der Spitze: DKOL gerader Kegel \/ DKOL straight cone<\/p>","protected":false},"excerpt":{"rendered":"<p><strong>Leitungsdruck<\/strong>: 225 bar | <strong>SCHL\u00c4UCHE Typ<\/strong>: Hydraulikleitungen f\u00fcr den Schmierstoffgeber | <strong>Typ des Laschengewindes<\/strong>: M10x1 | <strong>Typ der Spitze:<\/strong>&nbsp;ZIEL <strong>Name des Tipps:<\/strong>&nbsp;AIM + Vierbackenbohrer<\/p>","protected":false},"featured_media":6311,"comment_status":"closed","ping_status":"closed","template":"","meta":[],"product_brand":[],"product_cat":[77,117],"product_tag":[],"class_list":{"0":"post-6312","1":"product","2":"type-product","3":"status-publish","4":"has-post-thumbnail","6":"product_cat-grupy-produktow","7":"product_cat-przewody-hydrauliczne","9":"first","10":"outofstock","11":"taxable","12":"shipping-taxable","13":"purchasable","14":"product-type-variable"},"stomil_properties":[],"_links":{"self":[{"href":"https:\/\/new.stomil-bydgoszcz.pl\/de\/wp-json\/wp\/v2\/product\/6312","targetHints":{"allow":["GET"]}}],"collection":[{"href":"https:\/\/new.stomil-bydgoszcz.pl\/de\/wp-json\/wp\/v2\/product"}],"about":[{"href":"https:\/\/new.stomil-bydgoszcz.pl\/de\/wp-json\/wp\/v2\/types\/product"}],"replies":[{"embeddable":true,"href":"https:\/\/new.stomil-bydgoszcz.pl\/de\/wp-json\/wp\/v2\/comments?post=6312"}],"wp:featuredmedia":[{"embeddable":true,"href":"https:\/\/new.stomil-bydgoszcz.pl\/de\/wp-json\/wp\/v2\/media\/6311"}],"wp:attachment":[{"href":"https:\/\/new.stomil-bydgoszcz.pl\/de\/wp-json\/wp\/v2\/media?parent=6312"}],"wp:term":[{"taxonomy":"product_brand","embeddable":true,"href":"https:\/\/new.stomil-bydgoszcz.pl\/de\/wp-json\/wp\/v2\/product_brand?post=6312"},{"taxonomy":"product_cat","embeddable":true,"href":"https:\/\/new.stomil-bydgoszcz.pl\/de\/wp-json\/wp\/v2\/product_cat?post=6312"},{"taxonomy":"product_tag","embeddable":true,"href":"https:\/\/new.stomil-bydgoszcz.pl\/de\/wp-json\/wp\/v2\/product_tag?post=6312"}],"curies":[{"name":"wp","href":"https:\/\/api.w.org\/{rel}","templated":true}]}}