{"id":6318,"date":"2026-03-17T21:37:37","date_gmt":"2026-03-17T21:37:37","guid":{"rendered":"https:\/\/new.stomil-bydgoszcz.pl\/produkt\/sznur-profilowy-l-2671-wk3-93\/"},"modified":"2026-03-17T21:37:40","modified_gmt":"2026-03-17T21:37:40","slug":"profilschnure-l-2671-wk3-93","status":"publish","type":"product","link":"https:\/\/new.stomil-bydgoszcz.pl\/de\/produkt\/sznur-profilowy-l-2671-wk3-93\/","title":{"rendered":"Profilschn\u00fcre \u0141-2671 (WK3-93)"},"content":{"rendered":"<p>Profilschn\u00fcre \/ Extrudierte Dichtungen aus Vollgummi EPDM, CR, NBR f\u00fcr Fenster und T\u00fcren im Schienenverkehr.<\/p>\n<p>Modell: \u0141-2671 (WK3-93)<\/p>","protected":false},"excerpt":{"rendered":"<p>Anwendung: <strong>zur Eisenbahnindustrie<\/strong> | Abmessungen: <strong>15,0 x 12,0 x 11,0<\/strong><\/p>","protected":false},"featured_media":6317,"comment_status":"closed","ping_status":"closed","template":"","meta":[],"product_brand":[],"product_cat":[77,116,99],"product_tag":[],"class_list":{"0":"post-6318","1":"product","2":"type-product","3":"status-publish","4":"has-post-thumbnail","6":"product_cat-grupy-produktow","7":"product_cat-uszczelki-profile-do-kolejnictwa","8":"product_cat-uszczelki-profile-gumowe-wytlaczane","10":"first","11":"instock","12":"taxable","13":"shipping-taxable","14":"purchasable","15":"product-type-variable"},"stomil_properties":[],"_links":{"self":[{"href":"https:\/\/new.stomil-bydgoszcz.pl\/de\/wp-json\/wp\/v2\/product\/6318","targetHints":{"allow":["GET"]}}],"collection":[{"href":"https:\/\/new.stomil-bydgoszcz.pl\/de\/wp-json\/wp\/v2\/product"}],"about":[{"href":"https:\/\/new.stomil-bydgoszcz.pl\/de\/wp-json\/wp\/v2\/types\/product"}],"replies":[{"embeddable":true,"href":"https:\/\/new.stomil-bydgoszcz.pl\/de\/wp-json\/wp\/v2\/comments?post=6318"}],"wp:featuredmedia":[{"embeddable":true,"href":"https:\/\/new.stomil-bydgoszcz.pl\/de\/wp-json\/wp\/v2\/media\/6317"}],"wp:attachment":[{"href":"https:\/\/new.stomil-bydgoszcz.pl\/de\/wp-json\/wp\/v2\/media?parent=6318"}],"wp:term":[{"taxonomy":"product_brand","embeddable":true,"href":"https:\/\/new.stomil-bydgoszcz.pl\/de\/wp-json\/wp\/v2\/product_brand?post=6318"},{"taxonomy":"product_cat","embeddable":true,"href":"https:\/\/new.stomil-bydgoszcz.pl\/de\/wp-json\/wp\/v2\/product_cat?post=6318"},{"taxonomy":"product_tag","embeddable":true,"href":"https:\/\/new.stomil-bydgoszcz.pl\/de\/wp-json\/wp\/v2\/product_tag?post=6318"}],"curies":[{"name":"wp","href":"https:\/\/api.w.org\/{rel}","templated":true}]}}