{"id":6388,"date":"2026-03-17T21:37:46","date_gmt":"2026-03-17T21:37:46","guid":{"rendered":"https:\/\/new.stomil-bydgoszcz.pl\/produkt\/plyty-marmurkowe\/"},"modified":"2026-03-17T21:37:49","modified_gmt":"2026-03-17T21:37:49","slug":"marmorierte-platten","status":"publish","type":"product","link":"https:\/\/new.stomil-bydgoszcz.pl\/de\/produkt\/plyty-marmurkowe\/","title":{"rendered":"Marmorierte Gummiplatten"},"content":{"rendered":"<p>Kratzfeste marmorierte Gummiplatten werden als Werkbankbel\u00e4ge mit hoher Zug- und Rei\u00dffestigkeit eingesetzt. Sie zeichnen sich durch ihren hohen dekorativen Wert aus. Sie werden aus einem speziellen Acrylnitril-Butadien-Kautschuk hergestellt, der eine hohe \u00d6lbest\u00e4ndigkeit gew\u00e4hrleistet, insbesondere bei der Verwendung von \u00f6lhaltigen Werkzeugen und bei Kontakt mit Fett. Das Marmorierungsmuster ist bei jeder Rolle einzigartig.<\/p>","protected":false},"excerpt":{"rendered":"<p><strong>H\u00e4rte der Gummiplatten:<\/strong> 70<u>+<\/u>5<sup>o<\/sup>Sch | <strong>Betriebstemperatur:<\/strong> -30 - 100<sup>o<\/sup>C | <strong>Zugfestigkeit:<\/strong> min 10 MPa | <strong>Erh\u00e4ltlich in Rolle | <\/strong><strong>Die Dicken:<\/strong> 3mm<\/p>","protected":false},"featured_media":6387,"comment_status":"closed","ping_status":"closed","template":"","meta":[],"product_brand":[],"product_cat":[77,93],"product_tag":[],"class_list":{"0":"post-6388","1":"product","2":"type-product","3":"status-publish","4":"has-post-thumbnail","6":"product_cat-grupy-produktow","7":"product_cat-plyty-gumowe","9":"first","10":"outofstock","11":"taxable","12":"shipping-taxable","13":"purchasable","14":"product-type-variable"},"stomil_properties":[],"_links":{"self":[{"href":"https:\/\/new.stomil-bydgoszcz.pl\/de\/wp-json\/wp\/v2\/product\/6388","targetHints":{"allow":["GET"]}}],"collection":[{"href":"https:\/\/new.stomil-bydgoszcz.pl\/de\/wp-json\/wp\/v2\/product"}],"about":[{"href":"https:\/\/new.stomil-bydgoszcz.pl\/de\/wp-json\/wp\/v2\/types\/product"}],"replies":[{"embeddable":true,"href":"https:\/\/new.stomil-bydgoszcz.pl\/de\/wp-json\/wp\/v2\/comments?post=6388"}],"wp:featuredmedia":[{"embeddable":true,"href":"https:\/\/new.stomil-bydgoszcz.pl\/de\/wp-json\/wp\/v2\/media\/6387"}],"wp:attachment":[{"href":"https:\/\/new.stomil-bydgoszcz.pl\/de\/wp-json\/wp\/v2\/media?parent=6388"}],"wp:term":[{"taxonomy":"product_brand","embeddable":true,"href":"https:\/\/new.stomil-bydgoszcz.pl\/de\/wp-json\/wp\/v2\/product_brand?post=6388"},{"taxonomy":"product_cat","embeddable":true,"href":"https:\/\/new.stomil-bydgoszcz.pl\/de\/wp-json\/wp\/v2\/product_cat?post=6388"},{"taxonomy":"product_tag","embeddable":true,"href":"https:\/\/new.stomil-bydgoszcz.pl\/de\/wp-json\/wp\/v2\/product_tag?post=6388"}],"curies":[{"name":"wp","href":"https:\/\/api.w.org\/{rel}","templated":true}]}}