{"id":6392,"date":"2026-03-17T21:37:47","date_gmt":"2026-03-17T21:37:47","guid":{"rendered":"https:\/\/new.stomil-bydgoszcz.pl\/produkt\/plyty-do-kolejnictwa\/"},"modified":"2026-03-17T21:37:49","modified_gmt":"2026-03-17T21:37:49","slug":"platten-fur-die-eisenbahnindustrie","status":"publish","type":"product","link":"https:\/\/new.stomil-bydgoszcz.pl\/de\/produkt\/plyty-do-kolejnictwa\/","title":{"rendered":"Gummiplatten f\u00fcr Eisenbahnanwendungen"},"content":{"rendered":"<p>Die GUMMIPLATTEN f\u00fcr Eisenbahnanwendungen werden aus EPDM-Kautschuk der h\u00f6chsten G\u00fcteklasse hergestellt. Sie entsprechen der sehr strengen Eisenbahnnorm EN 45545 in den Klassen R22\/R23 und HL 1-3 f\u00fcr Materialien, die eine hohe Flammwidrigkeit, sehr geringe Rauchentwicklung und Toxizit\u00e4t des Produkts aufweisen. Sie sind ein Halbzeug zum Schneiden von Dichtungen, die in Schienenfahrzeugen verwendet werden.<\/p>","protected":false},"excerpt":{"rendered":"<p><strong>H\u00e4rte der Gummiplatten:<\/strong> 70<u>+<\/u>5<sup>o<\/sup>Sch | <strong>Betriebstemperatur:<\/strong> -40 - 100<sup>o<\/sup>C | <strong>Zugfestigkeit:<\/strong> min 4,5 MPa | <strong>Erh\u00e4ltlich in Rolle | <\/strong><strong>Die Dicken:<\/strong> 2mm<\/p>","protected":false},"featured_media":6391,"comment_status":"closed","ping_status":"closed","template":"","meta":[],"product_brand":[],"product_cat":[77,93],"product_tag":[],"class_list":{"0":"post-6392","1":"product","2":"type-product","3":"status-publish","4":"has-post-thumbnail","6":"product_cat-grupy-produktow","7":"product_cat-plyty-gumowe","9":"first","10":"outofstock","11":"taxable","12":"shipping-taxable","13":"purchasable","14":"product-type-variable"},"stomil_properties":[],"_links":{"self":[{"href":"https:\/\/new.stomil-bydgoszcz.pl\/de\/wp-json\/wp\/v2\/product\/6392","targetHints":{"allow":["GET"]}}],"collection":[{"href":"https:\/\/new.stomil-bydgoszcz.pl\/de\/wp-json\/wp\/v2\/product"}],"about":[{"href":"https:\/\/new.stomil-bydgoszcz.pl\/de\/wp-json\/wp\/v2\/types\/product"}],"replies":[{"embeddable":true,"href":"https:\/\/new.stomil-bydgoszcz.pl\/de\/wp-json\/wp\/v2\/comments?post=6392"}],"wp:featuredmedia":[{"embeddable":true,"href":"https:\/\/new.stomil-bydgoszcz.pl\/de\/wp-json\/wp\/v2\/media\/6391"}],"wp:attachment":[{"href":"https:\/\/new.stomil-bydgoszcz.pl\/de\/wp-json\/wp\/v2\/media?parent=6392"}],"wp:term":[{"taxonomy":"product_brand","embeddable":true,"href":"https:\/\/new.stomil-bydgoszcz.pl\/de\/wp-json\/wp\/v2\/product_brand?post=6392"},{"taxonomy":"product_cat","embeddable":true,"href":"https:\/\/new.stomil-bydgoszcz.pl\/de\/wp-json\/wp\/v2\/product_cat?post=6392"},{"taxonomy":"product_tag","embeddable":true,"href":"https:\/\/new.stomil-bydgoszcz.pl\/de\/wp-json\/wp\/v2\/product_tag?post=6392"}],"curies":[{"name":"wp","href":"https:\/\/api.w.org\/{rel}","templated":true}]}}