{"id":6397,"date":"2026-03-17T21:37:50","date_gmt":"2026-03-17T21:37:50","guid":{"rendered":"https:\/\/new.stomil-bydgoszcz.pl\/produkt\/plyty-chloroprenowe\/"},"modified":"2026-03-17T21:37:59","modified_gmt":"2026-03-17T21:37:59","slug":"chloropren-platten","status":"publish","type":"product","link":"https:\/\/new.stomil-bydgoszcz.pl\/de\/produkt\/plyty-chloroprenowe\/","title":{"rendered":"Chloroprenplatten"},"content":{"rendered":"<p>Chloroprenplatten werden aus Butadien-Styrol-Kautschuk hergestellt. <strong>(SBR)<\/strong> und Chloropron <strong>(CR)<\/strong>. Dank seines speziellen Aufbaus hat er vielseitige Eigenschaften. Es wird als Schutzbeschichtung im Kontakt mit weniger aggressiven \u00d6len und anderen chemischen Fl\u00fcssigkeiten verwendet, w\u00e4hrend seine erh\u00f6hte Best\u00e4ndigkeit gegen thermische Alterung und niedrig konzentriertes Ozon auch den Einsatz im Au\u00dfenbereich erm\u00f6glicht.<\/p>","protected":false},"excerpt":{"rendered":"<p><strong>H\u00e4rte:<\/strong> von 50 bis 85\u00b0Sh |&nbsp;<strong>Chloropren-Konzentration:<\/strong> 6 oder 12% |&nbsp;<strong>Betriebstemperatur:<\/strong> von -30 bis 100\u00b0C | erh\u00e4ltlich in Platten oder Rollen | erh\u00e4ltlich in Platten oder Rollen | erh\u00e4ltlich in Rollen | erh\u00e4ltlich in Platten oder Rollen&nbsp;<strong>Die Dicke:<\/strong> 1 bis 50 mm<\/p>","protected":false},"featured_media":6395,"comment_status":"closed","ping_status":"closed","template":"","meta":[],"product_brand":[],"product_cat":[77,93],"product_tag":[],"class_list":{"0":"post-6397","1":"product","2":"type-product","3":"status-publish","4":"has-post-thumbnail","6":"product_cat-grupy-produktow","7":"product_cat-plyty-gumowe","9":"first","10":"instock","11":"taxable","12":"shipping-taxable","13":"purchasable","14":"product-type-variable"},"stomil_properties":[],"_links":{"self":[{"href":"https:\/\/new.stomil-bydgoszcz.pl\/de\/wp-json\/wp\/v2\/product\/6397","targetHints":{"allow":["GET"]}}],"collection":[{"href":"https:\/\/new.stomil-bydgoszcz.pl\/de\/wp-json\/wp\/v2\/product"}],"about":[{"href":"https:\/\/new.stomil-bydgoszcz.pl\/de\/wp-json\/wp\/v2\/types\/product"}],"replies":[{"embeddable":true,"href":"https:\/\/new.stomil-bydgoszcz.pl\/de\/wp-json\/wp\/v2\/comments?post=6397"}],"wp:featuredmedia":[{"embeddable":true,"href":"https:\/\/new.stomil-bydgoszcz.pl\/de\/wp-json\/wp\/v2\/media\/6395"}],"wp:attachment":[{"href":"https:\/\/new.stomil-bydgoszcz.pl\/de\/wp-json\/wp\/v2\/media?parent=6397"}],"wp:term":[{"taxonomy":"product_brand","embeddable":true,"href":"https:\/\/new.stomil-bydgoszcz.pl\/de\/wp-json\/wp\/v2\/product_brand?post=6397"},{"taxonomy":"product_cat","embeddable":true,"href":"https:\/\/new.stomil-bydgoszcz.pl\/de\/wp-json\/wp\/v2\/product_cat?post=6397"},{"taxonomy":"product_tag","embeddable":true,"href":"https:\/\/new.stomil-bydgoszcz.pl\/de\/wp-json\/wp\/v2\/product_tag?post=6397"}],"curies":[{"name":"wp","href":"https:\/\/api.w.org\/{rel}","templated":true}]}}