{"id":6419,"date":"2026-03-17T21:37:51","date_gmt":"2026-03-17T21:37:51","guid":{"rendered":"https:\/\/new.stomil-bydgoszcz.pl\/produkt\/sznur-profilowy-l-2387\/"},"modified":"2026-03-17T21:37:59","modified_gmt":"2026-03-17T21:37:59","slug":"profilschnure-l-2387","status":"publish","type":"product","link":"https:\/\/new.stomil-bydgoszcz.pl\/de\/produkt\/sznur-profilowy-l-2387\/","title":{"rendered":"Profilschn\u00fcre \u0141-2387 (C10-35264)"},"content":{"rendered":"<p>Die von uns hergestellten Produkte <b>DICHTUNGEN und andere extrudierte Produkte<\/b>, werden auf der Basis von Kautschuk hergestellt&nbsp;<b>EPDM, SBR, CR, NBR<\/b>&nbsp;mit einer H\u00e4rte von&nbsp;<b>60 bis 80 \u00b0Sh<\/b>. Die Genauigkeit basiert auf der polnischen Norm PN-66\/C 94126 oder der deutschen Norm DIN-7715. DICHTUNGEN sind in verschiedenen Farben erh\u00e4ltlich.<\/p>\n<p>Unser Produktsortiment umfasst:<\/p>\n<ul>\n<li>Extrudierte Dichtungen aus EPDM-Gummi f\u00fcr PVC-, Aluminium- und Holztischlerarbeiten,<\/li>\n<li>extrudierte Dichtungen aus Gummi in verschiedenen Ausf\u00fchrungen f\u00fcr industrielle Anwendungen, z.B. L\u00e4rmschutzw\u00e4nde, Tore, Garagentore, in Containern,<\/li>\n<li>extrudierte por\u00f6se Gummidichtungen<\/li>\n<li>extrudierte DICHTUNGEN aus Gummi f\u00fcr Schienenfahrzeuge und den Stra\u00dfenverkehr,<\/li>\n<\/ul>\n<p>Im Designprozess arbeiten wir mit dem Kunden von der ersten Konzeptphase bis zur Produktionsfreigabe zusammen.<\/p>","protected":false},"excerpt":{"rendered":"<p>Hergestellt aus einer Mischung auf Kautschukbasis <strong>SBR\/EPDM<\/strong> der H\u00e4rte <strong>60+\/-5<sup>o<\/sup>Sh<\/strong>.<\/p>","protected":false},"featured_media":6418,"comment_status":"closed","ping_status":"closed","template":"","meta":[],"product_brand":[],"product_cat":[77,99,145],"product_tag":[],"class_list":{"0":"post-6419","1":"product","2":"type-product","3":"status-publish","4":"has-post-thumbnail","6":"product_cat-grupy-produktow","7":"product_cat-uszczelki-profile-gumowe-wytlaczane","8":"product_cat-uszczelki-profile-wykonczeniowe-na-krawedzie-blach","10":"first","11":"instock","12":"taxable","13":"shipping-taxable","14":"purchasable","15":"product-type-variable"},"stomil_properties":[],"_links":{"self":[{"href":"https:\/\/new.stomil-bydgoszcz.pl\/de\/wp-json\/wp\/v2\/product\/6419","targetHints":{"allow":["GET"]}}],"collection":[{"href":"https:\/\/new.stomil-bydgoszcz.pl\/de\/wp-json\/wp\/v2\/product"}],"about":[{"href":"https:\/\/new.stomil-bydgoszcz.pl\/de\/wp-json\/wp\/v2\/types\/product"}],"replies":[{"embeddable":true,"href":"https:\/\/new.stomil-bydgoszcz.pl\/de\/wp-json\/wp\/v2\/comments?post=6419"}],"wp:featuredmedia":[{"embeddable":true,"href":"https:\/\/new.stomil-bydgoszcz.pl\/de\/wp-json\/wp\/v2\/media\/6418"}],"wp:attachment":[{"href":"https:\/\/new.stomil-bydgoszcz.pl\/de\/wp-json\/wp\/v2\/media?parent=6419"}],"wp:term":[{"taxonomy":"product_brand","embeddable":true,"href":"https:\/\/new.stomil-bydgoszcz.pl\/de\/wp-json\/wp\/v2\/product_brand?post=6419"},{"taxonomy":"product_cat","embeddable":true,"href":"https:\/\/new.stomil-bydgoszcz.pl\/de\/wp-json\/wp\/v2\/product_cat?post=6419"},{"taxonomy":"product_tag","embeddable":true,"href":"https:\/\/new.stomil-bydgoszcz.pl\/de\/wp-json\/wp\/v2\/product_tag?post=6419"}],"curies":[{"name":"wp","href":"https:\/\/api.w.org\/{rel}","templated":true}]}}