{"id":6497,"date":"2026-03-17T21:37:58","date_gmt":"2026-03-17T21:37:58","guid":{"rendered":"https:\/\/new.stomil-bydgoszcz.pl\/produkt\/plyty-do-transformatorow\/"},"modified":"2026-03-17T21:37:59","modified_gmt":"2026-03-17T21:37:59","slug":"platten-fur-transformatoren","status":"publish","type":"product","link":"https:\/\/new.stomil-bydgoszcz.pl\/de\/produkt\/plyty-do-transformatorow\/","title":{"rendered":"\u00d6lbest\u00e4ndige Gummiplatten f\u00fcr Transformatoren"},"content":{"rendered":"<p>Gummiplatten <strong>\u00d6lbest\u00e4ndige<\/strong> werden aus Acrylnitril-Butadien-Kautschuk hergestellt <strong>(NBR)<\/strong> mit erh\u00f6hter Best\u00e4ndigkeit gegen Transformatoren\u00f6l.<\/p>\n<p><strong><u>Technische Parameter:<\/u><\/strong><\/p>\n<p><strong>H\u00e4rte der Gummiplatten:<\/strong> 65 oder 80 \u00b0Sh<br \/>\n<strong>Betriebstemperatur: <\/strong>von -18 bis 115\u00b0C<br \/>\n<strong>Erh\u00e4ltlich als Blatt oder Rolle<\/strong><br \/>\n<strong>Die Dicken:<\/strong> 1 bis 50 mm<\/p>\n<p>Informationen zu den verf\u00fcgbaren GUMMIPLATTEN <strong>\u00f6lbest\u00e4ndig <\/strong>finden Sie unter <strong>Technische Daten<\/strong> und <strong>PDF-Materialien<\/strong>.<\/p>","protected":false},"excerpt":{"rendered":"<p><strong>H\u00e4rte der Gummiplatten:<\/strong> 65 oder 80 \u00b0Sh | <strong>Betriebstemperatur: <\/strong>von -18 bis 115\u00b0C | <strong>Erh\u00e4ltlich als Blatt oder Rolle | <\/strong><strong>Die Dicken:<\/strong> 1 bis 50 mm<\/p>","protected":false},"featured_media":6496,"comment_status":"closed","ping_status":"closed","template":"","meta":[],"product_brand":[],"product_cat":[77,93,147],"product_tag":[],"class_list":{"0":"post-6497","1":"product","2":"type-product","3":"status-publish","4":"has-post-thumbnail","6":"product_cat-grupy-produktow","7":"product_cat-plyty-gumowe","8":"product_cat-plyty-nbr-olejoodporne","10":"first","11":"outofstock","12":"taxable","13":"shipping-taxable","14":"purchasable","15":"product-type-variable"},"stomil_properties":[],"_links":{"self":[{"href":"https:\/\/new.stomil-bydgoszcz.pl\/de\/wp-json\/wp\/v2\/product\/6497","targetHints":{"allow":["GET"]}}],"collection":[{"href":"https:\/\/new.stomil-bydgoszcz.pl\/de\/wp-json\/wp\/v2\/product"}],"about":[{"href":"https:\/\/new.stomil-bydgoszcz.pl\/de\/wp-json\/wp\/v2\/types\/product"}],"replies":[{"embeddable":true,"href":"https:\/\/new.stomil-bydgoszcz.pl\/de\/wp-json\/wp\/v2\/comments?post=6497"}],"wp:featuredmedia":[{"embeddable":true,"href":"https:\/\/new.stomil-bydgoszcz.pl\/de\/wp-json\/wp\/v2\/media\/6496"}],"wp:attachment":[{"href":"https:\/\/new.stomil-bydgoszcz.pl\/de\/wp-json\/wp\/v2\/media?parent=6497"}],"wp:term":[{"taxonomy":"product_brand","embeddable":true,"href":"https:\/\/new.stomil-bydgoszcz.pl\/de\/wp-json\/wp\/v2\/product_brand?post=6497"},{"taxonomy":"product_cat","embeddable":true,"href":"https:\/\/new.stomil-bydgoszcz.pl\/de\/wp-json\/wp\/v2\/product_cat?post=6497"},{"taxonomy":"product_tag","embeddable":true,"href":"https:\/\/new.stomil-bydgoszcz.pl\/de\/wp-json\/wp\/v2\/product_tag?post=6497"}],"curies":[{"name":"wp","href":"https:\/\/api.w.org\/{rel}","templated":true}]}}