{"id":6507,"date":"2026-03-17T21:38:04","date_gmt":"2026-03-17T21:38:04","guid":{"rendered":"https:\/\/new.stomil-bydgoszcz.pl\/produkt\/wykladzina-gumowa-ryfel-szeroki-ciemnozielony\/"},"modified":"2026-03-17T21:38:25","modified_gmt":"2026-03-17T21:38:25","slug":"gummibodenbelag-breiter-spalt-dunkelgrun","status":"publish","type":"product","link":"https:\/\/new.stomil-bydgoszcz.pl\/de\/produkt\/wykladzina-gumowa-ryfel-szeroki-ciemnozielony\/","title":{"rendered":"RYFEL WIDE GUMMIBEL\u00c4GE dunkelgr\u00fcn"},"content":{"rendered":"<p>GUMMIBEL\u00c4GE&nbsp;<b>RYFEL&nbsp;<\/b>besteht aus einer dunkelgr\u00fcn gef\u00e4rbten Gummimischung mit einer gerillten Au\u00dfenfl\u00e4che, die durch L\u00e4ngsrillen gebildet wird. Die Gummibel\u00e4ge finden ihre Anwendung als Bodenschutz, Bodenbelag, Arbeitstische und vieles mehr. RYFEL Gummibel\u00e4ge gibt es in zwei Ausf\u00fchrungen:<\/p>\n<p><b>WIDE RIFLE:&nbsp;<\/b>Oberseite Riffelbreite 4 mm, Riffelh\u00f6he 1 mm, Riffelabstand 5 mm<\/p>\n<figure id=\"attachment_9395\" aria-describedby=\"caption-attachment-9395\" style=\"width: 300px\" class=\"wp-caption aligncenter\"><img loading=\"lazy\" decoding=\"async\" class=\"wp-image-9395 size-medium\" src=\"https:\/\/sklep.stomil-bydgoszcz.pl\/wp-content\/uploads\/2018\/10\/ryfel-szeroki-szkic-300x71.png\" alt=\"rift-breite-skizze\" width=\"300\" height=\"71\"><figcaption id=\"caption-attachment-9395\" class=\"wp-caption-text\">Zeichnung - breiter Spalt<\/figcaption><\/figure>\n<p><b>FISKALISCHE ENGP\u00c4SSE:<\/b>&nbsp;Oberseite Riffelbreite 1 mm, Riffelh\u00f6he 1,5 mm, Riffelabstand 2 mm<\/p>\n<figure id=\"attachment_9396\" aria-describedby=\"caption-attachment-9396\" style=\"width: 300px\" class=\"wp-caption aligncenter\"><img loading=\"lazy\" decoding=\"async\" class=\"wp-image-9396 size-medium\" src=\"https:\/\/sklep.stomil-bydgoszcz.pl\/wp-content\/uploads\/2018\/10\/ryfel-waski-szkic-300x71.png\" alt=\"riffelgesp\u00fcltes Glas\" width=\"300\" height=\"71\"><figcaption id=\"caption-attachment-9396\" class=\"wp-caption-text\">Abbildung - Enges Riffel<\/figcaption><\/figure>\n<p><b>Verf\u00fcgbare Arten von Gummibel\u00e4gen:<\/b><\/p>\n<ul>\n<li>allgemeine Verwendung (Innenbereich) ,<\/li>\n<li>\u00d6lbest\u00e4ndige,<\/li>\n<li>witterungsbest\u00e4ndig,<\/li>\n<li>elektro-isolierend.<\/li>\n<\/ul>\n<p><b>Methoden der Verlegung von Gummibel\u00e4gen:<\/b><\/p>\n<ul>\n<li>sich frei (ohne zu haften) auf einem dauerhaften Untergrund, z. B. Beton, Holz, Metall, verteilen.<\/li>\n<li>mit den im Bauwesen \u00fcblichen Klebstoffen f\u00fcr die GUMMIBEL\u00c4GE auf den Untergrund geklebt.<\/li>\n<\/ul>\n<p>Hinweis: Es ist ratsam, die zu verklebenden Gummibel\u00e4ge vorher auf dem Untergrund auszubreiten und sie mehrere Tage lang frei liegen zu lassen, damit sie besser schimmeln k\u00f6nnen. Der Untergrund sollte nach den allgemein anerkannten Regeln der Klebetechnik vorbereitet werden - eine saubere und entfettete Oberfl\u00e4che und gem\u00e4\u00df den spezifischen Anweisungen des Klebstoffherstellers.<\/p>","protected":false},"excerpt":{"rendered":"<p>O <b>Dicken von 3 bis 8 mm<\/b>&nbsp;und verpackt in&nbsp;<b>rollt<\/b> breit <strong>1200 bis<\/strong> <b>1400 mm<\/b>&nbsp;und L\u00e4ngen&nbsp;<b>10 Meter<\/b><\/p>","protected":false},"featured_media":6506,"comment_status":"closed","ping_status":"closed","template":"","meta":[],"product_brand":[],"product_cat":[77,152,84,94,86,135,79],"product_tag":[],"class_list":{"0":"post-6507","1":"product","2":"type-product","3":"status-publish","4":"has-post-thumbnail","6":"product_cat-grupy-produktow","7":"product_cat-ryfel-szeroki-ciemnozielony","8":"product_cat-wykladzina-do-garazu","9":"product_cat-wykladziny-maty-antyposlizgowe","10":"product_cat-wykladziny-maty-gumowe-do-warsztatu","11":"product_cat-wykladziny-gumowe-kolorowe","12":"product_cat-wykladziny-i-maty-gumowe-ciete","14":"first","15":"instock","16":"taxable","17":"shipping-taxable","18":"purchasable","19":"product-type-variable"},"stomil_properties":[],"_links":{"self":[{"href":"https:\/\/new.stomil-bydgoszcz.pl\/de\/wp-json\/wp\/v2\/product\/6507","targetHints":{"allow":["GET"]}}],"collection":[{"href":"https:\/\/new.stomil-bydgoszcz.pl\/de\/wp-json\/wp\/v2\/product"}],"about":[{"href":"https:\/\/new.stomil-bydgoszcz.pl\/de\/wp-json\/wp\/v2\/types\/product"}],"replies":[{"embeddable":true,"href":"https:\/\/new.stomil-bydgoszcz.pl\/de\/wp-json\/wp\/v2\/comments?post=6507"}],"wp:featuredmedia":[{"embeddable":true,"href":"https:\/\/new.stomil-bydgoszcz.pl\/de\/wp-json\/wp\/v2\/media\/6506"}],"wp:attachment":[{"href":"https:\/\/new.stomil-bydgoszcz.pl\/de\/wp-json\/wp\/v2\/media?parent=6507"}],"wp:term":[{"taxonomy":"product_brand","embeddable":true,"href":"https:\/\/new.stomil-bydgoszcz.pl\/de\/wp-json\/wp\/v2\/product_brand?post=6507"},{"taxonomy":"product_cat","embeddable":true,"href":"https:\/\/new.stomil-bydgoszcz.pl\/de\/wp-json\/wp\/v2\/product_cat?post=6507"},{"taxonomy":"product_tag","embeddable":true,"href":"https:\/\/new.stomil-bydgoszcz.pl\/de\/wp-json\/wp\/v2\/product_tag?post=6507"}],"curies":[{"name":"wp","href":"https:\/\/api.w.org\/{rel}","templated":true}]}}