{"id":6511,"date":"2026-03-17T21:38:05","date_gmt":"2026-03-17T21:38:05","guid":{"rendered":"https:\/\/new.stomil-bydgoszcz.pl\/produkt\/wykladzina-gumowa-metro-czerwona\/"},"modified":"2026-03-17T21:38:25","modified_gmt":"2026-03-17T21:38:25","slug":"metro-red-gummibodenbelag","status":"publish","type":"product","link":"https:\/\/new.stomil-bydgoszcz.pl\/de\/produkt\/wykladzina-gumowa-metro-czerwona\/","title":{"rendered":"METRO GUMMIBEL\u00c4GE rot"},"content":{"rendered":"<p>GUMMIBEL\u00c4GE&nbsp;<b>METRO&nbsp;<\/b>besteht aus einer rot gef\u00e4rbten Gummimischung mit einer speziell entwickelten, gesprenkelten Au\u00dfenfl\u00e4che, die f\u00fcr verbesserte Rutschfestigkeit sorgt. Die Gummibel\u00e4ge werden zum Schutz von Fu\u00dfb\u00f6den und Bodenbel\u00e4gen in Bereichen mit hohem Fu\u00dfg\u00e4ngeraufkommen verwendet.<\/p>\n<p><img loading=\"lazy\" decoding=\"async\" class=\"alignnone size-medium wp-image-9389\" src=\"https:\/\/sklep.stomil-bydgoszcz.pl\/wp-content\/uploads\/2018\/10\/wykladzina_metro_szkic-300x284.png\" alt=\"metro gummibel\u00e4ge skizze\" width=\"300\" height=\"284\"><\/p>\n<p><b>Die von uns hergestellten Gummibel\u00e4ge unterscheiden sich nach ihrem Verwendungszweck:<\/b><\/p>\n<ul>\n<li>allgemeine Verwendung (Innenbereich) ,<\/li>\n<li>\u00d6lbest\u00e4ndige,<\/li>\n<li>witterungsbest\u00e4ndig,<\/li>\n<li>elektro-isolierend.<\/li>\n<\/ul>\n<p><b>Methoden der Verlegung von Gummibel\u00e4gen:<\/b><\/p>\n<ul>\n<li>sich frei (ohne zu haften) auf einem dauerhaften Untergrund, z. B. Beton, Holz, Metall, verteilen.<\/li>\n<li>mit den im Bauwesen \u00fcblichen Klebstoffen f\u00fcr die GUMMIBEL\u00c4GE auf den Untergrund geklebt.<\/li>\n<\/ul>\n<p>Hinweis: Es ist ratsam, die zu verklebenden Gummibel\u00e4ge vorher auf dem Untergrund auszubreiten und sie mehrere Tage lang frei liegen zu lassen, damit sie besser schimmeln k\u00f6nnen. Der Untergrund sollte nach den allgemein anerkannten Regeln der Klebetechnik vorbereitet werden - eine saubere und entfettete Oberfl\u00e4che und gem\u00e4\u00df den spezifischen Anweisungen des Klebstoffherstellers.<\/p>","protected":false},"excerpt":{"rendered":"<p>O <b>Dicken von 3 bis 8 mm<\/b>&nbsp;und verpackt in&nbsp;<b>rollt<\/b> breit <strong>von<\/strong> <strong>1230 bis<\/strong> <b>1400 mm<\/b>&nbsp;und L\u00e4ngen&nbsp;<b>10 Meter<\/b>.<\/p>","protected":false},"featured_media":6510,"comment_status":"closed","ping_status":"closed","template":"","meta":[],"product_brand":[],"product_cat":[77,136,84,94,86,135,79],"product_tag":[],"class_list":{"0":"post-6511","1":"product","2":"type-product","3":"status-publish","4":"has-post-thumbnail","6":"product_cat-grupy-produktow","7":"product_cat-metro-czerwone","8":"product_cat-wykladzina-do-garazu","9":"product_cat-wykladziny-maty-antyposlizgowe","10":"product_cat-wykladziny-maty-gumowe-do-warsztatu","11":"product_cat-wykladziny-gumowe-kolorowe","12":"product_cat-wykladziny-i-maty-gumowe-ciete","14":"first","15":"outofstock","16":"taxable","17":"shipping-taxable","18":"purchasable","19":"product-type-variable"},"stomil_properties":[],"_links":{"self":[{"href":"https:\/\/new.stomil-bydgoszcz.pl\/de\/wp-json\/wp\/v2\/product\/6511","targetHints":{"allow":["GET"]}}],"collection":[{"href":"https:\/\/new.stomil-bydgoszcz.pl\/de\/wp-json\/wp\/v2\/product"}],"about":[{"href":"https:\/\/new.stomil-bydgoszcz.pl\/de\/wp-json\/wp\/v2\/types\/product"}],"replies":[{"embeddable":true,"href":"https:\/\/new.stomil-bydgoszcz.pl\/de\/wp-json\/wp\/v2\/comments?post=6511"}],"wp:featuredmedia":[{"embeddable":true,"href":"https:\/\/new.stomil-bydgoszcz.pl\/de\/wp-json\/wp\/v2\/media\/6510"}],"wp:attachment":[{"href":"https:\/\/new.stomil-bydgoszcz.pl\/de\/wp-json\/wp\/v2\/media?parent=6511"}],"wp:term":[{"taxonomy":"product_brand","embeddable":true,"href":"https:\/\/new.stomil-bydgoszcz.pl\/de\/wp-json\/wp\/v2\/product_brand?post=6511"},{"taxonomy":"product_cat","embeddable":true,"href":"https:\/\/new.stomil-bydgoszcz.pl\/de\/wp-json\/wp\/v2\/product_cat?post=6511"},{"taxonomy":"product_tag","embeddable":true,"href":"https:\/\/new.stomil-bydgoszcz.pl\/de\/wp-json\/wp\/v2\/product_tag?post=6511"}],"curies":[{"name":"wp","href":"https:\/\/api.w.org\/{rel}","templated":true}]}}