{"id":6522,"date":"2026-03-17T21:38:09","date_gmt":"2026-03-17T21:38:09","guid":{"rendered":"https:\/\/new.stomil-bydgoszcz.pl\/produkt\/waz-do-benzyny-paliw-i-olejow-20-bar\/"},"modified":"2026-03-17T21:38:25","modified_gmt":"2026-03-17T21:38:25","slug":"benzin-kraftstoff-und-olvase-20-bar","status":"publish","type":"product","link":"https:\/\/new.stomil-bydgoszcz.pl\/de\/produkt\/waz-do-benzyny-paliw-i-olejow-20-bar\/","title":{"rendered":"SCHL\u00c4UCHE f\u00fcr Benzin, Kraftstoffschl\u00e4uche und \u00d6le 2,0 MPa"},"content":{"rendered":"<p><strong>EIGENSCHAFTEN<br \/>\n<\/strong>Betriebsdruck - 20 bar (2,0 MPa)<br \/>\nBerstdruck - 60 bar (6,0 MPa)<br \/>\nAntistatisch<\/p>\n<p><strong>ANWENDUNG<br \/>\n<\/strong>Antistatische Schl\u00e4uche, die \u00fcblicherweise f\u00fcr den Transport von herk\u00f6mmlichen Kraftstoffen (Benzin), Biodiesel, Bioethanol und \u00d6len, einschlie\u00dflich Diesel, verwendet werden. Der Schlauch ist wetterfest und ozonbest\u00e4ndig.<\/p>\n<p>Auf Wunsch k\u00f6nnen wir die Schl\u00e4uche zus\u00e4tzlich mit einer \u00e4u\u00dferen Drahtspirale sch\u00fctzen, um sie vor Verformung und \u00fcberm\u00e4\u00dfigem Abrieb der Au\u00dfenschicht zu bewahren. Diese DIENSTLEISTUNGEN werden f\u00fcr Schl\u00e4uche mit einem Durchmesser von DN12,5 und gr\u00f6\u00dfer angeboten.<\/p>\n<p><strong>Betriebstemperatur<br \/>\n<\/strong>Von -30\u00b0C bis +100\u00b0C f\u00fcr \u00d6le, Biodiesel, Bioethanol<br \/>\n-30\u00b0C bis +45\u00b0C f\u00fcr Benzin<\/p>\n<p><strong>KONSTRUKTION<br \/>\n<\/strong>Hergestellt nach dem urspr\u00fcnglichen WT-33\/BZPG-Design von Stomil.<br \/>\nDar\u00fcber hinaus erf\u00fcllt der SCHL\u00c4UCHE die Anforderungen der EN 1360 f\u00fcr chemische Best\u00e4ndigkeit.<\/p>\n<p><strong>Innere Schicht<br \/>\n<\/strong>Hochwertige NBR-Gummimischung, best\u00e4ndig gegen \u00d6le und Kraftstoffe, die 15% Oxygenate und Biodiesel enthalten - eine Mischung aus Diesel 80% mit Fetts\u00e4ureestern (Biokomponenten) 20%.<\/p>\n<p><strong>Verst\u00e4rkung<br \/>\n<\/strong>Geflecht aus synthetischem Garn oder hochfester Kordel.<\/p>\n<p><strong>\u00c4u\u00dfere Schicht<br \/>\n<\/strong>Hochwertiger antistatischer schwarzer Synthesekautschuk, best\u00e4ndig gegen Kraftstoffe und \u00d6le sowie gegen Abrieb, Witterung und Ozon.<br \/>\nSchl\u00e4uche mit glatter Oberfl\u00e4che bis DN 12,5, h\u00f6here Durchmesser mit Gewebeeindruck.<\/p>\n<p><strong>UNTERSCHRIFT<br \/>\n<\/strong>Durchmesser mit glatter Oberfl\u00e4che sind mit wei\u00dfer Farbe markiert. Durchmesser mit Stoffaufdruck sind mit orangefarbenem Klebeband markiert.<\/p>","protected":false},"excerpt":{"rendered":"<p><strong>Betriebsdruck:<\/strong> 20 bar (2,0 MPa) | <strong>Berstdruck:<\/strong> 60 bar (6,0 MPa) | antistatisch | antistatisch <strong>Betriebstemperatur:<\/strong> -30\u00b0C bis +100\u00b0C f\u00fcr \u00d6le, Biodiesel, Bioethanol; -30\u00b0C bis +45\u00b0C f\u00fcr Benzin<\/p>","protected":false},"featured_media":6520,"comment_status":"closed","ping_status":"closed","template":"","meta":[],"product_brand":[],"product_cat":[154,88,155,89,77,156,157,158,140],"product_tag":[],"class_list":{"0":"post-6522","1":"product","2":"type-product","3":"status-publish","4":"has-post-thumbnail","6":"product_cat-automotive","7":"product_cat-branze","8":"product_cat-budowa-maszyn-i-urzadzen","9":"product_cat-gornictwo","10":"product_cat-grupy-produktow","11":"product_cat-weze-do-kompresora","12":"product_cat-przewody-olejowe","13":"product_cat-przewody-paliwowe","14":"product_cat-weze-przemyslowe","16":"first","17":"instock","18":"taxable","19":"shipping-taxable","20":"purchasable","21":"product-type-variable"},"stomil_properties":[{"variation_id":6526,"sku":"WPPL20ZW006NF636","variation_title":" W\u0105\u017c do benzyny, paliw i olej\u00f3w 2,0 MPa  DN6,3 (1\/4 cala)","properties":[{"property":"\u015arednica nominalna wewn\u0119trzna","unit":"mm","value":"6,3"},{"property":"\u015arednica nominalna wewn\u0119trzna","unit":"ukryte","value":"\u00b10,80"},{"property":"\u015arednica nominalna wewn\u0119trzna","unit":"cal","value":"1\/4"},{"property":"\u015arednica zewn\u0119trzna [mm]","unit":"mm","value":"12,0"},{"property":"Maksymalne ci\u015bnienie robocze","unit":"bar","value":"20"},{"property":"Maksymalne ci\u015bnienie robocze","unit":"MPa","value":"2,0"},{"property":"Maksymalne ci\u015bnienie robocze","unit":"psi","value":"290 "},{"property":"Ci\u015bnienie rozrywaj\u0105ce","unit":"bar","value":"60"},{"property":"Wsp\u00f3\u0142czynnik bezpiecze\u0144stwa","unit":"-","value":"3:1"},{"property":"Standardowe d\u0142ugo\u015bci odcink\u00f3w","unit":"m","value":"50"},{"property":"Waga jednostkowa","unit":"kg\/m","value":"0,12"},{"property":"Rodzaj wzmocnienia","unit":"-","value":"nici"}]},{"variation_id":6528,"sku":"WPPL20ZW008NF636","variation_title":"W\u0105\u017c do benzyny, paliw i olej\u00f3w 2,0 MPa DN8 (5\/16 cala)","properties":[{"property":"\u015arednica nominalna wewn\u0119trzna","unit":"mm","value":"8,0"},{"property":"\u015arednica nominalna wewn\u0119trzna","unit":"ukryte","value":"\u00b10,80"},{"property":"\u015arednica nominalna wewn\u0119trzna","unit":"cal","value":"5\/16"},{"property":"\u015arednica zewn\u0119trzna [mm]","unit":"mm","value":"15,0"},{"property":"Maksymalne ci\u015bnienie robocze","unit":"bar","value":"20 "},{"property":"Maksymalne ci\u015bnienie robocze","unit":"MPa","value":"2,0"},{"property":"Maksymalne ci\u015bnienie robocze","unit":"psi","value":"290 "},{"property":"Ci\u015bnienie rozrywaj\u0105ce","unit":"bar","value":"60"},{"property":"Wsp\u00f3\u0142czynnik bezpiecze\u0144stwa","unit":"-","value":"3:1"},{"property":"Standardowe d\u0142ugo\u015bci odcink\u00f3w","unit":"m","value":"50"},{"property":"Waga jednostkowa","unit":"kg\/m","value":"0,17"},{"property":"Rodzaj wzmocnienia","unit":"-","value":"nici"}]},{"variation_id":6530,"sku":"WPPL20ZW010NF636","variation_title":"W\u0105\u017c do benzyny, paliw i olej\u00f3w 2,0 MPa DN10 (3\/8 cala)","properties":[{"property":"\u015arednica nominalna wewn\u0119trzna","unit":"mm","value":"10,0"},{"property":"\u015arednica nominalna wewn\u0119trzna","unit":"ukryte","value":"\u00b10,80"},{"property":"\u015arednica nominalna wewn\u0119trzna","unit":"cal","value":"3\/8"},{"property":"\u015arednica zewn\u0119trzna [mm]","unit":"mm","value":"17,0"},{"property":"Maksymalne ci\u015bnienie robocze","unit":"bar","value":"20"},{"property":"Maksymalne ci\u015bnienie robocze","unit":"MPa","value":"2,0"},{"property":"Maksymalne ci\u015bnienie robocze","unit":"psi","value":"290 "},{"property":"Ci\u015bnienie rozrywaj\u0105ce","unit":"bar","value":"60 "},{"property":"Wsp\u00f3\u0142czynnik bezpiecze\u0144stwa","unit":"-","value":"3:1"},{"property":"Standardowe d\u0142ugo\u015bci odcink\u00f3w","unit":"m","value":"50"},{"property":"Waga jednostkowa","unit":"kg\/m","value":"0,21"},{"property":"Rodzaj wzmocnienia","unit":"-","value":"nici"}]},{"variation_id":6532,"sku":"WPPL20ZW012NF636","variation_title":"W\u0105\u017c do benzyny, paliw i olej\u00f3w 2,0 MPa DN12,5 (1\/2 cala)","properties":[{"property":"\u015arednica nominalna wewn\u0119trzna","unit":"mm","value":"12,5"},{"property":"\u015arednica nominalna wewn\u0119trzna","unit":"ukryte","value":"\u00b10,80"},{"property":"\u015arednica nominalna wewn\u0119trzna","unit":"cal","value":"1\/2"},{"property":"\u015arednica zewn\u0119trzna [mm]","unit":"mm","value":"19,0"},{"property":"Maksymalne ci\u015bnienie robocze","unit":"bar","value":"20"},{"property":"Maksymalne ci\u015bnienie robocze","unit":"MPa","value":"2,0"},{"property":"Maksymalne ci\u015bnienie robocze","unit":"psi","value":"290"},{"property":"Ci\u015bnienie rozrywaj\u0105ce","unit":"bar","value":"60"},{"property":"Wsp\u00f3\u0142czynnik bezpiecze\u0144stwa","unit":"-","value":"3:1"},{"property":"Standardowe d\u0142ugo\u015bci odcink\u00f3w","unit":"m","value":"50"},{"property":"Waga jednostkowa","unit":"kg\/m","value":"0,24"},{"property":"Rodzaj wzmocnienia","unit":"-","value":"nici"}]},{"variation_id":6534,"sku":"WPPL20ZW014WT647","variation_title":"W\u0105\u017c do benzyny, paliw i olej\u00f3w 2,0 MPa DN14 (9\/16 cala)","properties":[{"property":"\u015arednica nominalna wewn\u0119trzna","unit":"mm","value":"14,0"},{"property":"\u015arednica nominalna wewn\u0119trzna","unit":"ukryte","value":"\u00b10,80"},{"property":"\u015arednica nominalna wewn\u0119trzna","unit":"cal","value":"9\/16"},{"property":"\u015arednica zewn\u0119trzna [mm]","unit":"mm","value":"24,0"},{"property":"Maksymalne ci\u015bnienie robocze","unit":"bar","value":"20"},{"property":"Maksymalne ci\u015bnienie robocze","unit":"MPa","value":"2,0"},{"property":"Maksymalne ci\u015bnienie robocze","unit":"psi","value":"290"},{"property":"Ci\u015bnienie rozrywaj\u0105ce","unit":"bar","value":"60"},{"property":"Wsp\u00f3\u0142czynnik bezpiecze\u0144stwa","unit":"-","value":"3:1"},{"property":"Standardowe d\u0142ugo\u015bci odcink\u00f3w","unit":"m","value":"20"},{"property":"Waga jednostkowa","unit":"kg\/m","value":"0,42"},{"property":"Rodzaj wzmocnienia","unit":"-","value":"kord"}]},{"variation_id":6536,"sku":"WPPL20ZW016WT647","variation_title":"W\u0105\u017c do benzyny, paliw i olej\u00f3w 2,0 MPa DN16 (5\/8 cala)","properties":[{"property":"\u015arednica nominalna wewn\u0119trzna","unit":"mm","value":"16,0"},{"property":"\u015arednica nominalna wewn\u0119trzna","unit":"ukryte","value":"\u00b10,80"},{"property":"\u015arednica nominalna wewn\u0119trzna","unit":"cal","value":"5\/8"},{"property":"\u015arednica zewn\u0119trzna [mm]","unit":"mm","value":"26,0"},{"property":"Maksymalne ci\u015bnienie robocze","unit":"bar","value":"20"},{"property":"Maksymalne ci\u015bnienie robocze","unit":"MPa","value":"2,0"},{"property":"Maksymalne ci\u015bnienie robocze","unit":"psi","value":"290"},{"property":"Ci\u015bnienie rozrywaj\u0105ce","unit":"bar","value":"60"},{"property":"Wsp\u00f3\u0142czynnik bezpiecze\u0144stwa","unit":"-","value":"3:1"},{"property":"Standardowe d\u0142ugo\u015bci odcink\u00f3w","unit":"m","value":"20"},{"property":"Waga jednostkowa","unit":"kg\/m","value":"0,46"},{"property":"Rodzaj wzmocnienia","unit":"-","value":"kord"}]},{"variation_id":6538,"sku":"WPPL20ZW018WT647","variation_title":"W\u0105\u017c do benzyny, paliw i olej\u00f3w 2,0 MPa DN18 (23\/32 cala)","properties":[{"property":"\u015arednica nominalna wewn\u0119trzna","unit":"mm","value":"18,0"},{"property":"\u015arednica nominalna wewn\u0119trzna","unit":"ukryte","value":"\u00b10,80"},{"property":"\u015arednica nominalna wewn\u0119trzna","unit":"cal","value":"23\/32"},{"property":"\u015arednica zewn\u0119trzna [mm]","unit":"mm","value":"28,0"},{"property":"Maksymalne ci\u015bnienie robocze","unit":"bar","value":"20"},{"property":"Maksymalne ci\u015bnienie robocze","unit":"MPa","value":"2,0"},{"property":"Maksymalne ci\u015bnienie robocze","unit":"psi","value":"290"},{"property":"Ci\u015bnienie rozrywaj\u0105ce","unit":"bar","value":"60"},{"property":"Wsp\u00f3\u0142czynnik bezpiecze\u0144stwa","unit":"-","value":"3:1"},{"property":"Standardowe d\u0142ugo\u015bci odcink\u00f3w","unit":"m","value":"20"},{"property":"Waga jednostkowa","unit":"kg\/m","value":"0,50"},{"property":"Rodzaj wzmocnienia","unit":"-","value":"kord"}]},{"variation_id":6540,"sku":"WPPL20ZW020WT647","variation_title":"W\u0105\u017c do benzyny, paliw i olej\u00f3w 2,0 MPa DN20 (25\/32 cala)","properties":[{"property":"\u015arednica nominalna wewn\u0119trzna","unit":"mm","value":"20,0"},{"property":"\u015arednica nominalna wewn\u0119trzna","unit":"ukryte","value":"\u00b10,80"},{"property":"\u015arednica nominalna wewn\u0119trzna","unit":"cal","value":"25\/32"},{"property":"\u015arednica zewn\u0119trzna [mm]","unit":"mm","value":"30,0"},{"property":"Maksymalne ci\u015bnienie robocze","unit":"bar","value":"20"},{"property":"Maksymalne ci\u015bnienie robocze","unit":"MPa","value":"2,0"},{"property":"Maksymalne ci\u015bnienie robocze","unit":"psi","value":"290"},{"property":"Ci\u015bnienie rozrywaj\u0105ce","unit":"bar","value":"60"},{"property":"Wsp\u00f3\u0142czynnik bezpiecze\u0144stwa","unit":"-","value":"3:1"},{"property":"Standardowe d\u0142ugo\u015bci odcink\u00f3w","unit":"m","value":"20"},{"property":"Waga jednostkowa","unit":"kg\/m","value":"0,54"},{"property":"Rodzaj wzmocnienia","unit":"-","value":"kord"}]},{"variation_id":6542,"sku":"WPPL20ZW025WT647","variation_title":"W\u0105\u017c do benzyny, paliw i olej\u00f3w 2,0 MPa DN25 (1 cal)","properties":[{"property":"\u015arednica nominalna wewn\u0119trzna","unit":"mm","value":"25,0"},{"property":"\u015arednica nominalna wewn\u0119trzna","unit":"ukryte","value":"\u00b11,20"},{"property":"\u015arednica nominalna wewn\u0119trzna","unit":"cal","value":"1"},{"property":"\u015arednica zewn\u0119trzna [mm]","unit":"mm","value":"35,0"},{"property":"Maksymalne ci\u015bnienie robocze","unit":"bar","value":"20"},{"property":"Maksymalne ci\u015bnienie robocze","unit":"MPa","value":"2,0"},{"property":"Maksymalne ci\u015bnienie robocze","unit":"psi","value":"290"},{"property":"Ci\u015bnienie rozrywaj\u0105ce","unit":"bar","value":"60"},{"property":"Wsp\u00f3\u0142czynnik bezpiecze\u0144stwa","unit":"-","value":"3:1"},{"property":"Standardowe d\u0142ugo\u015bci odcink\u00f3w","unit":"m","value":"20"},{"property":"Waga jednostkowa","unit":"kg\/m","value":"0,65"},{"property":"Rodzaj wzmocnienia","unit":"-","value":"kord"}]},{"variation_id":6544,"sku":"WPPL20ZW031WT647","variation_title":"W\u0105\u017c do benzyny, paliw i olej\u00f3w 2,0 MPa DN31,5 (1 i 15\/64 cala)","properties":[{"property":"\u015arednica nominalna wewn\u0119trzna","unit":"mm","value":"31,5"},{"property":"\u015arednica nominalna wewn\u0119trzna","unit":"ukryte","value":"\u00b11,20"},{"property":"\u015arednica nominalna wewn\u0119trzna","unit":"cal","value":"15\/64"},{"property":"\u015arednica zewn\u0119trzna [mm]","unit":"mm","value":"45,0"},{"property":"Maksymalne ci\u015bnienie robocze","unit":"bar","value":"20"},{"property":"Maksymalne ci\u015bnienie robocze","unit":"MPa","value":"2,0"},{"property":"Maksymalne ci\u015bnienie robocze","unit":"psi","value":"290"},{"property":"Ci\u015bnienie rozrywaj\u0105ce","unit":"bar","value":"60"},{"property":"Wsp\u00f3\u0142czynnik bezpiecze\u0144stwa","unit":"-","value":"3:1"},{"property":"Standardowe d\u0142ugo\u015bci odcink\u00f3w","unit":"m","value":"20"},{"property":"Waga jednostkowa","unit":"kg\/m","value":"1,00"},{"property":"Rodzaj wzmocnienia","unit":"-","value":"kord"}]},{"variation_id":6546,"sku":"WPPL20ZW038WT647","variation_title":"W\u0105\u017c do benzyny, paliw i olej\u00f3w 2,0 MPa DN38 (1 i 1\/2 cala)","properties":[{"property":"\u015arednica nominalna wewn\u0119trzna","unit":"mm","value":"38,0"},{"property":"\u015arednica nominalna wewn\u0119trzna","unit":"ukryte","value":"\u00b11,20"},{"property":"\u015arednica nominalna wewn\u0119trzna","unit":"cal","value":"1 1\/2"},{"property":"\u015arednica zewn\u0119trzna [mm]","unit":"mm","value":"53,0"},{"property":"Maksymalne ci\u015bnienie robocze","unit":"bar","value":"20"},{"property":"Maksymalne ci\u015bnienie robocze","unit":"MPa","value":"2,0"},{"property":"Maksymalne ci\u015bnienie robocze","unit":"psi","value":"290"},{"property":"Ci\u015bnienie rozrywaj\u0105ce","unit":"bar","value":"60"},{"property":"Wsp\u00f3\u0142czynnik bezpiecze\u0144stwa","unit":"-","value":"3:1"},{"property":"Standardowe d\u0142ugo\u015bci odcink\u00f3w","unit":"m","value":"20"},{"property":"Waga jednostkowa","unit":"kg\/m","value":"1,37"},{"property":"Rodzaj wzmocnienia","unit":"-","value":"kord"}]},{"variation_id":6548,"sku":"WPPL20ZW040WT647","variation_title":"W\u0105\u017c do benzyny, paliw i olej\u00f3w 2,0 MPa DN40 (1 i 9\/16 cala)","properties":[{"property":"\u015arednica nominalna wewn\u0119trzna","unit":"mm","value":"40,0"},{"property":"\u015arednica nominalna wewn\u0119trzna","unit":"ukryte","value":"\u00b11,20"},{"property":"\u015arednica nominalna wewn\u0119trzna","unit":"cal","value":"1 9\/16"},{"property":"\u015arednica zewn\u0119trzna [mm]","unit":"mm","value":"54,0"},{"property":"Maksymalne ci\u015bnienie robocze","unit":"bar","value":"20"},{"property":"Maksymalne ci\u015bnienie robocze","unit":"MPa","value":"2,0"},{"property":"Maksymalne ci\u015bnienie robocze","unit":"psi","value":"290"},{"property":"Ci\u015bnienie rozrywaj\u0105ce","unit":"bar","value":"60"},{"property":"Wsp\u00f3\u0142czynnik bezpiecze\u0144stwa","unit":"-","value":"3:1"},{"property":"Standardowe d\u0142ugo\u015bci odcink\u00f3w","unit":"m","value":"20"},{"property":"Waga jednostkowa","unit":"kg\/m","value":"1,43"},{"property":"Rodzaj wzmocnienia","unit":"-","value":"kord"}]},{"variation_id":6550,"sku":"","variation_title":"W\u0105\u017c do benzyny, paliw i olej\u00f3w 2,0 MPa DN50 (2 cale)","properties":[{"property":"\u015arednica nominalna wewn\u0119trzna","unit":"mm","value":"50,0"},{"property":"\u015arednica nominalna wewn\u0119trzna","unit":"ukryte","value":"\u00b11,20"},{"property":"\u015arednica nominalna wewn\u0119trzna","unit":"cal","value":"2"},{"property":"\u015arednica zewn\u0119trzna [mm]","unit":"mm","value":"64,0"},{"property":"Maksymalne ci\u015bnienie robocze","unit":"bar","value":"20"},{"property":"Maksymalne ci\u015bnienie robocze","unit":"MPa","value":"2,0"},{"property":"Maksymalne ci\u015bnienie robocze","unit":"psi","value":"290"},{"property":"Ci\u015bnienie rozrywaj\u0105ce","unit":"bar","value":"60"},{"property":"Wsp\u00f3\u0142czynnik bezpiecze\u0144stwa","unit":"-","value":"3:1"},{"property":"Standardowe d\u0142ugo\u015bci odcink\u00f3w","unit":"m","value":"20"},{"property":"Waga jednostkowa","unit":"kg\/m","value":"1,82"},{"property":"Rodzaj wzmocnienia","unit":"-","value":"kord"}]},{"variation_id":6552,"sku":"WPPL20ZW050WT647","variation_title":"W\u0105\u017c do benzyny, paliw i olej\u00f3w 2,0 MPa DN75 (3\")","properties":[{"property":"\u015arednica nominalna wewn\u0119trzna","unit":"mm","value":"75,0"},{"property":"\u015arednica nominalna wewn\u0119trzna","unit":"ukryte","value":"\u00b11,50"},{"property":"\u015arednica nominalna wewn\u0119trzna","unit":"cal","value":"3"},{"property":"\u015arednica zewn\u0119trzna [mm]","unit":"mm","value":"90,0"},{"property":"Maksymalne ci\u015bnienie robocze","unit":"bar","value":"20"},{"property":"Maksymalne ci\u015bnienie robocze","unit":"MPa","value":"2,0"},{"property":"Maksymalne ci\u015bnienie robocze","unit":"psi","value":"290"},{"property":"Ci\u015bnienie rozrywaj\u0105ce","unit":"bar","value":"60"},{"property":"Wsp\u00f3\u0142czynnik bezpiecze\u0144stwa","unit":"-","value":"3:1"},{"property":"Standardowe d\u0142ugo\u015bci odcink\u00f3w","unit":"m","value":"20"},{"property":"Waga jednostkowa","unit":"kg\/m","value":"2,64"},{"property":"Rodzaj wzmocnienia","unit":"-","value":"kord"}]},{"variation_id":6554,"sku":"","variation_title":"W\u0105\u017c do benzyny, paliw i olej\u00f3w 2,0 MPa DN80 (3.5\/32\")","properties":[{"property":"\u015arednica nominalna wewn\u0119trzna","unit":"mm","value":"80,0"},{"property":"\u015arednica nominalna wewn\u0119trzna","unit":"ukryte","value":"\u00b11,80"},{"property":"\u015arednica nominalna wewn\u0119trzna","unit":"cal","value":"3 5 \/32"},{"property":"\u015arednica zewn\u0119trzna [mm]","unit":"mm","value":"95,0"},{"property":"Maksymalne ci\u015bnienie robocze","unit":"bar","value":"20"},{"property":"Maksymalne ci\u015bnienie robocze","unit":"MPa","value":"2,0"},{"property":"Maksymalne ci\u015bnienie robocze","unit":"psi","value":"290"},{"property":"Ci\u015bnienie rozrywaj\u0105ce","unit":"bar","value":"60"},{"property":"Wsp\u00f3\u0142czynnik bezpiecze\u0144stwa","unit":"-","value":"3:1"},{"property":"Standardowe d\u0142ugo\u015bci odcink\u00f3w","unit":"m","value":"10"},{"property":"Waga jednostkowa","unit":"kg\/m","value":"2,80"},{"property":"Rodzaj wzmocnienia","unit":"-","value":"kord"}]}],"_links":{"self":[{"href":"https:\/\/new.stomil-bydgoszcz.pl\/de\/wp-json\/wp\/v2\/product\/6522","targetHints":{"allow":["GET"]}}],"collection":[{"href":"https:\/\/new.stomil-bydgoszcz.pl\/de\/wp-json\/wp\/v2\/product"}],"about":[{"href":"https:\/\/new.stomil-bydgoszcz.pl\/de\/wp-json\/wp\/v2\/types\/product"}],"replies":[{"embeddable":true,"href":"https:\/\/new.stomil-bydgoszcz.pl\/de\/wp-json\/wp\/v2\/comments?post=6522"}],"wp:featuredmedia":[{"embeddable":true,"href":"https:\/\/new.stomil-bydgoszcz.pl\/de\/wp-json\/wp\/v2\/media\/6520"}],"wp:attachment":[{"href":"https:\/\/new.stomil-bydgoszcz.pl\/de\/wp-json\/wp\/v2\/media?parent=6522"}],"wp:term":[{"taxonomy":"product_brand","embeddable":true,"href":"https:\/\/new.stomil-bydgoszcz.pl\/de\/wp-json\/wp\/v2\/product_brand?post=6522"},{"taxonomy":"product_cat","embeddable":true,"href":"https:\/\/new.stomil-bydgoszcz.pl\/de\/wp-json\/wp\/v2\/product_cat?post=6522"},{"taxonomy":"product_tag","embeddable":true,"href":"https:\/\/new.stomil-bydgoszcz.pl\/de\/wp-json\/wp\/v2\/product_tag?post=6522"}],"curies":[{"name":"wp","href":"https:\/\/api.w.org\/{rel}","templated":true}]}}