{"id":6562,"date":"2026-03-17T21:38:15","date_gmt":"2026-03-17T21:38:15","guid":{"rendered":"https:\/\/new.stomil-bydgoszcz.pl\/produkt\/weze-do-olejow-powietrza-i-wody-20-mpa\/"},"modified":"2026-03-17T21:38:25","modified_gmt":"2026-03-17T21:38:25","slug":"luft-und-wasser-ol-schlauchleitungen-20-mpa","status":"publish","type":"product","link":"https:\/\/new.stomil-bydgoszcz.pl\/de\/produkt\/weze-do-olejow-powietrza-i-wody-20-mpa\/","title":{"rendered":"SCHL\u00c4UCHE f\u00fcr \u00d6l-, Luft- und Wasserschl\u00e4uche 2,0 MPa"},"content":{"rendered":"<p><strong>EIGENSCHAFTEN<br \/>\n<\/strong>Betriebsdruck - 20 bar (2,0 MPa)<br \/>\nBerstdruck - 60 bar (6,0 MPa)<br \/>\nVerf\u00fcgbare Farben - schwarz oder blau<\/p>\n<p><strong>ANWENDUNG<br \/>\n<\/strong>Vielseitige, flexible und leichte Schl\u00e4uche f\u00fcr den Transport von \u00d6len, Wasser, leichten Chemikalien und Druckluft.<br \/>\nWird gerne f\u00fcr Druckluftwerkzeuge verwendet, insbesondere in stark \u00f6lhaltigen Umgebungen.<\/p>\n<p>Der SCHL\u00c4UCHE ist wetterfest und ozonbest\u00e4ndig.<\/p>\n<p><strong>Betriebstemperatur<br \/>\n<\/strong>Von -30\u00b0C bis +80\u00b0C<\/p>\n<p><strong>KONSTRUKTION<br \/>\n<\/strong>Entworfen in \u00dcbereinstimmung mit dem Projekt WT-49\/17-1\/BZPG des Autors Stomil Bydgoszcz.<\/p>\n<p><strong>Innere Schicht<br \/>\n<\/strong>Hochwertige, \u00f6lbest\u00e4ndige NBR-Gummimischung.<\/p>\n<p><strong>Verst\u00e4rkung<br \/>\n<\/strong>Geflecht aus hochfesten synthetischen F\u00e4den.<\/p>\n<p><strong>\u00c4u\u00dfere Schicht<br \/>\n<\/strong>Hochwertiges schwarzes oder blaues synthetisches Gummi, \u00f6l-, abrieb-, witterungs- und ozonbest\u00e4ndig. Glatte Oberfl\u00e4che der Schl\u00e4uche.<\/p>\n<p><strong>UNTERSCHRIFT<br \/>\n<\/strong>Schl\u00e4uche mit wei\u00dfer Farbe markiert.<\/p>","protected":false},"excerpt":{"rendered":"<p><strong>Betriebsdruck:<\/strong> 20 bar (2,0 MPa) | <strong>Berstdruck:<\/strong> 60 bar (6,0 MPa) | <strong>Verf\u00fcgbare Farben:<\/strong> schwarz oder blau | <strong>Betriebstemperatur: <\/strong>von -30\u00b0C bis +80\u00b0C<\/p>","protected":false},"featured_media":6559,"comment_status":"closed","ping_status":"closed","template":"","meta":[],"product_brand":[],"product_cat":[88,155,92,177,77,178,156,176,179,140],"product_tag":[],"class_list":{"0":"post-6562","1":"product","2":"type-product","3":"status-publish","4":"has-post-thumbnail","6":"product_cat-branze","7":"product_cat-budowa-maszyn-i-urzadzen","8":"product_cat-budownictwo","9":"product_cat-do-olejow-powietrza-i-wody-20-mpa","10":"product_cat-grupy-produktow","11":"product_cat-rolnictwo","12":"product_cat-weze-do-kompresora","13":"product_cat-weze-do-wody","14":"product_cat-przewody-pneumatyczne-do-powietrza","15":"product_cat-weze-przemyslowe","17":"first","18":"instock","19":"taxable","20":"shipping-taxable","21":"purchasable","22":"product-type-variable"},"stomil_properties":[{"variation_id":6564,"sku":"WPWF20SC006NF626","variation_title":"W\u0105\u017c do olej\u00f3w, powietrza i wody 2,0 MPa DN6,3 (1\/4\")","properties":[{"property":"\u015arednica nominalna wewn\u0119trzna","unit":"mm","value":"6,3"},{"property":"\u015arednica nominalna wewn\u0119trzna","unit":"ukryte","value":"\u00b10,75"},{"property":"\u015arednica nominalna wewn\u0119trzna","unit":"cal","value":"1\/4"},{"property":"\u015arednica zewn\u0119trzna [mm]","unit":"mm","value":"12,5"},{"property":"Maksymalne ci\u015bnienie robocze","unit":"bar","value":"20"},{"property":"Maksymalne ci\u015bnienie robocze","unit":"MPa","value":"2,0"},{"property":"Maksymalne ci\u015bnienie robocze","unit":"psi","value":"290"},{"property":"Ci\u015bnienie rozrywaj\u0105ce","unit":"bar","value":"60"},{"property":"Wsp\u00f3\u0142czynnik bezpiecze\u0144stwa","unit":"-","value":"3:1"},{"property":"Standardowe d\u0142ugo\u015bci odcink\u00f3w","unit":"m","value":"50"},{"property":"Waga jednostkowa","unit":"kg\/m","value":"0,13"},{"property":"Rodzaj wzmocnienia","unit":"-","value":"nici"}]},{"variation_id":6566,"sku":"WPWF20SC008NF626","variation_title":"W\u0105\u017c do olej\u00f3w, powietrza i wody 2,0 MPa DN8 (5\/16\")","properties":[{"property":"\u015arednica nominalna wewn\u0119trzna","unit":"mm","value":"8,0"},{"property":"\u015arednica nominalna wewn\u0119trzna","unit":"ukryte","value":"\u00b10,75"},{"property":"\u015arednica nominalna wewn\u0119trzna","unit":"cal","value":"5\/16"},{"property":"\u015arednica zewn\u0119trzna [mm]","unit":"mm","value":"15,0"},{"property":"Maksymalne ci\u015bnienie robocze","unit":"bar","value":"20"},{"property":"Maksymalne ci\u015bnienie robocze","unit":"MPa","value":"2,0"},{"property":"Maksymalne ci\u015bnienie robocze","unit":"psi","value":"290"},{"property":"Ci\u015bnienie rozrywaj\u0105ce","unit":"bar","value":"60"},{"property":"Wsp\u00f3\u0142czynnik bezpiecze\u0144stwa","unit":"-","value":"3:1"},{"property":"Standardowe d\u0142ugo\u015bci odcink\u00f3w","unit":"m","value":"50"},{"property":"Waga jednostkowa","unit":"kg\/m","value":"0,18"},{"property":"Rodzaj wzmocnienia","unit":"-","value":"nici"}]},{"variation_id":6568,"sku":"WPWF20SC010NF626","variation_title":"W\u0105\u017c do olej\u00f3w, powietrza i wody 2,0 MPa DN10 (3\/8\")","properties":[{"property":"\u015arednica nominalna wewn\u0119trzna","unit":"mm","value":"10,0"},{"property":"\u015arednica nominalna wewn\u0119trzna","unit":"ukryte","value":"\u00b10,75"},{"property":"\u015arednica nominalna wewn\u0119trzna","unit":"cal","value":"3\/8"},{"property":"\u015arednica zewn\u0119trzna [mm]","unit":"mm","value":"17,0"},{"property":"Maksymalne ci\u015bnienie robocze","unit":"bar","value":"20"},{"property":"Maksymalne ci\u015bnienie robocze","unit":"MPa","value":"2,0"},{"property":"Maksymalne ci\u015bnienie robocze","unit":"psi","value":"290"},{"property":"Ci\u015bnienie rozrywaj\u0105ce","unit":"bar","value":"60"},{"property":"Wsp\u00f3\u0142czynnik bezpiecze\u0144stwa","unit":"-","value":"3:1"},{"property":"Standardowe d\u0142ugo\u015bci odcink\u00f3w","unit":"m","value":"50"},{"property":"Waga jednostkowa","unit":"kg\/m","value":"0,22"},{"property":"Rodzaj wzmocnienia","unit":"-","value":"nici"}]},{"variation_id":6570,"sku":"WPWF20SC012NF626","variation_title":"W\u0105\u017c do olej\u00f3w, powietrza i wody 2,0 MPa DN12,5 (1\/2\")","properties":[{"property":"\u015arednica nominalna wewn\u0119trzna","unit":"mm","value":"12,5"},{"property":"\u015arednica nominalna wewn\u0119trzna","unit":"ukryte","value":"\u00b10,75"},{"property":"\u015arednica nominalna wewn\u0119trzna","unit":"cal","value":"1\/2"},{"property":"\u015arednica zewn\u0119trzna [mm]","unit":"mm","value":"19,5"},{"property":"Maksymalne ci\u015bnienie robocze","unit":"bar","value":"20"},{"property":"Maksymalne ci\u015bnienie robocze","unit":"MPa","value":"2,0"},{"property":"Maksymalne ci\u015bnienie robocze","unit":"psi","value":"290"},{"property":"Ci\u015bnienie rozrywaj\u0105ce","unit":"bar","value":"60"},{"property":"Wsp\u00f3\u0142czynnik bezpiecze\u0144stwa","unit":"-","value":"3:1"},{"property":"Standardowe d\u0142ugo\u015bci odcink\u00f3w","unit":"m","value":"50"},{"property":"Waga jednostkowa","unit":"kg\/m","value":"0,26"},{"property":"Rodzaj wzmocnienia","unit":"-","value":"nici"}]}],"_links":{"self":[{"href":"https:\/\/new.stomil-bydgoszcz.pl\/de\/wp-json\/wp\/v2\/product\/6562","targetHints":{"allow":["GET"]}}],"collection":[{"href":"https:\/\/new.stomil-bydgoszcz.pl\/de\/wp-json\/wp\/v2\/product"}],"about":[{"href":"https:\/\/new.stomil-bydgoszcz.pl\/de\/wp-json\/wp\/v2\/types\/product"}],"replies":[{"embeddable":true,"href":"https:\/\/new.stomil-bydgoszcz.pl\/de\/wp-json\/wp\/v2\/comments?post=6562"}],"wp:featuredmedia":[{"embeddable":true,"href":"https:\/\/new.stomil-bydgoszcz.pl\/de\/wp-json\/wp\/v2\/media\/6559"}],"wp:attachment":[{"href":"https:\/\/new.stomil-bydgoszcz.pl\/de\/wp-json\/wp\/v2\/media?parent=6562"}],"wp:term":[{"taxonomy":"product_brand","embeddable":true,"href":"https:\/\/new.stomil-bydgoszcz.pl\/de\/wp-json\/wp\/v2\/product_brand?post=6562"},{"taxonomy":"product_cat","embeddable":true,"href":"https:\/\/new.stomil-bydgoszcz.pl\/de\/wp-json\/wp\/v2\/product_cat?post=6562"},{"taxonomy":"product_tag","embeddable":true,"href":"https:\/\/new.stomil-bydgoszcz.pl\/de\/wp-json\/wp\/v2\/product_tag?post=6562"}],"curies":[{"name":"wp","href":"https:\/\/api.w.org\/{rel}","templated":true}]}}