{"id":6573,"date":"2026-03-17T21:38:17","date_gmt":"2026-03-17T21:38:17","guid":{"rendered":"https:\/\/new.stomil-bydgoszcz.pl\/produkt\/waz-do-swobodnego-przeplywu-powietrza-twin-new\/"},"modified":"2026-03-17T21:38:25","modified_gmt":"2026-03-17T21:38:25","slug":"frei-fliesende-gaze-zwilling-neu","status":"publish","type":"product","link":"https:\/\/new.stomil-bydgoszcz.pl\/de\/produkt\/waz-do-swobodnego-przeplywu-powietrza-twin-new\/","title":{"rendered":"TWIN-Schl\u00e4uche mit freiem Durchgang aus Gummi"},"content":{"rendered":"<p><strong>ANWENDUNG<br \/>\n<\/strong>Doppelte SCHL\u00c4UCHE aus Gummi f\u00fcr allgemeine Luftschl\u00e4uche ohne Druckanforderungen in Industrie und Landwirtschaft, die wetterfest und ozonbest\u00e4ndig sind.<\/p>\n<p><strong>Betriebstemperatur<br \/>\n<\/strong>Von -25\u00b0C bis +80\u00b0C<br \/>\nKurzzeitig bis zu +100\u00b0C<\/p>\n<p><strong>KONSTRUKTION<br \/>\n<\/strong>Schwarz gef\u00e4rbter Gummi aus synthetischem SBR-Kautschuk.<\/p>","protected":false},"excerpt":{"rendered":"<p><strong>Betriebstemperatur: <\/strong>von -25\u00b0C bis +80\u00b0C; kurzfristig bis zu +100\u00b0C<\/p>","protected":false},"featured_media":6571,"comment_status":"closed","ping_status":"closed","template":"","meta":[],"product_brand":[],"product_cat":[88,155,180,77,178,179,140],"product_tag":[],"class_list":{"0":"post-6573","1":"product","2":"type-product","3":"status-publish","4":"has-post-thumbnail","6":"product_cat-branze","7":"product_cat-budowa-maszyn-i-urzadzen","8":"product_cat-do-swobodnego-przeplywu-powietrza","9":"product_cat-grupy-produktow","10":"product_cat-rolnictwo","11":"product_cat-przewody-pneumatyczne-do-powietrza","12":"product_cat-weze-przemyslowe","14":"first","15":"instock","16":"taxable","17":"shipping-taxable","18":"purchasable","19":"product-type-variable"},"stomil_properties":[{"variation_id":6575,"sku":"WN_PB_063X33_8002","variation_title":"w\u0105\u017c gumowy do swobodnego przep\u0142ywu powietrza TWIN 2x6,3x13","properties":[{"property":"\u015arednica nominalna wewn\u0119trzna","unit":"mm","value":"6,3"},{"property":"\u015arednica nominalna wewn\u0119trzna","unit":"ukryte","value":"\u00b10,75"},{"property":"\u015arednica nominalna wewn\u0119trzna","unit":"cal","value":"1\/4"},{"property":"\u015arednica zewn\u0119trzna [mm]","unit":"mm","value":"13,0"},{"property":"\u015arednica zewn\u0119trzna [mm]","unit":"ukryte","value":"\u00b11,50"},{"property":"Standardowe d\u0142ugo\u015bci odcink\u00f3w","unit":"m","value":"od 5 do 30"},{"property":"Waga jednostkowa","unit":"kg\/m","value":"0,246"}]}],"_links":{"self":[{"href":"https:\/\/new.stomil-bydgoszcz.pl\/de\/wp-json\/wp\/v2\/product\/6573","targetHints":{"allow":["GET"]}}],"collection":[{"href":"https:\/\/new.stomil-bydgoszcz.pl\/de\/wp-json\/wp\/v2\/product"}],"about":[{"href":"https:\/\/new.stomil-bydgoszcz.pl\/de\/wp-json\/wp\/v2\/types\/product"}],"replies":[{"embeddable":true,"href":"https:\/\/new.stomil-bydgoszcz.pl\/de\/wp-json\/wp\/v2\/comments?post=6573"}],"wp:featuredmedia":[{"embeddable":true,"href":"https:\/\/new.stomil-bydgoszcz.pl\/de\/wp-json\/wp\/v2\/media\/6571"}],"wp:attachment":[{"href":"https:\/\/new.stomil-bydgoszcz.pl\/de\/wp-json\/wp\/v2\/media?parent=6573"}],"wp:term":[{"taxonomy":"product_brand","embeddable":true,"href":"https:\/\/new.stomil-bydgoszcz.pl\/de\/wp-json\/wp\/v2\/product_brand?post=6573"},{"taxonomy":"product_cat","embeddable":true,"href":"https:\/\/new.stomil-bydgoszcz.pl\/de\/wp-json\/wp\/v2\/product_cat?post=6573"},{"taxonomy":"product_tag","embeddable":true,"href":"https:\/\/new.stomil-bydgoszcz.pl\/de\/wp-json\/wp\/v2\/product_tag?post=6573"}],"curies":[{"name":"wp","href":"https:\/\/api.w.org\/{rel}","templated":true}]}}