{"id":6666,"date":"2026-03-17T21:38:26","date_gmt":"2026-03-17T21:38:26","guid":{"rendered":"https:\/\/new.stomil-bydgoszcz.pl\/produkt\/plyty-epdm\/"},"modified":"2026-03-17T21:38:45","modified_gmt":"2026-03-17T21:38:45","slug":"epdm-platten","status":"publish","type":"product","link":"https:\/\/new.stomil-bydgoszcz.pl\/de\/produkt\/plyty-epdm\/","title":{"rendered":"EPDM-Platten"},"content":{"rendered":"<p><strong>EPDM-GUMMIPLATTEN<\/strong>&nbsp;werden aus Ethylen-Propylen-Dien-Kautschuk hergestellt. Aufgrund ihrer au\u00dfergew\u00f6hnlichen Vielseitigkeit geh\u00f6ren sie zu den von unseren Kunden am h\u00e4ufigsten gew\u00e4hlten Gummiplatten aus dem Angebot von Stomil Bydgoszcz. EPDM-Platten (Gummi) sind gegen viele verschiedene Faktoren best\u00e4ndig:<\/p>\n<ul>\n<li>Wetterbedingungen und Ozon<\/li>\n<li>thermische Alterung<\/li>\n<li>Abrieb, Druck und dauerhafte Verformung<\/li>\n<li>verd\u00fcnnte S\u00e4uren und Basen<\/li>\n<li>au\u00dfergew\u00f6hnlich hohe Best\u00e4ndigkeit gegen anorganische S\u00e4uren, z. B. Schwefels\u00e4ure (VI) (H<sub>2<\/sub>SO4) und Basen, z. B. Natrium (NaOH)<\/li>\n<li>relativ geringe Best\u00e4ndigkeit gegen organische S\u00e4uren, z. B. Essigs\u00e4ure (CH<sub>3<\/sub>COOH)<\/li>\n<\/ul>\n<p>Dank ihrer au\u00dfergew\u00f6hnlichen Eigenschaften und ihrer Widerstandsf\u00e4higkeit gegen\u00fcber einer Vielzahl von Witterungseinfl\u00fcssen und Chemikalien werden sie h\u00e4ufig in vielen Au\u00dfen- und Innenbereichen eingesetzt. Sie werden zur Abdeckung von B\u00f6den in Fitnessclubs, Turnhallen und anderen Orten f\u00fcr k\u00f6rperliche Aktivit\u00e4ten verwendet und sorgen daf\u00fcr, dass die mit den Gummiplatten bedeckten Fl\u00e4chen bequem zu nutzen sind.<\/p>\n<h2>EPDM-GUMMIPLATTEN f\u00fcr Bel\u00e4ge und Abdichtungen<\/h2>\n<p>Weitere Anwendungen sind die Abdeckung von Werkbankfl\u00e4chen, die Abdichtung von Gummiplatten und die Abdeckung von Terrassen. GUMMIPLATTEN-Zuschnitte aus EPDM-Platten eignen sich ideal als Spritzschutz in der AUTOMOBILINDUSTRIE oder als Abdeckungen f\u00fcr landwirtschaftliche Maschinen. Sie werden auch erfolgreich als Bodenbelag um Tanks mit aggressiven chemischen Fl\u00fcssigkeiten eingesetzt. Aufgrund ihrer einzigartigen Eigenschaften und ihres breiten Anwendungsspektrums werden EPDM-Platten h\u00e4ufig in Branchen wie dem Bauwesen, der Landwirtschaft und der Forstwirtschaft eingesetzt.<\/p>\n<h2>Technische Eigenschaften von EPDM-Kautschuk<\/h2>\n<ul>\n<li><strong>Hart<\/strong><strong>\u015b<\/strong><strong>t<\/strong><strong>\u0142<\/strong><strong>yt: <\/strong>50 bis 80 \u00b0S<\/li>\n<li><strong>Betriebstemperatur:<\/strong>-40 bis 120\u00b0C (vor\u00fcbergehend)<\/li>\n<\/ul>\n<p>Unser Angebot umfasst&nbsp;<a href=\"https:\/\/sklep.stomil-bydgoszcz.pl\/kategoria-produktu\/grupy-produktow\/plyty-gumowe\/\">Gummiplatten<\/a>&nbsp;der Dicken&nbsp;<strong>von 1 mm bis 50 mm<\/strong>. Unsere GUMMIPLATTEN k\u00f6nnen sowohl in Rollen als auch in B\u00f6gen erworben werden.<\/p>\n<p>Informationen zu den verf\u00fcgbaren GUMMIPLATTEN&nbsp;<strong>EPDM<\/strong><strong>&nbsp;<\/strong>finden Sie unter&nbsp;<strong>Technische Daten<\/strong>&nbsp;und&nbsp;<strong>PDF-Materialien<\/strong><strong>&nbsp;<\/strong>.<\/p>","protected":false},"excerpt":{"rendered":"<p><strong>H\u00e4rte:<\/strong> von 50 bis 80 \u00b0Sh | <strong>Betriebstemperatur:<\/strong> von -40 bis 120\u00b0C (periodisch) | <strong>Erh\u00e4ltlich als Blatt oder Rolle | <\/strong><strong>Die Dicken:<\/strong> 1 bis 50 mm<\/p>","protected":false},"featured_media":6665,"comment_status":"closed","ping_status":"closed","template":"","meta":[],"product_brand":[],"product_cat":[77,93],"product_tag":[],"class_list":{"0":"post-6666","1":"product","2":"type-product","3":"status-publish","4":"has-post-thumbnail","6":"product_cat-grupy-produktow","7":"product_cat-plyty-gumowe","9":"first","10":"instock","11":"taxable","12":"shipping-taxable","13":"purchasable","14":"product-type-variable"},"stomil_properties":[],"_links":{"self":[{"href":"https:\/\/new.stomil-bydgoszcz.pl\/de\/wp-json\/wp\/v2\/product\/6666","targetHints":{"allow":["GET"]}}],"collection":[{"href":"https:\/\/new.stomil-bydgoszcz.pl\/de\/wp-json\/wp\/v2\/product"}],"about":[{"href":"https:\/\/new.stomil-bydgoszcz.pl\/de\/wp-json\/wp\/v2\/types\/product"}],"replies":[{"embeddable":true,"href":"https:\/\/new.stomil-bydgoszcz.pl\/de\/wp-json\/wp\/v2\/comments?post=6666"}],"wp:featuredmedia":[{"embeddable":true,"href":"https:\/\/new.stomil-bydgoszcz.pl\/de\/wp-json\/wp\/v2\/media\/6665"}],"wp:attachment":[{"href":"https:\/\/new.stomil-bydgoszcz.pl\/de\/wp-json\/wp\/v2\/media?parent=6666"}],"wp:term":[{"taxonomy":"product_brand","embeddable":true,"href":"https:\/\/new.stomil-bydgoszcz.pl\/de\/wp-json\/wp\/v2\/product_brand?post=6666"},{"taxonomy":"product_cat","embeddable":true,"href":"https:\/\/new.stomil-bydgoszcz.pl\/de\/wp-json\/wp\/v2\/product_cat?post=6666"},{"taxonomy":"product_tag","embeddable":true,"href":"https:\/\/new.stomil-bydgoszcz.pl\/de\/wp-json\/wp\/v2\/product_tag?post=6666"}],"curies":[{"name":"wp","href":"https:\/\/api.w.org\/{rel}","templated":true}]}}