{"id":6694,"date":"2026-03-17T21:38:30","date_gmt":"2026-03-17T21:38:30","guid":{"rendered":"https:\/\/new.stomil-bydgoszcz.pl\/produkt\/plyty-lemieszowe\/"},"modified":"2026-03-17T21:38:45","modified_gmt":"2026-03-17T21:38:45","slug":"schaufelplatten","status":"publish","type":"product","link":"https:\/\/new.stomil-bydgoszcz.pl\/de\/produkt\/plyty-lemieszowe\/","title":{"rendered":"Pflugplatten"},"content":{"rendered":"<p><b>Pflugplatten<\/b> f\u00fcr Landwirtschafts- und Schneepfl\u00fcge aus einer speziellen Gummimischung mit entsprechend abgestimmter H\u00e4rte, um die vorgegebene Flexibilit\u00e4t des Produkts zu gew\u00e4hrleisten, das sich durch eine auf die Arbeitsbedingungen abgestimmte Abrasionsbest\u00e4ndigkeit auszeichnet.<\/p>\n<p>Ein gro\u00dfer Vorteil unserer GUMMIPLATTEN ist, dass sie in gro\u00dfen L\u00e4ngen hergestellt werden k\u00f6nnen, wodurch das Zusammenf\u00fcgen von kleineren St\u00fccken entf\u00e4llt und sie einfacher zu installieren sind.<\/p>\n<p>Es sind auch Gummiplatten mit einem Abstandshalter aus Gewebe erh\u00e4ltlich, die eine l\u00e4ngere Lebensdauer des Produkts gew\u00e4hrleisten.<\/p>\n<p><u><b>Technische Parameter:<\/b><\/u><\/p>\n<p><b>H\u00e4rte:<\/b> 65\u00b0 Sh ( \u00b1 5 )<\/p>\n<p><b>Zugfestigkeit: <\/b>10 Mpa<\/p>\n<p><b>Bruchdehnung: <\/b>300 %<\/p>\n<p><b>Temperatur der Spr\u00f6digkeit:\u00a0<\/b>-25 \u00b0C<\/p>\n<p><b>Abrasivit\u00e4t:\u00a0<\/b>0,220 cm3<\/p>\n<p><b>Abmessungen: <\/b>auf die Bed\u00fcrfnisse der Kunden zugeschnitten<\/p>","protected":false},"excerpt":{"rendered":"<p><b>H\u00e4rte:<\/b> 65\u00b0 Sh ( \u00b1 5 ) |\u00a0<b>Zugfestigkeit: <\/b>10 Mpa |\u00a0<b>Bruchdehnung: <\/b>300 % |\u00a0<b>Temperatur der Spr\u00f6digkeit:\u00a0<\/b>-25 \u00b0C |\u00a0<b>Abrasivit\u00e4t:\u00a0<\/b>0,220 cm3 |\u00a0<b>Abmessungen: <\/b>auf die Bed\u00fcrfnisse der Kunden zugeschnitten<\/p>","protected":false},"featured_media":6693,"comment_status":"closed","ping_status":"closed","template":"","meta":[],"product_brand":[],"product_cat":[77,93],"product_tag":[],"class_list":{"0":"post-6694","1":"product","2":"type-product","3":"status-publish","4":"has-post-thumbnail","6":"product_cat-grupy-produktow","7":"product_cat-plyty-gumowe","9":"first","10":"instock","11":"taxable","12":"shipping-taxable","13":"purchasable","14":"product-type-variable"},"stomil_properties":[],"_links":{"self":[{"href":"https:\/\/new.stomil-bydgoszcz.pl\/de\/wp-json\/wp\/v2\/product\/6694","targetHints":{"allow":["GET"]}}],"collection":[{"href":"https:\/\/new.stomil-bydgoszcz.pl\/de\/wp-json\/wp\/v2\/product"}],"about":[{"href":"https:\/\/new.stomil-bydgoszcz.pl\/de\/wp-json\/wp\/v2\/types\/product"}],"replies":[{"embeddable":true,"href":"https:\/\/new.stomil-bydgoszcz.pl\/de\/wp-json\/wp\/v2\/comments?post=6694"}],"wp:featuredmedia":[{"embeddable":true,"href":"https:\/\/new.stomil-bydgoszcz.pl\/de\/wp-json\/wp\/v2\/media\/6693"}],"wp:attachment":[{"href":"https:\/\/new.stomil-bydgoszcz.pl\/de\/wp-json\/wp\/v2\/media?parent=6694"}],"wp:term":[{"taxonomy":"product_brand","embeddable":true,"href":"https:\/\/new.stomil-bydgoszcz.pl\/de\/wp-json\/wp\/v2\/product_brand?post=6694"},{"taxonomy":"product_cat","embeddable":true,"href":"https:\/\/new.stomil-bydgoszcz.pl\/de\/wp-json\/wp\/v2\/product_cat?post=6694"},{"taxonomy":"product_tag","embeddable":true,"href":"https:\/\/new.stomil-bydgoszcz.pl\/de\/wp-json\/wp\/v2\/product_tag?post=6694"}],"curies":[{"name":"wp","href":"https:\/\/api.w.org\/{rel}","templated":true}]}}