{"id":6716,"date":"2026-03-17T21:38:33","date_gmt":"2026-03-17T21:38:33","guid":{"rendered":"https:\/\/new.stomil-bydgoszcz.pl\/produkt\/wykladzina-gumowa-rampa-gr-4-8-mm-szer-1450mm\/"},"modified":"2026-03-17T21:38:45","modified_gmt":"2026-03-17T21:38:45","slug":"rampe-gummibodenbelag-dicke-4-8-mm-breite-1450mm","status":"publish","type":"product","link":"https:\/\/new.stomil-bydgoszcz.pl\/de\/produkt\/wykladzina-gumowa-rampa-gr-4-8-mm-szer-1450mm\/","title":{"rendered":"RAMPA GUMMIBEL\u00c4GE 4 + 8 mm dick 1450mm breit"},"content":{"rendered":"<p style=\"text-align: left;\">GUMMIBEL\u00c4GE <b>RAMPA&nbsp;<\/b>hat eine speziell gestaltete Au\u00dfenfl\u00e4che mit L\u00e4ngsstreifen von 8 mm H\u00f6he und 24 mm Breite, damit sich die Tiere auf den f\u00fcr den Transport verwendeten Anh\u00e4ngerrampen sicher bewegen k\u00f6nnen.<\/p>\n<p><img loading=\"lazy\" decoding=\"async\" class=\"size-medium wp-image-9386 aligncenter\" src=\"https:\/\/sklep.stomil-bydgoszcz.pl\/wp-content\/uploads\/2018\/10\/rampa-wymiary-300x145.png\" alt=\"Rampenma\u00dfe\" width=\"300\" height=\"145\"><\/p>\n<p>&nbsp;<\/p>\n<p><b>Verf\u00fcgbare Gummibel\u00e4ge:<\/b><\/p>\n<ul>\n<li>allgemeine Verwendung (Innenbereich) ,<\/li>\n<li>\u00d6lbest\u00e4ndige,<\/li>\n<li>witterungsbest\u00e4ndig,<\/li>\n<li>elektro-isolierend.<\/li>\n<\/ul>\n<p><b>Methoden der Verlegung von Gummibel\u00e4gen:<\/b><\/p>\n<ul>\n<li>sich frei (ohne zu haften) auf einem dauerhaften Untergrund, z. B. Beton, Holz, Metall, verteilen.<\/li>\n<li>mit den im Bauwesen \u00fcblichen Klebstoffen f\u00fcr die GUMMIBEL\u00c4GE auf den Untergrund geklebt.<\/li>\n<\/ul>\n<p>Hinweis: Es ist ratsam, die zu verklebenden Gummibel\u00e4ge vorher auf dem Untergrund auszubreiten und sie mehrere Tage lang frei liegen zu lassen, damit sie besser schimmeln k\u00f6nnen. Der Untergrund sollte nach den allgemein anerkannten Regeln der Klebetechnik vorbereitet werden - eine saubere und entfettete Oberfl\u00e4che und gem\u00e4\u00df den spezifischen Anweisungen des Klebstoffherstellers.<\/p>","protected":false},"excerpt":{"rendered":"<p>O <b>12 mm dick<\/b>&nbsp;und verpackt in&nbsp;<b>rollt<\/b>&nbsp;breit&nbsp;<b>1450 mm<\/b>&nbsp;und L\u00e4ngen&nbsp;<b>10 Meter<\/b>.<\/p>","protected":false},"featured_media":6715,"comment_status":"closed","ping_status":"closed","template":"","meta":[],"product_brand":[],"product_cat":[77,194,94,81,79],"product_tag":[],"class_list":{"0":"post-6716","1":"product","2":"type-product","3":"status-publish","4":"has-post-thumbnail","6":"product_cat-grupy-produktow","7":"product_cat-rampa","8":"product_cat-wykladziny-maty-antyposlizgowe","9":"product_cat-wykladziny-gumowe-czarne","10":"product_cat-wykladziny-i-maty-gumowe-ciete","12":"first","13":"instock","14":"taxable","15":"shipping-taxable","16":"purchasable","17":"product-type-variable"},"stomil_properties":[],"_links":{"self":[{"href":"https:\/\/new.stomil-bydgoszcz.pl\/de\/wp-json\/wp\/v2\/product\/6716","targetHints":{"allow":["GET"]}}],"collection":[{"href":"https:\/\/new.stomil-bydgoszcz.pl\/de\/wp-json\/wp\/v2\/product"}],"about":[{"href":"https:\/\/new.stomil-bydgoszcz.pl\/de\/wp-json\/wp\/v2\/types\/product"}],"replies":[{"embeddable":true,"href":"https:\/\/new.stomil-bydgoszcz.pl\/de\/wp-json\/wp\/v2\/comments?post=6716"}],"wp:featuredmedia":[{"embeddable":true,"href":"https:\/\/new.stomil-bydgoszcz.pl\/de\/wp-json\/wp\/v2\/media\/6715"}],"wp:attachment":[{"href":"https:\/\/new.stomil-bydgoszcz.pl\/de\/wp-json\/wp\/v2\/media?parent=6716"}],"wp:term":[{"taxonomy":"product_brand","embeddable":true,"href":"https:\/\/new.stomil-bydgoszcz.pl\/de\/wp-json\/wp\/v2\/product_brand?post=6716"},{"taxonomy":"product_cat","embeddable":true,"href":"https:\/\/new.stomil-bydgoszcz.pl\/de\/wp-json\/wp\/v2\/product_cat?post=6716"},{"taxonomy":"product_tag","embeddable":true,"href":"https:\/\/new.stomil-bydgoszcz.pl\/de\/wp-json\/wp\/v2\/product_tag?post=6716"}],"curies":[{"name":"wp","href":"https:\/\/api.w.org\/{rel}","templated":true}]}}