{"id":6754,"date":"2026-03-17T21:38:36","date_gmt":"2026-03-17T21:38:36","guid":{"rendered":"https:\/\/new.stomil-bydgoszcz.pl\/produkt\/waz-do-kwasow-i-zasad-06-mpa\/"},"modified":"2026-03-17T21:38:45","modified_gmt":"2026-03-17T21:38:45","slug":"vase-fur-sauren-und-basen-06-mpa","status":"publish","type":"product","link":"https:\/\/new.stomil-bydgoszcz.pl\/de\/produkt\/waz-do-kwasow-i-zasad-06-mpa\/","title":{"rendered":"SCHL\u00c4UCHE f\u00fcr S\u00e4uren und Basen 0,6 MPa"},"content":{"rendered":"<p><strong>EIGENSCHAFTEN<br \/>\n<\/strong>Betriebsdruck - 6 bar (0,6 MPa)<br \/>\nBerstdruck - 16 bar (1,6 MPA)<\/p>\n<p><strong>ANWENDUNG<br \/>\n<\/strong>Der SCHL\u00c4UCHE ist f\u00fcr den Durchfluss von S\u00e4uren und Chemikalienschl\u00e4uchen ausgelegt:<br \/>\n- Salpeters\u00e4ure bis zu 5%<br \/>\n- Salzs\u00e4ure bis zu 20%<br \/>\n- Schwefels\u00e4ure bis zu 50%<br \/>\n- Essigs\u00e4ure, w\u00e4ssrige Natriumhydroxidl\u00f6sung und w\u00e4ssrige Ammoniakl\u00f6sung jeder Konzentration.<\/p>\n<p>Der SCHL\u00c4UCHE ist abriebfest, witterungs- und ozonbest\u00e4ndig.<\/p>\n<p>Auf Wunsch k\u00f6nnen wir die Schl\u00e4uche zus\u00e4tzlich mit einer \u00e4u\u00dferen Drahtspirale sch\u00fctzen, um sie vor Verformung und \u00fcberm\u00e4\u00dfigem Abrieb der Au\u00dfenschicht zu bewahren.<\/p>\n<p><strong>Betriebstemperatur<br \/>\n<\/strong>Von -30\u00b0C bis +60\u00b0C<\/p>\n<p><strong>KONSTRUKTION<br \/>\n<\/strong>Hergestellt in \u00dcbereinstimmung mit PN-86\/C-94250\/44.<\/p>\n<p><strong>Innere Schicht<br \/>\n<\/strong>Hochwertige, s\u00e4ure- und laugenbest\u00e4ndige SBR-Gummimischung.<\/p>\n<p><strong>Verst\u00e4rkung<br \/>\n<\/strong>Synthetische F\u00e4den oder hochfeste synthetische Abstandshalter.<\/p>\n<p><strong>\u00c4u\u00dfere Schicht<br \/>\n<\/strong>Schwarzer SBR- oder SBR\/EPDM-Kautschuk, der abriebfest, witterungs- und ozonbest\u00e4ndig ist.<br \/>\nDurchmesser bis DN 12,5 sind unbedruckt, gr\u00f6\u00dfere Durchmesser sind mit einem Stoffaufdruck versehen.<strong>&nbsp;<\/strong><\/p>\n<p><strong>UNTERSCHRIFT<br \/>\n<\/strong>Durchmesser mit glatter Oberfl\u00e4che werden mit wei\u00dfer Farbe markiert. Durchmesser mit Stoffaufdruck sind mit violettem Klebeband markiert.<\/p>","protected":false},"excerpt":{"rendered":"<p><strong>Betriebsdruck:<\/strong> 6 bar (0,6 MPa) | <strong>Berstdruck:<\/strong> 16 bar (1,6 MPA) |&nbsp;<strong>Betriebstemperatur: <\/strong>Von -30\u00b0C bis +60\u00b0C<\/p>","protected":false},"featured_media":6752,"comment_status":"closed","ping_status":"closed","template":"","meta":[],"product_brand":[],"product_cat":[88,155,77,196,140],"product_tag":[],"class_list":{"0":"post-6754","1":"product","2":"type-product","3":"status-publish","4":"has-post-thumbnail","6":"product_cat-branze","7":"product_cat-budowa-maszyn-i-urzadzen","8":"product_cat-grupy-produktow","9":"product_cat-weze-do-kwasow-i-zasad","10":"product_cat-weze-przemyslowe","12":"first","13":"instock","14":"taxable","15":"shipping-taxable","16":"purchasable","17":"product-type-variable"},"stomil_properties":[{"variation_id":6756,"sku":"","variation_title":"W\u0105\u017c do kwas\u00f3w i zasad 0,6 MPa DN6,3 (1\/4\")","properties":[{"property":"\u015arednica nominalna wewn\u0119trzna","unit":"mm","value":"6,3"},{"property":"\u015arednica nominalna wewn\u0119trzna","unit":"ukryte","value":"\u00b10,75"},{"property":"\u015arednica nominalna wewn\u0119trzna","unit":"cal","value":"1\/4"},{"property":"\u015arednica zewn\u0119trzna [mm]","unit":"mm","value":"13,0"},{"property":"Maksymalne ci\u015bnienie robocze","unit":"bar","value":"6"},{"property":"Maksymalne ci\u015bnienie robocze","unit":"MPa","value":"0,6"},{"property":"Maksymalne ci\u015bnienie robocze","unit":"psi","value":"87"},{"property":"Ci\u015bnienie rozrywaj\u0105ce","unit":"bar","value":"16"},{"property":"Wsp\u00f3\u0142czynnik bezpiecze\u0144stwa","unit":"-","value":"2,6:1"},{"property":"Standardowe d\u0142ugo\u015bci odcink\u00f3w","unit":"m","value":"50"},{"property":"Waga jednostkowa","unit":"kg\/m","value":"0,12"},{"property":"Rodzaj wzmocnienia","unit":"-","value":"nici"}]},{"variation_id":6758,"sku":"","variation_title":"W\u0105\u017c do kwas\u00f3w i zasad 0,6 MPa DN8 (5\/16\")","properties":[{"property":"\u015arednica nominalna wewn\u0119trzna","unit":"mm","value":"8,0"},{"property":"\u015arednica nominalna wewn\u0119trzna","unit":"ukryte","value":"\u00b10,75"},{"property":"\u015arednica nominalna wewn\u0119trzna","unit":"cal","value":"5\/16"},{"property":"\u015arednica zewn\u0119trzna [mm]","unit":"mm","value":"15,0"},{"property":"Maksymalne ci\u015bnienie robocze","unit":"bar","value":"6"},{"property":"Maksymalne ci\u015bnienie robocze","unit":"MPa","value":"0,6"},{"property":"Maksymalne ci\u015bnienie robocze","unit":"psi","value":"87"},{"property":"Ci\u015bnienie rozrywaj\u0105ce","unit":"bar","value":"16"},{"property":"Wsp\u00f3\u0142czynnik bezpiecze\u0144stwa","unit":"-","value":"2,6:1"},{"property":"Standardowe d\u0142ugo\u015bci odcink\u00f3w","unit":"m","value":"50"},{"property":"Waga jednostkowa","unit":"kg\/m","value":"0,17"},{"property":"Rodzaj wzmocnienia","unit":"-","value":"nici"}]},{"variation_id":6760,"sku":"","variation_title":"W\u0105\u017c do kwas\u00f3w i zasad 0,6 MPa DN10 (3\/8\")","properties":[{"property":"\u015arednica nominalna wewn\u0119trzna","unit":"mm","value":"10,0"},{"property":"\u015arednica nominalna wewn\u0119trzna","unit":"ukryte","value":"\u00b10,75"},{"property":"\u015arednica nominalna wewn\u0119trzna","unit":"cal","value":"3\/8"},{"property":"\u015arednica zewn\u0119trzna [mm]","unit":"mm","value":"17,0"},{"property":"Maksymalne ci\u015bnienie robocze","unit":"bar","value":"6"},{"property":"Maksymalne ci\u015bnienie robocze","unit":"MPa","value":"0,6"},{"property":"Maksymalne ci\u015bnienie robocze","unit":"psi","value":"87"},{"property":"Ci\u015bnienie rozrywaj\u0105ce","unit":"bar","value":"16"},{"property":"Wsp\u00f3\u0142czynnik bezpiecze\u0144stwa","unit":"-","value":"2,6:1"},{"property":"Standardowe d\u0142ugo\u015bci odcink\u00f3w","unit":"m","value":"50"},{"property":"Waga jednostkowa","unit":"kg\/m","value":"0,20"},{"property":"Rodzaj wzmocnienia","unit":"-","value":"nici"}]},{"variation_id":6762,"sku":"","variation_title":"W\u0105\u017c do kwas\u00f3w i zasad 0,6 MPa DN12,5 (1\/2\")","properties":[{"property":"\u015arednica nominalna wewn\u0119trzna","unit":"mm","value":"12,5"},{"property":"\u015arednica nominalna wewn\u0119trzna","unit":"ukryte","value":"\u00b10,75"},{"property":"\u015arednica nominalna wewn\u0119trzna","unit":"cal","value":"1\/2"},{"property":"\u015arednica zewn\u0119trzna [mm]","unit":"mm","value":"21,0"},{"property":"Maksymalne ci\u015bnienie robocze","unit":"bar","value":"6"},{"property":"Maksymalne ci\u015bnienie robocze","unit":"MPa","value":"0,6"},{"property":"Maksymalne ci\u015bnienie robocze","unit":"psi","value":"87"},{"property":"Ci\u015bnienie rozrywaj\u0105ce","unit":"bar","value":"16"},{"property":"Wsp\u00f3\u0142czynnik bezpiecze\u0144stwa","unit":"-","value":"2,6:1"},{"property":"Standardowe d\u0142ugo\u015bci odcink\u00f3w","unit":"m","value":"50 lub 20"},{"property":"Waga jednostkowa","unit":"kg\/m","value":"0,24\/0,27"},{"property":"Rodzaj wzmocnienia","unit":"-","value":"nici lub kord"}]},{"variation_id":6764,"sku":"","variation_title":"W\u0105\u017c do kwas\u00f3w i zasad 0,6 MPa DN14 (9\/16\")","properties":[{"property":"\u015arednica nominalna wewn\u0119trzna","unit":"mm","value":"14,0"},{"property":"\u015arednica nominalna wewn\u0119trzna","unit":"ukryte","value":"\u00b10,75"},{"property":"\u015arednica nominalna wewn\u0119trzna","unit":"cal","value":"9\/16"},{"property":"\u015arednica zewn\u0119trzna [mm]","unit":"mm","value":"22,0"},{"property":"Maksymalne ci\u015bnienie robocze","unit":"bar","value":"6"},{"property":"Maksymalne ci\u015bnienie robocze","unit":"MPa","value":"0,6"},{"property":"Maksymalne ci\u015bnienie robocze","unit":"psi","value":"87"},{"property":"Ci\u015bnienie rozrywaj\u0105ce","unit":"bar","value":"16"},{"property":"Wsp\u00f3\u0142czynnik bezpiecze\u0144stwa","unit":"-","value":"2,6:1"},{"property":"Standardowe d\u0142ugo\u015bci odcink\u00f3w","unit":"m","value":"20"},{"property":"Waga jednostkowa","unit":"kg\/m","value":"0,29"},{"property":"Rodzaj wzmocnienia","unit":"-","value":"kord"}]},{"variation_id":6766,"sku":"","variation_title":"W\u0105\u017c do kwas\u00f3w i zasad 0,6 MPa DN16 (5\/8\")","properties":[{"property":"\u015arednica nominalna wewn\u0119trzna","unit":"mm","value":"16,0"},{"property":"\u015arednica nominalna wewn\u0119trzna","unit":"ukryte","value":"\u00b10,75"},{"property":"\u015arednica nominalna wewn\u0119trzna","unit":"cal","value":"5\/8"},{"property":"\u015arednica zewn\u0119trzna [mm]","unit":"mm","value":"26,0"},{"property":"Maksymalne ci\u015bnienie robocze","unit":"bar","value":"6"},{"property":"Maksymalne ci\u015bnienie robocze","unit":"MPa","value":"0,6"},{"property":"Maksymalne ci\u015bnienie robocze","unit":"psi","value":"87"},{"property":"Ci\u015bnienie rozrywaj\u0105ce","unit":"bar","value":"16"},{"property":"Wsp\u00f3\u0142czynnik bezpiecze\u0144stwa","unit":"-","value":"2,6:1"},{"property":"Standardowe d\u0142ugo\u015bci odcink\u00f3w","unit":"m","value":"20"},{"property":"Waga jednostkowa","unit":"kg\/m","value":"0,31"},{"property":"Rodzaj wzmocnienia","unit":"-","value":"kord"}]},{"variation_id":6768,"sku":"","variation_title":"W\u0105\u017c do kwas\u00f3w i zasad 0,6 MPa DN18 (23\/32\")","properties":[{"property":"\u015arednica nominalna wewn\u0119trzna","unit":"mm","value":"18,0"},{"property":"\u015arednica nominalna wewn\u0119trzna","unit":"ukryte","value":"\u00b10,75"},{"property":"\u015arednica nominalna wewn\u0119trzna","unit":"cal","value":"23\/32"},{"property":"\u015arednica zewn\u0119trzna [mm]","unit":"mm","value":"26,0"},{"property":"Maksymalne ci\u015bnienie robocze","unit":"bar","value":"6"},{"property":"Maksymalne ci\u015bnienie robocze","unit":"MPa","value":"0,6"},{"property":"Maksymalne ci\u015bnienie robocze","unit":"psi","value":"87"},{"property":"Ci\u015bnienie rozrywaj\u0105ce","unit":"bar","value":"16"},{"property":"Wsp\u00f3\u0142czynnik bezpiecze\u0144stwa","unit":"-","value":"2,6:1"},{"property":"Standardowe d\u0142ugo\u015bci odcink\u00f3w","unit":"m","value":"20"},{"property":"Waga jednostkowa","unit":"kg\/m","value":"0,34"},{"property":"Rodzaj wzmocnienia","unit":"-","value":"kord"}]},{"variation_id":6770,"sku":"WPKZ06ZW020OT637","variation_title":"W\u0105\u017c do kwas\u00f3w i zasad 0,6 MPa DN20 (25\/32\")","properties":[{"property":"\u015arednica nominalna wewn\u0119trzna","unit":"mm","value":"20,0"},{"property":"\u015arednica nominalna wewn\u0119trzna","unit":"ukryte","value":"\u00b10,75"},{"property":"\u015arednica nominalna wewn\u0119trzna","unit":"cal","value":"25\/32"},{"property":"\u015arednica zewn\u0119trzna [mm]","unit":"mm","value":"28,0"},{"property":"Maksymalne ci\u015bnienie robocze","unit":"bar","value":"6"},{"property":"Maksymalne ci\u015bnienie robocze","unit":"MPa","value":"0,6"},{"property":"Maksymalne ci\u015bnienie robocze","unit":"psi","value":"87"},{"property":"Ci\u015bnienie rozrywaj\u0105ce","unit":"bar","value":"16"},{"property":"Wsp\u00f3\u0142czynnik bezpiecze\u0144stwa","unit":"-","value":"2,6:1"},{"property":"Standardowe d\u0142ugo\u015bci odcink\u00f3w","unit":"m","value":"20"},{"property":"Waga jednostkowa","unit":"kg\/m","value":"0,37"},{"property":"Rodzaj wzmocnienia","unit":"-","value":"kord"}]},{"variation_id":6772,"sku":"WPKZ06ZW025OT637","variation_title":"W\u0105\u017c do kwas\u00f3w i zasad 0,6 MPa DN25 (1\")","properties":[{"property":"\u015arednica nominalna wewn\u0119trzna","unit":"mm","value":"25,0"},{"property":"\u015arednica nominalna wewn\u0119trzna","unit":"ukryte","value":"\u00b10,75"},{"property":"\u015arednica nominalna wewn\u0119trzna","unit":"cal","value":"1"},{"property":"\u015arednica zewn\u0119trzna [mm]","unit":"mm","value":"34,0"},{"property":"Maksymalne ci\u015bnienie robocze","unit":"bar","value":"6"},{"property":"Maksymalne ci\u015bnienie robocze","unit":"MPa","value":"0,6"},{"property":"Maksymalne ci\u015bnienie robocze","unit":"psi","value":"87"},{"property":"Ci\u015bnienie rozrywaj\u0105ce","unit":"bar","value":"16"},{"property":"Wsp\u00f3\u0142czynnik bezpiecze\u0144stwa","unit":"-","value":"2,6:1"},{"property":"Standardowe d\u0142ugo\u015bci odcink\u00f3w","unit":"m","value":"20"},{"property":"Waga jednostkowa","unit":"kg\/m","value":"0,52"},{"property":"Rodzaj wzmocnienia","unit":"-","value":"kord"}]},{"variation_id":6774,"sku":"","variation_title":"W\u0105\u017c do kwas\u00f3w i zasad 0,6 MPa DN28 (1.3\/32\")","properties":[{"property":"\u015arednica nominalna wewn\u0119trzna","unit":"mm","value":"28,0"},{"property":"\u015arednica nominalna wewn\u0119trzna","unit":"ukryte","value":"\u00b10,75"},{"property":"\u015arednica nominalna wewn\u0119trzna","unit":"cal","value":"1 3\/32"},{"property":"\u015arednica zewn\u0119trzna [mm]","unit":"mm","value":"37,0"},{"property":"Maksymalne ci\u015bnienie robocze","unit":"bar","value":"6"},{"property":"Maksymalne ci\u015bnienie robocze","unit":"MPa","value":"0,6"},{"property":"Maksymalne ci\u015bnienie robocze","unit":"psi","value":"87"},{"property":"Ci\u015bnienie rozrywaj\u0105ce","unit":"bar","value":"16"},{"property":"Wsp\u00f3\u0142czynnik bezpiecze\u0144stwa","unit":"-","value":"2,6:1"},{"property":"Standardowe d\u0142ugo\u015bci odcink\u00f3w","unit":"m","value":"20"},{"property":"Waga jednostkowa","unit":"kg\/m","value":"0,68"},{"property":"Rodzaj wzmocnienia","unit":"-","value":"kord"}]},{"variation_id":6776,"sku":"WPKZ06ZW031OT637","variation_title":"W\u0105\u017c do kwas\u00f3w i zasad 0,6 MPa DN31,5 (1.15\/64\")","properties":[{"property":"\u015arednica nominalna wewn\u0119trzna","unit":"mm","value":"31,5"},{"property":"\u015arednica nominalna wewn\u0119trzna","unit":"ukryte","value":"\u00b10,75"},{"property":"\u015arednica nominalna wewn\u0119trzna","unit":"cal","value":"1 15\/64"},{"property":"\u015arednica zewn\u0119trzna [mm]","unit":"mm","value":"41,0"},{"property":"Maksymalne ci\u015bnienie robocze","unit":"bar","value":"6"},{"property":"Maksymalne ci\u015bnienie robocze","unit":"MPa","value":"0,6"},{"property":"Maksymalne ci\u015bnienie robocze","unit":"psi","value":"87"},{"property":"Ci\u015bnienie rozrywaj\u0105ce","unit":"bar","value":"16"},{"property":"Wsp\u00f3\u0142czynnik bezpiecze\u0144stwa","unit":"-","value":"1:2,6"},{"property":"Standardowe d\u0142ugo\u015bci odcink\u00f3w","unit":"m","value":"20"},{"property":"Waga jednostkowa","unit":"kg\/m","value":"0,63"},{"property":"Rodzaj wzmocnienia","unit":"-","value":"kord"}]},{"variation_id":6778,"sku":"","variation_title":"W\u0105\u017c do kwas\u00f3w i zasad 0,6 MPa DN38 (1.1\/2\")","properties":[{"property":"\u015arednica nominalna wewn\u0119trzna","unit":"mm","value":"38,0"},{"property":"\u015arednica nominalna wewn\u0119trzna","unit":"ukryte","value":"\u00b10,75"},{"property":"\u015arednica nominalna wewn\u0119trzna","unit":"cal","value":"1 1\/2"},{"property":"\u015arednica zewn\u0119trzna [mm]","unit":"mm","value":"48,0"},{"property":"Maksymalne ci\u015bnienie robocze","unit":"bar","value":"6"},{"property":"Maksymalne ci\u015bnienie robocze","unit":"MPa","value":"0,6"},{"property":"Maksymalne ci\u015bnienie robocze","unit":"psi","value":"87"},{"property":"Ci\u015bnienie rozrywaj\u0105ce","unit":"bar","value":"16"},{"property":"Wsp\u00f3\u0142czynnik bezpiecze\u0144stwa","unit":"-","value":"2,6:1"},{"property":"Standardowe d\u0142ugo\u015bci odcink\u00f3w","unit":"m","value":"20"},{"property":"Waga jednostkowa","unit":"kg\/m","value":"0,94"},{"property":"Rodzaj wzmocnienia","unit":"-","value":"kord"}]},{"variation_id":6780,"sku":"WPKZ06ZW040WT637","variation_title":"W\u0105\u017c do kwas\u00f3w i zasad 0,6 MPa DN40 (1.9\/16\")","properties":[{"property":"\u015arednica nominalna wewn\u0119trzna","unit":"mm","value":"40,0"},{"property":"\u015arednica nominalna wewn\u0119trzna","unit":"ukryte","value":"\u00b11,50"},{"property":"\u015arednica nominalna wewn\u0119trzna","unit":"cal","value":"1 9\/16"},{"property":"\u015arednica zewn\u0119trzna [mm]","unit":"mm","value":"50,0"},{"property":"Maksymalne ci\u015bnienie robocze","unit":"bar","value":"6"},{"property":"Maksymalne ci\u015bnienie robocze","unit":"MPa","value":"0,6"},{"property":"Maksymalne ci\u015bnienie robocze","unit":"psi","value":"87"},{"property":"Ci\u015bnienie rozrywaj\u0105ce","unit":"bar","value":"16"},{"property":"Wsp\u00f3\u0142czynnik bezpiecze\u0144stwa","unit":"-","value":"2,6:1"},{"property":"Standardowe d\u0142ugo\u015bci odcink\u00f3w","unit":"m","value":"20"},{"property":"Waga jednostkowa","unit":"kg\/m","value":"0,98"},{"property":"Rodzaj wzmocnienia","unit":"-","value":"kord"}]},{"variation_id":6782,"sku":"WPKZ06ZW045OT637","variation_title":"W\u0105\u017c do kwas\u00f3w i zasad 0,6 MPa DN45 (1.3\/4\")","properties":[{"property":"\u015arednica nominalna wewn\u0119trzna","unit":"mm","value":"45,0"},{"property":"\u015arednica nominalna wewn\u0119trzna","unit":"ukryte","value":"\u00b11,50"},{"property":"\u015arednica nominalna wewn\u0119trzna","unit":"cal","value":"1 3\/4"},{"property":"\u015arednica zewn\u0119trzna [mm]","unit":"mm","value":"55,0"},{"property":"Maksymalne ci\u015bnienie robocze","unit":"bar","value":"6"},{"property":"Maksymalne ci\u015bnienie robocze","unit":"MPa","value":"0,6"},{"property":"Maksymalne ci\u015bnienie robocze","unit":"psi","value":"87"},{"property":"Ci\u015bnienie rozrywaj\u0105ce","unit":"bar","value":"16"},{"property":"Wsp\u00f3\u0142czynnik bezpiecze\u0144stwa","unit":"-","value":"2,6:1"},{"property":"Standardowe d\u0142ugo\u015bci odcink\u00f3w","unit":"m","value":"20"},{"property":"Waga jednostkowa","unit":"kg\/m","value":"1,09"},{"property":"Rodzaj wzmocnienia","unit":"-","value":"kord"}]},{"variation_id":6784,"sku":"WPKZ06ZW050WT637","variation_title":"W\u0105\u017c do kwas\u00f3w i zasad 0,6 MPa DN50 (2\")","properties":[{"property":"\u015arednica nominalna wewn\u0119trzna","unit":"mm","value":"50,0"},{"property":"\u015arednica nominalna wewn\u0119trzna","unit":"ukryte","value":"\u00b11,50"},{"property":"\u015arednica nominalna wewn\u0119trzna","unit":"cal","value":"2"},{"property":"\u015arednica zewn\u0119trzna [mm]","unit":"mm","value":"60,0"},{"property":"Maksymalne ci\u015bnienie robocze","unit":"bar","value":"6"},{"property":"Maksymalne ci\u015bnienie robocze","unit":"MPa","value":"0,6"},{"property":"Maksymalne ci\u015bnienie robocze","unit":"psi","value":"87"},{"property":"Ci\u015bnienie rozrywaj\u0105ce","unit":"bar","value":"16"},{"property":"Wsp\u00f3\u0142czynnik bezpiecze\u0144stwa","unit":"-","value":"2,6:1"},{"property":"Standardowe d\u0142ugo\u015bci odcink\u00f3w","unit":"m","value":"20"},{"property":"Waga jednostkowa","unit":"kg\/m","value":"1,19"},{"property":"Rodzaj wzmocnienia","unit":"-","value":"kord"}]},{"variation_id":6786,"sku":"","variation_title":"W\u0105\u017c do kwas\u00f3w i zasad 0,6 MPa DN55 (2.5\/32\")","properties":[{"property":"\u015arednica nominalna wewn\u0119trzna","unit":"mm","value":"55,0"},{"property":"\u015arednica nominalna wewn\u0119trzna","unit":"ukryte","value":"\u00b11,50"},{"property":"\u015arednica nominalna wewn\u0119trzna","unit":"cal","value":"2 5\/32"},{"property":"\u015arednica zewn\u0119trzna [mm]","unit":"mm","value":"65,0"},{"property":"Maksymalne ci\u015bnienie robocze","unit":"bar","value":"6"},{"property":"Maksymalne ci\u015bnienie robocze","unit":"MPa","value":"0,6"},{"property":"Maksymalne ci\u015bnienie robocze","unit":"psi","value":"87"},{"property":"Ci\u015bnienie rozrywaj\u0105ce","unit":"bar","value":"16"},{"property":"Wsp\u00f3\u0142czynnik bezpiecze\u0144stwa","unit":"-","value":"2,6:1"},{"property":"Standardowe d\u0142ugo\u015bci odcink\u00f3w","unit":"m","value":"20"},{"property":"Waga jednostkowa","unit":"kg\/m","value":"1,30"},{"property":"Rodzaj wzmocnienia","unit":"-","value":"kord"}]},{"variation_id":6788,"sku":"WPKZ06ZW063WT637","variation_title":"W\u0105\u017c do kwas\u00f3w i zasad 0,6 MPa DN63 (2.1\/2\")","properties":[{"property":"\u015arednica nominalna wewn\u0119trzna","unit":"mm","value":"63,0"},{"property":"\u015arednica nominalna wewn\u0119trzna","unit":"ukryte","value":"\u00b11,50"},{"property":"\u015arednica nominalna wewn\u0119trzna","unit":"cal","value":"2 1\/2"},{"property":"\u015arednica zewn\u0119trzna [mm]","unit":"mm","value":"73,0"},{"property":"Maksymalne ci\u015bnienie robocze","unit":"bar","value":"6"},{"property":"Maksymalne ci\u015bnienie robocze","unit":"MPa","value":"0,6"},{"property":"Maksymalne ci\u015bnienie robocze","unit":"psi","value":"87"},{"property":"Ci\u015bnienie rozrywaj\u0105ce","unit":"bar","value":"16"},{"property":"Wsp\u00f3\u0142czynnik bezpiecze\u0144stwa","unit":"-","value":"2,6:1"},{"property":"Standardowe d\u0142ugo\u015bci odcink\u00f3w","unit":"m","value":"20"},{"property":"Waga jednostkowa","unit":"kg\/m","value":"1,51"},{"property":"Rodzaj wzmocnienia","unit":"-","value":"kord"}]},{"variation_id":6790,"sku":"","variation_title":"W\u0105\u017c do kwas\u00f3w i zasad 0,6 MPa DN70 (2.3\/4\")","properties":[{"property":"\u015arednica nominalna wewn\u0119trzna","unit":"mm","value":"70,0"},{"property":"\u015arednica nominalna wewn\u0119trzna","unit":"ukryte","value":"\u00b11,50"},{"property":"\u015arednica nominalna wewn\u0119trzna","unit":"cal","value":"2 3\/4"},{"property":"\u015arednica zewn\u0119trzna [mm]","unit":"mm","value":"81,0"},{"property":"Maksymalne ci\u015bnienie robocze","unit":"bar","value":"6"},{"property":"Maksymalne ci\u015bnienie robocze","unit":"MPa","value":"0,6"},{"property":"Maksymalne ci\u015bnienie robocze","unit":"psi","value":"87"},{"property":"Ci\u015bnienie rozrywaj\u0105ce","unit":"bar","value":"16"},{"property":"Wsp\u00f3\u0142czynnik bezpiecze\u0144stwa","unit":"-","value":"2,6:1"},{"property":"Standardowe d\u0142ugo\u015bci odcink\u00f3w","unit":"m","value":"20"},{"property":"Waga jednostkowa","unit":"kg\/m","value":"1,66"},{"property":"Rodzaj wzmocnienia","unit":"-","value":"kord"}]},{"variation_id":6792,"sku":"","variation_title":"W\u0105\u017c do kwas\u00f3w i zasad 0,6 MPa DN75 (3\")","properties":[{"property":"\u015arednica nominalna wewn\u0119trzna","unit":"mm","value":"75,0"},{"property":"\u015arednica nominalna wewn\u0119trzna","unit":"ukryte","value":"\u00b11,50"},{"property":"\u015arednica nominalna wewn\u0119trzna","unit":"cal","value":"3"},{"property":"\u015arednica zewn\u0119trzna [mm]","unit":"mm","value":"87,0"},{"property":"Maksymalne ci\u015bnienie robocze","unit":"bar","value":"6"},{"property":"Maksymalne ci\u015bnienie robocze","unit":"MPa","value":"0,6"},{"property":"Maksymalne ci\u015bnienie robocze","unit":"psi","value":"87"},{"property":"Ci\u015bnienie rozrywaj\u0105ce","unit":"bar","value":"16"},{"property":"Wsp\u00f3\u0142czynnik bezpiecze\u0144stwa","unit":"-","value":"2,6:1"},{"property":"Standardowe d\u0142ugo\u015bci odcink\u00f3w","unit":"m","value":"20"},{"property":"Waga jednostkowa","unit":"kg\/m","value":"1,97"},{"property":"Rodzaj wzmocnienia","unit":"-","value":"kord"}]},{"variation_id":6794,"sku":"WPKZ06ZW080WT637","variation_title":"W\u0105\u017c do kwas\u00f3w i zasad 0,6 MPa DN80 (3.5\/32\")","properties":[{"property":"\u015arednica nominalna wewn\u0119trzna","unit":"mm","value":"80,0"},{"property":"\u015arednica nominalna wewn\u0119trzna","unit":"ukryte","value":"\u00b12,00"},{"property":"\u015arednica nominalna wewn\u0119trzna","unit":"cal","value":"3 5\/32"},{"property":"\u015arednica zewn\u0119trzna [mm]","unit":"mm","value":"92,0"},{"property":"Maksymalne ci\u015bnienie robocze","unit":"bar","value":"6"},{"property":"Maksymalne ci\u015bnienie robocze","unit":"MPa","value":"0,6"},{"property":"Maksymalne ci\u015bnienie robocze","unit":"psi","value":"87"},{"property":"Ci\u015bnienie rozrywaj\u0105ce","unit":"bar","value":"16"},{"property":"Wsp\u00f3\u0142czynnik bezpiecze\u0144stwa","unit":"-","value":"2,6:1"},{"property":"Standardowe d\u0142ugo\u015bci odcink\u00f3w","unit":"m","value":"10"},{"property":"Waga jednostkowa","unit":"kg\/m","value":"2,09"},{"property":"Rodzaj wzmocnienia","unit":"-","value":"kord"}]}],"_links":{"self":[{"href":"https:\/\/new.stomil-bydgoszcz.pl\/de\/wp-json\/wp\/v2\/product\/6754","targetHints":{"allow":["GET"]}}],"collection":[{"href":"https:\/\/new.stomil-bydgoszcz.pl\/de\/wp-json\/wp\/v2\/product"}],"about":[{"href":"https:\/\/new.stomil-bydgoszcz.pl\/de\/wp-json\/wp\/v2\/types\/product"}],"replies":[{"embeddable":true,"href":"https:\/\/new.stomil-bydgoszcz.pl\/de\/wp-json\/wp\/v2\/comments?post=6754"}],"wp:featuredmedia":[{"embeddable":true,"href":"https:\/\/new.stomil-bydgoszcz.pl\/de\/wp-json\/wp\/v2\/media\/6752"}],"wp:attachment":[{"href":"https:\/\/new.stomil-bydgoszcz.pl\/de\/wp-json\/wp\/v2\/media?parent=6754"}],"wp:term":[{"taxonomy":"product_brand","embeddable":true,"href":"https:\/\/new.stomil-bydgoszcz.pl\/de\/wp-json\/wp\/v2\/product_brand?post=6754"},{"taxonomy":"product_cat","embeddable":true,"href":"https:\/\/new.stomil-bydgoszcz.pl\/de\/wp-json\/wp\/v2\/product_cat?post=6754"},{"taxonomy":"product_tag","embeddable":true,"href":"https:\/\/new.stomil-bydgoszcz.pl\/de\/wp-json\/wp\/v2\/product_tag?post=6754"}],"curies":[{"name":"wp","href":"https:\/\/api.w.org\/{rel}","templated":true}]}}