{"id":6818,"date":"2026-03-17T21:38:42","date_gmt":"2026-03-17T21:38:42","guid":{"rendered":"https:\/\/new.stomil-bydgoszcz.pl\/produkt\/waz-do-opryskow-40-mpa\/"},"modified":"2026-03-17T21:38:45","modified_gmt":"2026-03-17T21:38:45","slug":"spruhduse-40-mpa","status":"publish","type":"product","link":"https:\/\/new.stomil-bydgoszcz.pl\/de\/produkt\/waz-do-opryskow-40-mpa\/","title":{"rendered":"SCHL\u00c4UCHE 4,0 MPa"},"content":{"rendered":"<p><strong>EIGENSCHAFTEN<br \/>\n<\/strong>Betriebsdruck - 40 bar (4 MPa)<br \/>\nBerstdruck - 160 bar (16 MPa) gem\u00e4\u00df ISO 1401<br \/>\nPr\u00fcfdruck - 80 bar (8 MPa) nach PN-78\/C-94250\/49<\/p>\n<p><strong>ANWENDUNG<br \/>\n<\/strong>Der SCHL\u00c4UCHE ist f\u00fcr das Hochdruckspritzen von g\u00e4ngigen Pflanzenschutzmitteln ausgelegt, einschlie\u00dflich, aber nicht beschr\u00e4nkt auf:<br \/>\n2% Emulsion decisu 2.5 EC<br \/>\n2% fl\u00fcssige Insectophos-Emulsion 50%<\/p>\n<p>Auch f\u00fcr Fl\u00fcssigd\u00fcnger und andere leichte Chemikalien in der Landwirtschaft werden sie gerne verwendet.<\/p>\n<p><strong>Betriebstemperatur<br \/>\n<\/strong>Von -30\u00b0C bis +80\u00b0C<\/p>\n<p><strong>KONSTRUKTION<br \/>\n<\/strong>Hergestellt nach PN-78\/C-94250\/49 oder ISO 1401 Typ B, je nach Durchmesser.<\/p>\n<p><strong>Innere Schicht<br \/>\n<\/strong>Hochwertige SBR-Gummimischung, die gegen leichte Chemikalien best\u00e4ndig ist.<\/p>\n<p><strong>Verst\u00e4rkung<br \/>\n<\/strong>Synthetische F\u00e4den oder hochfeste Textilkordeln als Abstandshalter.<\/p>\n<p><strong>\u00c4u\u00dfere Schicht<br \/>\n<\/strong>Schwarz gef\u00e4rbter Gummi mit Stoffaufdruck, \u00f6l-, witterungs- und ozonbest\u00e4ndig.<\/p>\n<p><strong>UNTERSCHRIFT<br \/>\n<\/strong>Schl\u00e4uche mit roter Aufschrift \u00fcber einem durchgehenden roten Streifen.<\/p>","protected":false},"excerpt":{"rendered":"<p><strong>Betriebsdruck:<\/strong> 40 bar (4 MPa) | <strong>Berstdruck:<\/strong> 160 bar (16 MPa) nach ISO 1401 | <strong>Pr\u00fcfdruck:<\/strong> 80 bar (8 MPa) nach PN-78\/C-94250\/49 |\u00a0<strong>Betriebstemperatur: <\/strong>von -30\u00b0C bis +80\u00b0C<\/p>","protected":false},"featured_media":6816,"comment_status":"closed","ping_status":"closed","template":"","meta":[],"product_brand":[],"product_cat":[88,155,77,178,204,140],"product_tag":[],"class_list":{"0":"post-6818","1":"product","2":"type-product","3":"status-publish","4":"has-post-thumbnail","6":"product_cat-branze","7":"product_cat-budowa-maszyn-i-urzadzen","8":"product_cat-grupy-produktow","9":"product_cat-rolnictwo","10":"product_cat-weze-do-opryskow-rolniczych","11":"product_cat-weze-przemyslowe","13":"first","14":"instock","15":"taxable","16":"shipping-taxable","17":"purchasable","18":"product-type-variable"},"stomil_properties":[{"variation_id":6820,"sku":"WPOR40ZW012WT634","variation_title":"W\u0105\u017c do oprysk\u00f3w 4,0 MPa DN12,5 (1\/2\")","properties":[{"property":"\u015arednica nominalna wewn\u0119trzna","unit":"mm","value":"12,5"},{"property":"\u015arednica nominalna wewn\u0119trzna","unit":"ukryte","value":"\u00b10,70"},{"property":"\u015arednica nominalna wewn\u0119trzna","unit":"cal","value":"1\/2"},{"property":"\u015arednica zewn\u0119trzna [mm]","unit":"mm","value":"23,0"},{"property":"Maksymalne ci\u015bnienie robocze","unit":"bar","value":"40"},{"property":"Maksymalne ci\u015bnienie robocze","unit":"MPa","value":"4,0"},{"property":"Maksymalne ci\u015bnienie robocze","unit":"psi","value":"580"},{"property":"Ci\u015bnienie rozrywaj\u0105ce","unit":"bar","value":"-"},{"property":"Wsp\u00f3\u0142czynnik bezpiecze\u0144stwa","unit":"-","value":"2:1"},{"property":"Standardowe d\u0142ugo\u015bci odcink\u00f3w","unit":"m","value":"20"},{"property":"Waga jednostkowa","unit":"kg\/m","value":"0,40"},{"property":"Rodzaj wzmocnienia","unit":"-","value":"kord"}]},{"variation_id":6822,"sku":"WPOR40ZW020WT634","variation_title":"W\u0105\u017c do oprysk\u00f3w 4,0 MPa DN20 (25\/32\")","properties":[{"property":"\u015arednica nominalna wewn\u0119trzna","unit":"mm","value":"20,0"},{"property":"\u015arednica nominalna wewn\u0119trzna","unit":"ukryte","value":"\u00b10,75"},{"property":"\u015arednica nominalna wewn\u0119trzna","unit":"cal","value":"25\/32"},{"property":"\u015arednica zewn\u0119trzna [mm]","unit":"mm","value":"32,0"},{"property":"Maksymalne ci\u015bnienie robocze","unit":"bar","value":"40"},{"property":"Maksymalne ci\u015bnienie robocze","unit":"MPa","value":"4,0"},{"property":"Maksymalne ci\u015bnienie robocze","unit":"psi","value":"580"},{"property":"Ci\u015bnienie rozrywaj\u0105ce","unit":"bar","value":"160"},{"property":"Wsp\u00f3\u0142czynnik bezpiecze\u0144stwa","unit":"-","value":"4:1"},{"property":"Standardowe d\u0142ugo\u015bci odcink\u00f3w","unit":"m","value":"20"},{"property":"Waga jednostkowa","unit":"kg\/m","value":"0,68"},{"property":"Rodzaj wzmocnienia","unit":"-","value":"kord"}]},{"variation_id":6824,"sku":"WPOR40ZW025WT634","variation_title":"W\u0105\u017c do oprysk\u00f3w 4,0 MPa DN25 (1\")","properties":[{"property":"\u015arednica nominalna wewn\u0119trzna","unit":"mm","value":"25,0"},{"property":"\u015arednica nominalna wewn\u0119trzna","unit":"ukryte","value":"\u00b11,25"},{"property":"\u015arednica nominalna wewn\u0119trzna","unit":"cal","value":"1"},{"property":"\u015arednica zewn\u0119trzna [mm]","unit":"mm","value":"37,0"},{"property":"Maksymalne ci\u015bnienie robocze","unit":"bar","value":"40"},{"property":"Maksymalne ci\u015bnienie robocze","unit":"MPa","value":"4,0"},{"property":"Maksymalne ci\u015bnienie robocze","unit":"psi","value":"580"},{"property":"Ci\u015bnienie rozrywaj\u0105ce","unit":"bar","value":"160"},{"property":"Wsp\u00f3\u0142czynnik bezpiecze\u0144stwa","unit":"-","value":"4:1"},{"property":"Standardowe d\u0142ugo\u015bci odcink\u00f3w","unit":"m","value":"20"},{"property":"Waga jednostkowa","unit":"kg\/m","value":"0,80"},{"property":"Rodzaj wzmocnienia","unit":"-","value":"kord"}]}],"_links":{"self":[{"href":"https:\/\/new.stomil-bydgoszcz.pl\/de\/wp-json\/wp\/v2\/product\/6818","targetHints":{"allow":["GET"]}}],"collection":[{"href":"https:\/\/new.stomil-bydgoszcz.pl\/de\/wp-json\/wp\/v2\/product"}],"about":[{"href":"https:\/\/new.stomil-bydgoszcz.pl\/de\/wp-json\/wp\/v2\/types\/product"}],"replies":[{"embeddable":true,"href":"https:\/\/new.stomil-bydgoszcz.pl\/de\/wp-json\/wp\/v2\/comments?post=6818"}],"wp:featuredmedia":[{"embeddable":true,"href":"https:\/\/new.stomil-bydgoszcz.pl\/de\/wp-json\/wp\/v2\/media\/6816"}],"wp:attachment":[{"href":"https:\/\/new.stomil-bydgoszcz.pl\/de\/wp-json\/wp\/v2\/media?parent=6818"}],"wp:term":[{"taxonomy":"product_brand","embeddable":true,"href":"https:\/\/new.stomil-bydgoszcz.pl\/de\/wp-json\/wp\/v2\/product_brand?post=6818"},{"taxonomy":"product_cat","embeddable":true,"href":"https:\/\/new.stomil-bydgoszcz.pl\/de\/wp-json\/wp\/v2\/product_cat?post=6818"},{"taxonomy":"product_tag","embeddable":true,"href":"https:\/\/new.stomil-bydgoszcz.pl\/de\/wp-json\/wp\/v2\/product_tag?post=6818"}],"curies":[{"name":"wp","href":"https:\/\/api.w.org\/{rel}","templated":true}]}}