{"id":6847,"date":"2026-03-17T21:38:47","date_gmt":"2026-03-17T21:38:47","guid":{"rendered":"https:\/\/new.stomil-bydgoszcz.pl\/produkt\/waz-do-agregatow-16-mpa\/"},"modified":"2026-03-17T21:39:10","modified_gmt":"2026-03-17T21:39:10","slug":"aggregat-vase-16-mpa","status":"publish","type":"product","link":"https:\/\/new.stomil-bydgoszcz.pl\/de\/produkt\/waz-do-agregatow-16-mpa\/","title":{"rendered":"Schl\u00e4uche f\u00fcr 1,6 MPa-Ger\u00e4te"},"content":{"rendered":"<p><strong>EIGENSCHAFTEN<br \/>\n<\/strong>Betriebsdruck - 16 bar (1,6 MPa)<br \/>\nBerstdruck - 45 bar (4,5 MPa)<br \/>\nAbrieb &lt; 80 mm<sup>3 <\/sup>nach ISO 4649<\/p>\n<p><strong>ANWENDUNG<br \/>\n<\/strong>Ein antistatischer Schlauch mit verbesserter Abrasionsbest\u00e4ndigkeit f\u00fcr den Transport von halbfl\u00fcssigen abrasiven Materialien wie Putz, M\u00f6rtel oder Beton.<\/p>\n<p><strong>Betriebstemperatur<br \/>\n<\/strong>Von -35\u00b0C bis +60\u00b0C<\/p>\n<p><strong>KONSTRUKTION<br \/>\n<\/strong>Hergestellt in \u00dcbereinstimmung mit PN-75\/C-94250\/50<\/p>\n<p><strong>Innere Schicht<br \/>\n<\/strong>Hochwertige NR\/BR Gummimischungen mit einer Abrasionsbest\u00e4ndigkeit von max. 80 mm<sup>3<\/sup>.<\/p>\n<p><strong>Verst\u00e4rkung<br \/>\n<\/strong>Abstandshalter aus hochfester Textilkordel.<\/p>\n<p><strong>\u00c4u\u00dfere Schicht<br \/>\n<\/strong>Schwarzer Gummi mit einem Stoffaufdruck, der abriebfest, witterungs- und ozonbest\u00e4ndig ist.<\/p>\n<p><strong>OPTIONAL<br \/>\n<\/strong>Eine Version mit Kupferdrahtleiter ist auf Anfrage erh\u00e4ltlich.<\/p>\n<p><strong>UNTERSCHRIFT<br \/>\n<\/strong>Schl\u00e4uche mit rotem Band markiert.<\/p>","protected":false},"excerpt":{"rendered":"<p><strong>Betriebsdruck:<\/strong> 16 bar (1,6 MPa) | <strong>Berstdruck:<\/strong> 45 bar (4,5 MPa) | <strong>Abrasivit\u00e4t:<\/strong> &lt; 80 mm<sup>3 <\/sup>nach ISO 4649 |&nbsp;<strong>Betriebstemperatur: <\/strong>von -35\u00b0C bis +60\u00b0C<\/p>","protected":false},"featured_media":6845,"comment_status":"closed","ping_status":"closed","template":"","meta":[],"product_brand":[],"product_cat":[88,155,92,77,205,140],"product_tag":[],"class_list":{"0":"post-6847","1":"product","2":"type-product","3":"status-publish","4":"has-post-thumbnail","6":"product_cat-branze","7":"product_cat-budowa-maszyn-i-urzadzen","8":"product_cat-budownictwo","9":"product_cat-grupy-produktow","10":"product_cat-weze-do-tynkow-zapraw-i-betonu","11":"product_cat-weze-przemyslowe","13":"first","14":"instock","15":"taxable","16":"shipping-taxable","17":"purchasable","18":"product-type-variable"},"stomil_properties":[{"variation_id":6849,"sku":"WPTY16P8025WT631","variation_title":"W\u0105\u017c do agregat\u00f3w 1,6 MPa DN25 (1\")","properties":[{"property":"\u015arednica nominalna wewn\u0119trzna","unit":"mm","value":"25,0"},{"property":"\u015arednica nominalna wewn\u0119trzna","unit":"ukryte","value":"\u00b11,25"},{"property":"\u015arednica nominalna wewn\u0119trzna","unit":"cal","value":"1"},{"property":"\u015arednica zewn\u0119trzna [mm]","unit":"mm","value":"39,0"},{"property":"Maksymalne ci\u015bnienie robocze","unit":"bar","value":"16"},{"property":"Maksymalne ci\u015bnienie robocze","unit":"MPa","value":"1,6"},{"property":"Maksymalne ci\u015bnienie robocze","unit":"psi","value":"232"},{"property":"Ci\u015bnienie rozrywaj\u0105ce","unit":"bar","value":"45"},{"property":"Wsp\u00f3\u0142czynnik bezpiecze\u0144stwa","unit":"-","value":"2,8:1"},{"property":"Standardowe d\u0142ugo\u015bci odcink\u00f3w","unit":"m","value":"20"},{"property":"Waga jednostkowa","unit":"kg\/m","value":"0,96"},{"property":"Rodzaj wzmocnienia","unit":"-","value":"kord"}]},{"variation_id":6851,"sku":"WPTY16P8031WT631","variation_title":"W\u0105\u017c do agregat\u00f3w 1,6 MPa DN31,5 (1.15\/64\")","properties":[{"property":"\u015arednica nominalna wewn\u0119trzna","unit":"mm","value":"31,5"},{"property":"\u015arednica nominalna wewn\u0119trzna","unit":"ukryte","value":"\u00b11,25"},{"property":"\u015arednica nominalna wewn\u0119trzna","unit":"cal","value":"1 15\/64"},{"property":"\u015arednica zewn\u0119trzna [mm]","unit":"mm","value":"50,0"},{"property":"Maksymalne ci\u015bnienie robocze","unit":"bar","value":"16"},{"property":"Maksymalne ci\u015bnienie robocze","unit":"MPa","value":"1,6"},{"property":"Maksymalne ci\u015bnienie robocze","unit":"psi","value":"232"},{"property":"Ci\u015bnienie rozrywaj\u0105ce","unit":"bar","value":"45"},{"property":"Wsp\u00f3\u0142czynnik bezpiecze\u0144stwa","unit":"-","value":"2,8:1"},{"property":"Standardowe d\u0142ugo\u015bci odcink\u00f3w","unit":"m","value":"20"},{"property":"Waga jednostkowa","unit":"kg\/m","value":"1,48"},{"property":"Rodzaj wzmocnienia","unit":"-","value":"kord"}]},{"variation_id":6853,"sku":"WPTY16P8038WT631","variation_title":"W\u0105\u017c do agregat\u00f3w 1,6 MPa DN38 (1.1\/2\")","properties":[{"property":"\u015arednica nominalna wewn\u0119trzna","unit":"mm","value":"38,0"},{"property":"\u015arednica nominalna wewn\u0119trzna","unit":"ukryte","value":"\u00b11,25"},{"property":"\u015arednica nominalna wewn\u0119trzna","unit":"cal","value":"1 1\/2"},{"property":"\u015arednica zewn\u0119trzna [mm]","unit":"mm","value":"55,0"},{"property":"Maksymalne ci\u015bnienie robocze","unit":"bar","value":"16"},{"property":"Maksymalne ci\u015bnienie robocze","unit":"MPa","value":"1,6"},{"property":"Maksymalne ci\u015bnienie robocze","unit":"psi","value":"232"},{"property":"Ci\u015bnienie rozrywaj\u0105ce","unit":"bar","value":"45"},{"property":"Wsp\u00f3\u0142czynnik bezpiecze\u0144stwa","unit":"-","value":"2,8:1"},{"property":"Standardowe d\u0142ugo\u015bci odcink\u00f3w","unit":"m","value":"20"},{"property":"Waga jednostkowa","unit":"kg\/m","value":"1,72"},{"property":"Rodzaj wzmocnienia","unit":"-","value":"kord"}]},{"variation_id":6855,"sku":"","variation_title":"W\u0105\u017c do agregat\u00f3w 1,6 MPa DN40 (1.9\/16\")","properties":[{"property":"\u015arednica nominalna wewn\u0119trzna","unit":"mm","value":"40,0"},{"property":"\u015arednica nominalna wewn\u0119trzna","unit":"ukryte","value":"\u00b11,25"},{"property":"\u015arednica nominalna wewn\u0119trzna","unit":"cal","value":"1 9\/16"},{"property":"\u015arednica zewn\u0119trzna [mm]","unit":"mm","value":"57,0"},{"property":"Maksymalne ci\u015bnienie robocze","unit":"bar","value":"16"},{"property":"Maksymalne ci\u015bnienie robocze","unit":"MPa","value":"1,6"},{"property":"Maksymalne ci\u015bnienie robocze","unit":"psi","value":"232"},{"property":"Ci\u015bnienie rozrywaj\u0105ce","unit":"bar","value":"45"},{"property":"Wsp\u00f3\u0142czynnik bezpiecze\u0144stwa","unit":"-","value":"2,8:1"},{"property":"Standardowe d\u0142ugo\u015bci odcink\u00f3w","unit":"m","value":"20"},{"property":"Waga jednostkowa","unit":"kg\/m","value":"1,79"},{"property":"Rodzaj wzmocnienia","unit":"-","value":"kord"}]},{"variation_id":6857,"sku":"WPTY16P8051WT631","variation_title":"W\u0105\u017c do agregat\u00f3w 1,6 MPa DN51 (2.1\/64\")","properties":[{"property":"\u015arednica nominalna wewn\u0119trzna","unit":"mm","value":"51,0"},{"property":"\u015arednica nominalna wewn\u0119trzna","unit":"ukryte","value":"\u00b11,50"},{"property":"\u015arednica nominalna wewn\u0119trzna","unit":"cal","value":"2 1\/64"},{"property":"\u015arednica zewn\u0119trzna [mm]","unit":"mm","value":"68,0"},{"property":"Maksymalne ci\u015bnienie robocze","unit":"bar","value":"16"},{"property":"Maksymalne ci\u015bnienie robocze","unit":"MPa","value":"1,6"},{"property":"Maksymalne ci\u015bnienie robocze","unit":"psi","value":"232"},{"property":"Ci\u015bnienie rozrywaj\u0105ce","unit":"bar","value":"45"},{"property":"Wsp\u00f3\u0142czynnik bezpiecze\u0144stwa","unit":"-","value":"2,8:1"},{"property":"Standardowe d\u0142ugo\u015bci odcink\u00f3w","unit":"m","value":"20"},{"property":"Waga jednostkowa","unit":"kg\/m","value":"2,09"},{"property":"Rodzaj wzmocnienia","unit":"-","value":"kord"}]},{"variation_id":6859,"sku":"WPTY16P8063WT631","variation_title":"W\u0105\u017c do agregat\u00f3w 1,6 MPa DN63 (2.1\/2\")","properties":[{"property":"\u015arednica nominalna wewn\u0119trzna","unit":"mm","value":"63,0"},{"property":"\u015arednica nominalna wewn\u0119trzna","unit":"ukryte","value":"\u00b11,50"},{"property":"\u015arednica nominalna wewn\u0119trzna","unit":"cal","value":"2 1\/2"},{"property":"\u015arednica zewn\u0119trzna [mm]","unit":"mm","value":"80,0"},{"property":"Maksymalne ci\u015bnienie robocze","unit":"bar","value":"16"},{"property":"Maksymalne ci\u015bnienie robocze","unit":"MPa","value":"1,6"},{"property":"Maksymalne ci\u015bnienie robocze","unit":"psi","value":"232"},{"property":"Ci\u015bnienie rozrywaj\u0105ce","unit":"bar","value":"45"},{"property":"Wsp\u00f3\u0142czynnik bezpiecze\u0144stwa","unit":"-","value":"2,8:1"},{"property":"Standardowe d\u0142ugo\u015bci odcink\u00f3w","unit":"m","value":"20"},{"property":"Waga jednostkowa","unit":"kg\/m","value":"2,50"},{"property":"Rodzaj wzmocnienia","unit":"-","value":"kord"}]}],"_links":{"self":[{"href":"https:\/\/new.stomil-bydgoszcz.pl\/de\/wp-json\/wp\/v2\/product\/6847","targetHints":{"allow":["GET"]}}],"collection":[{"href":"https:\/\/new.stomil-bydgoszcz.pl\/de\/wp-json\/wp\/v2\/product"}],"about":[{"href":"https:\/\/new.stomil-bydgoszcz.pl\/de\/wp-json\/wp\/v2\/types\/product"}],"replies":[{"embeddable":true,"href":"https:\/\/new.stomil-bydgoszcz.pl\/de\/wp-json\/wp\/v2\/comments?post=6847"}],"wp:featuredmedia":[{"embeddable":true,"href":"https:\/\/new.stomil-bydgoszcz.pl\/de\/wp-json\/wp\/v2\/media\/6845"}],"wp:attachment":[{"href":"https:\/\/new.stomil-bydgoszcz.pl\/de\/wp-json\/wp\/v2\/media?parent=6847"}],"wp:term":[{"taxonomy":"product_brand","embeddable":true,"href":"https:\/\/new.stomil-bydgoszcz.pl\/de\/wp-json\/wp\/v2\/product_brand?post=6847"},{"taxonomy":"product_cat","embeddable":true,"href":"https:\/\/new.stomil-bydgoszcz.pl\/de\/wp-json\/wp\/v2\/product_cat?post=6847"},{"taxonomy":"product_tag","embeddable":true,"href":"https:\/\/new.stomil-bydgoszcz.pl\/de\/wp-json\/wp\/v2\/product_tag?post=6847"}],"curies":[{"name":"wp","href":"https:\/\/api.w.org\/{rel}","templated":true}]}}