{"id":6862,"date":"2026-03-17T21:38:49","date_gmt":"2026-03-17T21:38:49","guid":{"rendered":"https:\/\/new.stomil-bydgoszcz.pl\/produkt\/waz-do-piaskowania-12-mpa\/"},"modified":"2026-03-17T21:39:10","modified_gmt":"2026-03-17T21:39:10","slug":"sandstrahlvase-12-mpa","status":"publish","type":"product","link":"https:\/\/new.stomil-bydgoszcz.pl\/de\/produkt\/waz-do-piaskowania-12-mpa\/","title":{"rendered":"SCHL\u00c4UCHE f\u00fcr Sandstrahlen 1,2 MPa, &lt;50mm3"},"content":{"rendered":"<p><strong>EIGENSCHAFTEN<br \/>\n<\/strong>Betriebsdruck - 12 bar (1,2 MPa)<br \/>\nBerstdruck - 48 bar (4,8 MPa)<br \/>\nSicherheitsfaktor 4:1<br \/>\nAbrieb \u2264 50 mm<sup>3 <\/sup>nach ISO 4649<br \/>\nAntistatisch R&lt;10<sup>6&nbsp;<\/sup>\u03a9\/m<br \/>\nMit mehr Flexibilit\u00e4t<\/p>\n<p><strong>ANWENDUNG<br \/>\n<\/strong>Der antistatische Schl\u00e4uche mit erh\u00f6hter Flexibilit\u00e4t und hoher Abrasionsbest\u00e4ndigkeit ist f\u00fcr den Transport von abrasiven Materialien wie Sand, Elektrokorund, Schlacke, Schotter, Glas, Gusseisen und Stahlkies bestimmt.<\/p>\n<p>Der Durchmesser der Schl\u00e4uche ist auf die handels\u00fcblichen Schlauchschellen f\u00fcr Aggregate abgestimmt.<\/p>\n<p>Auf Wunsch k\u00f6nnen wir die Schl\u00e4uche zus\u00e4tzlich mit einer \u00e4u\u00dferen Drahtspirale sch\u00fctzen, um sie vor Verformung und \u00fcberm\u00e4\u00dfigem Abrieb der Au\u00dfenschicht zu bewahren.<\/p>\n<p><strong>Betriebstemperatur<br \/>\n<\/strong>Von -35\u00b0C bis +80\u00b0C<\/p>\n<p><strong>KONSTRUKTION<br \/>\n<\/strong>Hergestellt in \u00dcbereinstimmung mit EN ISO 3861.<\/p>\n<p><strong>Innere Schicht<br \/>\n<\/strong>Hochwertige antistatische Gummimischung mit hoher Abrasionsbest\u00e4ndigkeit - max. 50 mm<sup>3 <\/sup>&nbsp;(gem\u00e4\u00df ISO 4649).<\/p>\n<p><strong>Verst\u00e4rkung<br \/>\n<\/strong>Abstandshalter aus hochfester Textilkordel.<\/p>\n<p><strong>\u00c4u\u00dfere Schicht<br \/>\n<\/strong>Antistatischer schwarzer SBR-Gummi mit Stoffaufdruck, abriebfest, wetter- und ozonbest\u00e4ndig.<\/p>\n<p><strong>OPTIONAL<br \/>\n<\/strong>Eine Version mit Kupferdrahtleiter ist auf Anfrage erh\u00e4ltlich.<\/p>\n<p><strong>UNTERSCHRIFT<br \/>\n<\/strong>Schl\u00e4uche mit gelbem Band markiert<\/p>","protected":false},"excerpt":{"rendered":"<p><strong>Betriebsdruck:<\/strong> 12 bar (1,2 MPa) | <strong>Berstdruck:<\/strong> 48 bar (4,8 MPa) | <strong>Sicherheitsfaktor:<\/strong> 4:1 | <strong>Abrasivit\u00e4t:<\/strong> \u2264 50 mm<sup>3 <\/sup>nach ISO 4649 | <strong>Antistatisch:<\/strong> R&lt;10<sup>6&nbsp;<\/sup>\u03a9\/m | Mit erh\u00f6hter Elastizit\u00e4t | \u03a9\/m&nbsp;<strong>Betriebstemperatur: <\/strong>von -35\u00b0C bis +80\u00b0C<\/p>","protected":false},"featured_media":6860,"comment_status":"closed","ping_status":"closed","template":"","meta":[],"product_brand":[],"product_cat":[88,155,92,77,210,140],"product_tag":[],"class_list":{"0":"post-6862","1":"product","2":"type-product","3":"status-publish","4":"has-post-thumbnail","6":"product_cat-branze","7":"product_cat-budowa-maszyn-i-urzadzen","8":"product_cat-budownictwo","9":"product_cat-grupy-produktow","10":"product_cat-weze-do-srutowania-i-piaskowania","11":"product_cat-weze-przemyslowe","13":"first","14":"instock","15":"sale","16":"taxable","17":"shipping-taxable","18":"purchasable","19":"product-type-variable"},"stomil_properties":[{"variation_id":6864,"sku":"WPPI12P4013WT642","variation_title":"W\u0105\u017c do piaskowania 1,2 MPa DN13 (33\/64 cala)","properties":[{"property":"\u015arednica nominalna wewn\u0119trzna","unit":"mm","value":"13,0"},{"property":"\u015arednica nominalna wewn\u0119trzna","unit":"ukryte","value":"\u00b10,75"},{"property":"\u015arednica nominalna wewn\u0119trzna","unit":"cal","value":"33\/64"},{"property":"\u015arednica zewn\u0119trzna [mm]","unit":"mm","value":"27,0"},{"property":"Maksymalne ci\u015bnienie robocze","unit":"bar","value":"12"},{"property":"Maksymalne ci\u015bnienie robocze","unit":"MPa","value":"1,2"},{"property":"Maksymalne ci\u015bnienie robocze","unit":"psi","value":"174"},{"property":"Ci\u015bnienie rozrywaj\u0105ce","unit":"bar","value":"48"},{"property":"Wsp\u00f3\u0142czynnik bezpiecze\u0144stwa","unit":"-","value":"4:1"},{"property":"Standardowe d\u0142ugo\u015bci odcink\u00f3w","unit":"m","value":"20"},{"property":"Waga jednostkowa","unit":"kg\/m","value":"0,54"},{"property":"Rodzaj wzmocnienia","unit":"-","value":"kord"}]},{"variation_id":6866,"sku":"WPPI12P4019WT642","variation_title":"W\u0105\u017c do piaskowania 1,2 MPa DN19 (3\/4 cala)","properties":[{"property":"\u015arednica nominalna wewn\u0119trzna","unit":"mm","value":"19,0"},{"property":"\u015arednica nominalna wewn\u0119trzna","unit":"ukryte","value":"\u00b10,75"},{"property":"\u015arednica nominalna wewn\u0119trzna","unit":"cal","value":"3\/4"},{"property":"\u015arednica zewn\u0119trzna [mm]","unit":"mm","value":"33,0"},{"property":"Maksymalne ci\u015bnienie robocze","unit":"bar","value":"12"},{"property":"Maksymalne ci\u015bnienie robocze","unit":"MPa","value":"1,2"},{"property":"Maksymalne ci\u015bnienie robocze","unit":"psi","value":"174"},{"property":"Ci\u015bnienie rozrywaj\u0105ce","unit":"bar","value":"48"},{"property":"Wsp\u00f3\u0142czynnik bezpiecze\u0144stwa","unit":"-","value":"4:1"},{"property":"Standardowe d\u0142ugo\u015bci odcink\u00f3w","unit":"m","value":"20"},{"property":"Waga jednostkowa","unit":"kg\/m","value":"0,70"},{"property":"Rodzaj wzmocnienia","unit":"-","value":"kord"}]},{"variation_id":6868,"sku":"WPPI12P4025WT642","variation_title":"W\u0105\u017c do piaskowania 1,2 MPa DN25 (1 cal)","properties":[{"property":"\u015arednica nominalna wewn\u0119trzna","unit":"mm","value":"25,0"},{"property":"\u015arednica nominalna wewn\u0119trzna","unit":"ukryte","value":"\u00b11,25"},{"property":"\u015arednica nominalna wewn\u0119trzna","unit":"cal","value":"1"},{"property":"\u015arednica zewn\u0119trzna [mm]","unit":"mm","value":"39,0"},{"property":"Maksymalne ci\u015bnienie robocze","unit":"bar","value":"12"},{"property":"Maksymalne ci\u015bnienie robocze","unit":"MPa","value":"1,2"},{"property":"Maksymalne ci\u015bnienie robocze","unit":"psi","value":"174"},{"property":"Ci\u015bnienie rozrywaj\u0105ce","unit":"bar","value":"48"},{"property":"Wsp\u00f3\u0142czynnik bezpiecze\u0144stwa","unit":"-","value":"4:1"},{"property":"Standardowe d\u0142ugo\u015bci odcink\u00f3w","unit":"m","value":"20"},{"property":"Waga jednostkowa","unit":"kg\/m","value":"0,88"},{"property":"Rodzaj wzmocnienia","unit":"-","value":"kord"}]},{"variation_id":6870,"sku":"WPPI12P4032WT642","variation_title":"W\u0105\u017c do piaskowania 1,2 MPa DN32 (1 i 17\/64 cala)","properties":[{"property":"\u015arednica nominalna wewn\u0119trzna","unit":"mm","value":"32,0"},{"property":"\u015arednica nominalna wewn\u0119trzna","unit":"ukryte","value":"\u00b11,25"},{"property":"\u015arednica nominalna wewn\u0119trzna","unit":"cal","value":"1 17\/64"},{"property":"\u015arednica zewn\u0119trzna [mm]","unit":"mm","value":"48,0"},{"property":"Maksymalne ci\u015bnienie robocze","unit":"bar","value":"12"},{"property":"Maksymalne ci\u015bnienie robocze","unit":"MPa","value":"1,2"},{"property":"Maksymalne ci\u015bnienie robocze","unit":"psi","value":"174"},{"property":"Ci\u015bnienie rozrywaj\u0105ce","unit":"bar","value":"48"},{"property":"Wsp\u00f3\u0142czynnik bezpiecze\u0144stwa","unit":"-","value":"4:1"},{"property":"Standardowe d\u0142ugo\u015bci odcink\u00f3w","unit":"m","value":"20"},{"property":"Waga jednostkowa","unit":"kg\/m","value":"1,18"},{"property":"Rodzaj wzmocnienia","unit":"-","value":"kord"}]},{"variation_id":6872,"sku":"WPPI12P4038WT642","variation_title":"W\u0105\u017c do piaskowania 1,2 MPa DN38 (1.1\/2\")","properties":[{"property":"\u015arednica nominalna wewn\u0119trzna","unit":"mm","value":"38,0"},{"property":"\u015arednica nominalna wewn\u0119trzna","unit":"ukryte","value":"\u00b11,25"},{"property":"\u015arednica nominalna wewn\u0119trzna","unit":"cal","value":"1 1\/2"},{"property":"\u015arednica zewn\u0119trzna [mm]","unit":"mm","value":"56,0"},{"property":"Maksymalne ci\u015bnienie robocze","unit":"bar","value":"12"},{"property":"Maksymalne ci\u015bnienie robocze","unit":"MPa","value":"1,2"},{"property":"Maksymalne ci\u015bnienie robocze","unit":"psi","value":"174"},{"property":"Ci\u015bnienie rozrywaj\u0105ce","unit":"bar","value":"48"},{"property":"Wsp\u00f3\u0142czynnik bezpiecze\u0144stwa","unit":"-","value":"4:1"},{"property":"Standardowe d\u0142ugo\u015bci odcink\u00f3w","unit":"m","value":"20"},{"property":"Waga jednostkowa","unit":"kg\/m","value":"1,62"},{"property":"Rodzaj wzmocnienia","unit":"-","value":"kord"}]}],"_links":{"self":[{"href":"https:\/\/new.stomil-bydgoszcz.pl\/de\/wp-json\/wp\/v2\/product\/6862","targetHints":{"allow":["GET"]}}],"collection":[{"href":"https:\/\/new.stomil-bydgoszcz.pl\/de\/wp-json\/wp\/v2\/product"}],"about":[{"href":"https:\/\/new.stomil-bydgoszcz.pl\/de\/wp-json\/wp\/v2\/types\/product"}],"replies":[{"embeddable":true,"href":"https:\/\/new.stomil-bydgoszcz.pl\/de\/wp-json\/wp\/v2\/comments?post=6862"}],"wp:featuredmedia":[{"embeddable":true,"href":"https:\/\/new.stomil-bydgoszcz.pl\/de\/wp-json\/wp\/v2\/media\/6860"}],"wp:attachment":[{"href":"https:\/\/new.stomil-bydgoszcz.pl\/de\/wp-json\/wp\/v2\/media?parent=6862"}],"wp:term":[{"taxonomy":"product_brand","embeddable":true,"href":"https:\/\/new.stomil-bydgoszcz.pl\/de\/wp-json\/wp\/v2\/product_brand?post=6862"},{"taxonomy":"product_cat","embeddable":true,"href":"https:\/\/new.stomil-bydgoszcz.pl\/de\/wp-json\/wp\/v2\/product_cat?post=6862"},{"taxonomy":"product_tag","embeddable":true,"href":"https:\/\/new.stomil-bydgoszcz.pl\/de\/wp-json\/wp\/v2\/product_tag?post=6862"}],"curies":[{"name":"wp","href":"https:\/\/api.w.org\/{rel}","templated":true}]}}