{"id":6935,"date":"2026-03-17T21:38:56","date_gmt":"2026-03-17T21:38:56","guid":{"rendered":"https:\/\/new.stomil-bydgoszcz.pl\/produkt\/waz-do-benzyny-paliw-i-olejow-10-bar\/"},"modified":"2026-03-17T21:39:11","modified_gmt":"2026-03-17T21:39:11","slug":"benzin-kraftstoff-und-olvase-10-bar","status":"publish","type":"product","link":"https:\/\/new.stomil-bydgoszcz.pl\/de\/produkt\/waz-do-benzyny-paliw-i-olejow-10-bar\/","title":{"rendered":"SCHL\u00c4UCHE f\u00fcr Benzin, Kraftstoffschl\u00e4uche und \u00d6le 1,0 MPa"},"content":{"rendered":"<p><strong>EIGENSCHAFTEN<br \/>\n<\/strong>Betriebsdruck - 10 bar (1,0 MPa)<br \/>\nBerstdruck - 30 bar (3,0 MPa)<br \/>\nAntistatisch<\/p>\n<p><strong>ANWENDUNG<br \/>\n<\/strong>Antistatische Schl\u00e4uche, die \u00fcblicherweise f\u00fcr den Transport von konventionellen Kraftstoffen (Benzin), Dieselkraftstoff, Biodiesel, Bioethanol und \u00d6len verwendet werden. Der SCHL\u00c4UCHE ist wetterfest und ozonbest\u00e4ndig.<\/p>\n<p><strong>Betriebstemperatur<br \/>\n<\/strong>Von -30\u00b0C bis +100\u00b0C f\u00fcr \u00d6l<br \/>\n-30\u00b0C bis +45\u00b0C f\u00fcr Benzin<\/p>\n<p><strong>KONSTRUKTION<br \/>\n<\/strong>Hergestellt nach dem Originalentwurf von Stomil WT-33\/15-1\/BZPG.<br \/>\nDar\u00fcber hinaus erf\u00fcllt der SCHL\u00c4UCHE die Anforderungen der EN 1360 f\u00fcr chemische Best\u00e4ndigkeit.<\/p>\n<p><strong>Innere Schicht<br \/>\n<\/strong>Hochwertige NBR-Gummimischung, best\u00e4ndig gegen \u00d6le und Kraftstoffe, die 15% Oxygenate und Biodiesel enthalten - eine Mischung aus Diesel 80% mit Fetts\u00e4ureestern (Biokomponenten) 20%.<\/p>\n<p><strong>Verst\u00e4rkung<br \/>\n<\/strong>Geflecht aus hochfesten synthetischen F\u00e4den.<\/p>\n<p><strong>\u00c4u\u00dfere Schicht<br \/>\n<\/strong>Hochwertiger glatter, antistatischer schwarzer Synthesekautschuk, best\u00e4ndig gegen Kraftstoffe und \u00d6le sowie gegen Abrieb, Witterung und Ozon.<\/p>\n<p><strong>UNTERSCHRIFT<br \/>\n<\/strong>Schl\u00e4uche mit wei\u00dfer Farbe markiert.<\/p>","protected":false},"excerpt":{"rendered":"<p><strong>Betriebsdruck:<\/strong> 10 bar (1,0 MPa) | <strong>Berstdruck:<\/strong> 30 bar (3,0 MPa) | antistatisch | antistatisch\u00a0<strong>Betriebstemperatur:<\/strong>\u00a0-30\u00b0C bis +100\u00b0C f\u00fcr \u00d6l; -30\u00b0C bis +45\u00b0C f\u00fcr Benzin.<\/p>","protected":false},"featured_media":6933,"comment_status":"closed","ping_status":"closed","template":"","meta":[],"product_brand":[],"product_cat":[154,88,155,89,77,157,158,140],"product_tag":[],"class_list":{"0":"post-6935","1":"product","2":"type-product","3":"status-publish","4":"has-post-thumbnail","6":"product_cat-automotive","7":"product_cat-branze","8":"product_cat-budowa-maszyn-i-urzadzen","9":"product_cat-gornictwo","10":"product_cat-grupy-produktow","11":"product_cat-przewody-olejowe","12":"product_cat-przewody-paliwowe","13":"product_cat-weze-przemyslowe","15":"first","16":"instock","17":"taxable","18":"shipping-taxable","19":"purchasable","20":"product-type-variable"},"stomil_properties":[{"variation_id":6937,"sku":"WPPL10ZW006NF609","variation_title":"W\u0105\u017c do benzyny, paliw i olej\u00f3w 1,0 MPa DN6,3 (1\/4\")","properties":[{"property":"\u015arednica nominalna wewn\u0119trzna","unit":"mm","value":"6,3"},{"property":"\u015arednica nominalna wewn\u0119trzna","unit":"ukryte","value":"\u00b10,80"},{"property":"\u015arednica nominalna wewn\u0119trzna","unit":"cal","value":"1\/4"},{"property":"\u015arednica zewn\u0119trzna [mm]","unit":"mm","value":"12,0"},{"property":"Maksymalne ci\u015bnienie robocze","unit":"bar","value":"10 "},{"property":"Maksymalne ci\u015bnienie robocze","unit":"MPa","value":"1,0 "},{"property":"Maksymalne ci\u015bnienie robocze","unit":"psi","value":"145 "},{"property":"Ci\u015bnienie rozrywaj\u0105ce","unit":"bar","value":"30"},{"property":"Wsp\u00f3\u0142czynnik bezpiecze\u0144stwa","unit":"-","value":"3:1"},{"property":"Standardowe d\u0142ugo\u015bci odcink\u00f3w","unit":"m","value":"50"},{"property":"Waga jednostkowa","unit":"kg\/m","value":"0,12"},{"property":"Rodzaj wzmocnienia","unit":"-","value":"nici"}]},{"variation_id":6939,"sku":"WPPL10ZW008NF609","variation_title":"W\u0105\u017c do benzyny, paliw i olej\u00f3w 1,0 MPa DN8 (5\/16\")","properties":[{"property":"\u015arednica nominalna wewn\u0119trzna","unit":"mm","value":"8,0"},{"property":"\u015arednica nominalna wewn\u0119trzna","unit":"ukryte","value":"\u00b10,80"},{"property":"\u015arednica nominalna wewn\u0119trzna","unit":"cal","value":"5\/16"},{"property":"\u015arednica zewn\u0119trzna [mm]","unit":"mm","value":"15,0"},{"property":"Maksymalne ci\u015bnienie robocze","unit":"bar","value":"10 "},{"property":"Maksymalne ci\u015bnienie robocze","unit":"MPa","value":"1,0 "},{"property":"Maksymalne ci\u015bnienie robocze","unit":"psi","value":"145 "},{"property":"Ci\u015bnienie rozrywaj\u0105ce","unit":"bar","value":"30"},{"property":"Wsp\u00f3\u0142czynnik bezpiecze\u0144stwa","unit":"-","value":"3:1"},{"property":"Standardowe d\u0142ugo\u015bci odcink\u00f3w","unit":"m","value":"50"},{"property":"Waga jednostkowa","unit":"kg\/m","value":"0,17"},{"property":"Rodzaj wzmocnienia","unit":"-","value":"nici"}]},{"variation_id":6941,"sku":"WPPL10ZW010NF609","variation_title":"W\u0105\u017c do benzyny, paliw i olej\u00f3w 1,0 MPa DN10 (3\/8\")","properties":[{"property":"\u015arednica nominalna wewn\u0119trzna","unit":"mm","value":"10,0"},{"property":"\u015arednica nominalna wewn\u0119trzna","unit":"ukryte","value":"\u00b10,80"},{"property":"\u015arednica nominalna wewn\u0119trzna","unit":"cal","value":"3\/8"},{"property":"\u015arednica zewn\u0119trzna [mm]","unit":"mm","value":"17,0"},{"property":"Maksymalne ci\u015bnienie robocze","unit":"bar","value":"10 "},{"property":"Maksymalne ci\u015bnienie robocze","unit":"MPa","value":"1,0 "},{"property":"Maksymalne ci\u015bnienie robocze","unit":"psi","value":"145 "},{"property":"Ci\u015bnienie rozrywaj\u0105ce","unit":"bar","value":"30 "},{"property":"Wsp\u00f3\u0142czynnik bezpiecze\u0144stwa","unit":"-","value":"3:1"},{"property":"Standardowe d\u0142ugo\u015bci odcink\u00f3w","unit":"m","value":"50"},{"property":"Waga jednostkowa","unit":"kg\/m","value":"0,20"},{"property":"Rodzaj wzmocnienia","unit":"-","value":"nici"}]},{"variation_id":6943,"sku":"WPPL10ZW012NF609","variation_title":"W\u0105\u017c do benzyny, paliw i olej\u00f3w 1,0 MPa DN12,5 (1\/2\")","properties":[{"property":"\u015arednica nominalna wewn\u0119trzna","unit":"mm","value":"12,5"},{"property":"\u015arednica nominalna wewn\u0119trzna","unit":"ukryte","value":"\u00b10,80"},{"property":"\u015arednica nominalna wewn\u0119trzna","unit":"cal","value":"1\/2"},{"property":"\u015arednica zewn\u0119trzna [mm]","unit":"mm","value":"19,0"},{"property":"Maksymalne ci\u015bnienie robocze","unit":"bar","value":"10"},{"property":"Maksymalne ci\u015bnienie robocze","unit":"MPa","value":"1,0"},{"property":"Maksymalne ci\u015bnienie robocze","unit":"psi","value":"145"},{"property":"Ci\u015bnienie rozrywaj\u0105ce","unit":"bar","value":"30"},{"property":"Wsp\u00f3\u0142czynnik bezpiecze\u0144stwa","unit":"-","value":"3:1"},{"property":"Standardowe d\u0142ugo\u015bci odcink\u00f3w","unit":"m","value":"50"},{"property":"Waga jednostkowa","unit":"kg\/m","value":"0,23"},{"property":"Rodzaj wzmocnienia","unit":"-","value":"nici"}]}],"_links":{"self":[{"href":"https:\/\/new.stomil-bydgoszcz.pl\/de\/wp-json\/wp\/v2\/product\/6935","targetHints":{"allow":["GET"]}}],"collection":[{"href":"https:\/\/new.stomil-bydgoszcz.pl\/de\/wp-json\/wp\/v2\/product"}],"about":[{"href":"https:\/\/new.stomil-bydgoszcz.pl\/de\/wp-json\/wp\/v2\/types\/product"}],"replies":[{"embeddable":true,"href":"https:\/\/new.stomil-bydgoszcz.pl\/de\/wp-json\/wp\/v2\/comments?post=6935"}],"wp:featuredmedia":[{"embeddable":true,"href":"https:\/\/new.stomil-bydgoszcz.pl\/de\/wp-json\/wp\/v2\/media\/6933"}],"wp:attachment":[{"href":"https:\/\/new.stomil-bydgoszcz.pl\/de\/wp-json\/wp\/v2\/media?parent=6935"}],"wp:term":[{"taxonomy":"product_brand","embeddable":true,"href":"https:\/\/new.stomil-bydgoszcz.pl\/de\/wp-json\/wp\/v2\/product_brand?post=6935"},{"taxonomy":"product_cat","embeddable":true,"href":"https:\/\/new.stomil-bydgoszcz.pl\/de\/wp-json\/wp\/v2\/product_cat?post=6935"},{"taxonomy":"product_tag","embeddable":true,"href":"https:\/\/new.stomil-bydgoszcz.pl\/de\/wp-json\/wp\/v2\/product_tag?post=6935"}],"curies":[{"name":"wp","href":"https:\/\/api.w.org\/{rel}","templated":true}]}}