{"id":6946,"date":"2026-03-17T21:38:57","date_gmt":"2026-03-17T21:38:57","guid":{"rendered":"https:\/\/new.stomil-bydgoszcz.pl\/produkt\/waz-do-swobodnego-przeplywu-benzyny-i-olejow\/"},"modified":"2026-03-17T21:39:11","modified_gmt":"2026-03-17T21:39:11","slug":"schieber-fur-den-freien-durchfluss-von-benzin-und-olen","status":"publish","type":"product","link":"https:\/\/new.stomil-bydgoszcz.pl\/de\/produkt\/waz-do-swobodnego-przeplywu-benzyny-i-olejow\/","title":{"rendered":"SCHL\u00c4UCHE aus Gummi f\u00fcr den freien Durchfluss von Benzin und \u00d6len"},"content":{"rendered":"<p><strong>ANWENDUNG<br \/>\n<\/strong>Schl\u00e4uche f\u00fcr den freien Durchfluss von Benzin und Mineral\u00f6len.<br \/>\nIdeal auch f\u00fcr die freie \u00dcbertragung von Wasser und Luft in stark \u00f6lhaltigen Umgebungen.<\/p>\n<p>Es wird auch gerne als \u00d6lbest\u00e4ndige Abdeckung f\u00fcr Kabel und scharfe Stahlteile in Maschinen und Anlagen verwendet.<\/p>\n<p>Der SCHL\u00c4UCHE ist wetterfest und ozonbest\u00e4ndig.<\/p>\n<p><strong>Betriebstemperatur<br \/>\n<\/strong>F\u00fcr \u00d6le von -30\u00b0C bis +80\u00b0C<br \/>\nF\u00fcr Brennstoffe von -30\u00b0C bis +60\u00b0C<\/p>\n<p><strong>KONSTRUKTION<br \/>\n<\/strong>Hergestellt nach der Norm PN-75\/C-94250\/32 aus kraftstoff- und \u00f6lbest\u00e4ndigem NBR-Synthesekautschuk.<\/p>\n<p><strong>UNTERSCHRIFT<br \/>\n<\/strong>Schl\u00e4uche mit einem braunen Streifen.<\/p>","protected":false},"excerpt":{"rendered":"<p><strong>Betriebstemperatur: <\/strong>f\u00fcr \u00d6le von -30\u00b0C bis +80\u00b0C; f\u00fcr Kraftstoffe von -30\u00b0C bis +60\u00b0C<\/p>","protected":false},"featured_media":6944,"comment_status":"closed","ping_status":"closed","template":"","meta":[],"product_brand":[],"product_cat":[88,155,77,157,158,140],"product_tag":[],"class_list":{"0":"post-6946","1":"product","2":"type-product","3":"status-publish","4":"has-post-thumbnail","6":"product_cat-branze","7":"product_cat-budowa-maszyn-i-urzadzen","8":"product_cat-grupy-produktow","9":"product_cat-przewody-olejowe","10":"product_cat-przewody-paliwowe","11":"product_cat-weze-przemyslowe","13":"first","14":"instock","15":"taxable","16":"shipping-taxable","17":"purchasable","18":"product-type-variable"},"stomil_properties":[],"_links":{"self":[{"href":"https:\/\/new.stomil-bydgoszcz.pl\/de\/wp-json\/wp\/v2\/product\/6946","targetHints":{"allow":["GET"]}}],"collection":[{"href":"https:\/\/new.stomil-bydgoszcz.pl\/de\/wp-json\/wp\/v2\/product"}],"about":[{"href":"https:\/\/new.stomil-bydgoszcz.pl\/de\/wp-json\/wp\/v2\/types\/product"}],"replies":[{"embeddable":true,"href":"https:\/\/new.stomil-bydgoszcz.pl\/de\/wp-json\/wp\/v2\/comments?post=6946"}],"wp:featuredmedia":[{"embeddable":true,"href":"https:\/\/new.stomil-bydgoszcz.pl\/de\/wp-json\/wp\/v2\/media\/6944"}],"wp:attachment":[{"href":"https:\/\/new.stomil-bydgoszcz.pl\/de\/wp-json\/wp\/v2\/media?parent=6946"}],"wp:term":[{"taxonomy":"product_brand","embeddable":true,"href":"https:\/\/new.stomil-bydgoszcz.pl\/de\/wp-json\/wp\/v2\/product_brand?post=6946"},{"taxonomy":"product_cat","embeddable":true,"href":"https:\/\/new.stomil-bydgoszcz.pl\/de\/wp-json\/wp\/v2\/product_cat?post=6946"},{"taxonomy":"product_tag","embeddable":true,"href":"https:\/\/new.stomil-bydgoszcz.pl\/de\/wp-json\/wp\/v2\/product_tag?post=6946"}],"curies":[{"name":"wp","href":"https:\/\/api.w.org\/{rel}","templated":true}]}}