{"id":7045,"date":"2026-03-17T21:39:07","date_gmt":"2026-03-17T21:39:07","guid":{"rendered":"https:\/\/new.stomil-bydgoszcz.pl\/produkt\/waz-do-swobodnego-przeplywu-wody\/"},"modified":"2026-03-17T21:39:11","modified_gmt":"2026-03-17T21:39:11","slug":"frei-fliesender-wasserschlauch","status":"publish","type":"product","link":"https:\/\/new.stomil-bydgoszcz.pl\/de\/produkt\/waz-do-swobodnego-przeplywu-wody\/","title":{"rendered":"SCHL\u00c4UCHE aus Gummi f\u00fcr den freien Durchfluss von Wasser"},"content":{"rendered":"<p><strong>ANWENDUNG<br \/>\n<\/strong>Ein universell einsetzbarer Wasserschl\u00e4uche ohne Druckanforderungen in Industrie und Landwirtschaft, der wetterfest und ozonbest\u00e4ndig ist. Er wird auch gerne zum Schutz von Kabeln und scharfen Kanten von Stahlteilen in Maschinen und Ger\u00e4ten verwendet.<\/p>\n<p><strong>Betriebstemperatur<br \/>\n<\/strong>Von -25\u00b0C bis +80\u00b0C<br \/>\nKurzzeitig bis zu +100\u00b0C<\/p>\n<p><strong>KONSTRUKTION<br \/>\n<\/strong>Schwarz gef\u00e4rbter Gummi aus SBR-Synthesekautschuk ohne Verst\u00e4rkung.<\/p>\n<p><strong>UNTERSCHRIFT<br \/>\n<\/strong>Schl\u00e4uche sind mit einem gr\u00fcnen Streifen gekennzeichnet.<\/p>","protected":false},"excerpt":{"rendered":"<p><strong>Betriebstemperatur: <\/strong>Von -25\u00b0C bis +80\u00b0C; kurzfristig bis zu +100\u00b0C<\/p>","protected":false},"featured_media":7043,"comment_status":"closed","ping_status":"closed","template":"","meta":[],"product_brand":[],"product_cat":[88,155,92,215,77,178,176,140],"product_tag":[],"class_list":{"0":"post-7045","1":"product","2":"type-product","3":"status-publish","4":"has-post-thumbnail","6":"product_cat-branze","7":"product_cat-budowa-maszyn-i-urzadzen","8":"product_cat-budownictwo","9":"product_cat-do-swobodnego-przeplywu-wody","10":"product_cat-grupy-produktow","11":"product_cat-rolnictwo","12":"product_cat-weze-do-wody","13":"product_cat-weze-przemyslowe","15":"first","16":"instock","17":"taxable","18":"shipping-taxable","19":"purchasable","20":"product-type-variable"},"stomil_properties":[{"variation_id":7047,"sku":"WN_WO_040X20_3045","variation_title":"W\u0105\u017c gumowy do swobodnego przep\u0142ywu wody DN4 (5\/32\") gr. \u015bcianki 2mm","properties":[{"property":"\u015arednica nominalna wewn\u0119trzna","unit":"mm","value":"4,0"},{"property":"\u015arednica nominalna wewn\u0119trzna","unit":"ukryte","value":"\u00b10,50"},{"property":"\u015arednica nominalna wewn\u0119trzna","unit":"cal","value":"5\/32"},{"property":"Standardowe d\u0142ugo\u015bci odcink\u00f3w","unit":"m","value":"od 5 do 50"},{"property":"Waga jednostkowa","unit":"kg\/m","value":"0,052"}]},{"variation_id":7049,"sku":"WN_WO_050X20_3045","variation_title":"W\u0105\u017c gumowy do swobodnego przep\u0142ywu wody DN5 (3\/16\") gr. \u015bcianki 2mm","properties":[{"property":"\u015arednica nominalna wewn\u0119trzna","unit":"mm","value":"5,0"},{"property":"\u015arednica nominalna wewn\u0119trzna","unit":"ukryte","value":"\u00b10,50"},{"property":"\u015arednica nominalna wewn\u0119trzna","unit":"cal","value":"3\/16"},{"property":"Standardowe d\u0142ugo\u015bci odcink\u00f3w","unit":"m","value":"od 5 do 50"},{"property":"Waga jednostkowa","unit":"kg\/m","value":"0,064"}]},{"variation_id":7051,"sku":"WN_WO_063X20_3045","variation_title":"W\u0105\u017c gumowy do swobodnego przep\u0142ywu wody DN6,3 (1\/4) gr. \u015bcianki 2mm","properties":[{"property":"\u015arednica nominalna wewn\u0119trzna","unit":"mm","value":"6,3"},{"property":"\u015arednica nominalna wewn\u0119trzna","unit":"ukryte","value":"\u00b10,75"},{"property":"\u015arednica nominalna wewn\u0119trzna","unit":"cal","value":"1\/4"},{"property":"Standardowe d\u0142ugo\u015bci odcink\u00f3w","unit":"m","value":"od 5 do 50"},{"property":"Waga jednostkowa","unit":"kg\/m","value":"0,073"}]},{"variation_id":7053,"sku":"WN_WO_100X20_3045","variation_title":"W\u0105\u017c gumowy do swobodnego przep\u0142ywu wody DN10 (3\/8\") gr. \u015bcianki 2mm","properties":[{"property":"\u015arednica nominalna wewn\u0119trzna","unit":"mm","value":"10,0"},{"property":"\u015arednica nominalna wewn\u0119trzna","unit":"ukryte","value":"\u00b10,75"},{"property":"\u015arednica nominalna wewn\u0119trzna","unit":"cal","value":"3\/8"},{"property":"Standardowe d\u0142ugo\u015bci odcink\u00f3w","unit":"m","value":"od 5 do 20"},{"property":"Waga jednostkowa","unit":"kg\/m","value":"0,118"}]},{"variation_id":7055,"sku":"WN_WO_125X40_3043","variation_title":"W\u0105\u017c gumowy do swobodnego przep\u0142ywu wody DN12,5 (31\/64) gr. \u015bcianki 4mm","properties":[{"property":"\u015arednica nominalna wewn\u0119trzna","unit":"mm","value":"12,5"},{"property":"\u015arednica nominalna wewn\u0119trzna","unit":"ukryte","value":"\u00b10,75"},{"property":"\u015arednica nominalna wewn\u0119trzna","unit":"cal","value":"31\/64"},{"property":"Standardowe d\u0142ugo\u015bci odcink\u00f3w","unit":"m","value":"od 5 do 20"},{"property":"Waga jednostkowa","unit":"kg\/m","value":"0,27"}]},{"variation_id":7057,"sku":"WN_WO_160X40_3043","variation_title":"W\u0105\u017c gumowy do swobodnego przep\u0142ywu wody DN16 (5\/8\") gr. \u015bcianki 4mm","properties":[{"property":"\u015arednica nominalna wewn\u0119trzna","unit":"mm","value":"16,0"},{"property":"\u015arednica nominalna wewn\u0119trzna","unit":"ukryte","value":"\u00b10,75"},{"property":"\u015arednica nominalna wewn\u0119trzna","unit":"cal","value":"5\/8"},{"property":"Standardowe d\u0142ugo\u015bci odcink\u00f3w","unit":"m","value":"od 5 do 20"},{"property":"Waga jednostkowa","unit":"kg\/m","value":"0,340"}]},{"variation_id":7059,"sku":"WN_WO_200X40_3043","variation_title":"W\u0105\u017c gumowy do swobodnego przep\u0142ywu wody DN20 (25\/32\") gr. \u015bcianki 4mm","properties":[{"property":"\u015arednica nominalna wewn\u0119trzna","unit":"mm","value":"20,0"},{"property":"\u015arednica nominalna wewn\u0119trzna","unit":"ukryte","value":"\u00b10,75"},{"property":"\u015arednica nominalna wewn\u0119trzna","unit":"cal","value":"25\/32"},{"property":"Standardowe d\u0142ugo\u015bci odcink\u00f3w","unit":"m","value":"od 5 do 20"},{"property":"Waga jednostkowa","unit":"kg\/m","value":"0,415"}]},{"variation_id":7061,"sku":"WN_WO_250X40_3043","variation_title":"W\u0105\u017c gumowy do swobodnego przep\u0142ywu wody DN25 (1\") gr. \u015bcianki 4mm","properties":[{"property":"\u015arednica nominalna wewn\u0119trzna","unit":"mm","value":"25,0"},{"property":"\u015arednica nominalna wewn\u0119trzna","unit":"ukryte","value":"\u00b11,25"},{"property":"\u015arednica nominalna wewn\u0119trzna","unit":"cal","value":"1"},{"property":"Standardowe d\u0142ugo\u015bci odcink\u00f3w","unit":"m","value":"od 5 do 20"},{"property":"Waga jednostkowa","unit":"kg\/m","value":"0,520"}]}],"_links":{"self":[{"href":"https:\/\/new.stomil-bydgoszcz.pl\/de\/wp-json\/wp\/v2\/product\/7045","targetHints":{"allow":["GET"]}}],"collection":[{"href":"https:\/\/new.stomil-bydgoszcz.pl\/de\/wp-json\/wp\/v2\/product"}],"about":[{"href":"https:\/\/new.stomil-bydgoszcz.pl\/de\/wp-json\/wp\/v2\/types\/product"}],"replies":[{"embeddable":true,"href":"https:\/\/new.stomil-bydgoszcz.pl\/de\/wp-json\/wp\/v2\/comments?post=7045"}],"wp:featuredmedia":[{"embeddable":true,"href":"https:\/\/new.stomil-bydgoszcz.pl\/de\/wp-json\/wp\/v2\/media\/7043"}],"wp:attachment":[{"href":"https:\/\/new.stomil-bydgoszcz.pl\/de\/wp-json\/wp\/v2\/media?parent=7045"}],"wp:term":[{"taxonomy":"product_brand","embeddable":true,"href":"https:\/\/new.stomil-bydgoszcz.pl\/de\/wp-json\/wp\/v2\/product_brand?post=7045"},{"taxonomy":"product_cat","embeddable":true,"href":"https:\/\/new.stomil-bydgoszcz.pl\/de\/wp-json\/wp\/v2\/product_cat?post=7045"},{"taxonomy":"product_tag","embeddable":true,"href":"https:\/\/new.stomil-bydgoszcz.pl\/de\/wp-json\/wp\/v2\/product_tag?post=7045"}],"curies":[{"name":"wp","href":"https:\/\/api.w.org\/{rel}","templated":true}]}}