{"id":7124,"date":"2026-03-17T21:39:16","date_gmt":"2026-03-17T21:39:16","guid":{"rendered":"https:\/\/new.stomil-bydgoszcz.pl\/produkt\/waz-do-wody-06-mpa\/"},"modified":"2026-03-17T21:40:00","modified_gmt":"2026-03-17T21:40:00","slug":"wasser-vase-06-mpa","status":"publish","type":"product","link":"https:\/\/new.stomil-bydgoszcz.pl\/de\/produkt\/waz-do-wody-06-mpa\/","title":{"rendered":"0,6 MPa Wasserschl\u00e4uche"},"content":{"rendered":"<p><strong>EIGENSCHAFTEN<\/strong><\/p>\n<p><strong>Betriebsdruck<\/strong> - 6 bar (0,6 MPa)<br \/>\n<strong>Berstdruck<\/strong> - 18 bar (1,8 MPa)<br \/>\n<strong>Sicherheitsfaktor<\/strong> <strong>-<\/strong> 3:1<\/p>\n<p><strong>ANWENDUNG<\/strong><\/p>\n<p>Ein zuverl\u00e4ssiger Schl\u00e4uche f\u00fcr Wasser und leichte Chemikalien f\u00fcr allgemeine industrielle und landwirtschaftliche Zwecke, einschlie\u00dflich Be- und Entw\u00e4sserungssysteme. Auch f\u00fcr die Hei\u00dfwasserreinigung von B\u00f6den, W\u00e4nden und allen Arten von Ger\u00e4ten geeignet.<\/p>\n<p>Der SCHL\u00c4UCHE ist wetterfest und ozonbest\u00e4ndig.<\/p>\n<p>Auf Wunsch fertigen wir Schl\u00e4uche mit erh\u00f6hter Abriebfestigkeit f\u00fcr Mischungen von Wasser mit Sand, Schluff oder anderen Stoffen mit \u00e4hnlichen Eigenschaften.<\/p>\n<p>Auf Wunsch k\u00f6nnen wir die Schl\u00e4uche zus\u00e4tzlich mit einer \u00e4u\u00dferen Drahtspirale sch\u00fctzen, um sie vor Verformung und \u00fcberm\u00e4\u00dfigem Abrieb der Au\u00dfenschicht zu bewahren. Diese Option gilt f\u00fcr Schl\u00e4uche mit Nenndurchmessern gr\u00f6\u00dfer als DN 12.<\/p>\n<p><strong>Betriebstemperatur<br \/>\n<\/strong>Von -30\u00b0C bis +80\u00b0C<br \/>\nKurzzeitig bis zu +100\u00b0C<\/p>\n<p><strong>KONSTRUKTION<\/strong><\/p>\n<p>Schl\u00e4uche bis DN 80 werden in \u00dcbereinstimmung mit EN ISO 1403 (TYP 1) hergestellt.<br \/>\nSchl\u00e4uche mit einem Durchmesser von DN 100 werden nach dem Projekt WT-37\/13\/BZPG des Autors Stomil Bydgoszcz hergestellt.<\/p>\n<p><strong>Innere Schicht<br \/>\n<\/strong>Schwarz gef\u00e4rbter Gummi aus SBR-Synthesekautschuk, best\u00e4ndig gegen hei\u00dfes Wasser.<\/p>\n<p><strong>Verst\u00e4rkung<br \/>\n<\/strong>Zwischenlagen aus Textilkord oder hochfesten synthetischen F\u00e4den.<\/p>\n<p><strong>\u00c4u\u00dfere Schicht<br \/>\n<\/strong>Schwarzer SBR-Synthesekautschuk, abriebfest, witterungs- und ozonbest\u00e4ndig.<br \/>\nBis zu einem Durchmesser von DN 12,5 glatte Oberfl\u00e4che. Gr\u00f6\u00dfere Durchmesser mit Gewebeeindruck.<\/p>\n<p><strong>UNTERSCHRIFT<\/strong><\/p>\n<p>Durchmesser mit glatter Oberfl\u00e4che sind mit wei\u00dfer Farbe markiert. Durchmesser mit Stoffaufdruck sind mit gr\u00fcnem Klebeband markiert.<\/p>","protected":false},"excerpt":{"rendered":"<p><strong>Betriebsdruck:<\/strong>&nbsp;6 bar (0,6 MPa) | <strong>Berstdruck:<\/strong>&nbsp;18 bar (1,8 MPa) | <strong>Sicherheitsfaktor<\/strong>:  3:1 | <strong>Betriebstemperatur:<\/strong> Von -30\u00b0C bis +80\u00b0C, vor\u00fcbergehend bis zu +100\u00b0C<\/p>","protected":false},"featured_media":7121,"comment_status":"closed","ping_status":"closed","template":"","meta":[],"product_brand":[],"product_cat":[88,155,92,219,77,178,176,140],"product_tag":[],"class_list":{"0":"post-7124","1":"product","2":"type-product","3":"status-publish","4":"has-post-thumbnail","6":"product_cat-branze","7":"product_cat-budowa-maszyn-i-urzadzen","8":"product_cat-budownictwo","9":"product_cat-do-wody-06-mpa","10":"product_cat-grupy-produktow","11":"product_cat-rolnictwo","12":"product_cat-weze-do-wody","13":"product_cat-weze-przemyslowe","15":"first","16":"instock","17":"taxable","18":"shipping-taxable","19":"purchasable","20":"product-type-variable"},"stomil_properties":[{"variation_id":7126,"sku":"WPWO06ZW006NF601","variation_title":"W\u0105\u017c do wody 0,6 MPa DN6,3 (1\/4\")","properties":[{"property":"\u015arednica nominalna wewn\u0119trzna","unit":"mm","value":"6,3"},{"property":"\u015arednica nominalna wewn\u0119trzna","unit":"ukryte","value":"\u00b10,75"},{"property":"\u015arednica nominalna wewn\u0119trzna","unit":"cal","value":"1\/4"},{"property":"\u015arednica zewn\u0119trzna [mm]","unit":"mm","value":"13,0"},{"property":"Maksymalne ci\u015bnienie robocze","unit":"bar","value":"6"},{"property":"Maksymalne ci\u015bnienie robocze","unit":"MPa","value":"0,6"},{"property":"Maksymalne ci\u015bnienie robocze","unit":"psi","value":"87"},{"property":"Ci\u015bnienie rozrywaj\u0105ce","unit":"bar","value":"18"},{"property":"Wsp\u00f3\u0142czynnik bezpiecze\u0144stwa","unit":"-","value":"3:1"},{"property":"Standardowe d\u0142ugo\u015bci odcink\u00f3w","unit":"m","value":"50"},{"property":"Waga jednostkowa","unit":"kg\/m","value":"0,12"},{"property":"Rodzaj wzmocnienia","unit":"-","value":"nici"}]},{"variation_id":7128,"sku":"WPWO06ZW008NF601","variation_title":"W\u0105\u017c do wody 0,6 MPa DN8 (5\/16\")","properties":[{"property":"\u015arednica nominalna wewn\u0119trzna","unit":"mm","value":"8,0"},{"property":"\u015arednica nominalna wewn\u0119trzna","unit":"ukryte","value":"\u00b10,75"},{"property":"\u015arednica nominalna wewn\u0119trzna","unit":"cal","value":"5\/16"},{"property":"\u015arednica zewn\u0119trzna [mm]","unit":"mm","value":"15,0"},{"property":"Maksymalne ci\u015bnienie robocze","unit":"bar","value":"6"},{"property":"Maksymalne ci\u015bnienie robocze","unit":"MPa","value":"0,6"},{"property":"Maksymalne ci\u015bnienie robocze","unit":"psi","value":"87"},{"property":"Ci\u015bnienie rozrywaj\u0105ce","unit":"bar","value":"18"},{"property":"Wsp\u00f3\u0142czynnik bezpiecze\u0144stwa","unit":"-","value":"3:1"},{"property":"Standardowe d\u0142ugo\u015bci odcink\u00f3w","unit":"m","value":"50"},{"property":"Waga jednostkowa","unit":"kg\/m","value":"0,17"},{"property":"Rodzaj wzmocnienia","unit":"-","value":"nici"}]},{"variation_id":7130,"sku":"WPWO06ZW010NF601","variation_title":"W\u0105\u017c do wody 0,6 MPa DN10 (3\/8\")","properties":[{"property":"\u015arednica nominalna wewn\u0119trzna","unit":"mm","value":"10,0"},{"property":"\u015arednica nominalna wewn\u0119trzna","unit":"ukryte","value":"\u00b10,75"},{"property":"\u015arednica nominalna wewn\u0119trzna","unit":"cal","value":"3\/8"},{"property":"\u015arednica zewn\u0119trzna [mm]","unit":"mm","value":"17,0"},{"property":"Maksymalne ci\u015bnienie robocze","unit":"bar","value":"6"},{"property":"Maksymalne ci\u015bnienie robocze","unit":"MPa","value":"0,6"},{"property":"Maksymalne ci\u015bnienie robocze","unit":"psi","value":"87"},{"property":"Ci\u015bnienie rozrywaj\u0105ce","unit":"bar","value":"18"},{"property":"Wsp\u00f3\u0142czynnik bezpiecze\u0144stwa","unit":"-","value":"3:1"},{"property":"Standardowe d\u0142ugo\u015bci odcink\u00f3w","unit":"m","value":"50"},{"property":"Waga jednostkowa","unit":"kg\/m","value":"0,20"},{"property":"Rodzaj wzmocnienia","unit":"-","value":"nici"}]},{"variation_id":7132,"sku":"WPWO06ZW012NF601","variation_title":"W\u0105\u017c do wody 0,6 MPa DN12,5 (1\/2\")","properties":[{"property":"\u015arednica nominalna wewn\u0119trzna","unit":"mm","value":"12,5"},{"property":"\u015arednica nominalna wewn\u0119trzna","unit":"ukryte","value":"\u00b10,75"},{"property":"\u015arednica nominalna wewn\u0119trzna","unit":"cal","value":"1\/2"},{"property":"\u015arednica zewn\u0119trzna [mm]","unit":"mm","value":"21,0"},{"property":"Maksymalne ci\u015bnienie robocze","unit":"bar","value":"6"},{"property":"Maksymalne ci\u015bnienie robocze","unit":"MPa","value":"0,6"},{"property":"Maksymalne ci\u015bnienie robocze","unit":"psi","value":"87"},{"property":"Ci\u015bnienie rozrywaj\u0105ce","unit":"bar","value":"18"},{"property":"Wsp\u00f3\u0142czynnik bezpiecze\u0144stwa","unit":"-","value":"3:1"},{"property":"Standardowe d\u0142ugo\u015bci odcink\u00f3w","unit":"m","value":"50 lub 20"},{"property":"Waga jednostkowa","unit":"kg\/m","value":"0,24"},{"property":"Rodzaj wzmocnienia","unit":"-","value":"nici lub kord"}]},{"variation_id":7134,"sku":"WPWO06ZW014OT620","variation_title":"W\u0105\u017c do wody 0,6 MPa DN14 (9\/16\")","properties":[{"property":"\u015arednica nominalna wewn\u0119trzna","unit":"mm","value":"14,0"},{"property":"\u015arednica nominalna wewn\u0119trzna","unit":"ukryte","value":"\u00b10,75"},{"property":"\u015arednica nominalna wewn\u0119trzna","unit":"cal","value":"9\/16"},{"property":"\u015arednica zewn\u0119trzna [mm]","unit":"mm","value":"22,0"},{"property":"Maksymalne ci\u015bnienie robocze","unit":"bar","value":"6"},{"property":"Maksymalne ci\u015bnienie robocze","unit":"MPa","value":"0,6"},{"property":"Maksymalne ci\u015bnienie robocze","unit":"psi","value":"87"},{"property":"Ci\u015bnienie rozrywaj\u0105ce","unit":"bar","value":"18"},{"property":"Wsp\u00f3\u0142czynnik bezpiecze\u0144stwa","unit":"-","value":"3:1"},{"property":"Standardowe d\u0142ugo\u015bci odcink\u00f3w","unit":"m","value":"20"},{"property":"Waga jednostkowa","unit":"kg\/m","value":"0,30"},{"property":"Rodzaj wzmocnienia","unit":"-","value":"kord"}]},{"variation_id":7136,"sku":"WPWO06ZW016OT620","variation_title":"W\u0105\u017c do wody 0,6 MPa DN16 (5\/8\")","properties":[{"property":"\u015arednica nominalna wewn\u0119trzna","unit":"mm","value":"16,0"},{"property":"\u015arednica nominalna wewn\u0119trzna","unit":"ukryte","value":"\u00b10,75"},{"property":"\u015arednica nominalna wewn\u0119trzna","unit":"cal","value":"5\/8"},{"property":"\u015arednica zewn\u0119trzna [mm]","unit":"mm","value":"24,0"},{"property":"Maksymalne ci\u015bnienie robocze","unit":"bar","value":"6"},{"property":"Maksymalne ci\u015bnienie robocze","unit":"MPa","value":"0,6"},{"property":"Maksymalne ci\u015bnienie robocze","unit":"psi","value":"87"},{"property":"Ci\u015bnienie rozrywaj\u0105ce","unit":"bar","value":"18"},{"property":"Wsp\u00f3\u0142czynnik bezpiecze\u0144stwa","unit":"-","value":"3:1"},{"property":"Standardowe d\u0142ugo\u015bci odcink\u00f3w","unit":"m","value":"20"},{"property":"Waga jednostkowa","unit":"kg\/m","value":"0,31"},{"property":"Rodzaj wzmocnienia","unit":"-","value":"kord"}]},{"variation_id":7138,"sku":"WPWO06ZW018OT620","variation_title":"W\u0105\u017c do wody 0,6 MPa DN18 (23\/32\")","properties":[{"property":"\u015arednica nominalna wewn\u0119trzna","unit":"mm","value":"18,0"},{"property":"\u015arednica nominalna wewn\u0119trzna","unit":"ukryte","value":"\u00b10,75"},{"property":"\u015arednica nominalna wewn\u0119trzna","unit":"cal","value":"23\/32"},{"property":"\u015arednica zewn\u0119trzna [mm]","unit":"mm","value":"26,0"},{"property":"Maksymalne ci\u015bnienie robocze","unit":"bar","value":"6"},{"property":"Maksymalne ci\u015bnienie robocze","unit":"MPa","value":"0,6"},{"property":"Maksymalne ci\u015bnienie robocze","unit":"psi","value":"87"},{"property":"Ci\u015bnienie rozrywaj\u0105ce","unit":"bar","value":"18"},{"property":"Wsp\u00f3\u0142czynnik bezpiecze\u0144stwa","unit":"-","value":"3:1"},{"property":"Standardowe d\u0142ugo\u015bci odcink\u00f3w","unit":"m","value":"20"},{"property":"Waga jednostkowa","unit":"kg\/m","value":"0,34"},{"property":"Rodzaj wzmocnienia","unit":"-","value":"kord"}]},{"variation_id":7140,"sku":"WPWO06ZW020OT620","variation_title":"W\u0105\u017c do wody 0,6 MPa DN20 (25\/32\")","properties":[{"property":"\u015arednica nominalna wewn\u0119trzna","unit":"mm","value":"20,0"},{"property":"\u015arednica nominalna wewn\u0119trzna","unit":"ukryte","value":"\u00b10,75"},{"property":"\u015arednica nominalna wewn\u0119trzna","unit":"cal","value":"25\/32"},{"property":"\u015arednica zewn\u0119trzna [mm]","unit":"mm","value":"30,0"},{"property":"Maksymalne ci\u015bnienie robocze","unit":"bar","value":"6"},{"property":"Maksymalne ci\u015bnienie robocze","unit":"MPa","value":"0,6"},{"property":"Maksymalne ci\u015bnienie robocze","unit":"psi","value":"87"},{"property":"Ci\u015bnienie rozrywaj\u0105ce","unit":"bar","value":"18"},{"property":"Wsp\u00f3\u0142czynnik bezpiecze\u0144stwa","unit":"-","value":"3:1"},{"property":"Standardowe d\u0142ugo\u015bci odcink\u00f3w","unit":"m","value":"20"},{"property":"Waga jednostkowa","unit":"kg\/m","value":"0,37"},{"property":"Rodzaj wzmocnienia","unit":"-","value":"kord"}]},{"variation_id":7142,"sku":"WPWO06ZW025OT620","variation_title":"W\u0105\u017c do wody 0,6 MPa DN25 (1\")","properties":[{"property":"\u015arednica nominalna wewn\u0119trzna","unit":"mm","value":"25,0"},{"property":"\u015arednica nominalna wewn\u0119trzna","unit":"ukryte","value":"\u00b11,25"},{"property":"\u015arednica nominalna wewn\u0119trzna","unit":"cal","value":"1"},{"property":"\u015arednica zewn\u0119trzna [mm]","unit":"mm","value":"35,0"},{"property":"Maksymalne ci\u015bnienie robocze","unit":"bar","value":"6"},{"property":"Maksymalne ci\u015bnienie robocze","unit":"MPa","value":"0,6"},{"property":"Maksymalne ci\u015bnienie robocze","unit":"psi","value":"87"},{"property":"Ci\u015bnienie rozrywaj\u0105ce","unit":"bar","value":"18"},{"property":"Wsp\u00f3\u0142czynnik bezpiecze\u0144stwa","unit":"-","value":"3:1"},{"property":"Standardowe d\u0142ugo\u015bci odcink\u00f3w","unit":"m","value":"20"},{"property":"Waga jednostkowa","unit":"kg\/m","value":"0,59"},{"property":"Rodzaj wzmocnienia","unit":"-","value":"kord"}]},{"variation_id":7144,"sku":"WPWO06ZW028OT620","variation_title":"W\u0105\u017c do wody 0,6 MPa DN28 (1.3\/32\")","properties":[{"property":"\u015arednica nominalna wewn\u0119trzna","unit":"mm","value":"28,0"},{"property":"\u015arednica nominalna wewn\u0119trzna","unit":"ukryte","value":"\u00b11,25"},{"property":"\u015arednica nominalna wewn\u0119trzna","unit":"cal","value":"1 3\/32"},{"property":"\u015arednica zewn\u0119trzna [mm]","unit":"mm","value":"38,0"},{"property":"Maksymalne ci\u015bnienie robocze","unit":"bar","value":"6"},{"property":"Maksymalne ci\u015bnienie robocze","unit":"MPa","value":"0,6"},{"property":"Maksymalne ci\u015bnienie robocze","unit":"psi","value":"87"},{"property":"Ci\u015bnienie rozrywaj\u0105ce","unit":"bar","value":"18"},{"property":"Wsp\u00f3\u0142czynnik bezpiecze\u0144stwa","unit":"-","value":"3:1"},{"property":"Standardowe d\u0142ugo\u015bci odcink\u00f3w","unit":"m","value":"20"},{"property":"Waga jednostkowa","unit":"kg\/m","value":"0,57"},{"property":"Rodzaj wzmocnienia","unit":"-","value":"kord"}]},{"variation_id":7146,"sku":"WPWO06ZW031OT620","variation_title":"W\u0105\u017c do wody 0,6 MPa DN31,5 (1.15\/64\")","properties":[{"property":"\u015arednica nominalna wewn\u0119trzna","unit":"mm","value":"31,5"},{"property":"\u015arednica nominalna wewn\u0119trzna","unit":"ukryte","value":"\u00b11,25"},{"property":"\u015arednica nominalna wewn\u0119trzna","unit":"cal","value":"1 15\/64"},{"property":"\u015arednica zewn\u0119trzna [mm]","unit":"mm","value":"41,0"},{"property":"Maksymalne ci\u015bnienie robocze","unit":"bar","value":"6"},{"property":"Maksymalne ci\u015bnienie robocze","unit":"MPa","value":"0,6"},{"property":"Maksymalne ci\u015bnienie robocze","unit":"psi","value":"87"},{"property":"Ci\u015bnienie rozrywaj\u0105ce","unit":"bar","value":"18"},{"property":"Wsp\u00f3\u0142czynnik bezpiecze\u0144stwa","unit":"-","value":"3:1"},{"property":"Standardowe d\u0142ugo\u015bci odcink\u00f3w","unit":"m","value":"20"},{"property":"Waga jednostkowa","unit":"kg\/m","value":"0,63"},{"property":"Rodzaj wzmocnienia","unit":"-","value":"kord"}]},{"variation_id":7148,"sku":"WPWO06ZW038WT620","variation_title":"W\u0105\u017c do wody 0,6 MPa DN38 (1.1\/2\")","properties":[{"property":"\u015arednica nominalna wewn\u0119trzna","unit":"mm","value":"38,0"},{"property":"\u015arednica nominalna wewn\u0119trzna","unit":"ukryte","value":"\u00b11,25"},{"property":"\u015arednica nominalna wewn\u0119trzna","unit":"cal","value":"1 1\/2"},{"property":"\u015arednica zewn\u0119trzna [mm]","unit":"mm","value":"48,0"},{"property":"Maksymalne ci\u015bnienie robocze","unit":"bar","value":"6"},{"property":"Maksymalne ci\u015bnienie robocze","unit":"MPa","value":"0,6"},{"property":"Maksymalne ci\u015bnienie robocze","unit":"psi","value":"87"},{"property":"Ci\u015bnienie rozrywaj\u0105ce","unit":"bar","value":"18"},{"property":"Wsp\u00f3\u0142czynnik bezpiecze\u0144stwa","unit":"-","value":"3:1"},{"property":"Standardowe d\u0142ugo\u015bci odcink\u00f3w","unit":"m","value":"20"},{"property":"Waga jednostkowa","unit":"kg\/m","value":"0,80"},{"property":"Rodzaj wzmocnienia","unit":"-","value":"kord"}]},{"variation_id":7150,"sku":"WPWO06ZW040WT620","variation_title":"W\u0105\u017c do wody 0,6 MPa DN40 (1.9\/16\")","properties":[{"property":"\u015arednica nominalna wewn\u0119trzna","unit":"mm","value":"40,0"},{"property":"\u015arednica nominalna wewn\u0119trzna","unit":"ukryte","value":"\u00b11,50"},{"property":"\u015arednica nominalna wewn\u0119trzna","unit":"cal","value":"1 9\/16"},{"property":"\u015arednica zewn\u0119trzna [mm]","unit":"mm","value":"50,0"},{"property":"Maksymalne ci\u015bnienie robocze","unit":"bar","value":"6"},{"property":"Maksymalne ci\u015bnienie robocze","unit":"MPa","value":"0,6"},{"property":"Maksymalne ci\u015bnienie robocze","unit":"psi","value":"87"},{"property":"Ci\u015bnienie rozrywaj\u0105ce","unit":"bar","value":"18"},{"property":"Wsp\u00f3\u0142czynnik bezpiecze\u0144stwa","unit":"-","value":"3:1"},{"property":"Standardowe d\u0142ugo\u015bci odcink\u00f3w","unit":"m","value":"20"},{"property":"Waga jednostkowa","unit":"kg\/m","value":"0,98"},{"property":"Rodzaj wzmocnienia","unit":"-","value":"kord"}]},{"variation_id":7152,"sku":"WPWO06ZW045WT620","variation_title":"W\u0105\u017c do wody 0,6 MPa DN45 (1.3\/4\")","properties":[{"property":"\u015arednica nominalna wewn\u0119trzna","unit":"mm","value":"45,0"},{"property":"\u015arednica nominalna wewn\u0119trzna","unit":"ukryte","value":"\u00b11,50"},{"property":"\u015arednica nominalna wewn\u0119trzna","unit":"cal","value":"1 3\/4"},{"property":"\u015arednica zewn\u0119trzna [mm]","unit":"mm","value":"55,0"},{"property":"Maksymalne ci\u015bnienie robocze","unit":"bar","value":"6"},{"property":"Maksymalne ci\u015bnienie robocze","unit":"MPa","value":"0,6"},{"property":"Maksymalne ci\u015bnienie robocze","unit":"psi","value":"87"},{"property":"Ci\u015bnienie rozrywaj\u0105ce","unit":"bar","value":"18"},{"property":"Wsp\u00f3\u0142czynnik bezpiecze\u0144stwa","unit":"-","value":"3:1"},{"property":"Standardowe d\u0142ugo\u015bci odcink\u00f3w","unit":"m","value":"20"},{"property":"Waga jednostkowa","unit":"kg\/m","value":"1,09"},{"property":"Rodzaj wzmocnienia","unit":"-","value":"kord"}]},{"variation_id":7154,"sku":"WPWO06ZW050WT620","variation_title":"W\u0105\u017c do wody 0,6 MPa DN50 (2\")","properties":[{"property":"\u015arednica nominalna wewn\u0119trzna","unit":"mm","value":"50,0"},{"property":"\u015arednica nominalna wewn\u0119trzna","unit":"ukryte","value":"\u00b11,50"},{"property":"\u015arednica nominalna wewn\u0119trzna","unit":"cal","value":"2"},{"property":"\u015arednica zewn\u0119trzna [mm]","unit":"mm","value":"60,0"},{"property":"Maksymalne ci\u015bnienie robocze","unit":"bar","value":"6"},{"property":"Maksymalne ci\u015bnienie robocze","unit":"MPa","value":"0,6"},{"property":"Maksymalne ci\u015bnienie robocze","unit":"psi","value":"87"},{"property":"Ci\u015bnienie rozrywaj\u0105ce","unit":"bar","value":"18"},{"property":"Wsp\u00f3\u0142czynnik bezpiecze\u0144stwa","unit":"-","value":"3:1"},{"property":"Standardowe d\u0142ugo\u015bci odcink\u00f3w","unit":"m","value":"20"},{"property":"Waga jednostkowa","unit":"kg\/m","value":"1,19"},{"property":"Rodzaj wzmocnienia","unit":"-","value":"kord"}]},{"variation_id":7156,"sku":"","variation_title":" W\u0105\u017c do wody 0,6 MPa DN55 (2.5\/32\")","properties":[{"property":"\u015arednica nominalna wewn\u0119trzna","unit":"mm","value":"55,0"},{"property":"\u015arednica nominalna wewn\u0119trzna","unit":"ukryte","value":"\u00b11,50"},{"property":"\u015arednica nominalna wewn\u0119trzna","unit":"cal","value":"2 5\/32"},{"property":"\u015arednica zewn\u0119trzna [mm]","unit":"mm","value":"65,0"},{"property":"Maksymalne ci\u015bnienie robocze","unit":"bar","value":"6"},{"property":"Maksymalne ci\u015bnienie robocze","unit":"MPa","value":"0,6"},{"property":"Maksymalne ci\u015bnienie robocze","unit":"psi","value":"87"},{"property":"Ci\u015bnienie rozrywaj\u0105ce","unit":"bar","value":"18"},{"property":"Wsp\u00f3\u0142czynnik bezpiecze\u0144stwa","unit":"-","value":"3:1"},{"property":"Standardowe d\u0142ugo\u015bci odcink\u00f3w","unit":"m","value":"20"},{"property":"Waga jednostkowa","unit":"kg\/m","value":"1,30"},{"property":"Rodzaj wzmocnienia","unit":"-","value":"kord"}]},{"variation_id":7158,"sku":"WPWO06ZW063WT620","variation_title":"W\u0105\u017c do wody 0,6 MPa DN63 (2.1\/2\")","properties":[{"property":"\u015arednica nominalna wewn\u0119trzna","unit":"mm","value":"63,0"},{"property":"\u015arednica nominalna wewn\u0119trzna","unit":"ukryte","value":"\u00b11,50"},{"property":"\u015arednica nominalna wewn\u0119trzna","unit":"cal","value":"2 1\/2"},{"property":"\u015arednica zewn\u0119trzna [mm]","unit":"mm","value":"73,0"},{"property":"Maksymalne ci\u015bnienie robocze","unit":"bar","value":"6"},{"property":"Maksymalne ci\u015bnienie robocze","unit":"MPa","value":"0,6"},{"property":"Maksymalne ci\u015bnienie robocze","unit":"psi","value":"87"},{"property":"Ci\u015bnienie rozrywaj\u0105ce","unit":"bar","value":"18"},{"property":"Wsp\u00f3\u0142czynnik bezpiecze\u0144stwa","unit":"-","value":"3:1"},{"property":"Standardowe d\u0142ugo\u015bci odcink\u00f3w","unit":"m","value":"20"},{"property":"Waga jednostkowa","unit":"kg\/m","value":"1,50"},{"property":"Rodzaj wzmocnienia","unit":"-","value":"kord"}]},{"variation_id":7160,"sku":"","variation_title":"W\u0105\u017c do wody 0,6 MPa DN70 (2.3\/4\")","properties":[{"property":"\u015arednica nominalna wewn\u0119trzna","unit":"mm","value":"70,0"},{"property":"\u015arednica nominalna wewn\u0119trzna","unit":"ukryte","value":"\u00b11,50"},{"property":"\u015arednica nominalna wewn\u0119trzna","unit":"cal","value":"2 3\/4"},{"property":"\u015arednica zewn\u0119trzna [mm]","unit":"mm","value":"80,0"},{"property":"Maksymalne ci\u015bnienie robocze","unit":"bar","value":"6"},{"property":"Maksymalne ci\u015bnienie robocze","unit":"MPa","value":"0,6"},{"property":"Maksymalne ci\u015bnienie robocze","unit":"psi","value":"87"},{"property":"Ci\u015bnienie rozrywaj\u0105ce","unit":"bar","value":"18"},{"property":"Wsp\u00f3\u0142czynnik bezpiecze\u0144stwa","unit":"-","value":"3:1"},{"property":"Standardowe d\u0142ugo\u015bci odcink\u00f3w","unit":"m","value":"20"},{"property":"Waga jednostkowa","unit":"kg\/m","value":"1,66"},{"property":"Rodzaj wzmocnienia","unit":"-","value":"kord"}]},{"variation_id":7162,"sku":"WPWO06ZW075WT620","variation_title":"W\u0105\u017c do wody 0,6 MPa DN75 (3\")","properties":[{"property":"\u015arednica nominalna wewn\u0119trzna","unit":"mm","value":"75,0"},{"property":"\u015arednica nominalna wewn\u0119trzna","unit":"ukryte","value":"\u00b11,50"},{"property":"\u015arednica nominalna wewn\u0119trzna","unit":"cal","value":"3"},{"property":"\u015arednica zewn\u0119trzna [mm]","unit":"mm","value":"87,0"},{"property":"Maksymalne ci\u015bnienie robocze","unit":"bar","value":"6"},{"property":"Maksymalne ci\u015bnienie robocze","unit":"MPa","value":"0,6"},{"property":"Maksymalne ci\u015bnienie robocze","unit":"psi","value":"87"},{"property":"Ci\u015bnienie rozrywaj\u0105ce","unit":"bar","value":"18"},{"property":"Wsp\u00f3\u0142czynnik bezpiecze\u0144stwa","unit":"-","value":"3:1"},{"property":"Standardowe d\u0142ugo\u015bci odcink\u00f3w","unit":"m","value":"20"},{"property":"Waga jednostkowa","unit":"kg\/m","value":"1,97"},{"property":"Rodzaj wzmocnienia","unit":"-","value":"kord"}]},{"variation_id":7164,"sku":"WPWO06ZW080WT620","variation_title":"W\u0105\u017c do wody 0,6 MPa DN80 (3.5\/32\")","properties":[{"property":"\u015arednica nominalna wewn\u0119trzna","unit":"mm","value":"80,0"},{"property":"\u015arednica nominalna wewn\u0119trzna","unit":"ukryte","value":"\u00b12,00"},{"property":"\u015arednica nominalna wewn\u0119trzna","unit":"cal","value":"3 5\/32"},{"property":"\u015arednica zewn\u0119trzna [mm]","unit":"mm","value":"92,0"},{"property":"Maksymalne ci\u015bnienie robocze","unit":"bar","value":"6"},{"property":"Maksymalne ci\u015bnienie robocze","unit":"MPa","value":"0,6"},{"property":"Maksymalne ci\u015bnienie robocze","unit":"psi","value":"87"},{"property":"Ci\u015bnienie rozrywaj\u0105ce","unit":"bar","value":"18"},{"property":"Wsp\u00f3\u0142czynnik bezpiecze\u0144stwa","unit":"-","value":"3:1"},{"property":"Standardowe d\u0142ugo\u015bci odcink\u00f3w","unit":"m","value":"10"},{"property":"Waga jednostkowa","unit":"kg\/m","value":"2,09"},{"property":"Rodzaj wzmocnienia","unit":"-","value":"kord"}]},{"variation_id":7166,"sku":"WPWO06ZW100WF623","variation_title":"W\u0105\u017c do wody 0,6 MPa DN100 (3.15\/16\")","properties":[{"property":"\u015arednica nominalna wewn\u0119trzna","unit":"mm","value":"100,0"},{"property":"\u015arednica nominalna wewn\u0119trzna","unit":"ukryte","value":"\u00b12,00"},{"property":"\u015arednica nominalna wewn\u0119trzna","unit":"cal","value":"3 15\/16"},{"property":"\u015arednica zewn\u0119trzna [mm]","unit":"mm","value":"112,0"},{"property":"Maksymalne ci\u015bnienie robocze","unit":"bar","value":"6"},{"property":"Maksymalne ci\u015bnienie robocze","unit":"MPa","value":"0,6"},{"property":"Maksymalne ci\u015bnienie robocze","unit":"psi","value":"87"},{"property":"Ci\u015bnienie rozrywaj\u0105ce","unit":"bar","value":"18"},{"property":"Wsp\u00f3\u0142czynnik bezpiecze\u0144stwa","unit":"-","value":"3:1"},{"property":"Standardowe d\u0142ugo\u015bci odcink\u00f3w","unit":"m","value":"10"},{"property":"Waga jednostkowa","unit":"kg\/m","value":"2,65"},{"property":"Rodzaj wzmocnienia","unit":"-","value":"kord"}]}],"_links":{"self":[{"href":"https:\/\/new.stomil-bydgoszcz.pl\/de\/wp-json\/wp\/v2\/product\/7124","targetHints":{"allow":["GET"]}}],"collection":[{"href":"https:\/\/new.stomil-bydgoszcz.pl\/de\/wp-json\/wp\/v2\/product"}],"about":[{"href":"https:\/\/new.stomil-bydgoszcz.pl\/de\/wp-json\/wp\/v2\/types\/product"}],"replies":[{"embeddable":true,"href":"https:\/\/new.stomil-bydgoszcz.pl\/de\/wp-json\/wp\/v2\/comments?post=7124"}],"wp:featuredmedia":[{"embeddable":true,"href":"https:\/\/new.stomil-bydgoszcz.pl\/de\/wp-json\/wp\/v2\/media\/7121"}],"wp:attachment":[{"href":"https:\/\/new.stomil-bydgoszcz.pl\/de\/wp-json\/wp\/v2\/media?parent=7124"}],"wp:term":[{"taxonomy":"product_brand","embeddable":true,"href":"https:\/\/new.stomil-bydgoszcz.pl\/de\/wp-json\/wp\/v2\/product_brand?post=7124"},{"taxonomy":"product_cat","embeddable":true,"href":"https:\/\/new.stomil-bydgoszcz.pl\/de\/wp-json\/wp\/v2\/product_cat?post=7124"},{"taxonomy":"product_tag","embeddable":true,"href":"https:\/\/new.stomil-bydgoszcz.pl\/de\/wp-json\/wp\/v2\/product_tag?post=7124"}],"curies":[{"name":"wp","href":"https:\/\/api.w.org\/{rel}","templated":true}]}}