{"id":7170,"date":"2026-03-17T21:39:21","date_gmt":"2026-03-17T21:39:21","guid":{"rendered":"https:\/\/new.stomil-bydgoszcz.pl\/produkt\/waz-hydrauliczny-2-sn-euro-wash-150c\/"},"modified":"2026-03-17T21:40:00","modified_gmt":"2026-03-17T21:40:00","slug":"hydraulische-schaufel-2-sn-euro-wash-150c","status":"publish","type":"product","link":"https:\/\/new.stomil-bydgoszcz.pl\/de\/produkt\/waz-hydrauliczny-2-sn-euro-wash-150c\/","title":{"rendered":"HYDRAULIKSCHL\u00c4UCHE 2 SN EURO WASH 150\u00b0C"},"content":{"rendered":"<p><strong>ANWENDUNG<\/strong><\/p>\n<p>Spezialisierte Schl\u00e4uche f\u00fcr die Hochdruckreinigung mit Wasser und Hochtemperaturreinigungsl\u00f6sungen.<\/p>\n<p>Es k\u00f6nnen Schl\u00e4uche verwendet werden:<br \/>\n- f\u00fcr K\u00c4RCHER-Waschmaschinen in PKW- und Nutzfahrzeugwaschanlagen sowie in Waschanlagen f\u00fcr Schienenfahrzeuge,<br \/>\n- f\u00fcr station\u00e4re Hei\u00dfwasser-Hochdruckreinigungsanlagen (Reinigungsger\u00e4te, Staubsauger, usw.).<\/p>\n<p>Die Schl\u00e4uche sind nicht f\u00fcr die Durchleitung von Trinkwasser und Dampf bestimmt.<\/p>\n<p><strong>Betriebsdruck<br \/>\n<\/strong>Von 125 bis 400 bar, je nach Durchmesser.<\/p>\n<p><strong>Betriebstemperatur<br \/>\n<\/strong>Von -20\u00b0C bis +150\u00b0C<\/p>\n<p><strong>KONSTRUKTION<br \/>\n<\/strong>Hergestellt nach einem Entwurf des Autors von Stomil Bydgoszcz (ZN-10\/13\/BZPG).<br \/>\nAlle Abmessungen der Schl\u00e4uche entsprechen den Anforderungen der EN 853.<br \/>\nBerstdruck- und Impulsdruckfestigkeit nach EN 1829-2.<\/p>\n<p><strong>Innere Schicht<br \/>\n<\/strong>Schwarz gef\u00e4rbter synthetischer Kautschuk, der gegen Wasser und Hochtemperatur-Reinigungsl\u00f6sungen best\u00e4ndig ist.<\/p>\n<p><strong>Verst\u00e4rkung<br \/>\n<\/strong>Zwei hochfeste Stahldrahtgeflechte.<\/p>\n<p><strong>\u00c4u\u00dfere Schicht<br \/>\n<\/strong>Synthetischer Kautschuk, abrieb-, \u00f6l-, witterungs- und ozonbest\u00e4ndig.<br \/>\nSchl\u00e4uche werden in schwarz, rot oder blau angeboten.<\/p>\n<p>Schl\u00e4uche k\u00f6nnen auf Anfrage auch in anderen Farben hergestellt werden.<\/p>\n<p>\u00dcberpr\u00fcfen Sie auch die Hydraulikschl\u00e4uche: <a href=\"https:\/\/sklep.stomil-bydgoszcz.pl\/kategoria-produktu\/grupy-produktow\/weze-hydrauliczne\/weze-hydrauliczne\/1sc\/\">1 SC<\/a>, <a href=\"https:\/\/sklep.stomil-bydgoszcz.pl\/produkt\/waz-hydrauliczny-2-sc-en-857\/\">2 SC<\/a>, <a href=\"https:\/\/sklep.stomil-bydgoszcz.pl\/produkt\/waz-hydrauliczny-1-sn-en-853-r1s-sae-j517\/\">1 SN<\/a>, <a href=\"https:\/\/sklep.stomil-bydgoszcz.pl\/produkt\/waz-hydrauliczny-2-sn-en-853-r2s-sae-j517\/\">2 SN<\/a>, <a href=\"https:\/\/sklep.stomil-bydgoszcz.pl\/produkt\/waz-hydrauliczny-eh-221-en-857\/\">ETH 221<\/a>, <a href=\"https:\/\/sklep.stomil-bydgoszcz.pl\/produkt\/waz-hydrauliczny-3-sp\/\">3 SP<\/a>, <a href=\"https:\/\/sklep.stomil-bydgoszcz.pl\/produkt\/waz-hydrauliczny-2-te-en-854\/\">2 TE<\/a> i <a href=\"https:\/\/sklep.stomil-bydgoszcz.pl\/kategoria-produktu\/grupy-produktow\/weze-hydrauliczne\/weze-do-myjni\/\">WASCHANLAGENSCHL\u00c4UCHE<\/a>.<\/p>","protected":false},"excerpt":{"rendered":"<p><strong>Betriebsdruck: <\/strong>von 125 bis 400 bar je nach Durchmesser |&nbsp;<strong>Betriebstemperatur: <\/strong>von -20\u00b0C bis +150\u00b0C<\/p>","protected":false},"featured_media":7167,"comment_status":"closed","ping_status":"closed","template":"","meta":[],"product_brand":[],"product_cat":[220,88,155,77,221,91],"product_tag":[],"class_list":{"0":"post-7170","1":"product","2":"type-product","3":"status-publish","4":"has-post-thumbnail","6":"product_cat-2sn-euro-wash-150c","7":"product_cat-branze","8":"product_cat-budowa-maszyn-i-urzadzen","9":"product_cat-grupy-produktow","10":"product_cat-weze-do-myjni","11":"product_cat-weze-hydrauliczne","13":"first","14":"instock","15":"taxable","16":"shipping-taxable","17":"purchasable","18":"product-type-variable"},"stomil_properties":[{"variation_id":7172,"sku":"WH2SNM106S0F003","variation_title":"W\u0105\u017c hydrauliczny 2SN EURO WASH 150C DN06 (1\/4\") 400 bar","properties":[{"property":"\u015arednica nominalna wewn\u0119trzna","unit":"mm","value":"6"},{"property":"\u015arednica nominalna wewn\u0119trzna","unit":"cal","value":"1\/4"},{"property":"\u015arednica wewn\u0119trzna [mm]","unit":"min.","value":"6,4"},{"property":"\u015arednica wewn\u0119trzna [mm]","unit":"max.","value":"7,0"},{"property":"\u015arednica zewn\u0119trzna oplotu stalowego [mm]","unit":"min.","value":"12,1"},{"property":"\u015arednica zewn\u0119trzna oplotu stalowego [mm]","unit":"max.","value":"13,3"},{"property":"\u015arednica zewn\u0119trzna [mm]","unit":"max.","value":"15,7"},{"property":"Maksymalne ci\u015bnienie robocze","unit":"bar","value":"400"},{"property":"Maksymalne ci\u015bnienie robocze","unit":"psi","value":"5801"},{"property":"Ci\u015bnienie rozrywaj\u0105ce","unit":"bar","value":"1600"},{"property":"Wsp\u00f3\u0142czynnik bezpiecze\u0144stwa","unit":"-","value":"4,0"},{"property":"Najmniejszy promie\u0144 zgi\u0119cia","unit":"mm","value":"100"},{"property":"Waga jednostkowa","unit":"kg\/m","value":"0,32"}]},{"variation_id":7174,"sku":"WH2SNM108S0F003","variation_title":"W\u0105\u017c hydrauliczny 2SN EURO WASH 150C DN08 (5\/16\") 350 bar","properties":[{"property":"\u015arednica nominalna wewn\u0119trzna","unit":"mm","value":"8"},{"property":"\u015arednica nominalna wewn\u0119trzna","unit":"cal","value":"5\/16"},{"property":"\u015arednica wewn\u0119trzna [mm]","unit":"min.","value":"7,9"},{"property":"\u015arednica wewn\u0119trzna [mm]","unit":"max.","value":"8,5"},{"property":"\u015arednica zewn\u0119trzna oplotu stalowego [mm]","unit":"min.","value":"13,7"},{"property":"\u015arednica zewn\u0119trzna oplotu stalowego [mm]","unit":"max.","value":"14,9"},{"property":"\u015arednica zewn\u0119trzna [mm]","unit":"max.","value":"17,3"},{"property":"Maksymalne ci\u015bnienie robocze","unit":"bar","value":"350"},{"property":"Maksymalne ci\u015bnienie robocze","unit":"psi","value":"5076"},{"property":"Ci\u015bnienie rozrywaj\u0105ce","unit":"bar","value":"1400"},{"property":"Wsp\u00f3\u0142czynnik bezpiecze\u0144stwa","unit":"-","value":"4,0"},{"property":"Najmniejszy promie\u0144 zgi\u0119cia","unit":"mm","value":"115"},{"property":"Waga jednostkowa","unit":"kg\/m","value":"0,38"}]},{"variation_id":7176,"sku":"WH2SNM110S0F003","variation_title":"W\u0105\u017c hydrauliczny 2SN EURO WASH 150C DN10 (3\/8\") 330 bar","properties":[{"property":"\u015arednica nominalna wewn\u0119trzna","unit":"mm","value":"10"},{"property":"\u015arednica nominalna wewn\u0119trzna","unit":"cal","value":"3\/8"},{"property":"\u015arednica wewn\u0119trzna [mm]","unit":"min.","value":"9,5"},{"property":"\u015arednica wewn\u0119trzna [mm]","unit":"max.","value":"10,1"},{"property":"\u015arednica zewn\u0119trzna oplotu stalowego [mm]","unit":"min.","value":"16,1"},{"property":"\u015arednica zewn\u0119trzna oplotu stalowego [mm]","unit":"max.","value":"17,3"},{"property":"\u015arednica zewn\u0119trzna [mm]","unit":"max.","value":"19,7"},{"property":"Maksymalne ci\u015bnienie robocze","unit":"bar","value":"330"},{"property":"Maksymalne ci\u015bnienie robocze","unit":"psi","value":"4786"},{"property":"Ci\u015bnienie rozrywaj\u0105ce","unit":"bar","value":"1320"},{"property":"Wsp\u00f3\u0142czynnik bezpiecze\u0144stwa","unit":"-","value":"4,0"},{"property":"Najmniejszy promie\u0144 zgi\u0119cia","unit":"mm","value":"130"},{"property":"Waga jednostkowa","unit":"kg\/m","value":"0,47"}]},{"variation_id":7178,"sku":"WH2SNM112S0F003","variation_title":"W\u0105\u017c hydrauliczny 2SN EURO WASH 150C DN12 (1\/2\") 275 bar","properties":[{"property":"\u015arednica nominalna wewn\u0119trzna","unit":"mm","value":"12"},{"property":"\u015arednica nominalna wewn\u0119trzna","unit":"cal","value":"1\/2"},{"property":"\u015arednica wewn\u0119trzna [mm]","unit":"min.","value":"12,7"},{"property":"\u015arednica wewn\u0119trzna [mm]","unit":"max.","value":"13,5"},{"property":"\u015arednica zewn\u0119trzna oplotu stalowego [mm]","unit":"min.","value":"19,0"},{"property":"\u015arednica zewn\u0119trzna oplotu stalowego [mm]","unit":"max.","value":"20,6"},{"property":"\u015arednica zewn\u0119trzna [mm]","unit":"max.","value":"23,0"},{"property":"Maksymalne ci\u015bnienie robocze","unit":"bar","value":"275"},{"property":"Maksymalne ci\u015bnienie robocze","unit":"psi","value":"3988"},{"property":"Ci\u015bnienie rozrywaj\u0105ce","unit":"bar","value":"1100"},{"property":"Wsp\u00f3\u0142czynnik bezpiecze\u0144stwa","unit":"-","value":"4,0"},{"property":"Najmniejszy promie\u0144 zgi\u0119cia","unit":"mm","value":"180"},{"property":"Waga jednostkowa","unit":"kg\/m","value":"0,57"}]},{"variation_id":7180,"sku":"","variation_title":"W\u0105\u017c hydrauliczny 2SN EURO WASH 150C DN16 (5\/8\") 250 bar","properties":[{"property":"\u015arednica nominalna wewn\u0119trzna","unit":"mm","value":"16"},{"property":"\u015arednica nominalna wewn\u0119trzna","unit":"cal","value":"5\/8"},{"property":"\u015arednica wewn\u0119trzna [mm]","unit":"min.","value":"15,8"},{"property":"\u015arednica wewn\u0119trzna [mm]","unit":"max.","value":"16,7"},{"property":"\u015arednica zewn\u0119trzna oplotu stalowego [mm]","unit":"min.","value":"22,2"},{"property":"\u015arednica zewn\u0119trzna oplotu stalowego [mm]","unit":"max.","value":"23,8"},{"property":"\u015arednica zewn\u0119trzna [mm]","unit":"max.","value":"26,2"},{"property":"Maksymalne ci\u015bnienie robocze","unit":"bar","value":"250"},{"property":"Maksymalne ci\u015bnienie robocze","unit":"psi","value":"3626"},{"property":"Ci\u015bnienie rozrywaj\u0105ce","unit":"bar","value":"1000"},{"property":"Wsp\u00f3\u0142czynnik bezpiecze\u0144stwa","unit":"-","value":"4,0"},{"property":"Najmniejszy promie\u0144 zgi\u0119cia","unit":"mm","value":"200"},{"property":"Waga jednostkowa","unit":"kg\/m","value":"0,79"}]},{"variation_id":7182,"sku":"","variation_title":"W\u0105\u017c hydrauliczny 2SN EURO WASH 150C DN19 (3\/4\") 215 bar","properties":[{"property":"\u015arednica nominalna wewn\u0119trzna","unit":"mm","value":"19"},{"property":"\u015arednica nominalna wewn\u0119trzna","unit":"cal","value":"3\/4"},{"property":"\u015arednica wewn\u0119trzna [mm]","unit":"min.","value":"18,8"},{"property":"\u015arednica wewn\u0119trzna [mm]","unit":"max.","value":"19,8"},{"property":"\u015arednica zewn\u0119trzna oplotu stalowego [mm]","unit":"min.","value":"26,2"},{"property":"\u015arednica zewn\u0119trzna oplotu stalowego [mm]","unit":"max.","value":"27,8"},{"property":"\u015arednica zewn\u0119trzna [mm]","unit":"max.","value":"30,1"},{"property":"Maksymalne ci\u015bnienie robocze","unit":"bar","value":"215"},{"property":"Maksymalne ci\u015bnienie robocze","unit":"psi","value":"3118"},{"property":"Ci\u015bnienie rozrywaj\u0105ce","unit":"bar","value":"860"},{"property":"Wsp\u00f3\u0142czynnik bezpiecze\u0144stwa","unit":"-","value":"4,0"},{"property":"Najmniejszy promie\u0144 zgi\u0119cia","unit":"mm","value":"240"},{"property":"Waga jednostkowa","unit":"kg\/m","value":"1,01"}]},{"variation_id":7184,"sku":"","variation_title":"W\u0105\u017c hydrauliczny 2SN EURO WASH 150C DN25 (1\") 165 bar","properties":[{"property":"\u015arednica nominalna wewn\u0119trzna","unit":"mm","value":"25"},{"property":"\u015arednica nominalna wewn\u0119trzna","unit":"cal","value":"1"},{"property":"\u015arednica wewn\u0119trzna [mm]","unit":"min.","value":"25,4"},{"property":"\u015arednica wewn\u0119trzna [mm]","unit":"max.","value":"26,4"},{"property":"\u015arednica zewn\u0119trzna oplotu stalowego [mm]","unit":"min.","value":"34,1"},{"property":"\u015arednica zewn\u0119trzna oplotu stalowego [mm]","unit":"max.","value":"35,7"},{"property":"\u015arednica zewn\u0119trzna [mm]","unit":"max.","value":"38,9"},{"property":"Maksymalne ci\u015bnienie robocze","unit":"bar","value":"165"},{"property":"Maksymalne ci\u015bnienie robocze","unit":"psi","value":"2393"},{"property":"Ci\u015bnienie rozrywaj\u0105ce","unit":"bar","value":"660"},{"property":"Wsp\u00f3\u0142czynnik bezpiecze\u0144stwa","unit":"-","value":"4,0"},{"property":"Najmniejszy promie\u0144 zgi\u0119cia","unit":"mm","value":"300"},{"property":"Waga jednostkowa","unit":"kg\/m","value":"1,46"}]},{"variation_id":7186,"sku":"","variation_title":"W\u0105\u017c hydrauliczny 2 SN EURO WASH 150C DN31 (1.1\/4\") 125 bar","properties":[{"property":"\u015arednica nominalna wewn\u0119trzna","unit":"mm","value":"31"},{"property":"\u015arednica nominalna wewn\u0119trzna","unit":"cal","value":"1 1\/4"},{"property":"\u015arednica wewn\u0119trzna [mm]","unit":"min.","value":"31,8"},{"property":"\u015arednica wewn\u0119trzna [mm]","unit":"max.","value":"33,0"},{"property":"\u015arednica zewn\u0119trzna oplotu stalowego [mm]","unit":"min.","value":"43,3"},{"property":"\u015arednica zewn\u0119trzna oplotu stalowego [mm]","unit":"max.","value":"45,7"},{"property":"\u015arednica zewn\u0119trzna [mm]","unit":"max.","value":"49,5"},{"property":"Maksymalne ci\u015bnienie robocze","unit":"bar","value":"125"},{"property":"Maksymalne ci\u015bnienie robocze","unit":"psi","value":"1813"},{"property":"Ci\u015bnienie rozrywaj\u0105ce","unit":"bar","value":"500"},{"property":"Wsp\u00f3\u0142czynnik bezpiecze\u0144stwa","unit":"-","value":"4,0"},{"property":"Najmniejszy promie\u0144 zgi\u0119cia","unit":"mm","value":"420"},{"property":"Waga jednostkowa","unit":"kg\/m","value":"2,04"}]}],"_links":{"self":[{"href":"https:\/\/new.stomil-bydgoszcz.pl\/de\/wp-json\/wp\/v2\/product\/7170","targetHints":{"allow":["GET"]}}],"collection":[{"href":"https:\/\/new.stomil-bydgoszcz.pl\/de\/wp-json\/wp\/v2\/product"}],"about":[{"href":"https:\/\/new.stomil-bydgoszcz.pl\/de\/wp-json\/wp\/v2\/types\/product"}],"replies":[{"embeddable":true,"href":"https:\/\/new.stomil-bydgoszcz.pl\/de\/wp-json\/wp\/v2\/comments?post=7170"}],"wp:featuredmedia":[{"embeddable":true,"href":"https:\/\/new.stomil-bydgoszcz.pl\/de\/wp-json\/wp\/v2\/media\/7167"}],"wp:attachment":[{"href":"https:\/\/new.stomil-bydgoszcz.pl\/de\/wp-json\/wp\/v2\/media?parent=7170"}],"wp:term":[{"taxonomy":"product_brand","embeddable":true,"href":"https:\/\/new.stomil-bydgoszcz.pl\/de\/wp-json\/wp\/v2\/product_brand?post=7170"},{"taxonomy":"product_cat","embeddable":true,"href":"https:\/\/new.stomil-bydgoszcz.pl\/de\/wp-json\/wp\/v2\/product_cat?post=7170"},{"taxonomy":"product_tag","embeddable":true,"href":"https:\/\/new.stomil-bydgoszcz.pl\/de\/wp-json\/wp\/v2\/product_tag?post=7170"}],"curies":[{"name":"wp","href":"https:\/\/api.w.org\/{rel}","templated":true}]}}