{"id":7188,"date":"2026-03-17T21:39:23","date_gmt":"2026-03-17T21:39:23","guid":{"rendered":"https:\/\/new.stomil-bydgoszcz.pl\/produkt\/plyty-do-kontaktu-z-zywnoscia-i-woda-pitna\/"},"modified":"2026-03-17T21:40:00","modified_gmt":"2026-03-17T21:40:00","slug":"platten-fur-den-kontakt-mit-lebensmitteln-und-trinkwasser","status":"publish","type":"product","link":"https:\/\/new.stomil-bydgoszcz.pl\/de\/produkt\/plyty-do-kontaktu-z-zywnoscia-i-woda-pitna\/","title":{"rendered":"Lebensmitteltaugliche Gummiplatten"},"content":{"rendered":"<p>Gummiplatten <strong>f\u00fcr den Kontakt mit Lebensmitteln bestimmt&nbsp;<\/strong> werden in einer Vielzahl von Anwendungen in der LEBENSMITTELINDUSTRIE eingesetzt, unter anderem in der Obst-, Gem\u00fcse-, Milch- und Fleischverarbeitung. Die GUMMIPLATTEN haben eine Konformit\u00e4tserkl\u00e4rung mit den Vorschriften des Bundesinstituts f\u00fcr Risikobewertung <strong>(BfR)<\/strong>. Unsere Produktpalette umfasst Gummiplatten <strong>CSS<\/strong> - f\u00fcr den Kontakt mit Lebensmitteln.<\/p>\n<p><strong><u>Technische Daten<\/u><\/strong>:<\/p>\n<p><strong>H\u00e4rte:<\/strong>&nbsp; 60 \u00b0Sh<br \/>\n<strong>Betriebstemperatur:<\/strong> -40 bis 70\u00b0C<br \/>\n<strong>Erh\u00e4ltlich in Rollen und Platten<\/strong><br \/>\n<strong>Die Dicke:<\/strong> 1 bis 50 mm<\/p>\n<h2>Qualit\u00e4tszertifikat CSS 2021 - PZH-Bescheinigung<\/h2>\n<p>Qualit\u00e4tszertifikat f\u00fcr die neuesten CSS-Gummiplatten:<\/p>\n<ul>\n<li>CSS GUMMIPLATTEN 20mm dick Abmessungen 1000x1000mm<\/li>\n<li>CSS GUMMIPLATTEN 30mm dick Abmessungen 1000x1000mm<\/li>\n<\/ul>\n<p>Informationen zu den verf\u00fcgbaren GUMMIPLATTEN <strong>f\u00fcr den Kontakt mit Lebensmitteln&nbsp;<\/strong> finden Sie unter <strong>Technische Daten<\/strong> und <strong>PDF-Materialien<\/strong>.<\/p>","protected":false},"excerpt":{"rendered":"<p><strong>H\u00e4rte:<\/strong>&nbsp; 60 \u00b0Sh | <strong>Betriebstemperatur:<\/strong> von -40 bis 70\u00b0C | <strong>Erh\u00e4ltlich in Rollen- und Bogenform | <\/strong><strong>Die Dicke:<\/strong> 1 bis 50 mm<\/p>","protected":false},"featured_media":7187,"comment_status":"closed","ping_status":"closed","template":"","meta":[],"product_brand":[],"product_cat":[77,93],"product_tag":[],"class_list":{"0":"post-7188","1":"product","2":"type-product","3":"status-publish","4":"has-post-thumbnail","6":"product_cat-grupy-produktow","7":"product_cat-plyty-gumowe","9":"first","10":"instock","11":"taxable","12":"shipping-taxable","13":"purchasable","14":"product-type-variable"},"stomil_properties":[],"_links":{"self":[{"href":"https:\/\/new.stomil-bydgoszcz.pl\/de\/wp-json\/wp\/v2\/product\/7188","targetHints":{"allow":["GET"]}}],"collection":[{"href":"https:\/\/new.stomil-bydgoszcz.pl\/de\/wp-json\/wp\/v2\/product"}],"about":[{"href":"https:\/\/new.stomil-bydgoszcz.pl\/de\/wp-json\/wp\/v2\/types\/product"}],"replies":[{"embeddable":true,"href":"https:\/\/new.stomil-bydgoszcz.pl\/de\/wp-json\/wp\/v2\/comments?post=7188"}],"wp:featuredmedia":[{"embeddable":true,"href":"https:\/\/new.stomil-bydgoszcz.pl\/de\/wp-json\/wp\/v2\/media\/7187"}],"wp:attachment":[{"href":"https:\/\/new.stomil-bydgoszcz.pl\/de\/wp-json\/wp\/v2\/media?parent=7188"}],"wp:term":[{"taxonomy":"product_brand","embeddable":true,"href":"https:\/\/new.stomil-bydgoszcz.pl\/de\/wp-json\/wp\/v2\/product_brand?post=7188"},{"taxonomy":"product_cat","embeddable":true,"href":"https:\/\/new.stomil-bydgoszcz.pl\/de\/wp-json\/wp\/v2\/product_cat?post=7188"},{"taxonomy":"product_tag","embeddable":true,"href":"https:\/\/new.stomil-bydgoszcz.pl\/de\/wp-json\/wp\/v2\/product_tag?post=7188"}],"curies":[{"name":"wp","href":"https:\/\/api.w.org\/{rel}","templated":true}]}}