{"id":7222,"date":"2026-03-17T21:39:29","date_gmt":"2026-03-17T21:39:29","guid":{"rendered":"https:\/\/new.stomil-bydgoszcz.pl\/produkt\/plyty-olejoodporne\/"},"modified":"2026-03-17T21:40:00","modified_gmt":"2026-03-17T21:40:00","slug":"olbestandige-platten","status":"publish","type":"product","link":"https:\/\/new.stomil-bydgoszcz.pl\/de\/produkt\/plyty-olejoodporne\/","title":{"rendered":"\u00d6lbest\u00e4ndige Gummiplatten"},"content":{"rendered":"<p>\u00d6lbest\u00e4ndige Gummiplatten werden aus speziellem Acrylnitril-Butadien-Kautschuk - NBR - hergestellt. Dieser Kautschuk wird in unseren Werken aus speziell ausgew\u00e4hlten Komponenten hergestellt, um die Best\u00e4ndigkeit der Produkte gegen verschiedene Arten von \u00d6len und z. B. Benzin zu gew\u00e4hrleisten:<\/p>\n<ul>\n<li>Diesel<\/li>\n<li>Mineral\u00f6le<\/li>\n<li>Schmiermittel auf Kohlenwasserstoffbasis<\/li>\n<li>Transformatoren\u00f6l (f\u00fcr NBR-Platten mit erh\u00f6hter \u00d6lbest\u00e4ndigkeit)<\/li>\n<li>Benzin mit 95 und 98 Oktan (f\u00fcr NBR-Platten mit verbesserter \u00d6lbest\u00e4ndigkeit)<\/li>\n<\/ul>\n<h2>Klassifizierung von \u00d6lbest\u00e4ndigen Gummiplatten<\/h2>\n<p>Wir klassifizieren \u00d6lbest\u00e4ndige Gummiplatten nach ihrer \u00d6lbest\u00e4ndigkeitsklasse:<\/p>\n<ul>\n<li><strong>Geringe \u00d6lbest\u00e4ndigkeit<\/strong>- Quellung in weniger aggressivem \u00d6l IRM 902 max +10% (Test bei 23\u00b0C f\u00fcr 24 Stunden)<\/li>\n<li><strong>Mittlere \u00d6lbest\u00e4ndigkeit<\/strong>- Quellung in sehr aggressivem \u00d6l IRM 903 max +35% (Test bei 100\u00b0C f\u00fcr 70 Stunden)<\/li>\n<li><strong>Hohe \u00d6lbest\u00e4ndigkeit<\/strong>- Rissbildung in sehr aggressivem \u00d6l IRM 903 max +30% (Test bei 100\u00b0C f\u00fcr 70 Stunden)<\/li>\n<\/ul>\n<h2>Zus\u00e4tzliche Eigenschaften von \u00d6lbest\u00e4ndigen Gummiplatten<\/h2>\n<h3>Temperaturbest\u00e4ndigkeit<\/h3>\n<p>Als einer der wenigen auf dem Markt ist unser <a href=\"https:\/\/sklep.stomil-bydgoszcz.pl\/kategoria-produktu\/grupy-produktow\/plyty-gumowe\/\">Gummiplatten<\/a> sind extrem widerstandsf\u00e4hig gegen hohe und niedrige Temperaturen und k\u00f6nnen in einem Temperaturbereich von -40 C bis +100C eingesetzt werden, im Falle der 80+5Sh Gummiplatten f\u00fcr Transformatoren sogar bis zu 115C.<\/p>\n<h3>Sie fragen sich, was Sie f\u00fcr Ihren Werkstattboden oder Ihre Arbeitsplatte verwenden sollen? Die Vorteile der Verwendung von \u00d6lbest\u00e4ndigen Gummiplatten.<\/h3>\n<p>Die bei Stomil Bydgoszcz hergestellten \u00d6lbest\u00e4ndigen GUMMIPLATTEN weisen auch eine erh\u00f6hte Alterungsbest\u00e4ndigkeit auf.<\/p>\n<p>NBR-Gummi hat rutschhemmende Eigenschaften, die Auskleidung des Werkstattbodens verhindert Unf\u00e4lle durch Ausrutschen, und die Auskleidung der Arbeitsfl\u00e4che verhindert das Ausrutschen von Werkzeugen.<\/p>\n<p>Die GUMMIPLATTEN sind f\u00fcr die Verwendung in Innenr\u00e4umen konzipiert und nur begrenzt wetter- und ozonbest\u00e4ndig.<\/p>\n<p>Wir produzieren auch spezielle GUMMIPLATTEN mit erh\u00f6hter Best\u00e4ndigkeit gegen: Transformatoren\u00f6l und Benzin mit 95 und 98 Oktan.<\/p>\n<h2>Anwendung von \u00d6lbest\u00e4ndigen Gummiplatten<\/h2>\n<p>Unser <a href=\"https:\/\/sklep.stomil-bydgoszcz.pl\/kategoria-produktu\/grupy-produktow\/plyty-gumowe\/plyty-nbr-olejoodporne\/\">NBR-Platten<\/a> werden in praktisch allen Industriezweigen eingesetzt, zum Beispiel in \u00f6ligen Bereichen in Werkst\u00e4tten und Fabriken. Sie werden verwendet als:<\/p>\n<ul>\n<li>unterlagen oder gummibel\u00e4ge auf boden<\/li>\n<li>Unterlegscheiben f\u00fcr verschiedene Maschinen und Ger\u00e4te<\/li>\n<li>unter Werkb\u00e4nken<\/li>\n<li>Sie werden auch in Bereichen eingesetzt, in denen Erd\u00f6l und aus Erd\u00f6l gewonnene Stoffe w\u00e4hrend des Produktionsprozesses austreten k\u00f6nnen.<\/li>\n<\/ul>\n<p>NBR-Kautschuk sch\u00fctzt solche Bereiche vor der Bildung von unausl\u00f6schlichem Schmutz. Sie k\u00f6nnen daher zum Beispiel verwendet werden als <strong>Abdeckung von Schr\u00e4nken und Werkb\u00e4nken oder Montagetischen<\/strong>. Er sch\u00fctzt sie nicht nur, sondern verbessert auch die Sicherheit und den Komfort des Arbeitsplatzes.<\/p>\n<h3>NBR-Platten mit textilen Abstandshaltern verst\u00e4rkt<\/h3>\n<p>Unser Angebot umfasst auch <a href=\"https:\/\/sklep.stomil-bydgoszcz.pl\/kategoria-produktu\/grupy-produktow\/plyty-gumowe\/\">Gummiplatten<\/a> speziell verst\u00e4rkt mit textilen Abstandshaltern, die als rutschfeste Gummimatten in Durchg\u00e4ngen zwischen Produktionshallen und in Lagerhallen verwendet werden k\u00f6nnen.<\/p>\n<p>Entsprechend zugeschnittene GUMMIPLATTEN k\u00f6nnen wir als Regalschutzmatten in Lagerregalen verwenden.<\/p>\n<p>\u00d6lbest\u00e4ndige Gummiplatten werden sehr h\u00e4ufig als Zwischenprodukt f\u00fcr die Herstellung verschiedener Arten von Gummiplatten verwendet. <a href=\"https:\/\/sklep.stomil-bydgoszcz.pl\/kategoria-produktu\/grupy-produktow\/uszczelki-profile-gumowe-wytlaczane\/\">DICHTUNGEN aus Gummi<\/a>, die resistent gegen \u00d6l sein m\u00fcssen. Dank eines modernen Plotters, der sich in unseren R\u00e4umlichkeiten befindet, bieten wir entsprechende DIENSTLEISTUNGEN f\u00fcr solche Dichtungen an.<\/p>\n<h2>Technische Spezifikationen f\u00fcr \u00d6lbest\u00e4ndige Gummiplatten<\/h2>\n<ul>\n<li><strong>GUMMIPLATTEN H\u00e4rtegrade:<\/strong>50 bis 80 \u00b0S<\/li>\n<li><strong>Betriebstemperatur: <\/strong>von -40 bis 100\u00b0C<\/li>\n<\/ul>\n<p>Wir bieten Gummiplatten in den folgenden St\u00e4rken an <strong>von 1 mm bis 50 mm<\/strong>. Unsere GUMMIPLATTEN k\u00f6nnen sowohl in Rollen als auch in B\u00f6gen erworben werden.<\/p>\n<p>Informationen zu den verf\u00fcgbaren GUMMIPLATTEN&nbsp;<strong>\u00f6lbest\u00e4ndig&nbsp;<\/strong>finden Sie unter&nbsp;<strong>Technische Daten<\/strong>&nbsp;und&nbsp;<strong>PDF-Materialien<\/strong>.<\/p>","protected":false},"excerpt":{"rendered":"<p><strong>H\u00e4rte der Gummiplatten:<\/strong> von 50 bis 80 \u00b0Sh | <strong>Betriebstemperatur: <\/strong>von -40 bis 100\u00b0C | <strong>Erh\u00e4ltlich als Blatt oder Rolle<\/strong> | <strong>Die Dicken:<\/strong> 1 bis 50 mm<\/p>","protected":false},"featured_media":7221,"comment_status":"closed","ping_status":"closed","template":"","meta":[],"product_brand":[],"product_cat":[77,93,147],"product_tag":[],"class_list":{"0":"post-7222","1":"product","2":"type-product","3":"status-publish","4":"has-post-thumbnail","6":"product_cat-grupy-produktow","7":"product_cat-plyty-gumowe","8":"product_cat-plyty-nbr-olejoodporne","10":"first","11":"instock","12":"taxable","13":"shipping-taxable","14":"purchasable","15":"product-type-variable"},"stomil_properties":[],"_links":{"self":[{"href":"https:\/\/new.stomil-bydgoszcz.pl\/de\/wp-json\/wp\/v2\/product\/7222","targetHints":{"allow":["GET"]}}],"collection":[{"href":"https:\/\/new.stomil-bydgoszcz.pl\/de\/wp-json\/wp\/v2\/product"}],"about":[{"href":"https:\/\/new.stomil-bydgoszcz.pl\/de\/wp-json\/wp\/v2\/types\/product"}],"replies":[{"embeddable":true,"href":"https:\/\/new.stomil-bydgoszcz.pl\/de\/wp-json\/wp\/v2\/comments?post=7222"}],"wp:featuredmedia":[{"embeddable":true,"href":"https:\/\/new.stomil-bydgoszcz.pl\/de\/wp-json\/wp\/v2\/media\/7221"}],"wp:attachment":[{"href":"https:\/\/new.stomil-bydgoszcz.pl\/de\/wp-json\/wp\/v2\/media?parent=7222"}],"wp:term":[{"taxonomy":"product_brand","embeddable":true,"href":"https:\/\/new.stomil-bydgoszcz.pl\/de\/wp-json\/wp\/v2\/product_brand?post=7222"},{"taxonomy":"product_cat","embeddable":true,"href":"https:\/\/new.stomil-bydgoszcz.pl\/de\/wp-json\/wp\/v2\/product_cat?post=7222"},{"taxonomy":"product_tag","embeddable":true,"href":"https:\/\/new.stomil-bydgoszcz.pl\/de\/wp-json\/wp\/v2\/product_tag?post=7222"}],"curies":[{"name":"wp","href":"https:\/\/api.w.org\/{rel}","templated":true}]}}