{"id":7294,"date":"2026-03-17T21:39:40","date_gmt":"2026-03-17T21:39:40","guid":{"rendered":"https:\/\/new.stomil-bydgoszcz.pl\/produkt\/plyty-sbr-ogolnego-przeznaczenia\/"},"modified":"2026-03-17T21:40:00","modified_gmt":"2026-03-17T21:40:00","slug":"sbr-platten-fur-allgemeine-zwecke","status":"publish","type":"product","link":"https:\/\/new.stomil-bydgoszcz.pl\/de\/produkt\/plyty-sbr-ogolnego-przeznaczenia\/","title":{"rendered":"SBR-Gummiplatten f\u00fcr allgemeine Zwecke"},"content":{"rendered":"<p><strong>GUMMIPLATTEN f\u00fcr allgemeine Zwecke<\/strong>&nbsp;sind f\u00fcr den Einsatz in chemisch inerten Umgebungen konzipiert. Sie werden auf der Basis von Styrol-Butadien-Kautschuk hergestellt -&nbsp;<strong>SBR<\/strong>. Sie werden in der Regel zur Herstellung von <a href=\"https:\/\/sklep.stomil-bydgoszcz.pl\/kategoria-produktu\/grupy-produktow\/uszczelki-profile-gumowe-wytlaczane\/\">DICHTUNGEN<\/a> und Unterlegscheiben im ungestreckten Zustand. Unser Angebot an GUMMIPLATTEN f\u00fcr allgemeine Zwecke umfasst die folgenden Produkte:<\/p>\n<ul>\n<li>GUMMIPLATTEN mit Standardparametern<\/li>\n<li>GUMMIPLATTEN mit erh\u00f6hter Abrasionsbest\u00e4ndigkeit (von 0,220 cm3 auf 0,090 cm3)<\/li>\n<li>GUMMIPLATTEN mit niedriger Betriebstemperatur (von 0,220 cm3 bis 0,090 cm3)<\/li>\n<li>GUMMIPLATTEN, die in verd\u00fcnnten S\u00e4uren und Laugen quellbest\u00e4ndig sind<\/li>\n<\/ul>\n<h2>SBR-Platten<\/h2>\n<p>Unser Angebot umfasst&nbsp;<strong>SBR-Platten<\/strong>&nbsp;der Dicken&nbsp;<strong>von 1 mm bis 50 mm<\/strong>.<\/p>\n<p>GUMMIPLATTEN aus SBR-Kautschuk f\u00fcr allgemeine Zwecke sind nicht wetter- und ozonbest\u00e4ndig.<\/p>\n<h2>Technische Parameter von SBR-Platten<\/h2>\n<p><strong>H\u00e4rte<\/strong><strong>t<\/strong><strong>\u0142<\/strong><strong>yt:<\/strong>&nbsp;40 bis 90 \u00b0Sh<br \/>\n<strong>Betriebstemperatur:<\/strong>&nbsp;-50 bis 70\u00b0C<br \/>\n<strong>Angebot<\/strong><strong>pne in Blatt oder Rolle<\/strong><br \/>\n<strong>Dicke<\/strong><strong>diese:<\/strong>&nbsp;1 bis 50 mm<\/p>\n<p>Informationen zu den verf\u00fcgbaren GUMMIPLATTEN&nbsp;<strong>allgemeiner Zweck<\/strong>&nbsp;finden Sie unter&nbsp;<strong>Technische Daten<\/strong>&nbsp;und&nbsp;<strong>PDF-Materialien<\/strong>.<\/p>","protected":false},"excerpt":{"rendered":"<p><strong>GUMMIPLATTEN H\u00e4rtegrade:<\/strong> von 40 bis 90 \u00b0Sh | <strong>Betriebstemperatur:<\/strong> von -50 bis 70\u00b0C | <strong>Erh\u00e4ltlich als Blatt oder Rolle | <\/strong><strong>Die Dicken:<\/strong> 1 bis 50 mm<\/p>\n<p><a style=\"color: red;\" href=\"https:\/\/sklep.stomil-bydgoszcz.pl\/produkt\/plyty-ogolnego-przeznaczenia-wyprzedaz\/\"><strong>Klicken Sie hier und informieren Sie sich \u00fcber den Ausverkauf von SBR-Gummiplatten f\u00fcr allgemeine Zwecke<\/strong><\/a><\/p>","protected":false},"featured_media":7293,"comment_status":"closed","ping_status":"closed","template":"","meta":[],"product_brand":[],"product_cat":[77,93],"product_tag":[],"class_list":{"0":"post-7294","1":"product","2":"type-product","3":"status-publish","4":"has-post-thumbnail","6":"product_cat-grupy-produktow","7":"product_cat-plyty-gumowe","9":"first","10":"instock","11":"taxable","12":"shipping-taxable","13":"purchasable","14":"product-type-variable"},"stomil_properties":[],"_links":{"self":[{"href":"https:\/\/new.stomil-bydgoszcz.pl\/de\/wp-json\/wp\/v2\/product\/7294","targetHints":{"allow":["GET"]}}],"collection":[{"href":"https:\/\/new.stomil-bydgoszcz.pl\/de\/wp-json\/wp\/v2\/product"}],"about":[{"href":"https:\/\/new.stomil-bydgoszcz.pl\/de\/wp-json\/wp\/v2\/types\/product"}],"replies":[{"embeddable":true,"href":"https:\/\/new.stomil-bydgoszcz.pl\/de\/wp-json\/wp\/v2\/comments?post=7294"}],"wp:featuredmedia":[{"embeddable":true,"href":"https:\/\/new.stomil-bydgoszcz.pl\/de\/wp-json\/wp\/v2\/media\/7293"}],"wp:attachment":[{"href":"https:\/\/new.stomil-bydgoszcz.pl\/de\/wp-json\/wp\/v2\/media?parent=7294"}],"wp:term":[{"taxonomy":"product_brand","embeddable":true,"href":"https:\/\/new.stomil-bydgoszcz.pl\/de\/wp-json\/wp\/v2\/product_brand?post=7294"},{"taxonomy":"product_cat","embeddable":true,"href":"https:\/\/new.stomil-bydgoszcz.pl\/de\/wp-json\/wp\/v2\/product_cat?post=7294"},{"taxonomy":"product_tag","embeddable":true,"href":"https:\/\/new.stomil-bydgoszcz.pl\/de\/wp-json\/wp\/v2\/product_tag?post=7294"}],"curies":[{"name":"wp","href":"https:\/\/api.w.org\/{rel}","templated":true}]}}