{"id":7410,"date":"2026-03-17T21:39:56","date_gmt":"2026-03-17T21:39:56","guid":{"rendered":"https:\/\/new.stomil-bydgoszcz.pl\/produkt\/waz-do-pary-wodnej-140c\/"},"modified":"2026-03-17T21:40:00","modified_gmt":"2026-03-17T21:40:00","slug":"dampfvase-140c","status":"publish","type":"product","link":"https:\/\/new.stomil-bydgoszcz.pl\/de\/produkt\/waz-do-pary-wodnej-140c\/","title":{"rendered":"140\u00b0C SCHL\u00c4UCHE f\u00fcr Dampf"},"content":{"rendered":"<p><strong>EIGENSCHAFTEN<br \/>\n<\/strong>Betriebsdruck - 4 bar (0,4 MPa)<br \/>\nBerstdruck - 16 bar (1,6 MPa)<\/p>\n<p><strong>Betriebstemperatur<br \/>\n<\/strong>- f\u00fcr Sattdampf bis zu +140\u00b0C<br \/>\n- f\u00fcr Wasser bis zu +100\u00b0C<\/p>\n<p><strong>Optionale Farben<\/strong> - rot<br \/>\n<strong>Sicherheitsfaktor<\/strong> 4:1<\/p>\n<p><strong>ANWENDUNG<br \/>\n<\/strong>Die Schl\u00e4uche sind f\u00fcr alle Arten von industriellen Heiz- und Prozessdampfanlagen sowie f\u00fcr die Dampfreinigung und Desinfektion von B\u00f6den, W\u00e4nden, Maschinen und Ger\u00e4ten geeignet.<\/p>\n<p>Bei Verwendung eines Hei\u00dfwasserschlauchs sollte dessen Temperatur 100\u00b0C nicht \u00fcberschreiten, da h\u00f6her erhitztes Wasser den Schl\u00e4uchen st\u00e4rker zusetzt als Dampf.<\/p>\n<p>Der SCHL\u00c4UCHE ist wetterfest und ozonbest\u00e4ndig.<\/p>\n<p>Auf Wunsch k\u00f6nnen wir die Schl\u00e4uche zus\u00e4tzlich mit einer \u00e4u\u00dferen Drahtspirale sch\u00fctzen, um sie vor Verformung und \u00fcberm\u00e4\u00dfigem Abrieb der Au\u00dfenschicht zu bewahren.<\/p>\n<p><strong>Betriebstemperatur<br \/>\n<\/strong>-30\u00b0C bis +140\u00b0C f\u00fcr ges\u00e4ttigten Dampf<br \/>\nVon -30\u00b0C bis +100\u00b0C f\u00fcr Wasser<\/p>\n<p><strong>KONSTRUKTION<br \/>\n<\/strong>In \u00dcbereinstimmung mit PN-86\/C-94250\/42.<\/p>\n<p><strong>Innere Schicht<br \/>\n<\/strong>Hochwertige Gummimischung, die gegen hei\u00dfen Dampf best\u00e4ndig ist.<\/p>\n<p><strong>Verst\u00e4rkung<br \/>\n<\/strong>Abstandshalter aus hochfester Textilkordel.<\/p>\n<p><strong>\u00c4u\u00dfere Schicht<br \/>\n<\/strong>Hochwertiger schwarzer Synthesekautschuk mit Stoffaufdruck, abriebfest, witterungs- und ozonbest\u00e4ndig. Auf Anfrage auch in rot erh\u00e4ltlich.<\/p>\n<p><strong>UNTERSCHRIFT<br \/>\n<\/strong>Schl\u00e4uche, die mit einem farbigen, silbergrauen Klebeband gekennzeichnet sind, auf dem der Verwendungszweck des Schlauchs und der Hinweis auf die Norm angegeben sind. <strong><br \/>\n<\/strong><\/p>","protected":false},"excerpt":{"rendered":"<p><strong>Betriebsdruck:<\/strong> 4 bar (0,4 MPa) | <strong>Berstdruck:<\/strong> 16 bar (1,6 MPa) | <strong>Optionale Farben:<\/strong> rot | <strong>Sicherheitsfaktor:<\/strong> 4:1 | <strong>Betriebstemperatur: <\/strong>f\u00fcr Sattdampf bis zu +140\u00b0C; f\u00fcr Wasser bis zu +100\u00b0C<\/p>","protected":false},"featured_media":7408,"comment_status":"closed","ping_status":"closed","template":"","meta":[],"product_brand":[],"product_cat":[88,155,77,240,212,140],"product_tag":[],"class_list":{"0":"post-7410","1":"product","2":"type-product","3":"status-publish","4":"has-post-thumbnail","6":"product_cat-branze","7":"product_cat-budowa-maszyn-i-urzadzen","8":"product_cat-grupy-produktow","9":"product_cat-spozywcza","10":"product_cat-weze-do-goracej-wody-i-pary-wodnej","11":"product_cat-weze-przemyslowe","13":"first","14":"instock","15":"taxable","16":"shipping-taxable","17":"purchasable","18":"product-type-variable"},"stomil_properties":[{"variation_id":7412,"sku":"WPPA04ZW012OT629","variation_title":"W\u0105\u017c do pary wodnej 140\u00b0C DN12,5 (1\/2\")","properties":[{"property":"\u015arednica nominalna wewn\u0119trzna","unit":"mm","value":"12,5"},{"property":"\u015arednica nominalna wewn\u0119trzna","unit":"ukryte","value":"\u00b10,75"},{"property":"\u015arednica nominalna wewn\u0119trzna","unit":"cal","value":"1\/2"},{"property":"\u015arednica zewn\u0119trzna [mm]","unit":"mm","value":"21,0"},{"property":"Maksymalne ci\u015bnienie robocze","unit":"bar","value":"4"},{"property":"Maksymalne ci\u015bnienie robocze","unit":"MPa","value":"0,4"},{"property":"Maksymalne ci\u015bnienie robocze","unit":"psi","value":"58"},{"property":"Ci\u015bnienie rozrywaj\u0105ce","unit":"bar","value":"16"},{"property":"Wsp\u00f3\u0142czynnik bezpiecze\u0144stwa","unit":"-","value":"4:1"},{"property":"Standardowe d\u0142ugo\u015bci odcink\u00f3w","unit":"m","value":"20"},{"property":"Waga jednostkowa","unit":"kg\/m","value":"0,28"},{"property":"Rodzaj wzmocnienia","unit":"-","value":"kord"}]},{"variation_id":7414,"sku":"WPPA04ZW016OT629","variation_title":"W\u0105\u017c do pary wodnej 140\u00b0C DN16 (5\/8\")","properties":[{"property":"\u015arednica nominalna wewn\u0119trzna","unit":"mm","value":"16,0"},{"property":"\u015arednica nominalna wewn\u0119trzna","unit":"ukryte","value":"\u00b10,75"},{"property":"\u015arednica nominalna wewn\u0119trzna","unit":"cal","value":"5\/8"},{"property":"\u015arednica zewn\u0119trzna [mm]","unit":"mm","value":"25,0"},{"property":"Maksymalne ci\u015bnienie robocze","unit":"bar","value":"4"},{"property":"Maksymalne ci\u015bnienie robocze","unit":"MPa","value":"0,4"},{"property":"Maksymalne ci\u015bnienie robocze","unit":"psi","value":"58"},{"property":"Ci\u015bnienie rozrywaj\u0105ce","unit":"bar","value":"16"},{"property":"Wsp\u00f3\u0142czynnik bezpiecze\u0144stwa","unit":"-","value":"4:1"},{"property":"Standardowe d\u0142ugo\u015bci odcink\u00f3w","unit":"m","value":"20"},{"property":"Waga jednostkowa","unit":"kg\/m","value":"0,35"},{"property":"Rodzaj wzmocnienia","unit":"-","value":"kord"}]},{"variation_id":7416,"sku":"","variation_title":"W\u0105\u017c do pary wodnej 140\u00b0C DN18 (23\/32\")","properties":[{"property":"\u015arednica nominalna wewn\u0119trzna","unit":"mm","value":"18,0"},{"property":"\u015arednica nominalna wewn\u0119trzna","unit":"ukryte","value":"\u00b10,75"},{"property":"\u015arednica nominalna wewn\u0119trzna","unit":"cal","value":"23\/32"},{"property":"\u015arednica zewn\u0119trzna [mm]","unit":"mm","value":"27,0"},{"property":"Maksymalne ci\u015bnienie robocze","unit":"bar","value":"4"},{"property":"Maksymalne ci\u015bnienie robocze","unit":"MPa","value":"0,4"},{"property":"Maksymalne ci\u015bnienie robocze","unit":"psi","value":"58"},{"property":"Ci\u015bnienie rozrywaj\u0105ce","unit":"bar","value":"16"},{"property":"Wsp\u00f3\u0142czynnik bezpiecze\u0144stwa","unit":"-","value":"4:1"},{"property":"Standardowe d\u0142ugo\u015bci odcink\u00f3w","unit":"m","value":"20"},{"property":"Waga jednostkowa","unit":"kg\/m","value":"0,38"},{"property":"Rodzaj wzmocnienia","unit":"-","value":"kord"}]},{"variation_id":7418,"sku":"WPPA04ZW020OT629","variation_title":"W\u0105\u017c do pary wodnej 140\u00b0C DN20 (25\/32\")","properties":[{"property":"\u015arednica nominalna wewn\u0119trzna","unit":"mm","value":"20,0"},{"property":"\u015arednica nominalna wewn\u0119trzna","unit":"ukryte","value":"\u00b10,75"},{"property":"\u015arednica nominalna wewn\u0119trzna","unit":"cal","value":"25\/32"},{"property":"\u015arednica zewn\u0119trzna [mm]","unit":"mm","value":"29,0"},{"property":"Maksymalne ci\u015bnienie robocze","unit":"bar","value":"4"},{"property":"Maksymalne ci\u015bnienie robocze","unit":"MPa","value":"0,4"},{"property":"Maksymalne ci\u015bnienie robocze","unit":"psi","value":"58"},{"property":"Ci\u015bnienie rozrywaj\u0105ce","unit":"bar","value":"16"},{"property":"Wsp\u00f3\u0142czynnik bezpiecze\u0144stwa","unit":"-","value":"4:1"},{"property":"Standardowe d\u0142ugo\u015bci odcink\u00f3w","unit":"m","value":"20"},{"property":"Waga jednostkowa","unit":"kg\/m","value":"0,42"},{"property":"Rodzaj wzmocnienia","unit":"-","value":"kord"}]},{"variation_id":7420,"sku":"WPPA04ZW025WT629","variation_title":"W\u0105\u017c do pary wodnej 140\u00b0C DN25 (1\")","properties":[{"property":"\u015arednica nominalna wewn\u0119trzna","unit":"mm","value":"25,0"},{"property":"\u015arednica nominalna wewn\u0119trzna","unit":"ukryte","value":"\u00b10,75"},{"property":"\u015arednica nominalna wewn\u0119trzna","unit":"cal","value":"1"},{"property":"\u015arednica zewn\u0119trzna [mm]","unit":"mm","value":"36,0"},{"property":"Maksymalne ci\u015bnienie robocze","unit":"bar","value":"4"},{"property":"Maksymalne ci\u015bnienie robocze","unit":"MPa","value":"0,4"},{"property":"Maksymalne ci\u015bnienie robocze","unit":"psi","value":"58"},{"property":"Ci\u015bnienie rozrywaj\u0105ce","unit":"bar","value":"16"},{"property":"Wsp\u00f3\u0142czynnik bezpiecze\u0144stwa","unit":"-","value":"4:1"},{"property":"Standardowe d\u0142ugo\u015bci odcink\u00f3w","unit":"m","value":"20"},{"property":"Waga jednostkowa","unit":"kg\/m","value":"0,71"},{"property":"Rodzaj wzmocnienia","unit":"-","value":"kord"}]},{"variation_id":7422,"sku":"WPPA04ZW031WT629","variation_title":"W\u0105\u017c do pary wodnej 140\u00b0C DN31,5 (1.15\/64\")","properties":[{"property":"\u015arednica nominalna wewn\u0119trzna","unit":"mm","value":"31,5"},{"property":"\u015arednica nominalna wewn\u0119trzna","unit":"ukryte","value":"\u00b10,75"},{"property":"\u015arednica nominalna wewn\u0119trzna","unit":"cal","value":"1 15\/64"},{"property":"\u015arednica zewn\u0119trzna [mm]","unit":"mm","value":"42,0"},{"property":"Maksymalne ci\u015bnienie robocze","unit":"bar","value":"4"},{"property":"Maksymalne ci\u015bnienie robocze","unit":"MPa","value":"0,4"},{"property":"Maksymalne ci\u015bnienie robocze","unit":"psi","value":"58"},{"property":"Ci\u015bnienie rozrywaj\u0105ce","unit":"bar","value":"16"},{"property":"Wsp\u00f3\u0142czynnik bezpiecze\u0144stwa","unit":"-","value":"4:1"},{"property":"Standardowe d\u0142ugo\u015bci odcink\u00f3w","unit":"m","value":"20"},{"property":"Waga jednostkowa","unit":"kg\/m","value":"0,86"},{"property":"Rodzaj wzmocnienia","unit":"-","value":"kord"}]},{"variation_id":7424,"sku":"WPPA04ZW038WT629","variation_title":"W\u0105\u017c do pary wodnej 140\u00b0C DN38 (1.1\/2\")","properties":[{"property":"\u015arednica nominalna wewn\u0119trzna","unit":"mm","value":"38,0"},{"property":"\u015arednica nominalna wewn\u0119trzna","unit":"ukryte","value":"\u00b11,50"},{"property":"\u015arednica nominalna wewn\u0119trzna","unit":"cal","value":"1 1\/2"},{"property":"\u015arednica zewn\u0119trzna [mm]","unit":"mm","value":"49,0"},{"property":"Maksymalne ci\u015bnienie robocze","unit":"bar","value":"4"},{"property":"Maksymalne ci\u015bnienie robocze","unit":"MPa","value":"0,4"},{"property":"Maksymalne ci\u015bnienie robocze","unit":"psi","value":"58"},{"property":"Ci\u015bnienie rozrywaj\u0105ce","unit":"bar","value":"16"},{"property":"Wsp\u00f3\u0142czynnik bezpiecze\u0144stwa","unit":"-","value":"4:1"},{"property":"Standardowe d\u0142ugo\u015bci odcink\u00f3w","unit":"m","value":"20"},{"property":"Waga jednostkowa","unit":"kg\/m","value":"1,01"},{"property":"Rodzaj wzmocnienia","unit":"-","value":"kord"}]},{"variation_id":7426,"sku":"WPPA04ZW040WT629","variation_title":"W\u0105\u017c do pary wodnej 140\u00b0C DN40 (1.9\/16\")","properties":[{"property":"\u015arednica nominalna wewn\u0119trzna","unit":"mm","value":"40,0"},{"property":"\u015arednica nominalna wewn\u0119trzna","unit":"ukryte","value":"\u00b11,50"},{"property":"\u015arednica nominalna wewn\u0119trzna","unit":"cal","value":"1 9\/16"},{"property":"\u015arednica zewn\u0119trzna [mm]","unit":"mm","value":"51,0"},{"property":"Maksymalne ci\u015bnienie robocze","unit":"bar","value":"4"},{"property":"Maksymalne ci\u015bnienie robocze","unit":"MPa","value":"0,4"},{"property":"Maksymalne ci\u015bnienie robocze","unit":"psi","value":"58"},{"property":"Ci\u015bnienie rozrywaj\u0105ce","unit":"bar","value":"16"},{"property":"Wsp\u00f3\u0142czynnik bezpiecze\u0144stwa","unit":"-","value":"4:1"},{"property":"Standardowe d\u0142ugo\u015bci odcink\u00f3w","unit":"m","value":"20"},{"property":"Waga jednostkowa","unit":"kg\/m","value":"1,05"},{"property":"Rodzaj wzmocnienia","unit":"-","value":"kord"}]},{"variation_id":7428,"sku":"","variation_title":"W\u0105\u017c do pary wodnej 140\u00b0C DN45 (1.3\/4\")","properties":[{"property":"\u015arednica nominalna wewn\u0119trzna","unit":"mm","value":"45,0"},{"property":"\u015arednica nominalna wewn\u0119trzna","unit":"ukryte","value":"\u00b11,50"},{"property":"\u015arednica nominalna wewn\u0119trzna","unit":"cal","value":"1 3\/4"},{"property":"\u015arednica zewn\u0119trzna [mm]","unit":"mm","value":"56,0"},{"property":"Maksymalne ci\u015bnienie robocze","unit":"bar","value":"4"},{"property":"Maksymalne ci\u015bnienie robocze","unit":"MPa","value":"0,4"},{"property":"Maksymalne ci\u015bnienie robocze","unit":"psi","value":"58"},{"property":"Ci\u015bnienie rozrywaj\u0105ce","unit":"bar","value":"16"},{"property":"Wsp\u00f3\u0142czynnik bezpiecze\u0144stwa","unit":"-","value":"4:1"},{"property":"Standardowe d\u0142ugo\u015bci odcink\u00f3w","unit":"m","value":"20"},{"property":"Waga jednostkowa","unit":"kg\/m","value":"1,08"},{"property":"Rodzaj wzmocnienia","unit":"-","value":"kord"}]},{"variation_id":7430,"sku":"WPPA04ZW050WT629","variation_title":"W\u0105\u017c do pary wodnej 140\u00b0C DN50 (2\")","properties":[{"property":"\u015arednica nominalna wewn\u0119trzna","unit":"mm","value":"50,0"},{"property":"\u015arednica nominalna wewn\u0119trzna","unit":"ukryte","value":"\u00b11,50"},{"property":"\u015arednica nominalna wewn\u0119trzna","unit":"cal","value":"2"},{"property":"\u015arednica zewn\u0119trzna [mm]","unit":"mm","value":"61,0"},{"property":"Maksymalne ci\u015bnienie robocze","unit":"bar","value":"4"},{"property":"Maksymalne ci\u015bnienie robocze","unit":"MPa","value":"0,4"},{"property":"Maksymalne ci\u015bnienie robocze","unit":"psi","value":"58"},{"property":"Ci\u015bnienie rozrywaj\u0105ce","unit":"bar","value":"16"},{"property":"Wsp\u00f3\u0142czynnik bezpiecze\u0144stwa","unit":"-","value":"4:1"},{"property":"Standardowe d\u0142ugo\u015bci odcink\u00f3w","unit":"m","value":"20"},{"property":"Waga jednostkowa","unit":"kg\/m","value":"1,28"},{"property":"Rodzaj wzmocnienia","unit":"-","value":"kord"}]},{"variation_id":7432,"sku":"WPPA04ZW063WT629","variation_title":"W\u0105\u017c do pary wodnej 140\u00b0C DN63 (2.1\/2\")","properties":[{"property":"\u015arednica nominalna wewn\u0119trzna","unit":"mm","value":"63,0"},{"property":"\u015arednica nominalna wewn\u0119trzna","unit":"ukryte","value":"\u00b11,50"},{"property":"\u015arednica nominalna wewn\u0119trzna","unit":"cal","value":"2 1\/2"},{"property":"\u015arednica zewn\u0119trzna [mm]","unit":"mm","value":"75,0"},{"property":"Maksymalne ci\u015bnienie robocze","unit":"bar","value":"4"},{"property":"Maksymalne ci\u015bnienie robocze","unit":"MPa","value":"o,4"},{"property":"Maksymalne ci\u015bnienie robocze","unit":"psi","value":"58"},{"property":"Ci\u015bnienie rozrywaj\u0105ce","unit":"bar","value":"16"},{"property":"Wsp\u00f3\u0142czynnik bezpiecze\u0144stwa","unit":"-","value":"4:1"},{"property":"Standardowe d\u0142ugo\u015bci odcink\u00f3w","unit":"m","value":"20"},{"property":"Waga jednostkowa","unit":"kg\/m","value":"1,77"},{"property":"Rodzaj wzmocnienia","unit":"-","value":"kord"}]},{"variation_id":7434,"sku":"","variation_title":"W\u0105\u017c do pary wodnej 140\u00b0C DN75 (3\")","properties":[{"property":"\u015arednica nominalna wewn\u0119trzna","unit":"mm","value":"75,0"},{"property":"\u015arednica nominalna wewn\u0119trzna","unit":"ukryte","value":"\u00b11,50"},{"property":"\u015arednica nominalna wewn\u0119trzna","unit":"cal","value":"3"},{"property":"\u015arednica zewn\u0119trzna [mm]","unit":"mm","value":"87,0"},{"property":"Maksymalne ci\u015bnienie robocze","unit":"bar","value":"4"},{"property":"Maksymalne ci\u015bnienie robocze","unit":"MPa","value":"0,4"},{"property":"Maksymalne ci\u015bnienie robocze","unit":"psi","value":"58"},{"property":"Ci\u015bnienie rozrywaj\u0105ce","unit":"bar","value":"16"},{"property":"Wsp\u00f3\u0142czynnik bezpiecze\u0144stwa","unit":"-","value":"4:1"},{"property":"Standardowe d\u0142ugo\u015bci odcink\u00f3w","unit":"m","value":"20"},{"property":"Waga jednostkowa","unit":"kg\/m","value":"2,00"},{"property":"Rodzaj wzmocnienia","unit":"-","value":"kord"}]},{"variation_id":7436,"sku":"WPPA04ZW080WT629","variation_title":"W\u0105\u017c do pary wodnej 140\u00b0C DN80 (3.5\/32\")","properties":[{"property":"\u015arednica nominalna wewn\u0119trzna","unit":"mm","value":"80,0"},{"property":"\u015arednica nominalna wewn\u0119trzna","unit":"ukryte","value":"\u00b12,00"},{"property":"\u015arednica nominalna wewn\u0119trzna","unit":"cal","value":"3 5\/32"},{"property":"\u015arednica zewn\u0119trzna [mm]","unit":"mm","value":"93,0"},{"property":"Maksymalne ci\u015bnienie robocze","unit":"bar","value":"4"},{"property":"Maksymalne ci\u015bnienie robocze","unit":"MPa","value":"0,4"},{"property":"Maksymalne ci\u015bnienie robocze","unit":"psi","value":"58"},{"property":"Ci\u015bnienie rozrywaj\u0105ce","unit":"bar","value":"16"},{"property":"Wsp\u00f3\u0142czynnik bezpiecze\u0144stwa","unit":"-","value":"4:1"},{"property":"Standardowe d\u0142ugo\u015bci odcink\u00f3w","unit":"m","value":"20"},{"property":"Waga jednostkowa","unit":"kg\/m","value":"2,29"},{"property":"Rodzaj wzmocnienia","unit":"-","value":"kord"}]}],"_links":{"self":[{"href":"https:\/\/new.stomil-bydgoszcz.pl\/de\/wp-json\/wp\/v2\/product\/7410","targetHints":{"allow":["GET"]}}],"collection":[{"href":"https:\/\/new.stomil-bydgoszcz.pl\/de\/wp-json\/wp\/v2\/product"}],"about":[{"href":"https:\/\/new.stomil-bydgoszcz.pl\/de\/wp-json\/wp\/v2\/types\/product"}],"replies":[{"embeddable":true,"href":"https:\/\/new.stomil-bydgoszcz.pl\/de\/wp-json\/wp\/v2\/comments?post=7410"}],"wp:featuredmedia":[{"embeddable":true,"href":"https:\/\/new.stomil-bydgoszcz.pl\/de\/wp-json\/wp\/v2\/media\/7408"}],"wp:attachment":[{"href":"https:\/\/new.stomil-bydgoszcz.pl\/de\/wp-json\/wp\/v2\/media?parent=7410"}],"wp:term":[{"taxonomy":"product_brand","embeddable":true,"href":"https:\/\/new.stomil-bydgoszcz.pl\/de\/wp-json\/wp\/v2\/product_brand?post=7410"},{"taxonomy":"product_cat","embeddable":true,"href":"https:\/\/new.stomil-bydgoszcz.pl\/de\/wp-json\/wp\/v2\/product_cat?post=7410"},{"taxonomy":"product_tag","embeddable":true,"href":"https:\/\/new.stomil-bydgoszcz.pl\/de\/wp-json\/wp\/v2\/product_tag?post=7410"}],"curies":[{"name":"wp","href":"https:\/\/api.w.org\/{rel}","templated":true}]}}