{"id":7473,"date":"2026-03-17T21:40:04","date_gmt":"2026-03-17T21:40:04","guid":{"rendered":"https:\/\/new.stomil-bydgoszcz.pl\/produkt\/waz-do-powietrza-i-wody-16-mpa\/"},"modified":"2026-03-17T21:40:21","modified_gmt":"2026-03-17T21:40:21","slug":"luft-und-wasser-vase-16-mpa","status":"publish","type":"product","link":"https:\/\/new.stomil-bydgoszcz.pl\/de\/produkt\/waz-do-powietrza-i-wody-16-mpa\/","title":{"rendered":"Schl\u00e4uche f\u00fcr Luft- und Wasserschl\u00e4uche 1,6 MPa"},"content":{"rendered":"<p><strong>EIGENSCHAFTEN<br \/>\n<\/strong>Betriebsdruck - 16 bar (1,6 MPa)<br \/>\nBerstdruck - 64 bar (6,4 MPa)<br \/>\nKlasse A<br \/>\nKategorie N-T<br \/>\nSicherheitsfaktor 4:1<\/p>\n<p><strong>ANWENDUNG<br \/>\n<\/strong>Ein zuverl\u00e4ssiger SCHL\u00c4UCHE, der in der Regel f\u00fcr die Druckluftversorgung von Druckluftwerkzeugen verwendet wird.  Er ist auch f\u00fcr den Transport von Wasser und leichten Chemikalien in Industrie und Landwirtschaft geeignet. Er zeichnet sich durch einen hohen vierfachen Sicherheitsfaktor aus.<\/p>\n<p>Es ist abriebfest, witterungs- und ozonbest\u00e4ndig.<\/p>\n<p>Auf Wunsch k\u00f6nnen wir Schl\u00e4uche mit kordelverst\u00e4rkten Durchmessern mit einer zus\u00e4tzlichen \u00e4u\u00dferen Drahtspirale zum Schutz vor Verformung und \u00fcberm\u00e4\u00dfigem Abrieb der Au\u00dfenschicht des Schlauchs versehen.<\/p>\n<p><strong>Betriebstemperatur<br \/>\n<\/strong>Von -30\u00b0C bis +80\u00b0C<br \/>\nKurzzeitig bis zu +100\u00b0C<\/p>\n<p>Schl\u00e4uche f\u00fcr Betriebstemperaturen von -40\u00b0C und bis zu +100\u00b0C sind ebenfalls erh\u00e4ltlich.<\/p>\n<p><strong>KONSTRUKTION<br \/>\n<\/strong>Entspricht der Norm EN ISO 2398 (TYP 2).<\/p>\n<p><strong>Innere Schicht<br \/>\n<\/strong>Schwarz gef\u00e4rbter Gummi aus synthetischem SBR-Kautschuk.<\/p>\n<p><strong>Verst\u00e4rkung<br \/>\n<\/strong>Je nach Durchmesser variabel - Abstandhalter aus Textilkordel oder hochfestes synthetisches Geflecht.<\/p>\n<p><strong>\u00c4u\u00dfere Schicht<br \/>\n<\/strong>Schwarzer SBR\/EPDM-Synthesekautschuk, abriebfest, witterungs- und ozonbest\u00e4ndig.<br \/>\nDurchmesser bis DN 12,5 glatt, gr\u00f6\u00dfer mit Gewebeeindruck.<\/p>\n<p><strong>UNTERSCHRIFT<br \/>\n<\/strong>Durchmesser mit glatter Oberfl\u00e4che sind mit wei\u00dfer Farbe markiert. Durchmesser mit Stoffaufdruck sind mit hellblauem Klebeband markiert.<\/p>\n<p>&nbsp;<\/p>","protected":false},"excerpt":{"rendered":"<p><strong>Betriebsdruck:<\/strong> 16 bar (1,6 MPa) | <strong>Berstdruck:<\/strong> 64 bar (6,4 MPa) | <strong>Klasse:<\/strong> A | <strong>Kategorien:<\/strong> N-T | <strong>Sicherheitsfaktor:<\/strong> 4:1 |&nbsp;<strong>Betriebstemperatur: <\/strong>von -30\u00b0C bis +80\u00b0C; kurzfristig bis zu +100\u00b0C<\/p>","protected":false},"featured_media":7471,"comment_status":"closed","ping_status":"closed","template":"","meta":[],"product_brand":[],"product_cat":[88,155,92,242,77,156,176,179,140],"product_tag":[],"class_list":{"0":"post-7473","1":"product","2":"type-product","3":"status-publish","4":"has-post-thumbnail","6":"product_cat-branze","7":"product_cat-budowa-maszyn-i-urzadzen","8":"product_cat-budownictwo","9":"product_cat-do-powietrza-i-wody-16-mpa","10":"product_cat-grupy-produktow","11":"product_cat-weze-do-kompresora","12":"product_cat-weze-do-wody","13":"product_cat-przewody-pneumatyczne-do-powietrza","14":"product_cat-weze-przemyslowe","16":"first","17":"instock","18":"taxable","19":"shipping-taxable","20":"purchasable","21":"product-type-variable"},"stomil_properties":[{"variation_id":7475,"sku":"","variation_title":"W\u0105\u017c do powietrza i wody 1,6 MPa DN6,3 (1\/4\")","properties":[{"property":"\u015arednica nominalna wewn\u0119trzna","unit":"mm","value":"6,3"},{"property":"\u015arednica nominalna wewn\u0119trzna","unit":"ukryte","value":"\u00b10,75"},{"property":"\u015arednica nominalna wewn\u0119trzna","unit":"cal","value":"1\/4"},{"property":"\u015arednica zewn\u0119trzna [mm]","unit":"mm","value":"13,0"},{"property":"Maksymalne ci\u015bnienie robocze","unit":"bar","value":"16"},{"property":"Maksymalne ci\u015bnienie robocze","unit":"MPa","value":"1,6"},{"property":"Maksymalne ci\u015bnienie robocze","unit":"psi","value":"232"},{"property":"Ci\u015bnienie rozrywaj\u0105ce","unit":"bar","value":"64"},{"property":"Wsp\u00f3\u0142czynnik bezpiecze\u0144stwa","unit":"-","value":"4:1"},{"property":"Standardowe d\u0142ugo\u015bci odcink\u00f3w","unit":"m","value":"50"},{"property":"Waga jednostkowa","unit":"kg\/m","value":"0,12"},{"property":"Rodzaj wzmocnienia","unit":"-","value":"nici"}]},{"variation_id":7477,"sku":"","variation_title":"W\u0105\u017c do powietrza i wody 1,6 MPa DN8 (5\/16\")","properties":[{"property":"\u015arednica nominalna wewn\u0119trzna","unit":"mm","value":"8,0"},{"property":"\u015arednica nominalna wewn\u0119trzna","unit":"ukryte","value":"\u00b10,75"},{"property":"\u015arednica nominalna wewn\u0119trzna","unit":"cal","value":"5\/16"},{"property":"\u015arednica zewn\u0119trzna [mm]","unit":"mm","value":"15,0"},{"property":"Maksymalne ci\u015bnienie robocze","unit":"bar","value":"16"},{"property":"Maksymalne ci\u015bnienie robocze","unit":"MPa","value":"1,6"},{"property":"Maksymalne ci\u015bnienie robocze","unit":"psi","value":"232"},{"property":"Ci\u015bnienie rozrywaj\u0105ce","unit":"bar","value":"64"},{"property":"Wsp\u00f3\u0142czynnik bezpiecze\u0144stwa","unit":"-","value":"4:1"},{"property":"Standardowe d\u0142ugo\u015bci odcink\u00f3w","unit":"m","value":"50"},{"property":"Waga jednostkowa","unit":"kg\/m","value":"0,17"},{"property":"Rodzaj wzmocnienia","unit":"-","value":"nici"}]},{"variation_id":7479,"sku":"","variation_title":"W\u0105\u017c do powietrza i wody 1,6 MPa DN10 (3\/8\")","properties":[{"property":"\u015arednica nominalna wewn\u0119trzna","unit":"mm","value":"10,0"},{"property":"\u015arednica nominalna wewn\u0119trzna","unit":"ukryte","value":"\u00b10,75"},{"property":"\u015arednica nominalna wewn\u0119trzna","unit":"cal","value":"3\/8"},{"property":"\u015arednica zewn\u0119trzna [mm]","unit":"mm","value":"17,0"},{"property":"Maksymalne ci\u015bnienie robocze","unit":"bar","value":"16"},{"property":"Maksymalne ci\u015bnienie robocze","unit":"MPa","value":"1,6"},{"property":"Maksymalne ci\u015bnienie robocze","unit":"psi","value":"232"},{"property":"Ci\u015bnienie rozrywaj\u0105ce","unit":"bar","value":"64"},{"property":"Wsp\u00f3\u0142czynnik bezpiecze\u0144stwa","unit":"-","value":"4:1"},{"property":"Standardowe d\u0142ugo\u015bci odcink\u00f3w","unit":"m","value":"50"},{"property":"Waga jednostkowa","unit":"kg\/m","value":"0,20"},{"property":"Rodzaj wzmocnienia","unit":"-","value":"nici"}]},{"variation_id":7481,"sku":"","variation_title":"W\u0105\u017c do powietrza i wody 1,6 MPa DN12,5 (1\/2\")","properties":[{"property":"\u015arednica nominalna wewn\u0119trzna","unit":"mm","value":"12,5"},{"property":"\u015arednica nominalna wewn\u0119trzna","unit":"ukryte","value":"\u00b10,75"},{"property":"\u015arednica nominalna wewn\u0119trzna","unit":"cal","value":"1\/2"},{"property":"\u015arednica zewn\u0119trzna [mm]","unit":"mm","value":"21,0"},{"property":"Maksymalne ci\u015bnienie robocze","unit":"bar","value":"16"},{"property":"Maksymalne ci\u015bnienie robocze","unit":"MPa","value":"1,6"},{"property":"Maksymalne ci\u015bnienie robocze","unit":"psi","value":"232"},{"property":"Ci\u015bnienie rozrywaj\u0105ce","unit":"bar","value":"64"},{"property":"Wsp\u00f3\u0142czynnik bezpiecze\u0144stwa","unit":"-","value":"4:1"},{"property":"Standardowe d\u0142ugo\u015bci odcink\u00f3w","unit":"m","value":"50 lub 20"},{"property":"Waga jednostkowa","unit":"kg\/m","value":"0,25\/0,27"},{"property":"Rodzaj wzmocnienia","unit":"-","value":"nici lub kord"}]},{"variation_id":7483,"sku":"WPSP16OL016WT626","variation_title":"W\u0105\u017c do powietrza i wody 1,6 MPa DN16 (5\/8\")","properties":[{"property":"\u015arednica nominalna wewn\u0119trzna","unit":"mm","value":"16,0"},{"property":"\u015arednica nominalna wewn\u0119trzna","unit":"ukryte","value":"\u00b10,75"},{"property":"\u015arednica nominalna wewn\u0119trzna","unit":"cal","value":"5\/8"},{"property":"\u015arednica zewn\u0119trzna [mm]","unit":"mm","value":"24,0"},{"property":"Maksymalne ci\u015bnienie robocze","unit":"bar","value":"16"},{"property":"Maksymalne ci\u015bnienie robocze","unit":"MPa","value":"1,6"},{"property":"Maksymalne ci\u015bnienie robocze","unit":"psi","value":"232"},{"property":"Ci\u015bnienie rozrywaj\u0105ce","unit":"bar","value":"64"},{"property":"Wsp\u00f3\u0142czynnik bezpiecze\u0144stwa","unit":"-","value":"4:1"},{"property":"Standardowe d\u0142ugo\u015bci odcink\u00f3w","unit":"m","value":"20"},{"property":"Waga jednostkowa","unit":"kg\/m","value":"0,31"},{"property":"Rodzaj wzmocnienia","unit":"-","value":"kord"}]},{"variation_id":7485,"sku":"","variation_title":"W\u0105\u017c do powietrza i wody 1,6 MPa DN19 (3\/4\")","properties":[{"property":"\u015arednica nominalna wewn\u0119trzna","unit":"mm","value":"19,0"},{"property":"\u015arednica nominalna wewn\u0119trzna","unit":"ukryte","value":"\u00b10,75"},{"property":"\u015arednica nominalna wewn\u0119trzna","unit":"cal","value":"3\/4"},{"property":"\u015arednica zewn\u0119trzna [mm]","unit":"mm","value":"27,0"},{"property":"Maksymalne ci\u015bnienie robocze","unit":"bar","value":"16"},{"property":"Maksymalne ci\u015bnienie robocze","unit":"MPa","value":"1,6"},{"property":"Maksymalne ci\u015bnienie robocze","unit":"psi","value":"232"},{"property":"Ci\u015bnienie rozrywaj\u0105ce","unit":"bar","value":"64"},{"property":"Wsp\u00f3\u0142czynnik bezpiecze\u0144stwa","unit":"-","value":"4:1"},{"property":"Standardowe d\u0142ugo\u015bci odcink\u00f3w","unit":"m","value":"20"},{"property":"Waga jednostkowa","unit":"kg\/m","value":"0,37"},{"property":"Rodzaj wzmocnienia","unit":"-","value":"kord"}]},{"variation_id":7487,"sku":"WPSP16ZW020OT625","variation_title":"W\u0105\u017c do powietrza i wody 1,6 MPa DN20 (25\/32\")","properties":[{"property":"\u015arednica nominalna wewn\u0119trzna","unit":"mm","value":"20,0"},{"property":"\u015arednica nominalna wewn\u0119trzna","unit":"ukryte","value":"\u00b10,75"},{"property":"\u015arednica nominalna wewn\u0119trzna","unit":"cal","value":"25\/32"},{"property":"\u015arednica zewn\u0119trzna [mm]","unit":"mm","value":"28,0"},{"property":"Maksymalne ci\u015bnienie robocze","unit":"bar","value":"16"},{"property":"Maksymalne ci\u015bnienie robocze","unit":"MPa","value":"1,6"},{"property":"Maksymalne ci\u015bnienie robocze","unit":"psi","value":"232"},{"property":"Ci\u015bnienie rozrywaj\u0105ce","unit":"bar","value":"64"},{"property":"Wsp\u00f3\u0142czynnik bezpiecze\u0144stwa","unit":"-","value":"4:1"},{"property":"Standardowe d\u0142ugo\u015bci odcink\u00f3w","unit":"m","value":"20"},{"property":"Waga jednostkowa","unit":"kg\/m","value":"0,38"},{"property":"Rodzaj wzmocnienia","unit":"-","value":"kord"}]},{"variation_id":7489,"sku":"WPSP10ZW025OT625","variation_title":"W\u0105\u017c do powietrza i wody 1,6 MPa DN25 (1\")","properties":[{"property":"\u015arednica nominalna wewn\u0119trzna","unit":"mm","value":"25,0"},{"property":"\u015arednica nominalna wewn\u0119trzna","unit":"ukryte","value":"\u00b11,25"},{"property":"\u015arednica nominalna wewn\u0119trzna","unit":"cal","value":"1"},{"property":"\u015arednica zewn\u0119trzna [mm]","unit":"mm","value":"34,0"},{"property":"Maksymalne ci\u015bnienie robocze","unit":"bar","value":"16"},{"property":"Maksymalne ci\u015bnienie robocze","unit":"MPa","value":"1,6"},{"property":"Maksymalne ci\u015bnienie robocze","unit":"psi","value":"232"},{"property":"Ci\u015bnienie rozrywaj\u0105ce","unit":"bar","value":"64"},{"property":"Wsp\u00f3\u0142czynnik bezpiecze\u0144stwa","unit":"-","value":"4:1"},{"property":"Standardowe d\u0142ugo\u015bci odcink\u00f3w","unit":"m","value":"20"},{"property":"Waga jednostkowa","unit":"kg\/m","value":"0,52"},{"property":"Rodzaj wzmocnienia","unit":"-","value":"kord"}]},{"variation_id":7491,"sku":"WPSP10ZW031WT625","variation_title":"W\u0105\u017c do powietrza i wody 1,6 MPa DN31,5 (1.15\/64\")","properties":[{"property":"\u015arednica nominalna wewn\u0119trzna","unit":"mm","value":"31,5"},{"property":"\u015arednica nominalna wewn\u0119trzna","unit":"ukryte","value":"\u00b11,25"},{"property":"\u015arednica nominalna wewn\u0119trzna","unit":"cal","value":"1 15\/64"},{"property":"\u015arednica zewn\u0119trzna [mm]","unit":"mm","value":"46,0"},{"property":"Maksymalne ci\u015bnienie robocze","unit":"bar","value":"16"},{"property":"Maksymalne ci\u015bnienie robocze","unit":"MPa","value":"1,6"},{"property":"Maksymalne ci\u015bnienie robocze","unit":"psi","value":"232"},{"property":"Ci\u015bnienie rozrywaj\u0105ce","unit":"bar","value":"64"},{"property":"Wsp\u00f3\u0142czynnik bezpiecze\u0144stwa","unit":"-","value":"4:1"},{"property":"Standardowe d\u0142ugo\u015bci odcink\u00f3w","unit":"m","value":"20"},{"property":"Waga jednostkowa","unit":"kg\/m","value":"1,19"},{"property":"Rodzaj wzmocnienia","unit":"-","value":"kord"}]},{"variation_id":7493,"sku":"WPSP10ZW040WT625","variation_title":"W\u0105\u017c do powietrza i wody 1,6 MPa DN40 (1.9\/16\")","properties":[{"property":"\u015arednica nominalna wewn\u0119trzna","unit":"mm","value":"40,0"},{"property":"\u015arednica nominalna wewn\u0119trzna","unit":"ukryte","value":"\u00b11,50"},{"property":"\u015arednica nominalna wewn\u0119trzna","unit":"cal","value":"1 9\/16"},{"property":"\u015arednica zewn\u0119trzna [mm]","unit":"mm","value":"54,0"},{"property":"Maksymalne ci\u015bnienie robocze","unit":"bar","value":"16"},{"property":"Maksymalne ci\u015bnienie robocze","unit":"MPa","value":"1,6"},{"property":"Maksymalne ci\u015bnienie robocze","unit":"psi","value":"232"},{"property":"Ci\u015bnienie rozrywaj\u0105ce","unit":"bar","value":"64"},{"property":"Wsp\u00f3\u0142czynnik bezpiecze\u0144stwa","unit":"-","value":"4:1"},{"property":"Standardowe d\u0142ugo\u015bci odcink\u00f3w","unit":"m","value":"20"},{"property":"Waga jednostkowa","unit":"kg\/m","value":"1,44"},{"property":"Rodzaj wzmocnienia","unit":"-","value":"kord"}]},{"variation_id":7495,"sku":"","variation_title":"W\u0105\u017c do powietrza i wody 1,6 MPa DN45 (1.3\/4\")","properties":[{"property":"\u015arednica nominalna wewn\u0119trzna","unit":"mm","value":"45,0"},{"property":"\u015arednica nominalna wewn\u0119trzna","unit":"ukryte","value":"\u00b11,50"},{"property":"\u015arednica nominalna wewn\u0119trzna","unit":"cal","value":"1 3\/4"},{"property":"\u015arednica zewn\u0119trzna [mm]","unit":"mm","value":"59,0"},{"property":"Maksymalne ci\u015bnienie robocze","unit":"bar","value":"16"},{"property":"Maksymalne ci\u015bnienie robocze","unit":"MPa","value":"1,6"},{"property":"Maksymalne ci\u015bnienie robocze","unit":"psi","value":"232"},{"property":"Ci\u015bnienie rozrywaj\u0105ce","unit":"bar","value":"64"},{"property":"Wsp\u00f3\u0142czynnik bezpiecze\u0144stwa","unit":"-","value":"4:1"},{"property":"Standardowe d\u0142ugo\u015bci odcink\u00f3w","unit":"m","value":"20"},{"property":"Waga jednostkowa","unit":"kg\/m","value":"1,58"},{"property":"Rodzaj wzmocnienia","unit":"-","value":"kord"}]},{"variation_id":7497,"sku":"","variation_title":"W\u0105\u017c do powietrza i wody 1,6 MPa DN50 (2\")","properties":[{"property":"\u015arednica nominalna wewn\u0119trzna","unit":"mm","value":"50,0"},{"property":"\u015arednica nominalna wewn\u0119trzna","unit":"ukryte","value":"\u00b11,50"},{"property":"\u015arednica nominalna wewn\u0119trzna","unit":"cal","value":"2"},{"property":"\u015arednica zewn\u0119trzna [mm]","unit":"mm","value":"64,0"},{"property":"Maksymalne ci\u015bnienie robocze","unit":"bar","value":"16"},{"property":"Maksymalne ci\u015bnienie robocze","unit":"MPa","value":"1,6"},{"property":"Maksymalne ci\u015bnienie robocze","unit":"psi","value":"232"},{"property":"Ci\u015bnienie rozrywaj\u0105ce","unit":"bar","value":"64"},{"property":"Wsp\u00f3\u0142czynnik bezpiecze\u0144stwa","unit":"-","value":"4:1"},{"property":"Standardowe d\u0142ugo\u015bci odcink\u00f3w","unit":"m","value":"20"},{"property":"Waga jednostkowa","unit":"kg\/m","value":"1,74"},{"property":"Rodzaj wzmocnienia","unit":"-","value":"kord"}]}],"_links":{"self":[{"href":"https:\/\/new.stomil-bydgoszcz.pl\/de\/wp-json\/wp\/v2\/product\/7473","targetHints":{"allow":["GET"]}}],"collection":[{"href":"https:\/\/new.stomil-bydgoszcz.pl\/de\/wp-json\/wp\/v2\/product"}],"about":[{"href":"https:\/\/new.stomil-bydgoszcz.pl\/de\/wp-json\/wp\/v2\/types\/product"}],"replies":[{"embeddable":true,"href":"https:\/\/new.stomil-bydgoszcz.pl\/de\/wp-json\/wp\/v2\/comments?post=7473"}],"wp:featuredmedia":[{"embeddable":true,"href":"https:\/\/new.stomil-bydgoszcz.pl\/de\/wp-json\/wp\/v2\/media\/7471"}],"wp:attachment":[{"href":"https:\/\/new.stomil-bydgoszcz.pl\/de\/wp-json\/wp\/v2\/media?parent=7473"}],"wp:term":[{"taxonomy":"product_brand","embeddable":true,"href":"https:\/\/new.stomil-bydgoszcz.pl\/de\/wp-json\/wp\/v2\/product_brand?post=7473"},{"taxonomy":"product_cat","embeddable":true,"href":"https:\/\/new.stomil-bydgoszcz.pl\/de\/wp-json\/wp\/v2\/product_cat?post=7473"},{"taxonomy":"product_tag","embeddable":true,"href":"https:\/\/new.stomil-bydgoszcz.pl\/de\/wp-json\/wp\/v2\/product_tag?post=7473"}],"curies":[{"name":"wp","href":"https:\/\/api.w.org\/{rel}","templated":true}]}}