{"id":7571,"date":"2026-03-17T21:40:14","date_gmt":"2026-03-17T21:40:14","guid":{"rendered":"https:\/\/new.stomil-bydgoszcz.pl\/produkt\/waz-hydrauliczny-3-sp\/"},"modified":"2026-03-17T21:40:21","modified_gmt":"2026-03-17T21:40:21","slug":"hydraulische-vase-3-sp","status":"publish","type":"product","link":"https:\/\/new.stomil-bydgoszcz.pl\/de\/produkt\/waz-hydrauliczny-3-sp\/","title":{"rendered":"3 SP HYDRAULIKSCHL\u00c4UCHE"},"content":{"rendered":"<p><strong>ANWENDUNG<\/strong><\/p>\n<p>Diese Schl\u00e4uche entsprechen 4SP-Schl\u00e4uchen, die nach EN 856 hergestellt werden.<\/p>\n<p>Sie zeichnen sich durch eine sehr hohe Widerstandsf\u00e4higkeit gegen Betriebsdruck und eine weitaus gr\u00f6\u00dfere Flexibilit\u00e4t als 4SP-Schl\u00e4uche aus, was sie f\u00fcr den Einsatz auf engstem Raum besonders geeignet macht.<\/p>\n<p>Weit verbreitet f\u00fcr:<br \/>\n- Hydraulikfl\u00fcssigkeiten nach ISO 6743-4 mit Ausnahme von HFD R, HFD S, HFD T (-40\u00b0C bis +100\u00b0C),<br \/>\n- w\u00e4ssrige L\u00f6sungen (von -40\u00b0C bis +70\u00b0C),<br \/>\n- Wasser (0\u00b0C bis +70\u00b0C),<br \/>\n- Druckluft (0\u00b0C bis +80\u00b0C).<\/p>\n<p>Sie sind nicht f\u00fcr rizinus\u00f6l- und esterhaltige Fl\u00fcssigkeiten geeignet.<\/p>\n<p><strong>Betriebsdruck<br \/>\n<\/strong>Von 210 bis 420 bar, je nach Durchmesser.<\/p>\n<p><strong>Betriebstemperatur<br \/>\n<\/strong>Von -40\u00b0C bis +100\u00b0C<br \/>\nKurzzeitig bis zu +125\u00b0C<\/p>\n<p><strong>KONSTRUKTION<br \/>\n<\/strong>Gem\u00e4\u00df dem Projekt des Autors Stomil Bydgoszcz ZN-5\/13\/BZPG.<\/p>\n<p><strong>Innere Schicht<br \/>\n<\/strong>Schwarz gef\u00e4rbter Gummi aus \u00f6l- und wasserbest\u00e4ndigem synthetischem Kautschuk.<\/p>\n<p><strong>Verst\u00e4rkung<br \/>\n<\/strong>Dreifachgeflecht aus hochfestem Stahldraht.<\/p>\n<p><strong>\u00c4u\u00dfere Schicht<br \/>\n<\/strong>Schwarz gef\u00e4rbter synthetischer Kautschuk, der abrieb-, \u00f6l-, witterungs- und ozonbest\u00e4ndig ist.<\/p>\n<p>\u00dcberpr\u00fcfen Sie auch die Hydraulikschl\u00e4uche: <a href=\"https:\/\/sklep.stomil-bydgoszcz.pl\/kategoria-produktu\/grupy-produktow\/weze-hydrauliczne\/weze-hydrauliczne\/1sc\/\">1 SC<\/a>, <a href=\"https:\/\/sklep.stomil-bydgoszcz.pl\/produkt\/waz-hydrauliczny-2-sc-en-857\/\">2 SC<\/a>, <a href=\"https:\/\/sklep.stomil-bydgoszcz.pl\/produkt\/waz-hydrauliczny-1-sn-en-853-r1s-sae-j517\/\">1 SN<\/a>, <a href=\"https:\/\/sklep.stomil-bydgoszcz.pl\/produkt\/waz-hydrauliczny-2-sn-en-853-r2s-sae-j517\/\">2 SN<\/a>, <a href=\"https:\/\/sklep.stomil-bydgoszcz.pl\/produkt\/waz-hydrauliczny-eh-221-en-857\/\">ETH 221<\/a>, <a href=\"https:\/\/sklep.stomil-bydgoszcz.pl\/produkt\/waz-hydrauliczny-3-sp\/\">3 SP<\/a>, <a href=\"https:\/\/sklep.stomil-bydgoszcz.pl\/produkt\/waz-hydrauliczny-2-te-en-854\/\">2 TE<\/a> i <a href=\"https:\/\/sklep.stomil-bydgoszcz.pl\/kategoria-produktu\/grupy-produktow\/weze-hydrauliczne\/weze-do-myjni\/\">WASCHANLAGENSCHL\u00c4UCHE<\/a>.<\/p>","protected":false},"excerpt":{"rendered":"<p><strong>Betriebsdruck: <\/strong>210 bis 420 bar je nach Durchmesser |&nbsp;<strong>Betriebstemperatur: <\/strong>von -40\u00b0C bis +100\u00b0C; kurzfristig bis zu +125\u00b0C<\/p>","protected":false},"featured_media":7569,"comment_status":"closed","ping_status":"closed","template":"","meta":[],"product_brand":[],"product_cat":[245,88,155,92,77,91],"product_tag":[],"class_list":{"0":"post-7571","1":"product","2":"type-product","3":"status-publish","4":"has-post-thumbnail","6":"product_cat-3sp","7":"product_cat-branze","8":"product_cat-budowa-maszyn-i-urzadzen","9":"product_cat-budownictwo","10":"product_cat-grupy-produktow","11":"product_cat-weze-hydrauliczne","13":"first","14":"instock","15":"taxable","16":"shipping-taxable","17":"purchasable","18":"product-type-variable"},"stomil_properties":[{"variation_id":7573,"sku":"WH3SPZW10S0F016","variation_title":"W\u0105\u017c hydrauliczny 3SP DN10 (3\/8\") 420 bar","properties":[{"property":"\u015arednica nominalna wewn\u0119trzna","unit":"mm","value":"10"},{"property":"\u015arednica nominalna wewn\u0119trzna","unit":"cal","value":"3\/8"},{"property":"\u015arednica wewn\u0119trzna [mm]","unit":"min.","value":"9,5"},{"property":"\u015arednica wewn\u0119trzna [mm]","unit":"max.","value":"10,1"},{"property":"\u015arednica zewn\u0119trzna [mm]","unit":"max.","value":"22,2"},{"property":"Maksymalne ci\u015bnienie robocze","unit":"bar","value":"420"},{"property":"Maksymalne ci\u015bnienie robocze","unit":"psi","value":"6091"},{"property":"Ci\u015bnienie rozrywaj\u0105ce","unit":"bar","value":"1680"},{"property":"Wsp\u00f3\u0142czynnik bezpiecze\u0144stwa","unit":"-","value":"4,0"},{"property":"Najmniejszy promie\u0144 zgi\u0119cia","unit":"mm","value":"180"},{"property":"Waga jednostkowa","unit":"kg\/m","value":"0,77"}]},{"variation_id":7575,"sku":"WH3SPZW12S0F016","variation_title":"W\u0105\u017c hydrauliczny 3SP DN12 (1\/2\") 400 bar","properties":[{"property":"\u015arednica nominalna wewn\u0119trzna","unit":"mm","value":"12"},{"property":"\u015arednica nominalna wewn\u0119trzna","unit":"cal","value":"1\/2"},{"property":"\u015arednica wewn\u0119trzna [mm]","unit":"min.","value":"12,7"},{"property":"\u015arednica wewn\u0119trzna [mm]","unit":"max.","value":"13,5"},{"property":"\u015arednica zewn\u0119trzna [mm]","unit":"max.","value":"25,4"},{"property":"Maksymalne ci\u015bnienie robocze","unit":"bar","value":"400"},{"property":"Maksymalne ci\u015bnienie robocze","unit":"psi","value":"5801"},{"property":"Ci\u015bnienie rozrywaj\u0105ce","unit":"bar","value":"1600"},{"property":"Wsp\u00f3\u0142czynnik bezpiecze\u0144stwa","unit":"-","value":"4,0"},{"property":"Najmniejszy promie\u0144 zgi\u0119cia","unit":"mm","value":"230"},{"property":"Waga jednostkowa","unit":"kg\/m","value":"0,85"}]},{"variation_id":7577,"sku":"WH3SPZW16S0F016","variation_title":"W\u0105\u017c hydrauliczny 3SP DN16 (5\/8\") 350 bar","properties":[{"property":"\u015arednica nominalna wewn\u0119trzna","unit":"mm","value":"16"},{"property":"\u015arednica nominalna wewn\u0119trzna","unit":"cal","value":"5\/8"},{"property":"\u015arednica wewn\u0119trzna [mm]","unit":"min.","value":"15,8"},{"property":"\u015arednica wewn\u0119trzna [mm]","unit":"max.","value":"16,7"},{"property":"\u015arednica zewn\u0119trzna [mm]","unit":"max.","value":"29,0"},{"property":"Maksymalne ci\u015bnienie robocze","unit":"bar","value":"350"},{"property":"Maksymalne ci\u015bnienie robocze","unit":"psi","value":"5076"},{"property":"Ci\u015bnienie rozrywaj\u0105ce","unit":"bar","value":"1400"},{"property":"Wsp\u00f3\u0142czynnik bezpiecze\u0144stwa","unit":"-","value":"4,0"},{"property":"Najmniejszy promie\u0144 zgi\u0119cia","unit":"mm","value":"250"},{"property":"Waga jednostkowa","unit":"kg\/m","value":"1,17"}]},{"variation_id":7579,"sku":"WH3SPZW19S0F016","variation_title":"W\u0105\u017c hydrauliczny 3SP DN19 (3\/4\") 350 bar","properties":[{"property":"\u015arednica nominalna wewn\u0119trzna","unit":"mm","value":"19"},{"property":"\u015arednica nominalna wewn\u0119trzna","unit":"cal","value":"3\/4"},{"property":"\u015arednica wewn\u0119trzna [mm]","unit":"min.","value":"18,8"},{"property":"\u015arednica wewn\u0119trzna [mm]","unit":"max.","value":"19,8"},{"property":"\u015arednica zewn\u0119trzna [mm]","unit":"max.","value":"33,0"},{"property":"Maksymalne ci\u015bnienie robocze","unit":"bar","value":"350"},{"property":"Maksymalne ci\u015bnienie robocze","unit":"psi","value":"5076"},{"property":"Ci\u015bnienie rozrywaj\u0105ce","unit":"bar","value":"1400"},{"property":"Wsp\u00f3\u0142czynnik bezpiecze\u0144stwa","unit":"-","value":"4,0"},{"property":"Najmniejszy promie\u0144 zgi\u0119cia","unit":"mm","value":"300"},{"property":"Waga jednostkowa","unit":"kg\/m","value":"1,5"}]},{"variation_id":7581,"sku":"WH3SPZW25S0F016","variation_title":"W\u0105\u017c hydrauliczny 3SP DN25 (1\") 280 bar","properties":[{"property":"\u015arednica nominalna wewn\u0119trzna","unit":"mm","value":"25"},{"property":"\u015arednica nominalna wewn\u0119trzna","unit":"cal","value":"1"},{"property":"\u015arednica wewn\u0119trzna [mm]","unit":"min.","value":"25,4"},{"property":"\u015arednica wewn\u0119trzna [mm]","unit":"max.","value":"26,4"},{"property":"\u015arednica zewn\u0119trzna [mm]","unit":"max.","value":"40,9"},{"property":"Maksymalne ci\u015bnienie robocze","unit":"bar","value":"280"},{"property":"Maksymalne ci\u015bnienie robocze","unit":"psi","value":"4061"},{"property":"Ci\u015bnienie rozrywaj\u0105ce","unit":"bar","value":"1120"},{"property":"Wsp\u00f3\u0142czynnik bezpiecze\u0144stwa","unit":"-","value":"4,0"},{"property":"Najmniejszy promie\u0144 zgi\u0119cia","unit":"mm","value":"340"},{"property":"Waga jednostkowa","unit":"kg\/m","value":"1,7"}]},{"variation_id":7583,"sku":"WH3SPZW31S0F016","variation_title":"W\u0105\u017c hydrauliczny 3SP DN31 (1.1\/4\") 210 bar","properties":[{"property":"\u015arednica nominalna wewn\u0119trzna","unit":"mm","value":"31"},{"property":"\u015arednica nominalna wewn\u0119trzna","unit":"cal","value":"1  1\/4"},{"property":"\u015arednica wewn\u0119trzna [mm]","unit":"min.","value":"31,8"},{"property":"\u015arednica wewn\u0119trzna [mm]","unit":"max.","value":"33,0"},{"property":"\u015arednica zewn\u0119trzna [mm]","unit":"max.","value":"52,4"},{"property":"Maksymalne ci\u015bnienie robocze","unit":"bar","value":"210"},{"property":"Maksymalne ci\u015bnienie robocze","unit":"psi","value":"3046"},{"property":"Ci\u015bnienie rozrywaj\u0105ce","unit":"bar","value":"840"},{"property":"Wsp\u00f3\u0142czynnik bezpiecze\u0144stwa","unit":"-","value":"4,0"},{"property":"Najmniejszy promie\u0144 zgi\u0119cia","unit":"mm","value":"460"},{"property":"Waga jednostkowa","unit":"kg\/m","value":"2,56"}]}],"_links":{"self":[{"href":"https:\/\/new.stomil-bydgoszcz.pl\/de\/wp-json\/wp\/v2\/product\/7571","targetHints":{"allow":["GET"]}}],"collection":[{"href":"https:\/\/new.stomil-bydgoszcz.pl\/de\/wp-json\/wp\/v2\/product"}],"about":[{"href":"https:\/\/new.stomil-bydgoszcz.pl\/de\/wp-json\/wp\/v2\/types\/product"}],"replies":[{"embeddable":true,"href":"https:\/\/new.stomil-bydgoszcz.pl\/de\/wp-json\/wp\/v2\/comments?post=7571"}],"wp:featuredmedia":[{"embeddable":true,"href":"https:\/\/new.stomil-bydgoszcz.pl\/de\/wp-json\/wp\/v2\/media\/7569"}],"wp:attachment":[{"href":"https:\/\/new.stomil-bydgoszcz.pl\/de\/wp-json\/wp\/v2\/media?parent=7571"}],"wp:term":[{"taxonomy":"product_brand","embeddable":true,"href":"https:\/\/new.stomil-bydgoszcz.pl\/de\/wp-json\/wp\/v2\/product_brand?post=7571"},{"taxonomy":"product_cat","embeddable":true,"href":"https:\/\/new.stomil-bydgoszcz.pl\/de\/wp-json\/wp\/v2\/product_cat?post=7571"},{"taxonomy":"product_tag","embeddable":true,"href":"https:\/\/new.stomil-bydgoszcz.pl\/de\/wp-json\/wp\/v2\/product_tag?post=7571"}],"curies":[{"name":"wp","href":"https:\/\/api.w.org\/{rel}","templated":true}]}}