{"id":7586,"date":"2026-03-17T21:40:15","date_gmt":"2026-03-17T21:40:15","guid":{"rendered":"https:\/\/new.stomil-bydgoszcz.pl\/produkt\/waz-hydrauliczny-eh-221-en-857\/"},"modified":"2026-03-17T21:40:21","modified_gmt":"2026-03-17T21:40:21","slug":"hydraulische-vase-eh-221-de-857","status":"publish","type":"product","link":"https:\/\/new.stomil-bydgoszcz.pl\/de\/produkt\/waz-hydrauliczny-eh-221-en-857\/","title":{"rendered":"EH 221 EN 857 Hydraulikschl\u00e4uche"},"content":{"rendered":"<p><strong>ANWENDUNG<\/strong><\/p>\n<p>Kompakte Schl\u00e4uche in zwei Ebenen mit \u00fcberlegener Flexibilit\u00e4t und viel h\u00f6herer Druckleistung im Vergleich zu 2 SC-Schl\u00e4uchen.<br \/>\nSie werden in der Regel verwendet f\u00fcr:<br \/>\n- Hydraulikfl\u00fcssigkeiten nach ISO 6743-4 mit Ausnahme von HFD R, HFD S, HFD T (-40\u00b0C bis +100\u00b0C),<br \/>\n- w\u00e4ssrige L\u00f6sungen (von -40\u00b0C bis +70\u00b0C),<br \/>\n- Wasser (0\u00b0C bis +70\u00b0C),<br \/>\n- Druckluft (0\u00b0C bis +80\u00b0C).<\/p>\n<p>Sie sind nicht f\u00fcr rizinus\u00f6l- und esterhaltige Fl\u00fcssigkeiten geeignet.<\/p>\n<p><strong>Betriebsdruck<br \/>\n<\/strong>Von 200 bis 450 bar, je nach Durchmesser.<\/p>\n<p><strong>Betriebstemperatur<br \/>\n<\/strong>Von -40\u00b0C bis +100\u00b0C<br \/>\nKurzzeitig bis zu +125\u00b0C<\/p>\n<p><strong>KONSTRUKTION<br \/>\n<\/strong>\u00dcbertrifft die Anforderungen der EN 857 f\u00fcr Betriebsdruck und Berstdruck.<\/p>\n<p><strong>Innere Schicht<br \/>\n<\/strong>Schwarz gef\u00e4rbter Gummi aus \u00f6l- und wasserbest\u00e4ndigem synthetischem Kautschuk.<\/p>\n<p><strong>Verst\u00e4rkung<br \/>\n<\/strong>Zwei hochfeste Stahldrahtgeflechte.<\/p>\n<p><strong>\u00c4u\u00dfere Schicht<br \/>\n<\/strong>Schwarz gef\u00e4rbter synthetischer Kautschuk, der abrieb-, \u00f6l-, witterungs- und ozonbest\u00e4ndig ist.<\/p>\n<p>F\u00fcr Durchmesser von DN 6 bis DN 19 ist es m\u00f6glich, die Schl\u00e4uche in einer Ausf\u00fchrung mit der ultraverschlei\u00dffesten Black Diamond-Beschichtung (UHMWPE) mit MSHA-Zulassung zu fertigen.<\/p>\n<p>\u00dcberpr\u00fcfen Sie auch die Hydraulikschl\u00e4uche: <a href=\"https:\/\/sklep.stomil-bydgoszcz.pl\/kategoria-produktu\/grupy-produktow\/weze-hydrauliczne\/weze-hydrauliczne\/1sc\/\">1 SC<\/a>, <a href=\"https:\/\/sklep.stomil-bydgoszcz.pl\/produkt\/waz-hydrauliczny-2-sc-en-857\/\">2 SC<\/a>, <a href=\"https:\/\/sklep.stomil-bydgoszcz.pl\/produkt\/waz-hydrauliczny-1-sn-en-853-r1s-sae-j517\/\">1 SN<\/a>, <a href=\"https:\/\/sklep.stomil-bydgoszcz.pl\/produkt\/waz-hydrauliczny-2-sn-en-853-r2s-sae-j517\/\">2 SN<\/a>, <a href=\"https:\/\/sklep.stomil-bydgoszcz.pl\/produkt\/waz-hydrauliczny-eh-221-en-857\/\">ETH 221<\/a>, <a href=\"https:\/\/sklep.stomil-bydgoszcz.pl\/produkt\/waz-hydrauliczny-3-sp\/\">3 SP<\/a>, <a href=\"https:\/\/sklep.stomil-bydgoszcz.pl\/produkt\/waz-hydrauliczny-2-te-en-854\/\">2 TE<\/a> i <a href=\"https:\/\/sklep.stomil-bydgoszcz.pl\/kategoria-produktu\/grupy-produktow\/weze-hydrauliczne\/weze-do-myjni\/\">WASCHANLAGENSCHL\u00c4UCHE<\/a>.<\/p>","protected":false},"excerpt":{"rendered":"<p><strong>Betriebsdruck: <\/strong>von 200 bis 450 bar je nach Durchmesser |&nbsp;<strong>Betriebstemperatur: <\/strong>von -40\u00b0C bis +100\u00b0C; kurzfristig bis zu +125\u00b0C<\/p>","protected":false},"featured_media":7584,"comment_status":"closed","ping_status":"closed","template":"","meta":[],"product_brand":[],"product_cat":[88,155,246,77,91],"product_tag":[],"class_list":{"0":"post-7586","1":"product","2":"type-product","3":"status-publish","4":"has-post-thumbnail","6":"product_cat-branze","7":"product_cat-budowa-maszyn-i-urzadzen","8":"product_cat-eh221","9":"product_cat-grupy-produktow","10":"product_cat-weze-hydrauliczne","12":"first","13":"instock","14":"taxable","15":"shipping-taxable","16":"purchasable","17":"product-type-variable"},"stomil_properties":[{"variation_id":7588,"sku":"WH2EHZW08S0F027","variation_title":"W\u0105\u017c hydrauliczny EH 221 EN 857 DN08 (5\/16\") 420 bar","properties":[{"property":"\u015arednica nominalna wewn\u0119trzna","unit":"mm","value":"8"},{"property":"\u015arednica nominalna wewn\u0119trzna","unit":"cal","value":"5\/16"},{"property":"\u015arednica wewn\u0119trzna [mm]","unit":"min.","value":"7,9"},{"property":"\u015arednica wewn\u0119trzna [mm]","unit":"max.","value":"8,5"},{"property":"\u015arednica zewn\u0119trzna [mm]","unit":"max.","value":"15,6"},{"property":"Maksymalne ci\u015bnienie robocze","unit":"bar","value":"420"},{"property":"Maksymalne ci\u015bnienie robocze","unit":"psi","value":"6092"},{"property":"Ci\u015bnienie rozrywaj\u0105ce","unit":"bar","value":"1680"},{"property":"Wsp\u00f3\u0142czynnik bezpiecze\u0144stwa","unit":"-","value":"4,0"},{"property":"Najmniejszy promie\u0144 zgi\u0119cia","unit":"mm","value":"60"},{"property":"Waga jednostkowa","unit":"kg\/m","value":"0,33"}]},{"variation_id":7590,"sku":"WH2EHZW10S0F027","variation_title":"W\u0105\u017c hydrauliczny EH 221 EN 857 DN10 (3\/8\") 385 bar","properties":[{"property":"\u015arednica nominalna wewn\u0119trzna","unit":"mm","value":"10"},{"property":"\u015arednica nominalna wewn\u0119trzna","unit":"cal","value":"3\/8"},{"property":"\u015arednica wewn\u0119trzna [mm]","unit":"min.","value":"9,5"},{"property":"\u015arednica wewn\u0119trzna [mm]","unit":"max.","value":"10,1"},{"property":"\u015arednica zewn\u0119trzna [mm]","unit":"max.","value":"18,3"},{"property":"Maksymalne ci\u015bnienie robocze","unit":"bar","value":"385"},{"property":"Maksymalne ci\u015bnienie robocze","unit":"psi","value":"5584"},{"property":"Ci\u015bnienie rozrywaj\u0105ce","unit":"bar","value":"1540"},{"property":"Wsp\u00f3\u0142czynnik bezpiecze\u0144stwa","unit":"-","value":"4,0"},{"property":"Najmniejszy promie\u0144 zgi\u0119cia","unit":"mm","value":"70"},{"property":"Waga jednostkowa","unit":"kg\/m","value":"0,4"}]},{"variation_id":7592,"sku":"WH2EHZW12S0F027","variation_title":"W\u0105\u017c hydrauliczny EH 221 EN 857 DN12 (1\/2\") 345 bar","properties":[{"property":"\u015arednica nominalna wewn\u0119trzna","unit":"mm","value":"12"},{"property":"\u015arednica nominalna wewn\u0119trzna","unit":"cal","value":"1\/2"},{"property":"\u015arednica wewn\u0119trzna [mm]","unit":"min.","value":"12,7"},{"property":"\u015arednica wewn\u0119trzna [mm]","unit":"max.","value":"13,5"},{"property":"\u015arednica zewn\u0119trzna [mm]","unit":"max.","value":"21,5"},{"property":"Maksymalne ci\u015bnienie robocze","unit":"bar","value":"345"},{"property":"Maksymalne ci\u015bnienie robocze","unit":"psi","value":"5004"},{"property":"Ci\u015bnienie rozrywaj\u0105ce","unit":"bar","value":"1380"},{"property":"Wsp\u00f3\u0142czynnik bezpiecze\u0144stwa","unit":"-","value":"4,0"},{"property":"Najmniejszy promie\u0144 zgi\u0119cia","unit":"mm","value":"90"},{"property":"Waga jednostkowa","unit":"kg\/m","value":"0,5"}]},{"variation_id":7594,"sku":"WH2EHZW16S0F027","variation_title":"W\u0105\u017c hydrauliczny EH 221 EN 857 DN16 (5\/8\") 290 bar","properties":[{"property":"\u015arednica nominalna wewn\u0119trzna","unit":"mm","value":"16"},{"property":"\u015arednica nominalna wewn\u0119trzna","unit":"cal","value":"5\/8"},{"property":"\u015arednica wewn\u0119trzna [mm]","unit":"min.","value":"15,8"},{"property":"\u015arednica wewn\u0119trzna [mm]","unit":"max.","value":"16,7"},{"property":"\u015arednica zewn\u0119trzna [mm]","unit":"max.","value":"24,7"},{"property":"Maksymalne ci\u015bnienie robocze","unit":"bar","value":"290"},{"property":"Maksymalne ci\u015bnienie robocze","unit":"psi","value":"4206"},{"property":"Ci\u015bnienie rozrywaj\u0105ce","unit":"bar","value":"1160"},{"property":"Wsp\u00f3\u0142czynnik bezpiecze\u0144stwa","unit":"-","value":"4,0"},{"property":"Najmniejszy promie\u0144 zgi\u0119cia","unit":"mm","value":"130"},{"property":"Waga jednostkowa","unit":"kg\/m","value":"0,63"}]},{"variation_id":7596,"sku":"WH2EHZW19S0F027","variation_title":"W\u0105\u017c hydrauliczny EH 221 EN 857 DN19 (3\/4\") 280 bar","properties":[{"property":"\u015arednica nominalna wewn\u0119trzna","unit":"mm","value":"19"},{"property":"\u015arednica nominalna wewn\u0119trzna","unit":"cal","value":"3\/4"},{"property":"\u015arednica wewn\u0119trzna [mm]","unit":"min.","value":"18,8"},{"property":"\u015arednica wewn\u0119trzna [mm]","unit":"max.","value":"19,8"},{"property":"\u015arednica zewn\u0119trzna [mm]","unit":"max.","value":"28,6"},{"property":"Maksymalne ci\u015bnienie robocze","unit":"bar","value":"280"},{"property":"Maksymalne ci\u015bnienie robocze","unit":"psi","value":"4061"},{"property":"Ci\u015bnienie rozrywaj\u0105ce","unit":"bar","value":"1120"},{"property":"Wsp\u00f3\u0142czynnik bezpiecze\u0144stwa","unit":"-","value":"4,0"},{"property":"Najmniejszy promie\u0144 zgi\u0119cia","unit":"mm","value":"160"},{"property":"Waga jednostkowa","unit":"kg\/m","value":"0,8"}]},{"variation_id":7598,"sku":"WH2EHZW25S0F027","variation_title":"W\u0105\u017c hydrauliczny EH 221 EN 857 DN25 (1\") 200 bar","properties":[{"property":"\u015arednica nominalna wewn\u0119trzna","unit":"mm","value":"25"},{"property":"\u015arednica nominalna wewn\u0119trzna","unit":"cal","value":"1"},{"property":"\u015arednica wewn\u0119trzna [mm]","unit":"min.","value":"25,4"},{"property":"\u015arednica wewn\u0119trzna [mm]","unit":"max.","value":"26,4"},{"property":"\u015arednica zewn\u0119trzna [mm]","unit":"max.","value":"36,6"},{"property":"Maksymalne ci\u015bnienie robocze","unit":"bar","value":"200"},{"property":"Maksymalne ci\u015bnienie robocze","unit":"psi","value":"2901"},{"property":"Ci\u015bnienie rozrywaj\u0105ce","unit":"bar","value":"800"},{"property":"Wsp\u00f3\u0142czynnik bezpiecze\u0144stwa","unit":"-","value":"4,0"},{"property":"Najmniejszy promie\u0144 zgi\u0119cia","unit":"mm","value":"210"},{"property":"Waga jednostkowa","unit":"kg\/m","value":"1,22"}]}],"_links":{"self":[{"href":"https:\/\/new.stomil-bydgoszcz.pl\/de\/wp-json\/wp\/v2\/product\/7586","targetHints":{"allow":["GET"]}}],"collection":[{"href":"https:\/\/new.stomil-bydgoszcz.pl\/de\/wp-json\/wp\/v2\/product"}],"about":[{"href":"https:\/\/new.stomil-bydgoszcz.pl\/de\/wp-json\/wp\/v2\/types\/product"}],"replies":[{"embeddable":true,"href":"https:\/\/new.stomil-bydgoszcz.pl\/de\/wp-json\/wp\/v2\/comments?post=7586"}],"wp:featuredmedia":[{"embeddable":true,"href":"https:\/\/new.stomil-bydgoszcz.pl\/de\/wp-json\/wp\/v2\/media\/7584"}],"wp:attachment":[{"href":"https:\/\/new.stomil-bydgoszcz.pl\/de\/wp-json\/wp\/v2\/media?parent=7586"}],"wp:term":[{"taxonomy":"product_brand","embeddable":true,"href":"https:\/\/new.stomil-bydgoszcz.pl\/de\/wp-json\/wp\/v2\/product_brand?post=7586"},{"taxonomy":"product_cat","embeddable":true,"href":"https:\/\/new.stomil-bydgoszcz.pl\/de\/wp-json\/wp\/v2\/product_cat?post=7586"},{"taxonomy":"product_tag","embeddable":true,"href":"https:\/\/new.stomil-bydgoszcz.pl\/de\/wp-json\/wp\/v2\/product_tag?post=7586"}],"curies":[{"name":"wp","href":"https:\/\/api.w.org\/{rel}","templated":true}]}}