{"id":7618,"date":"2026-03-17T21:40:18","date_gmt":"2026-03-17T21:40:18","guid":{"rendered":"https:\/\/new.stomil-bydgoszcz.pl\/produkt\/waz-hydrauliczny-1-sc-en-857\/"},"modified":"2026-03-17T21:40:21","modified_gmt":"2026-03-17T21:40:21","slug":"hydraulische-vase-1-sc-en-857","status":"publish","type":"product","link":"https:\/\/new.stomil-bydgoszcz.pl\/de\/produkt\/waz-hydrauliczny-1-sc-en-857\/","title":{"rendered":"HYDRAULIKSCHL\u00c4UCHE 1 SC EN 857"},"content":{"rendered":"<p><strong>ANWENDUNG<br \/>\n<\/strong><br \/>\nKompaktschl\u00e4uche f\u00fcr allgemeine Zwecke:<br \/>\n- Hydraulikfl\u00fcssigkeiten nach ISO 6743-4 mit Ausnahme von HFD R, HFD S, HFD T (-40\u00b0C bis +100\u00b0C),<br \/>\n- w\u00e4ssrige L\u00f6sungen (von -40\u00b0C bis +70\u00b0C),<br \/>\n- Wasser (0\u00b0C bis +70\u00b0C),<br \/>\n- Druckluft (0\u00b0C bis +80\u00b0C).<br \/>\nSie sind nicht f\u00fcr rizinus\u00f6l- und esterhaltige Fl\u00fcssigkeiten geeignet.<br \/>\n<strong>Betriebsdruck<br \/>\n<\/strong>Von 88 bis 225 bar, je nach Durchmesser.<br \/>\n<strong>Betriebstemperatur<br \/>\n<\/strong>Von -40\u00b0C bis +100\u00b0C<br \/>\nKurzzeitig bis zu +125\u00b0C<br \/>\n<strong>KONSTRUKTION<br \/>\n<\/strong>Entspricht der Norm EN 857.<br \/>\n<strong>Innere Schicht<br \/>\n<\/strong>Schwarz gef\u00e4rbter Gummi aus \u00f6l- und wasserbest\u00e4ndigem synthetischem Kautschuk.<br \/>\n<strong>Verst\u00e4rkung<br \/>\n<\/strong>Ein Geflecht aus hochfestem Stahldraht.<br \/>\n<strong>\u00c4u\u00dfere Schicht<br \/>\n<\/strong>Schwarz gef\u00e4rbter synthetischer Kautschuk, der abrieb-, \u00f6l-, witterungs- und ozonbest\u00e4ndig ist.<br \/>\nF\u00fcr Durchmesser von DN 6 bis DN 19 ist es m\u00f6glich, die Schl\u00e4uche in einer Ausf\u00fchrung mit der ultraverschlei\u00dffesten Black Diamond-Beschichtung (UHMWPE) mit MSHA-Zulassung zu fertigen.<\/p>\n<p>&nbsp;<\/p>\n<p>\u00dcberpr\u00fcfen Sie auch die Hydraulikschl\u00e4uche: <a href=\"https:\/\/sklep.stomil-bydgoszcz.pl\/kategoria-produktu\/grupy-produktow\/weze-hydrauliczne\/weze-hydrauliczne\/1sc\/\">1 SC<\/a>, <a href=\"https:\/\/sklep.stomil-bydgoszcz.pl\/produkt\/waz-hydrauliczny-2-sc-en-857\/\">2 SC<\/a>, <a href=\"https:\/\/sklep.stomil-bydgoszcz.pl\/produkt\/waz-hydrauliczny-1-sn-en-853-r1s-sae-j517\/\">1 SN<\/a>, <a href=\"https:\/\/sklep.stomil-bydgoszcz.pl\/produkt\/waz-hydrauliczny-2-sn-en-853-r2s-sae-j517\/\">2 SN<\/a>, <a href=\"https:\/\/sklep.stomil-bydgoszcz.pl\/produkt\/waz-hydrauliczny-eh-221-en-857\/\">ETH 221<\/a>, <a href=\"https:\/\/sklep.stomil-bydgoszcz.pl\/produkt\/waz-hydrauliczny-3-sp\/\">3 SP<\/a>, <a href=\"https:\/\/sklep.stomil-bydgoszcz.pl\/produkt\/waz-hydrauliczny-2-te-en-854\/\">2 TE<\/a> i <a href=\"https:\/\/sklep.stomil-bydgoszcz.pl\/kategoria-produktu\/grupy-produktow\/weze-hydrauliczne\/weze-do-myjni\/\">WASCHANLAGENSCHL\u00c4UCHE<\/a>.<\/p>","protected":false},"excerpt":{"rendered":"<p><strong>Betriebsdruck: <\/strong>von 88 bis 225 bar je nach Durchmesser | <strong>Betriebstemperatur: <\/strong>von -40\u00b0C bis +100\u00b0C; kurzfristig bis zu +125\u00b0C<\/p>","protected":false},"featured_media":7616,"comment_status":"closed","ping_status":"closed","template":"","meta":[],"product_brand":[],"product_cat":[248,88,155,92,77,178,91],"product_tag":[],"class_list":{"0":"post-7618","1":"product","2":"type-product","3":"status-publish","4":"has-post-thumbnail","6":"product_cat-1sc","7":"product_cat-branze","8":"product_cat-budowa-maszyn-i-urzadzen","9":"product_cat-budownictwo","10":"product_cat-grupy-produktow","11":"product_cat-rolnictwo","12":"product_cat-weze-hydrauliczne","14":"first","15":"instock","16":"taxable","17":"shipping-taxable","18":"purchasable","19":"product-type-variable"},"stomil_properties":[{"variation_id":7620,"sku":"WH1SCZW06S0F020","variation_title":"W\u0105\u017c hydrauliczny 1SC EN 857 DN06 (1\/4\") 225 bar","properties":[{"property":"\u015arednica nominalna wewn\u0119trzna","unit":"mm","value":"6"},{"property":"\u015arednica nominalna wewn\u0119trzna","unit":"cal","value":"1\/4"},{"property":"\u015arednica wewn\u0119trzna [mm]","unit":"min.","value":"6,4"},{"property":"\u015arednica wewn\u0119trzna [mm]","unit":"max.","value":"6,9"},{"property":"\u015arednica zewn\u0119trzna oplotu stalowego [mm]","unit":"min.","value":"9,6"},{"property":"\u015arednica zewn\u0119trzna oplotu stalowego [mm]","unit":"max.","value":"10,8"},{"property":"\u015arednica zewn\u0119trzna [mm]","unit":"max.","value":"13,5"},{"property":"Maksymalne ci\u015bnienie robocze","unit":"bar","value":"225"},{"property":"Maksymalne ci\u015bnienie robocze","unit":"psi","value":"3263"},{"property":"Ci\u015bnienie rozrywaj\u0105ce","unit":"bar","value":"900"},{"property":"Wsp\u00f3\u0142czynnik bezpiecze\u0144stwa","unit":"-","value":"4,0"},{"property":"Najmniejszy promie\u0144 zgi\u0119cia","unit":"mm","value":"75"},{"property":"Waga jednostkowa","unit":"kg\/m","value":"0,17"}]},{"variation_id":7622,"sku":"WH1SCZW08S0F020","variation_title":"W\u0105\u017c hydrauliczny 1SC EN 857 DN08 (5\/16\") 215 bar","properties":[{"property":"\u015arednica nominalna wewn\u0119trzna","unit":"mm","value":"8"},{"property":"\u015arednica nominalna wewn\u0119trzna","unit":"cal","value":"5\/16"},{"property":"\u015arednica wewn\u0119trzna [mm]","unit":"min.","value":"7,9"},{"property":"\u015arednica wewn\u0119trzna [mm]","unit":"max.","value":"8,5"},{"property":"\u015arednica zewn\u0119trzna oplotu stalowego [mm]","unit":"min.","value":"10,9"},{"property":"\u015arednica zewn\u0119trzna oplotu stalowego [mm]","unit":"max.","value":"12,1"},{"property":"\u015arednica zewn\u0119trzna [mm]","unit":"max.","value":"14,5"},{"property":"Maksymalne ci\u015bnienie robocze","unit":"bar","value":"215"},{"property":"Maksymalne ci\u015bnienie robocze","unit":"psi","value":"3118"},{"property":"Ci\u015bnienie rozrywaj\u0105ce","unit":"bar","value":"850"},{"property":"Wsp\u00f3\u0142czynnik bezpiecze\u0144stwa","unit":"-","value":"4,0"},{"property":"Najmniejszy promie\u0144 zgi\u0119cia","unit":"mm","value":"85"},{"property":"Waga jednostkowa","unit":"kg\/m","value":"0,21"}]},{"variation_id":7624,"sku":"WH1SCZW10S0F020","variation_title":"W\u0105\u017c hydrauliczny 1SC EN 857 DN10 (3\/8\") 180 bar","properties":[{"property":"\u015arednica nominalna wewn\u0119trzna","unit":"mm","value":"10"},{"property":"\u015arednica nominalna wewn\u0119trzna","unit":"cal","value":"3\/8"},{"property":"\u015arednica wewn\u0119trzna [mm]","unit":"min.","value":"9,5"},{"property":"\u015arednica wewn\u0119trzna [mm]","unit":"max.","value":"10,1"},{"property":"\u015arednica zewn\u0119trzna oplotu stalowego [mm]","unit":"min.","value":"12,7"},{"property":"\u015arednica zewn\u0119trzna oplotu stalowego [mm]","unit":"max.","value":"14,5"},{"property":"\u015arednica zewn\u0119trzna [mm]","unit":"max.","value":"16,9"},{"property":"Maksymalne ci\u015bnienie robocze","unit":"bar","value":"180"},{"property":"Maksymalne ci\u015bnienie robocze","unit":"psi","value":"2611"},{"property":"Ci\u015bnienie rozrywaj\u0105ce","unit":"bar","value":"720"},{"property":"Wsp\u00f3\u0142czynnik bezpiecze\u0144stwa","unit":"-","value":"4,0"},{"property":"Najmniejszy promie\u0144 zgi\u0119cia","unit":"mm","value":"90"},{"property":"Waga jednostkowa","unit":"kg\/m","value":"0,26"}]},{"variation_id":7626,"sku":"WH1SCZW12S0F020","variation_title":"W\u0105\u017c hydrauliczny 1SC EN 857 DN12 (1\/2\") 160 bar","properties":[{"property":"\u015arednica nominalna wewn\u0119trzna","unit":"mm","value":"12"},{"property":"\u015arednica nominalna wewn\u0119trzna","unit":"cal","value":"1\/2"},{"property":"\u015arednica wewn\u0119trzna [mm]","unit":"min.","value":"12,7"},{"property":"\u015arednica wewn\u0119trzna [mm]","unit":"max.","value":"13,5"},{"property":"\u015arednica zewn\u0119trzna oplotu stalowego [mm]","unit":"min.","value":"15,9"},{"property":"\u015arednica zewn\u0119trzna oplotu stalowego [mm]","unit":"max.","value":"18,1"},{"property":"\u015arednica zewn\u0119trzna [mm]","unit":"max.","value":"20,4"},{"property":"Maksymalne ci\u015bnienie robocze","unit":"bar","value":"160"},{"property":"Maksymalne ci\u015bnienie robocze","unit":"psi","value":"2321"},{"property":"Ci\u015bnienie rozrywaj\u0105ce","unit":"bar","value":"640"},{"property":"Wsp\u00f3\u0142czynnik bezpiecze\u0144stwa","unit":"-","value":"4,0"},{"property":"Najmniejszy promie\u0144 zgi\u0119cia","unit":"mm","value":"130"},{"property":"Waga jednostkowa","unit":"kg\/m","value":"0,32"}]},{"variation_id":7628,"sku":"WH1SCZW16S0F020","variation_title":"W\u0105\u017c hydrauliczny 1SC EN 857 DN16 (5\/8\") 130 bar","properties":[{"property":"\u015arednica nominalna wewn\u0119trzna","unit":"mm","value":"16"},{"property":"\u015arednica nominalna wewn\u0119trzna","unit":"cal","value":"5\/8"},{"property":"\u015arednica wewn\u0119trzna [mm]","unit":"min.","value":"15,8"},{"property":"\u015arednica wewn\u0119trzna [mm]","unit":"max.","value":"16,7"},{"property":"\u015arednica zewn\u0119trzna oplotu stalowego [mm]","unit":"min.","value":"19,8"},{"property":"\u015arednica zewn\u0119trzna oplotu stalowego [mm]","unit":"max.","value":"21,0"},{"property":"\u015arednica zewn\u0119trzna [mm]","unit":"max.","value":"23,0"},{"property":"Maksymalne ci\u015bnienie robocze","unit":"bar","value":"130"},{"property":"Maksymalne ci\u015bnienie robocze","unit":"psi","value":"1885"},{"property":"Ci\u015bnienie rozrywaj\u0105ce","unit":"bar","value":"520"},{"property":"Wsp\u00f3\u0142czynnik bezpiecze\u0144stwa","unit":"-","value":"4,0"},{"property":"Najmniejszy promie\u0144 zgi\u0119cia","unit":"mm","value":"150"},{"property":"Waga jednostkowa","unit":"kg\/m","value":"0,44"}]},{"variation_id":7630,"sku":"WH1SCZW19S0F020","variation_title":"W\u0105\u017c hydrauliczny 1SC EN 857 DN19 (3\/4\") 105 bar","properties":[{"property":"\u015arednica nominalna wewn\u0119trzna","unit":"mm","value":"19"},{"property":"\u015arednica nominalna wewn\u0119trzna","unit":"cal","value":"3\/4"},{"property":"\u015arednica wewn\u0119trzna [mm]","unit":"min.","value":"18,8"},{"property":"\u015arednica wewn\u0119trzna [mm]","unit":"max.","value":"19,8"},{"property":"\u015arednica zewn\u0119trzna oplotu stalowego [mm]","unit":"min.","value":"23,2"},{"property":"\u015arednica zewn\u0119trzna oplotu stalowego [mm]","unit":"max.","value":"24,4"},{"property":"\u015arednica zewn\u0119trzna [mm]","unit":"max.","value":"26,7"},{"property":"Maksymalne ci\u015bnienie robocze","unit":"bar","value":"105"},{"property":"Maksymalne ci\u015bnienie robocze","unit":"psi","value":"1523"},{"property":"Ci\u015bnienie rozrywaj\u0105ce","unit":"bar","value":"420"},{"property":"Wsp\u00f3\u0142czynnik bezpiecze\u0144stwa","unit":"-","value":"4,0"},{"property":"Najmniejszy promie\u0144 zgi\u0119cia","unit":"mm","value":"180"},{"property":"Waga jednostkowa","unit":"kg\/m","value":"0,55"}]},{"variation_id":7632,"sku":"WH1SCZW25S0F020","variation_title":"W\u0105\u017c hydrauliczny 1SC EN 857 DN25 (1\") 88 bar","properties":[{"property":"\u015arednica nominalna wewn\u0119trzna","unit":"mm","value":"25"},{"property":"\u015arednica nominalna wewn\u0119trzna","unit":"cal","value":"1"},{"property":"\u015arednica wewn\u0119trzna [mm]","unit":"min.","value":"25,4"},{"property":"\u015arednica wewn\u0119trzna [mm]","unit":"max.","value":"26,4"},{"property":"\u015arednica zewn\u0119trzna oplotu stalowego [mm]","unit":"min.","value":"30,7"},{"property":"\u015arednica zewn\u0119trzna oplotu stalowego [mm]","unit":"max.","value":"31,9"},{"property":"\u015arednica zewn\u0119trzna [mm]","unit":"max.","value":"34,9"},{"property":"Maksymalne ci\u015bnienie robocze","unit":"bar","value":"88"},{"property":"Maksymalne ci\u015bnienie robocze","unit":"psi","value":"1276"},{"property":"Ci\u015bnienie rozrywaj\u0105ce","unit":"bar","value":"352"},{"property":"Wsp\u00f3\u0142czynnik bezpiecze\u0144stwa","unit":"-","value":"4,0"},{"property":"Najmniejszy promie\u0144 zgi\u0119cia","unit":"mm","value":"230"},{"property":"Waga jednostkowa","unit":"kg\/m","value":"0,78"}]}],"_links":{"self":[{"href":"https:\/\/new.stomil-bydgoszcz.pl\/de\/wp-json\/wp\/v2\/product\/7618","targetHints":{"allow":["GET"]}}],"collection":[{"href":"https:\/\/new.stomil-bydgoszcz.pl\/de\/wp-json\/wp\/v2\/product"}],"about":[{"href":"https:\/\/new.stomil-bydgoszcz.pl\/de\/wp-json\/wp\/v2\/types\/product"}],"replies":[{"embeddable":true,"href":"https:\/\/new.stomil-bydgoszcz.pl\/de\/wp-json\/wp\/v2\/comments?post=7618"}],"wp:featuredmedia":[{"embeddable":true,"href":"https:\/\/new.stomil-bydgoszcz.pl\/de\/wp-json\/wp\/v2\/media\/7616"}],"wp:attachment":[{"href":"https:\/\/new.stomil-bydgoszcz.pl\/de\/wp-json\/wp\/v2\/media?parent=7618"}],"wp:term":[{"taxonomy":"product_brand","embeddable":true,"href":"https:\/\/new.stomil-bydgoszcz.pl\/de\/wp-json\/wp\/v2\/product_brand?post=7618"},{"taxonomy":"product_cat","embeddable":true,"href":"https:\/\/new.stomil-bydgoszcz.pl\/de\/wp-json\/wp\/v2\/product_cat?post=7618"},{"taxonomy":"product_tag","embeddable":true,"href":"https:\/\/new.stomil-bydgoszcz.pl\/de\/wp-json\/wp\/v2\/product_tag?post=7618"}],"curies":[{"name":"wp","href":"https:\/\/api.w.org\/{rel}","templated":true}]}}