{"id":7675,"date":"2026-03-17T21:40:24","date_gmt":"2026-03-17T21:40:24","guid":{"rendered":"https:\/\/new.stomil-bydgoszcz.pl\/produkt\/waz-hydrauliczny-1-sn-en-853-r1s-sae-j517\/"},"modified":"2026-03-17T21:40:26","modified_gmt":"2026-03-17T21:40:26","slug":"hydraulische-schaufel-1-sn-en-853-r1s-sae-j517","status":"publish","type":"product","link":"https:\/\/new.stomil-bydgoszcz.pl\/de\/produkt\/waz-hydrauliczny-1-sn-en-853-r1s-sae-j517\/","title":{"rendered":"HYDRAULIKSCHL\u00c4UCHE 1 SN EN 853 \/ R1S SAE J517"},"content":{"rendered":"<p><strong>ANWENDUNG<\/strong><\/p>\n<p>Schl\u00e4uche f\u00fcr allgemeine Zwecke:<br \/>\n- Hydraulikfl\u00fcssigkeiten nach ISO 6743-4 mit Ausnahme von HFD R, HFD S, HFD T (-40\u00b0C bis +100\u00b0C),<br \/>\n- w\u00e4ssrige L\u00f6sungen (von -40\u00b0C bis +70\u00b0C),<br \/>\n- Wasser (0\u00b0C bis +70\u00b0C),<br \/>\n- Druckluft (0\u00b0C bis +80\u00b0C).<\/p>\n<p>Sie sind nicht f\u00fcr rizinus\u00f6l- und esterhaltige Fl\u00fcssigkeiten geeignet.<\/p>\n<p><strong>Betriebsdruck<br \/>\n<\/strong>Von 63 bis 250 bar, je nach Durchmesser.<\/p>\n<p><strong>Betriebstemperatur<br \/>\n<\/strong>Von -40\u00b0C bis +100\u00b0C<br \/>\nKurzzeitig bis zu +125\u00b0C<\/p>\n<p><strong>KONSTRUKTION<br \/>\n<\/strong>Entspricht den Normen EN 853 und SAE J517.<\/p>\n<p><strong>Innere Schicht<br \/>\n<\/strong>Schwarz gef\u00e4rbter Gummi aus \u00f6l- und wasserbest\u00e4ndigem synthetischem Kautschuk.<\/p>\n<p><strong>Verst\u00e4rkung<br \/>\n<\/strong>Ein Geflecht aus hochfestem Stahldraht.<\/p>\n<p><strong>\u00c4u\u00dfere Schicht<br \/>\n<\/strong>Schwarz gef\u00e4rbter synthetischer Kautschuk, der abrieb-, \u00f6l-, witterungs- und ozonbest\u00e4ndig ist.<\/p>\n<p>F\u00fcr Durchmesser von DN 6 bis DN 19 ist es m\u00f6glich, die Schl\u00e4uche in einer Ausf\u00fchrung mit der ultraverschlei\u00dffesten Black Diamond-Beschichtung (UHMWPE) mit MSHA-Zulassung zu fertigen.<\/p>\n<p>\u00dcberpr\u00fcfen Sie auch die Hydraulikschl\u00e4uche: <a href=\"https:\/\/sklep.stomil-bydgoszcz.pl\/kategoria-produktu\/grupy-produktow\/weze-hydrauliczne\/weze-hydrauliczne\/1sc\/\">1 SC<\/a>, <a href=\"https:\/\/sklep.stomil-bydgoszcz.pl\/produkt\/waz-hydrauliczny-2-sc-en-857\/\">2 SC<\/a>, <a href=\"https:\/\/sklep.stomil-bydgoszcz.pl\/produkt\/waz-hydrauliczny-1-sn-en-853-r1s-sae-j517\/\">1 SN<\/a>, <a href=\"https:\/\/sklep.stomil-bydgoszcz.pl\/produkt\/waz-hydrauliczny-2-sn-en-853-r2s-sae-j517\/\">2 SN<\/a>, <a href=\"https:\/\/sklep.stomil-bydgoszcz.pl\/produkt\/waz-hydrauliczny-eh-221-en-857\/\">ETH 221<\/a>, <a href=\"https:\/\/sklep.stomil-bydgoszcz.pl\/produkt\/waz-hydrauliczny-3-sp\/\">3 SP<\/a>, <a href=\"https:\/\/sklep.stomil-bydgoszcz.pl\/produkt\/waz-hydrauliczny-2-te-en-854\/\">2 TE<\/a> i <a href=\"https:\/\/sklep.stomil-bydgoszcz.pl\/kategoria-produktu\/grupy-produktow\/weze-hydrauliczne\/weze-do-myjni\/\">WASCHANLAGENSCHL\u00c4UCHE<\/a>.<\/p>","protected":false},"excerpt":{"rendered":"<p><strong>Betriebsdruck: <\/strong>von 63 bis 250 bar, je nach Durchmesser |&nbsp;<strong>Betriebstemperatur: <\/strong>von -40\u00b0C bis +100\u00b0C; kurzfristig bis zu +125\u00b0C<\/p>","protected":false},"featured_media":7673,"comment_status":"closed","ping_status":"closed","template":"","meta":[],"product_brand":[],"product_cat":[251,88,155,77,178,91],"product_tag":[],"class_list":{"0":"post-7675","1":"product","2":"type-product","3":"status-publish","4":"has-post-thumbnail","6":"product_cat-1sn","7":"product_cat-branze","8":"product_cat-budowa-maszyn-i-urzadzen","9":"product_cat-grupy-produktow","10":"product_cat-rolnictwo","11":"product_cat-weze-hydrauliczne","13":"first","14":"instock","15":"taxable","16":"shipping-taxable","17":"purchasable","18":"product-type-variable"},"stomil_properties":[{"variation_id":7677,"sku":"WH1SNZW05S0F001","variation_title":"W\u0105\u017c hydrauliczny 1SN EN 853 DN05 (3\/16\") 250 bar","properties":[{"property":"\u015arednica nominalna wewn\u0119trzna","unit":"mm","value":"5"},{"property":"\u015arednica nominalna wewn\u0119trzna","unit":"cal","value":"3\/16"},{"property":"\u015arednica wewn\u0119trzna [mm]","unit":"min.","value":"4,9"},{"property":"\u015arednica wewn\u0119trzna [mm]","unit":"max.","value":"5,4"},{"property":"\u015arednica zewn\u0119trzna oplotu stalowego [mm]","unit":"min.","value":"9,0"},{"property":"\u015arednica zewn\u0119trzna oplotu stalowego [mm]","unit":"max.","value":"10,0"},{"property":"\u015arednica zewn\u0119trzna [mm]","unit":"max.","value":"12,5"},{"property":"Maksymalne ci\u015bnienie robocze","unit":"bar","value":"250"},{"property":"Maksymalne ci\u015bnienie robocze","unit":"psi","value":"3626"},{"property":"Ci\u015bnienie rozrywaj\u0105ce","unit":"bar","value":"1000"},{"property":"Wsp\u00f3\u0142czynnik bezpiecze\u0144stwa","unit":"-","value":"4,0"},{"property":"Najmniejszy promie\u0144 zgi\u0119cia","unit":"mm","value":"90"},{"property":"Waga jednostkowa","unit":"kg\/m","value":"0,16"}]},{"variation_id":7679,"sku":"WH1SNZW06S0F001","variation_title":"W\u0105\u017c hydrauliczny 1SN EN 853 DN06 (1\/4\") 225 bar","properties":[{"property":"\u015arednica nominalna wewn\u0119trzna","unit":"mm","value":"6"},{"property":"\u015arednica nominalna wewn\u0119trzna","unit":"cal","value":"1\/4"},{"property":"\u015arednica wewn\u0119trzna [mm]","unit":"min.","value":"6,4"},{"property":"\u015arednica wewn\u0119trzna [mm]","unit":"max.","value":"7,0"},{"property":"\u015arednica zewn\u0119trzna oplotu stalowego [mm]","unit":"min.","value":"10,6"},{"property":"\u015arednica zewn\u0119trzna oplotu stalowego [mm]","unit":"max.","value":"11,6"},{"property":"\u015arednica zewn\u0119trzna [mm]","unit":"max.","value":"14,1"},{"property":"Maksymalne ci\u015bnienie robocze","unit":"bar","value":"225"},{"property":"Maksymalne ci\u015bnienie robocze","unit":"psi","value":"3263"},{"property":"Ci\u015bnienie rozrywaj\u0105ce","unit":"bar","value":"900"},{"property":"Wsp\u00f3\u0142czynnik bezpiecze\u0144stwa","unit":"-","value":"4,0"},{"property":"Najmniejszy promie\u0144 zgi\u0119cia","unit":"mm","value":"100"},{"property":"Waga jednostkowa","unit":"kg\/m","value":"0,19"}]},{"variation_id":7681,"sku":"WH1SNZW08S0F001","variation_title":"W\u0105\u017c hydrauliczny 1SN EN 853 DN08 (5\/16\") 215 bar","properties":[{"property":"\u015arednica nominalna wewn\u0119trzna","unit":"mm","value":"8"},{"property":"\u015arednica nominalna wewn\u0119trzna","unit":"cal","value":"5\/16"},{"property":"\u015arednica wewn\u0119trzna [mm]","unit":"min.","value":"7,9"},{"property":"\u015arednica wewn\u0119trzna [mm]","unit":"max.","value":"8,5"},{"property":"\u015arednica zewn\u0119trzna oplotu stalowego [mm]","unit":"min.","value":"12,1"},{"property":"\u015arednica zewn\u0119trzna oplotu stalowego [mm]","unit":"max.","value":"13,3"},{"property":"\u015arednica zewn\u0119trzna [mm]","unit":"max.","value":"15,7"},{"property":"Maksymalne ci\u015bnienie robocze","unit":"bar","value":"215"},{"property":"Maksymalne ci\u015bnienie robocze","unit":"psi","value":"3118"},{"property":"Ci\u015bnienie rozrywaj\u0105ce","unit":"bar","value":"850"},{"property":"Wsp\u00f3\u0142czynnik bezpiecze\u0144stwa","unit":"-","value":"4,0"},{"property":"Najmniejszy promie\u0144 zgi\u0119cia","unit":"mm","value":"115"},{"property":"Waga jednostkowa","unit":"kg\/m","value":"0,23"}]},{"variation_id":7683,"sku":"WH1SNZW10S0F001","variation_title":"W\u0105\u017c hydrauliczny 1SN EN 853 DN10 (3\/8\") 180 bar","properties":[{"property":"\u015arednica nominalna wewn\u0119trzna","unit":"mm","value":"10"},{"property":"\u015arednica nominalna wewn\u0119trzna","unit":"cal","value":"3\/8"},{"property":"\u015arednica wewn\u0119trzna [mm]","unit":"min.","value":"9,5"},{"property":"\u015arednica wewn\u0119trzna [mm]","unit":"max.","value":"10,1"},{"property":"\u015arednica zewn\u0119trzna oplotu stalowego [mm]","unit":"min.","value":"14,5"},{"property":"\u015arednica zewn\u0119trzna oplotu stalowego [mm]","unit":"max.","value":"15,7"},{"property":"\u015arednica zewn\u0119trzna [mm]","unit":"max.","value":"18,1"},{"property":"Maksymalne ci\u015bnienie robocze","unit":"bar","value":"180"},{"property":"Maksymalne ci\u015bnienie robocze","unit":"psi","value":"2611"},{"property":"Ci\u015bnienie rozrywaj\u0105ce","unit":"bar","value":"720"},{"property":"Wsp\u00f3\u0142czynnik bezpiecze\u0144stwa","unit":"-","value":"4,0"},{"property":"Najmniejszy promie\u0144 zgi\u0119cia","unit":"mm","value":"130"},{"property":"Waga jednostkowa","unit":"kg\/m","value":"0,29"}]},{"variation_id":7685,"sku":"WH1SNZW12S0F001","variation_title":"W\u0105\u017c hydrauliczny 1SN EN 853 DN12 (1\/2\") 160 bar","properties":[{"property":"\u015arednica nominalna wewn\u0119trzna","unit":"mm","value":"12"},{"property":"\u015arednica nominalna wewn\u0119trzna","unit":"cal","value":"1\/2"},{"property":"\u015arednica wewn\u0119trzna [mm]","unit":"min.","value":"12,7"},{"property":"\u015arednica wewn\u0119trzna [mm]","unit":"max.","value":"13,5"},{"property":"\u015arednica zewn\u0119trzna oplotu stalowego [mm]","unit":"min.","value":"17,5"},{"property":"\u015arednica zewn\u0119trzna oplotu stalowego [mm]","unit":"max.","value":"19,1"},{"property":"\u015arednica zewn\u0119trzna [mm]","unit":"max.","value":"21,4"},{"property":"Maksymalne ci\u015bnienie robocze","unit":"bar","value":"160"},{"property":"Maksymalne ci\u015bnienie robocze","unit":"psi","value":"2321"},{"property":"Ci\u015bnienie rozrywaj\u0105ce","unit":"bar","value":"640"},{"property":"Wsp\u00f3\u0142czynnik bezpiecze\u0144stwa","unit":"-","value":"4,0"},{"property":"Najmniejszy promie\u0144 zgi\u0119cia","unit":"mm","value":"180"},{"property":"Waga jednostkowa","unit":"kg\/m","value":"0,34"}]},{"variation_id":7687,"sku":"WH1SNZW16S0F001","variation_title":"W\u0105\u017c hydrauliczny 1SN EN 853 DN16 (5\/8\") 130 bar","properties":[{"property":"\u015arednica nominalna wewn\u0119trzna","unit":"mm","value":"16"},{"property":"\u015arednica nominalna wewn\u0119trzna","unit":"cal","value":"5\/8"},{"property":"\u015arednica wewn\u0119trzna [mm]","unit":"min.","value":"15,8"},{"property":"\u015arednica wewn\u0119trzna [mm]","unit":"max.","value":"16,7"},{"property":"\u015arednica zewn\u0119trzna oplotu stalowego [mm]","unit":"min.","value":"20,6"},{"property":"\u015arednica zewn\u0119trzna oplotu stalowego [mm]","unit":"max.","value":"22,2"},{"property":"\u015arednica zewn\u0119trzna [mm]","unit":"max.","value":"24,5"},{"property":"Maksymalne ci\u015bnienie robocze","unit":"bar","value":"130"},{"property":"Maksymalne ci\u015bnienie robocze","unit":"psi","value":"1885"},{"property":"Ci\u015bnienie rozrywaj\u0105ce","unit":"bar","value":"520"},{"property":"Wsp\u00f3\u0142czynnik bezpiecze\u0144stwa","unit":"-","value":"4,0"},{"property":"Najmniejszy promie\u0144 zgi\u0119cia","unit":"mm","value":"200"},{"property":"Waga jednostkowa","unit":"kg\/m","value":"0,43"}]},{"variation_id":7689,"sku":"WH1SNZW19S0F001","variation_title":"W\u0105\u017c hydrauliczny 1SN EN 853 DN19 (3\/4\") 105 bar","properties":[{"property":"\u015arednica nominalna wewn\u0119trzna","unit":"mm","value":"19"},{"property":"\u015arednica nominalna wewn\u0119trzna","unit":"cal","value":"3\/4"},{"property":"\u015arednica wewn\u0119trzna [mm]","unit":"min.","value":"18,8"},{"property":"\u015arednica wewn\u0119trzna [mm]","unit":"max.","value":"19,8"},{"property":"\u015arednica zewn\u0119trzna oplotu stalowego [mm]","unit":"min.","value":"24,6"},{"property":"\u015arednica zewn\u0119trzna oplotu stalowego [mm]","unit":"max.","value":"26,2"},{"property":"\u015arednica zewn\u0119trzna [mm]","unit":"max.","value":"28,5"},{"property":"Maksymalne ci\u015bnienie robocze","unit":"bar","value":"105"},{"property":"Maksymalne ci\u015bnienie robocze","unit":"psi","value":"1523"},{"property":"Ci\u015bnienie rozrywaj\u0105ce","unit":"bar","value":"420"},{"property":"Wsp\u00f3\u0142czynnik bezpiecze\u0144stwa","unit":"-","value":"4,0"},{"property":"Najmniejszy promie\u0144 zgi\u0119cia","unit":"mm","value":"240"},{"property":"Waga jednostkowa","unit":"kg\/m","value":"0,61"}]},{"variation_id":7691,"sku":"WH1SNZW25S0F001","variation_title":"W\u0105\u017c hydrauliczny 1SN EN 853 DN25 (1\") 88 bar","properties":[{"property":"\u015arednica nominalna wewn\u0119trzna","unit":"mm","value":"25"},{"property":"\u015arednica nominalna wewn\u0119trzna","unit":"cal","value":"1"},{"property":"\u015arednica wewn\u0119trzna [mm]","unit":"min.","value":"25,4"},{"property":"\u015arednica wewn\u0119trzna [mm]","unit":"max.","value":"26,4"},{"property":"\u015arednica zewn\u0119trzna oplotu stalowego [mm]","unit":"min.","value":"32,5"},{"property":"\u015arednica zewn\u0119trzna oplotu stalowego [mm]","unit":"max.","value":"34,1"},{"property":"\u015arednica zewn\u0119trzna [mm]","unit":"max.","value":"36,6"},{"property":"Maksymalne ci\u015bnienie robocze","unit":"bar","value":"88"},{"property":"Maksymalne ci\u015bnienie robocze","unit":"psi","value":"1276"},{"property":"Ci\u015bnienie rozrywaj\u0105ce","unit":"bar","value":"350"},{"property":"Wsp\u00f3\u0142czynnik bezpiecze\u0144stwa","unit":"-","value":"4,0"},{"property":"Najmniejszy promie\u0144 zgi\u0119cia","unit":"mm","value":"300"},{"property":"Waga jednostkowa","unit":"kg\/m","value":"0,93"}]},{"variation_id":7693,"sku":"WH1SNZW31S0F001","variation_title":"W\u0105\u017c hydrauliczny 1SN EN 853 DN31 (1.1\/4\") 63 bar","properties":[{"property":"\u015arednica nominalna wewn\u0119trzna","unit":"mm","value":"31"},{"property":"\u015arednica nominalna wewn\u0119trzna","unit":"cal","value":"1 1\/4"},{"property":"\u015arednica wewn\u0119trzna [mm]","unit":"min.","value":"31,8"},{"property":"\u015arednica wewn\u0119trzna [mm]","unit":"max.","value":"33,0"},{"property":"\u015arednica zewn\u0119trzna oplotu stalowego [mm]","unit":"min.","value":"39,3"},{"property":"\u015arednica zewn\u0119trzna oplotu stalowego [mm]","unit":"max.","value":"41,7"},{"property":"\u015arednica zewn\u0119trzna [mm]","unit":"max.","value":"44,8"},{"property":"Maksymalne ci\u015bnienie robocze","unit":"bar","value":"63"},{"property":"Maksymalne ci\u015bnienie robocze","unit":"psi","value":"914"},{"property":"Ci\u015bnienie rozrywaj\u0105ce","unit":"bar","value":"250"},{"property":"Wsp\u00f3\u0142czynnik bezpiecze\u0144stwa","unit":"-","value":"4,0"},{"property":"Najmniejszy promie\u0144 zgi\u0119cia","unit":"mm","value":"420"},{"property":"Waga jednostkowa","unit":"kg\/m","value":"1,19"}]}],"_links":{"self":[{"href":"https:\/\/new.stomil-bydgoszcz.pl\/de\/wp-json\/wp\/v2\/product\/7675","targetHints":{"allow":["GET"]}}],"collection":[{"href":"https:\/\/new.stomil-bydgoszcz.pl\/de\/wp-json\/wp\/v2\/product"}],"about":[{"href":"https:\/\/new.stomil-bydgoszcz.pl\/de\/wp-json\/wp\/v2\/types\/product"}],"replies":[{"embeddable":true,"href":"https:\/\/new.stomil-bydgoszcz.pl\/de\/wp-json\/wp\/v2\/comments?post=7675"}],"wp:featuredmedia":[{"embeddable":true,"href":"https:\/\/new.stomil-bydgoszcz.pl\/de\/wp-json\/wp\/v2\/media\/7673"}],"wp:attachment":[{"href":"https:\/\/new.stomil-bydgoszcz.pl\/de\/wp-json\/wp\/v2\/media?parent=7675"}],"wp:term":[{"taxonomy":"product_brand","embeddable":true,"href":"https:\/\/new.stomil-bydgoszcz.pl\/de\/wp-json\/wp\/v2\/product_brand?post=7675"},{"taxonomy":"product_cat","embeddable":true,"href":"https:\/\/new.stomil-bydgoszcz.pl\/de\/wp-json\/wp\/v2\/product_cat?post=7675"},{"taxonomy":"product_tag","embeddable":true,"href":"https:\/\/new.stomil-bydgoszcz.pl\/de\/wp-json\/wp\/v2\/product_tag?post=7675"}],"curies":[{"name":"wp","href":"https:\/\/api.w.org\/{rel}","templated":true}]}}