{"id":6384,"date":"2026-03-17T21:37:45","date_gmt":"2026-03-17T21:37:45","guid":{"rendered":"https:\/\/new.stomil-bydgoszcz.pl\/produkt\/weze-do-ukladow-hamulcowych-10-mpa\/"},"modified":"2026-03-17T21:37:49","modified_gmt":"2026-03-17T21:37:49","slug":"hoses-for-brake-systems-10-mpa","status":"publish","type":"product","link":"https:\/\/new.stomil-bydgoszcz.pl\/en\/produkt\/weze-do-ukladow-hamulcowych-10-mpa\/","title":{"rendered":"Air Brake Hoses 1.0 MPa"},"content":{"rendered":"<p>Hoses are characterized by high oil resistance.<\/p>\n<p><strong>APPLICATION<br \/>\n<\/strong>The hose is designed for the flow of oily air in the air brake systems of motor vehicles and trailers.<\/p>\n<p><strong>CONSTRUCTION<br \/>\n<\/strong>Made in accordance with PN-83\/C-94251 and ZN-4\/02\/BZPG standards.<\/p>\n<p><strong>Inner layer<br \/>\n<\/strong>High-quality NBR\/SBR rubber compound resistant to mineral oil.<\/p>\n<p><strong>Reinforcement<br \/>\n<\/strong>High-strength synthetic threads.<\/p>\n<p><strong>Outer layer<br \/>\n<\/strong>Black colored rubber with bandage imprint resistant to oil and weather and ozone.<\/p>\n<p><strong>SIGNING<br \/>\n<\/strong>Hoses marked with a white print.<\/p>","protected":false},"excerpt":{"rendered":"<p><strong>Working Pressure:<\/strong> 10 bar (1.0 MPa) |. <strong>Bursting Pressure:<\/strong> 63 bar (6.3 MPa) |. <strong>Available colors:<\/strong> black or blue | <strong>Working Temperature: <\/strong>-40\u00b0C to +93\u00b0C<\/p>","protected":false},"featured_media":6382,"comment_status":"closed","ping_status":"closed","template":"","meta":[],"product_brand":[],"product_cat":[77,141,140],"product_tag":[],"class_list":{"0":"post-6384","1":"product","2":"type-product","3":"status-publish","4":"has-post-thumbnail","6":"product_cat-grupy-produktow","7":"product_cat-przewody-hamulcowe","8":"product_cat-weze-przemyslowe","10":"first","11":"instock","12":"taxable","13":"shipping-taxable","14":"purchasable","15":"product-type-variable"},"stomil_properties":[{"variation_id":6386,"sku":"WPUH10PN013PF013","variation_title":"w\u0105\u017c do uk\u0142. hamulcowych 1,0 MPa 13_33\/64\"\t","properties":[{"property":"\u015arednica nominalna wewn\u0119trzna","unit":"mm","value":"13,0"},{"property":"\u015arednica nominalna wewn\u0119trzna","unit":"ukryte","value":"\u00b10,7"},{"property":"\u015arednica nominalna wewn\u0119trzna","unit":"cal","value":"33\/64"},{"property":"\u015arednica zewn\u0119trzna [mm]","unit":"mm","value":"20,5"},{"property":"\u015arednica zewn\u0119trzna [mm]","unit":"ukryte","value":"\u00b11"},{"property":"Maksymalne ci\u015bnienie robocze","unit":"bar","value":"10"},{"property":"Maksymalne ci\u015bnienie robocze","unit":"MPa","value":"1,0"},{"property":"Maksymalne ci\u015bnienie robocze","unit":"psi","value":"145"},{"property":"Ci\u015bnienie rozrywaj\u0105ce","unit":"bar","value":"63"},{"property":"Wsp\u00f3\u0142czynnik bezpiecze\u0144stwa","unit":"-","value":"6,3:1\t"},{"property":"Najmniejszy promie\u0144 zgi\u0119cia","unit":"mm","value":"102"},{"property":"Standardowe d\u0142ugo\u015bci odcink\u00f3w","unit":"m","value":"od 5 do 100 m"},{"property":"Waga jednostkowa","unit":"kg\/m","value":"0,37\t"},{"property":"Rodzaj wzmocnienia","unit":"-","value":"nici"}]}],"_links":{"self":[{"href":"https:\/\/new.stomil-bydgoszcz.pl\/en\/wp-json\/wp\/v2\/product\/6384","targetHints":{"allow":["GET"]}}],"collection":[{"href":"https:\/\/new.stomil-bydgoszcz.pl\/en\/wp-json\/wp\/v2\/product"}],"about":[{"href":"https:\/\/new.stomil-bydgoszcz.pl\/en\/wp-json\/wp\/v2\/types\/product"}],"replies":[{"embeddable":true,"href":"https:\/\/new.stomil-bydgoszcz.pl\/en\/wp-json\/wp\/v2\/comments?post=6384"}],"wp:featuredmedia":[{"embeddable":true,"href":"https:\/\/new.stomil-bydgoszcz.pl\/en\/wp-json\/wp\/v2\/media\/6382"}],"wp:attachment":[{"href":"https:\/\/new.stomil-bydgoszcz.pl\/en\/wp-json\/wp\/v2\/media?parent=6384"}],"wp:term":[{"taxonomy":"product_brand","embeddable":true,"href":"https:\/\/new.stomil-bydgoszcz.pl\/en\/wp-json\/wp\/v2\/product_brand?post=6384"},{"taxonomy":"product_cat","embeddable":true,"href":"https:\/\/new.stomil-bydgoszcz.pl\/en\/wp-json\/wp\/v2\/product_cat?post=6384"},{"taxonomy":"product_tag","embeddable":true,"href":"https:\/\/new.stomil-bydgoszcz.pl\/en\/wp-json\/wp\/v2\/product_tag?post=6384"}],"curies":[{"name":"wp","href":"https:\/\/api.w.org\/{rel}","templated":true}]}}