{"id":6522,"date":"2026-03-17T21:38:09","date_gmt":"2026-03-17T21:38:09","guid":{"rendered":"https:\/\/new.stomil-bydgoszcz.pl\/produkt\/waz-do-benzyny-paliw-i-olejow-20-bar\/"},"modified":"2026-03-17T21:38:25","modified_gmt":"2026-03-17T21:38:25","slug":"vase-for-petrol-fuels-and-oils-20-bar","status":"publish","type":"product","link":"https:\/\/new.stomil-bydgoszcz.pl\/en\/produkt\/waz-do-benzyny-paliw-i-olejow-20-bar\/","title":{"rendered":"Hoses for gasoline, fuels and oils 2.0 MPa"},"content":{"rendered":"<p><strong>CHARACTERISTICS<br \/>\n<\/strong>Working Pressure - 20 bar (2.0 MPa)<br \/>\nBursting Pressure - 60 bar (6.0 MPa)<br \/>\nAntistatic<\/p>\n<p><strong>APPLICATION<br \/>\n<\/strong>Anti-static hose commonly used for transfer of conventional fuels (gasoline), biodiesel, bioethanol and oils, including diesel. The hose is weatherproof and ozone resistant.<\/p>\n<p>On request, we make additional protection of Hoses with an external wire spiral, designed to protect against deformation and excessive abrasion of the outer layer. Services offered for Hoses with a diameter of DN12.5 and larger.<\/p>\n<p><strong>Working Temperature<br \/>\n<\/strong>From -30\u00b0C to +100\u00b0C for oils, biodiesel, bioethanol<br \/>\nFrom -30\u00b0C to +45\u00b0C for gasoline<\/p>\n<p><strong>CONSTRUCTION<br \/>\n<\/strong>Made according to the author's Stomil WT-33\/BZPG design.<br \/>\nIn addition, the hose meets the requirements of EN 1360 for chemical resistance.<\/p>\n<p><strong>Inner layer<br \/>\n<\/strong>High-quality NBR rubber compound resistant to oils and fuels containing 15% oxygenated compounds and biodiesel - a mixture of diesel 80% with fatty acid esters (biocomponents) 20%.<\/p>\n<p><strong>Reinforcement<br \/>\n<\/strong>Braided with synthetic threads or high-strength cord.<\/p>\n<p><strong>Outer layer<br \/>\n<\/strong>High-quality antistatic black colored synthetic rubber, resistant to fuels and oils, as well as abrasion and weathering and ozone.<br \/>\nHoses surface smooth up to a diameter of DN 12.5, higher diameters with fabric imprint.<\/p>\n<p><strong>SIGNING<br \/>\n<\/strong>Diameters with a smooth surface are marked with white paint. Diameters with fabric imprint marked with orange tape.<\/p>","protected":false},"excerpt":{"rendered":"<p><strong>Working Pressure:<\/strong> 20 bar (2.0 MPa) |. <strong>Bursting Pressure:<\/strong> 60 bar (6.0 MPa) | antistatic | antistatic | antistatic. <strong>Working Temperature:<\/strong> From -30\u00b0C to +100\u00b0C for oils, biodiesel, bioethanol; from -30\u00b0C to +45\u00b0C for gasoline<\/p>","protected":false},"featured_media":6520,"comment_status":"closed","ping_status":"closed","template":"","meta":[],"product_brand":[],"product_cat":[154,88,155,89,77,156,157,158,140],"product_tag":[],"class_list":{"0":"post-6522","1":"product","2":"type-product","3":"status-publish","4":"has-post-thumbnail","6":"product_cat-automotive","7":"product_cat-branze","8":"product_cat-budowa-maszyn-i-urzadzen","9":"product_cat-gornictwo","10":"product_cat-grupy-produktow","11":"product_cat-weze-do-kompresora","12":"product_cat-przewody-olejowe","13":"product_cat-przewody-paliwowe","14":"product_cat-weze-przemyslowe","16":"first","17":"instock","18":"taxable","19":"shipping-taxable","20":"purchasable","21":"product-type-variable"},"stomil_properties":[{"variation_id":6526,"sku":"WPPL20ZW006NF636","variation_title":" W\u0105\u017c do benzyny, paliw i olej\u00f3w 2,0 MPa  DN6,3 (1\/4 cala)","properties":[{"property":"\u015arednica nominalna wewn\u0119trzna","unit":"mm","value":"6,3"},{"property":"\u015arednica nominalna wewn\u0119trzna","unit":"ukryte","value":"\u00b10,80"},{"property":"\u015arednica nominalna wewn\u0119trzna","unit":"cal","value":"1\/4"},{"property":"\u015arednica zewn\u0119trzna [mm]","unit":"mm","value":"12,0"},{"property":"Maksymalne ci\u015bnienie robocze","unit":"bar","value":"20"},{"property":"Maksymalne ci\u015bnienie robocze","unit":"MPa","value":"2,0"},{"property":"Maksymalne ci\u015bnienie robocze","unit":"psi","value":"290 "},{"property":"Ci\u015bnienie rozrywaj\u0105ce","unit":"bar","value":"60"},{"property":"Wsp\u00f3\u0142czynnik bezpiecze\u0144stwa","unit":"-","value":"3:1"},{"property":"Standardowe d\u0142ugo\u015bci odcink\u00f3w","unit":"m","value":"50"},{"property":"Waga jednostkowa","unit":"kg\/m","value":"0,12"},{"property":"Rodzaj wzmocnienia","unit":"-","value":"nici"}]},{"variation_id":6528,"sku":"WPPL20ZW008NF636","variation_title":"W\u0105\u017c do benzyny, paliw i olej\u00f3w 2,0 MPa DN8 (5\/16 cala)","properties":[{"property":"\u015arednica nominalna wewn\u0119trzna","unit":"mm","value":"8,0"},{"property":"\u015arednica nominalna wewn\u0119trzna","unit":"ukryte","value":"\u00b10,80"},{"property":"\u015arednica nominalna wewn\u0119trzna","unit":"cal","value":"5\/16"},{"property":"\u015arednica zewn\u0119trzna [mm]","unit":"mm","value":"15,0"},{"property":"Maksymalne ci\u015bnienie robocze","unit":"bar","value":"20 "},{"property":"Maksymalne ci\u015bnienie robocze","unit":"MPa","value":"2,0"},{"property":"Maksymalne ci\u015bnienie robocze","unit":"psi","value":"290 "},{"property":"Ci\u015bnienie rozrywaj\u0105ce","unit":"bar","value":"60"},{"property":"Wsp\u00f3\u0142czynnik bezpiecze\u0144stwa","unit":"-","value":"3:1"},{"property":"Standardowe d\u0142ugo\u015bci odcink\u00f3w","unit":"m","value":"50"},{"property":"Waga jednostkowa","unit":"kg\/m","value":"0,17"},{"property":"Rodzaj wzmocnienia","unit":"-","value":"nici"}]},{"variation_id":6530,"sku":"WPPL20ZW010NF636","variation_title":"W\u0105\u017c do benzyny, paliw i olej\u00f3w 2,0 MPa DN10 (3\/8 cala)","properties":[{"property":"\u015arednica nominalna wewn\u0119trzna","unit":"mm","value":"10,0"},{"property":"\u015arednica nominalna wewn\u0119trzna","unit":"ukryte","value":"\u00b10,80"},{"property":"\u015arednica nominalna wewn\u0119trzna","unit":"cal","value":"3\/8"},{"property":"\u015arednica zewn\u0119trzna [mm]","unit":"mm","value":"17,0"},{"property":"Maksymalne ci\u015bnienie robocze","unit":"bar","value":"20"},{"property":"Maksymalne ci\u015bnienie robocze","unit":"MPa","value":"2,0"},{"property":"Maksymalne ci\u015bnienie robocze","unit":"psi","value":"290 "},{"property":"Ci\u015bnienie rozrywaj\u0105ce","unit":"bar","value":"60 "},{"property":"Wsp\u00f3\u0142czynnik bezpiecze\u0144stwa","unit":"-","value":"3:1"},{"property":"Standardowe d\u0142ugo\u015bci odcink\u00f3w","unit":"m","value":"50"},{"property":"Waga jednostkowa","unit":"kg\/m","value":"0,21"},{"property":"Rodzaj wzmocnienia","unit":"-","value":"nici"}]},{"variation_id":6532,"sku":"WPPL20ZW012NF636","variation_title":"W\u0105\u017c do benzyny, paliw i olej\u00f3w 2,0 MPa DN12,5 (1\/2 cala)","properties":[{"property":"\u015arednica nominalna wewn\u0119trzna","unit":"mm","value":"12,5"},{"property":"\u015arednica nominalna wewn\u0119trzna","unit":"ukryte","value":"\u00b10,80"},{"property":"\u015arednica nominalna wewn\u0119trzna","unit":"cal","value":"1\/2"},{"property":"\u015arednica zewn\u0119trzna [mm]","unit":"mm","value":"19,0"},{"property":"Maksymalne ci\u015bnienie robocze","unit":"bar","value":"20"},{"property":"Maksymalne ci\u015bnienie robocze","unit":"MPa","value":"2,0"},{"property":"Maksymalne ci\u015bnienie robocze","unit":"psi","value":"290"},{"property":"Ci\u015bnienie rozrywaj\u0105ce","unit":"bar","value":"60"},{"property":"Wsp\u00f3\u0142czynnik bezpiecze\u0144stwa","unit":"-","value":"3:1"},{"property":"Standardowe d\u0142ugo\u015bci odcink\u00f3w","unit":"m","value":"50"},{"property":"Waga jednostkowa","unit":"kg\/m","value":"0,24"},{"property":"Rodzaj wzmocnienia","unit":"-","value":"nici"}]},{"variation_id":6534,"sku":"WPPL20ZW014WT647","variation_title":"W\u0105\u017c do benzyny, paliw i olej\u00f3w 2,0 MPa DN14 (9\/16 cala)","properties":[{"property":"\u015arednica nominalna wewn\u0119trzna","unit":"mm","value":"14,0"},{"property":"\u015arednica nominalna wewn\u0119trzna","unit":"ukryte","value":"\u00b10,80"},{"property":"\u015arednica nominalna wewn\u0119trzna","unit":"cal","value":"9\/16"},{"property":"\u015arednica zewn\u0119trzna [mm]","unit":"mm","value":"24,0"},{"property":"Maksymalne ci\u015bnienie robocze","unit":"bar","value":"20"},{"property":"Maksymalne ci\u015bnienie robocze","unit":"MPa","value":"2,0"},{"property":"Maksymalne ci\u015bnienie robocze","unit":"psi","value":"290"},{"property":"Ci\u015bnienie rozrywaj\u0105ce","unit":"bar","value":"60"},{"property":"Wsp\u00f3\u0142czynnik bezpiecze\u0144stwa","unit":"-","value":"3:1"},{"property":"Standardowe d\u0142ugo\u015bci odcink\u00f3w","unit":"m","value":"20"},{"property":"Waga jednostkowa","unit":"kg\/m","value":"0,42"},{"property":"Rodzaj wzmocnienia","unit":"-","value":"kord"}]},{"variation_id":6536,"sku":"WPPL20ZW016WT647","variation_title":"W\u0105\u017c do benzyny, paliw i olej\u00f3w 2,0 MPa DN16 (5\/8 cala)","properties":[{"property":"\u015arednica nominalna wewn\u0119trzna","unit":"mm","value":"16,0"},{"property":"\u015arednica nominalna wewn\u0119trzna","unit":"ukryte","value":"\u00b10,80"},{"property":"\u015arednica nominalna wewn\u0119trzna","unit":"cal","value":"5\/8"},{"property":"\u015arednica zewn\u0119trzna [mm]","unit":"mm","value":"26,0"},{"property":"Maksymalne ci\u015bnienie robocze","unit":"bar","value":"20"},{"property":"Maksymalne ci\u015bnienie robocze","unit":"MPa","value":"2,0"},{"property":"Maksymalne ci\u015bnienie robocze","unit":"psi","value":"290"},{"property":"Ci\u015bnienie rozrywaj\u0105ce","unit":"bar","value":"60"},{"property":"Wsp\u00f3\u0142czynnik bezpiecze\u0144stwa","unit":"-","value":"3:1"},{"property":"Standardowe d\u0142ugo\u015bci odcink\u00f3w","unit":"m","value":"20"},{"property":"Waga jednostkowa","unit":"kg\/m","value":"0,46"},{"property":"Rodzaj wzmocnienia","unit":"-","value":"kord"}]},{"variation_id":6538,"sku":"WPPL20ZW018WT647","variation_title":"W\u0105\u017c do benzyny, paliw i olej\u00f3w 2,0 MPa DN18 (23\/32 cala)","properties":[{"property":"\u015arednica nominalna wewn\u0119trzna","unit":"mm","value":"18,0"},{"property":"\u015arednica nominalna wewn\u0119trzna","unit":"ukryte","value":"\u00b10,80"},{"property":"\u015arednica nominalna wewn\u0119trzna","unit":"cal","value":"23\/32"},{"property":"\u015arednica zewn\u0119trzna [mm]","unit":"mm","value":"28,0"},{"property":"Maksymalne ci\u015bnienie robocze","unit":"bar","value":"20"},{"property":"Maksymalne ci\u015bnienie robocze","unit":"MPa","value":"2,0"},{"property":"Maksymalne ci\u015bnienie robocze","unit":"psi","value":"290"},{"property":"Ci\u015bnienie rozrywaj\u0105ce","unit":"bar","value":"60"},{"property":"Wsp\u00f3\u0142czynnik bezpiecze\u0144stwa","unit":"-","value":"3:1"},{"property":"Standardowe d\u0142ugo\u015bci odcink\u00f3w","unit":"m","value":"20"},{"property":"Waga jednostkowa","unit":"kg\/m","value":"0,50"},{"property":"Rodzaj wzmocnienia","unit":"-","value":"kord"}]},{"variation_id":6540,"sku":"WPPL20ZW020WT647","variation_title":"W\u0105\u017c do benzyny, paliw i olej\u00f3w 2,0 MPa DN20 (25\/32 cala)","properties":[{"property":"\u015arednica nominalna wewn\u0119trzna","unit":"mm","value":"20,0"},{"property":"\u015arednica nominalna wewn\u0119trzna","unit":"ukryte","value":"\u00b10,80"},{"property":"\u015arednica nominalna wewn\u0119trzna","unit":"cal","value":"25\/32"},{"property":"\u015arednica zewn\u0119trzna [mm]","unit":"mm","value":"30,0"},{"property":"Maksymalne ci\u015bnienie robocze","unit":"bar","value":"20"},{"property":"Maksymalne ci\u015bnienie robocze","unit":"MPa","value":"2,0"},{"property":"Maksymalne ci\u015bnienie robocze","unit":"psi","value":"290"},{"property":"Ci\u015bnienie rozrywaj\u0105ce","unit":"bar","value":"60"},{"property":"Wsp\u00f3\u0142czynnik bezpiecze\u0144stwa","unit":"-","value":"3:1"},{"property":"Standardowe d\u0142ugo\u015bci odcink\u00f3w","unit":"m","value":"20"},{"property":"Waga jednostkowa","unit":"kg\/m","value":"0,54"},{"property":"Rodzaj wzmocnienia","unit":"-","value":"kord"}]},{"variation_id":6542,"sku":"WPPL20ZW025WT647","variation_title":"W\u0105\u017c do benzyny, paliw i olej\u00f3w 2,0 MPa DN25 (1 cal)","properties":[{"property":"\u015arednica nominalna wewn\u0119trzna","unit":"mm","value":"25,0"},{"property":"\u015arednica nominalna wewn\u0119trzna","unit":"ukryte","value":"\u00b11,20"},{"property":"\u015arednica nominalna wewn\u0119trzna","unit":"cal","value":"1"},{"property":"\u015arednica zewn\u0119trzna [mm]","unit":"mm","value":"35,0"},{"property":"Maksymalne ci\u015bnienie robocze","unit":"bar","value":"20"},{"property":"Maksymalne ci\u015bnienie robocze","unit":"MPa","value":"2,0"},{"property":"Maksymalne ci\u015bnienie robocze","unit":"psi","value":"290"},{"property":"Ci\u015bnienie rozrywaj\u0105ce","unit":"bar","value":"60"},{"property":"Wsp\u00f3\u0142czynnik bezpiecze\u0144stwa","unit":"-","value":"3:1"},{"property":"Standardowe d\u0142ugo\u015bci odcink\u00f3w","unit":"m","value":"20"},{"property":"Waga jednostkowa","unit":"kg\/m","value":"0,65"},{"property":"Rodzaj wzmocnienia","unit":"-","value":"kord"}]},{"variation_id":6544,"sku":"WPPL20ZW031WT647","variation_title":"W\u0105\u017c do benzyny, paliw i olej\u00f3w 2,0 MPa DN31,5 (1 i 15\/64 cala)","properties":[{"property":"\u015arednica nominalna wewn\u0119trzna","unit":"mm","value":"31,5"},{"property":"\u015arednica nominalna wewn\u0119trzna","unit":"ukryte","value":"\u00b11,20"},{"property":"\u015arednica nominalna wewn\u0119trzna","unit":"cal","value":"15\/64"},{"property":"\u015arednica zewn\u0119trzna [mm]","unit":"mm","value":"45,0"},{"property":"Maksymalne ci\u015bnienie robocze","unit":"bar","value":"20"},{"property":"Maksymalne ci\u015bnienie robocze","unit":"MPa","value":"2,0"},{"property":"Maksymalne ci\u015bnienie robocze","unit":"psi","value":"290"},{"property":"Ci\u015bnienie rozrywaj\u0105ce","unit":"bar","value":"60"},{"property":"Wsp\u00f3\u0142czynnik bezpiecze\u0144stwa","unit":"-","value":"3:1"},{"property":"Standardowe d\u0142ugo\u015bci odcink\u00f3w","unit":"m","value":"20"},{"property":"Waga jednostkowa","unit":"kg\/m","value":"1,00"},{"property":"Rodzaj wzmocnienia","unit":"-","value":"kord"}]},{"variation_id":6546,"sku":"WPPL20ZW038WT647","variation_title":"W\u0105\u017c do benzyny, paliw i olej\u00f3w 2,0 MPa DN38 (1 i 1\/2 cala)","properties":[{"property":"\u015arednica nominalna wewn\u0119trzna","unit":"mm","value":"38,0"},{"property":"\u015arednica nominalna wewn\u0119trzna","unit":"ukryte","value":"\u00b11,20"},{"property":"\u015arednica nominalna wewn\u0119trzna","unit":"cal","value":"1 1\/2"},{"property":"\u015arednica zewn\u0119trzna [mm]","unit":"mm","value":"53,0"},{"property":"Maksymalne ci\u015bnienie robocze","unit":"bar","value":"20"},{"property":"Maksymalne ci\u015bnienie robocze","unit":"MPa","value":"2,0"},{"property":"Maksymalne ci\u015bnienie robocze","unit":"psi","value":"290"},{"property":"Ci\u015bnienie rozrywaj\u0105ce","unit":"bar","value":"60"},{"property":"Wsp\u00f3\u0142czynnik bezpiecze\u0144stwa","unit":"-","value":"3:1"},{"property":"Standardowe d\u0142ugo\u015bci odcink\u00f3w","unit":"m","value":"20"},{"property":"Waga jednostkowa","unit":"kg\/m","value":"1,37"},{"property":"Rodzaj wzmocnienia","unit":"-","value":"kord"}]},{"variation_id":6548,"sku":"WPPL20ZW040WT647","variation_title":"W\u0105\u017c do benzyny, paliw i olej\u00f3w 2,0 MPa DN40 (1 i 9\/16 cala)","properties":[{"property":"\u015arednica nominalna wewn\u0119trzna","unit":"mm","value":"40,0"},{"property":"\u015arednica nominalna wewn\u0119trzna","unit":"ukryte","value":"\u00b11,20"},{"property":"\u015arednica nominalna wewn\u0119trzna","unit":"cal","value":"1 9\/16"},{"property":"\u015arednica zewn\u0119trzna [mm]","unit":"mm","value":"54,0"},{"property":"Maksymalne ci\u015bnienie robocze","unit":"bar","value":"20"},{"property":"Maksymalne ci\u015bnienie robocze","unit":"MPa","value":"2,0"},{"property":"Maksymalne ci\u015bnienie robocze","unit":"psi","value":"290"},{"property":"Ci\u015bnienie rozrywaj\u0105ce","unit":"bar","value":"60"},{"property":"Wsp\u00f3\u0142czynnik bezpiecze\u0144stwa","unit":"-","value":"3:1"},{"property":"Standardowe d\u0142ugo\u015bci odcink\u00f3w","unit":"m","value":"20"},{"property":"Waga jednostkowa","unit":"kg\/m","value":"1,43"},{"property":"Rodzaj wzmocnienia","unit":"-","value":"kord"}]},{"variation_id":6550,"sku":"","variation_title":"W\u0105\u017c do benzyny, paliw i olej\u00f3w 2,0 MPa DN50 (2 cale)","properties":[{"property":"\u015arednica nominalna wewn\u0119trzna","unit":"mm","value":"50,0"},{"property":"\u015arednica nominalna wewn\u0119trzna","unit":"ukryte","value":"\u00b11,20"},{"property":"\u015arednica nominalna wewn\u0119trzna","unit":"cal","value":"2"},{"property":"\u015arednica zewn\u0119trzna [mm]","unit":"mm","value":"64,0"},{"property":"Maksymalne ci\u015bnienie robocze","unit":"bar","value":"20"},{"property":"Maksymalne ci\u015bnienie robocze","unit":"MPa","value":"2,0"},{"property":"Maksymalne ci\u015bnienie robocze","unit":"psi","value":"290"},{"property":"Ci\u015bnienie rozrywaj\u0105ce","unit":"bar","value":"60"},{"property":"Wsp\u00f3\u0142czynnik bezpiecze\u0144stwa","unit":"-","value":"3:1"},{"property":"Standardowe d\u0142ugo\u015bci odcink\u00f3w","unit":"m","value":"20"},{"property":"Waga jednostkowa","unit":"kg\/m","value":"1,82"},{"property":"Rodzaj wzmocnienia","unit":"-","value":"kord"}]},{"variation_id":6552,"sku":"WPPL20ZW050WT647","variation_title":"W\u0105\u017c do benzyny, paliw i olej\u00f3w 2,0 MPa DN75 (3\")","properties":[{"property":"\u015arednica nominalna wewn\u0119trzna","unit":"mm","value":"75,0"},{"property":"\u015arednica nominalna wewn\u0119trzna","unit":"ukryte","value":"\u00b11,50"},{"property":"\u015arednica nominalna wewn\u0119trzna","unit":"cal","value":"3"},{"property":"\u015arednica zewn\u0119trzna [mm]","unit":"mm","value":"90,0"},{"property":"Maksymalne ci\u015bnienie robocze","unit":"bar","value":"20"},{"property":"Maksymalne ci\u015bnienie robocze","unit":"MPa","value":"2,0"},{"property":"Maksymalne ci\u015bnienie robocze","unit":"psi","value":"290"},{"property":"Ci\u015bnienie rozrywaj\u0105ce","unit":"bar","value":"60"},{"property":"Wsp\u00f3\u0142czynnik bezpiecze\u0144stwa","unit":"-","value":"3:1"},{"property":"Standardowe d\u0142ugo\u015bci odcink\u00f3w","unit":"m","value":"20"},{"property":"Waga jednostkowa","unit":"kg\/m","value":"2,64"},{"property":"Rodzaj wzmocnienia","unit":"-","value":"kord"}]},{"variation_id":6554,"sku":"","variation_title":"W\u0105\u017c do benzyny, paliw i olej\u00f3w 2,0 MPa DN80 (3.5\/32\")","properties":[{"property":"\u015arednica nominalna wewn\u0119trzna","unit":"mm","value":"80,0"},{"property":"\u015arednica nominalna wewn\u0119trzna","unit":"ukryte","value":"\u00b11,80"},{"property":"\u015arednica nominalna wewn\u0119trzna","unit":"cal","value":"3 5 \/32"},{"property":"\u015arednica zewn\u0119trzna [mm]","unit":"mm","value":"95,0"},{"property":"Maksymalne ci\u015bnienie robocze","unit":"bar","value":"20"},{"property":"Maksymalne ci\u015bnienie robocze","unit":"MPa","value":"2,0"},{"property":"Maksymalne ci\u015bnienie robocze","unit":"psi","value":"290"},{"property":"Ci\u015bnienie rozrywaj\u0105ce","unit":"bar","value":"60"},{"property":"Wsp\u00f3\u0142czynnik bezpiecze\u0144stwa","unit":"-","value":"3:1"},{"property":"Standardowe d\u0142ugo\u015bci odcink\u00f3w","unit":"m","value":"10"},{"property":"Waga jednostkowa","unit":"kg\/m","value":"2,80"},{"property":"Rodzaj wzmocnienia","unit":"-","value":"kord"}]}],"_links":{"self":[{"href":"https:\/\/new.stomil-bydgoszcz.pl\/en\/wp-json\/wp\/v2\/product\/6522","targetHints":{"allow":["GET"]}}],"collection":[{"href":"https:\/\/new.stomil-bydgoszcz.pl\/en\/wp-json\/wp\/v2\/product"}],"about":[{"href":"https:\/\/new.stomil-bydgoszcz.pl\/en\/wp-json\/wp\/v2\/types\/product"}],"replies":[{"embeddable":true,"href":"https:\/\/new.stomil-bydgoszcz.pl\/en\/wp-json\/wp\/v2\/comments?post=6522"}],"wp:featuredmedia":[{"embeddable":true,"href":"https:\/\/new.stomil-bydgoszcz.pl\/en\/wp-json\/wp\/v2\/media\/6520"}],"wp:attachment":[{"href":"https:\/\/new.stomil-bydgoszcz.pl\/en\/wp-json\/wp\/v2\/media?parent=6522"}],"wp:term":[{"taxonomy":"product_brand","embeddable":true,"href":"https:\/\/new.stomil-bydgoszcz.pl\/en\/wp-json\/wp\/v2\/product_brand?post=6522"},{"taxonomy":"product_cat","embeddable":true,"href":"https:\/\/new.stomil-bydgoszcz.pl\/en\/wp-json\/wp\/v2\/product_cat?post=6522"},{"taxonomy":"product_tag","embeddable":true,"href":"https:\/\/new.stomil-bydgoszcz.pl\/en\/wp-json\/wp\/v2\/product_tag?post=6522"}],"curies":[{"name":"wp","href":"https:\/\/api.w.org\/{rel}","templated":true}]}}