{"id":6731,"date":"2026-03-17T21:38:35","date_gmt":"2026-03-17T21:38:35","guid":{"rendered":"https:\/\/new.stomil-bydgoszcz.pl\/produkt\/waz-do-swobodnego-przeplywu-kwasow-i-zasad\/"},"modified":"2026-03-17T21:38:45","modified_gmt":"2026-03-17T21:38:45","slug":"vase-for-the-free-flow-of-acids-and-bases","status":"publish","type":"product","link":"https:\/\/new.stomil-bydgoszcz.pl\/en\/produkt\/waz-do-swobodnego-przeplywu-kwasow-i-zasad\/","title":{"rendered":"Chemical Hoses for free flowing acids and bases"},"content":{"rendered":"<p><strong>APPLICATION<\/strong><\/p>\n<p>Hoses are designed for the free flow of acids and bases:<br \/>\n- Nitric acid with a concentration of up to 5%<br \/>\n- hydrochloric acid with a concentration of up to 20%<br \/>\n- Sulfuric acid up to 50%<br \/>\n- Acetic acid, aqueous sodium hydroxide solution and aqueous ammonia solution of any concentration.<\/p>\n<p>Maximum Working Pressure - 5 kPa.<\/p>\n<p>Hoses are abrasion, weather and ozone resistant.<\/p>\n<p><strong>Working Temperature<br \/>\n<\/strong>From -30\u00b0C to +60\u00b0C<\/p>\n<p><strong>CONSTRUCTION<br \/>\n<\/strong>Made according to PN-75\/C-94250\/33 from synthetic rubber with a smooth surface of black color resistant to weathering and ozone.<\/p>\n<p><strong>SIGNING<br \/>\n<\/strong>Hoses marked with a thin purple stripe.<\/p>","protected":false},"excerpt":{"rendered":"<p><strong>Maximum Working Pressure:<\/strong> 5 kPa | <strong>Working Temperature: <\/strong>-30\u00b0C to +60\u00b0C<\/p>","protected":false},"featured_media":6729,"comment_status":"closed","ping_status":"closed","template":"","meta":[],"product_brand":[],"product_cat":[88,155,77,196,140],"product_tag":[],"class_list":{"0":"post-6731","1":"product","2":"type-product","3":"status-publish","4":"has-post-thumbnail","6":"product_cat-branze","7":"product_cat-budowa-maszyn-i-urzadzen","8":"product_cat-grupy-produktow","9":"product_cat-weze-do-kwasow-i-zasad","10":"product_cat-weze-przemyslowe","12":"first","13":"instock","14":"taxable","15":"shipping-taxable","16":"purchasable","17":"product-type-variable"},"stomil_properties":[{"variation_id":6733,"sku":"WN_KZ_032X20_3043","variation_title":"W\u0105\u017c gumowy do swobodnego przep\u0142ywu kwas\u00f3w i zasad DN3,2 (1\/8\")","properties":[{"property":"\u015arednica nominalna wewn\u0119trzna","unit":"mm","value":"3,2"},{"property":"\u015arednica nominalna wewn\u0119trzna","unit":"cal","value":"1\/8"},{"property":"Waga jednostkowa","unit":"kg\/m","value":"0,045"}]},{"variation_id":6735,"sku":"WN_KZ_040X20_3043","variation_title":"W\u0105\u017c gumowy do swobodnego przep\u0142ywu kwas\u00f3w i zasad DN4 (5\/32\") gr. \u015bcianki 2mm","properties":[{"property":"\u015arednica nominalna wewn\u0119trzna","unit":"mm","value":"4,0"},{"property":"\u015arednica nominalna wewn\u0119trzna","unit":"ukryte","value":"\u00b10,50"},{"property":"\u015arednica nominalna wewn\u0119trzna","unit":"cal","value":"5\/32"},{"property":"Standardowe d\u0142ugo\u015bci odcink\u00f3w","unit":"m","value":"od 5 do 50"},{"property":"Waga jednostkowa","unit":"kg\/m","value":"0,052"}]},{"variation_id":6737,"sku":"WN_KZ_050X20_3043","variation_title":"W\u0105\u017c gumowy do swobodnego przep\u0142ywu kwas\u00f3w i zasad DN05 (3\/16\")","properties":[{"property":"Waga jednostkowa","unit":"kg\/m","value":"0,064"}]},{"variation_id":6739,"sku":"WN_KZ_063X20_3043","variation_title":"W\u0105\u017c gumowy do swobodnego przep\u0142ywu kwas\u00f3w i zasad DN6,3 (1\/4\")","properties":[{"property":"Waga jednostkowa","unit":"kg\/m","value":"0,073"}]},{"variation_id":6741,"sku":"WN_KZ_080X20_3043","variation_title":"W\u0105\u017c gumowy do swobodnego przep\u0142ywu kwas\u00f3w i zasad DN08 (5\/16\")","properties":[{"property":"Waga jednostkowa","unit":"kg\/m","value":"0,098"}]},{"variation_id":6743,"sku":"WN_KZ_100X20_3043","variation_title":"W\u0105\u017c gumowy do swobodnego przep\u0142ywu kwas\u00f3w i zasad DN10 (3\/8\")","properties":[{"property":"Waga jednostkowa","unit":"kg\/m","value":"0,118"}]},{"variation_id":6745,"sku":"WN_KZ_125X40_3043","variation_title":"W\u0105\u017c gumowy do swobodnego przep\u0142ywu kwas\u00f3w i zasad DN12,5 (31\/64\")","properties":[{"property":"Waga jednostkowa","unit":"kg\/m","value":"0,266"}]},{"variation_id":6747,"sku":"WN_KZ_160X40_3043","variation_title":"W\u0105\u017c gumowy do swobodnego przep\u0142ywu kwas\u00f3w i zasad DN16 (5\/8\")","properties":[{"property":"Waga jednostkowa","unit":"kg\/m","value":"0,34"}]},{"variation_id":6749,"sku":"WN_KZ_200X40_3043","variation_title":"W\u0105\u017c gumowy do swobodnego przep\u0142ywu kwas\u00f3w i zasad DN20 (25\/32\")","properties":[{"property":"Waga jednostkowa","unit":"kg\/m","value":"0,415"}]}],"_links":{"self":[{"href":"https:\/\/new.stomil-bydgoszcz.pl\/en\/wp-json\/wp\/v2\/product\/6731","targetHints":{"allow":["GET"]}}],"collection":[{"href":"https:\/\/new.stomil-bydgoszcz.pl\/en\/wp-json\/wp\/v2\/product"}],"about":[{"href":"https:\/\/new.stomil-bydgoszcz.pl\/en\/wp-json\/wp\/v2\/types\/product"}],"replies":[{"embeddable":true,"href":"https:\/\/new.stomil-bydgoszcz.pl\/en\/wp-json\/wp\/v2\/comments?post=6731"}],"wp:featuredmedia":[{"embeddable":true,"href":"https:\/\/new.stomil-bydgoszcz.pl\/en\/wp-json\/wp\/v2\/media\/6729"}],"wp:attachment":[{"href":"https:\/\/new.stomil-bydgoszcz.pl\/en\/wp-json\/wp\/v2\/media?parent=6731"}],"wp:term":[{"taxonomy":"product_brand","embeddable":true,"href":"https:\/\/new.stomil-bydgoszcz.pl\/en\/wp-json\/wp\/v2\/product_brand?post=6731"},{"taxonomy":"product_cat","embeddable":true,"href":"https:\/\/new.stomil-bydgoszcz.pl\/en\/wp-json\/wp\/v2\/product_cat?post=6731"},{"taxonomy":"product_tag","embeddable":true,"href":"https:\/\/new.stomil-bydgoszcz.pl\/en\/wp-json\/wp\/v2\/product_tag?post=6731"}],"curies":[{"name":"wp","href":"https:\/\/api.w.org\/{rel}","templated":true}]}}