{"id":6797,"date":"2026-03-17T21:38:40","date_gmt":"2026-03-17T21:38:40","guid":{"rendered":"https:\/\/new.stomil-bydgoszcz.pl\/produkt\/waz-do-lpg-20-mpa\/"},"modified":"2026-03-17T21:38:45","modified_gmt":"2026-03-17T21:38:45","slug":"lpg-vase-20-mpa","status":"publish","type":"product","link":"https:\/\/new.stomil-bydgoszcz.pl\/en\/produkt\/waz-do-lpg-20-mpa\/","title":{"rendered":"Hoses for LPG Hoses 2.0 MPa"},"content":{"rendered":"<p><strong>CHARACTERISTICS<br \/>\n<\/strong>Working Pressure - 20 bar (2 MPa)<br \/>\nBursting Pressure - 100 bar (10 MPa)<\/p>\n<p><strong>\u00a0<\/strong><strong>APPLICATION<br \/>\n<\/strong>Hoses are designed for the flow of hydrocarbon gases, i.e. propane, propane-butane and butane, as well as for filling and emptying tanks (including tank cars) with liquid LPG gas, which is a mixture of about 25% propane, 45% butane and about 30% isobutane).<\/p>\n<p><strong>Working Temperature<br \/>\n<\/strong>From -30\u00b0C to +70\u00b0C<\/p>\n<p><strong>CONSTRUCTION<br \/>\n<\/strong>Made according to the author's design ZN-1\/99\/BZPG.<\/p>\n<p><strong>Inner layer<br \/>\n<\/strong>High-quality NBR rubber compound impermeable to hydrocarbon gases.<\/p>\n<p><strong>Reinforcement<br \/>\n<\/strong>High-strength synthetic threads.<\/p>\n<p><strong>Outer layer<br \/>\n<\/strong>Flame retardant, black colored rubber with fabric imprint resistant to abrasion, and weather and ozone.<\/p>\n<p><strong>SIGNING<br \/>\n<\/strong>Hoses marked with a white print.<\/p>\n<p><strong>RESISTANCE<br \/>\n<\/strong>Electrical resistance (oblique) max. 10<sup>6\u00a0<\/sup>\u03a9\/m.<\/p>","protected":false},"excerpt":{"rendered":"<p><strong>Working Pressure:<\/strong> 20 bar (2 MPa) | <strong>Bursting Pressure:<\/strong> 100 bar (10 MPa) |.\u00a0<strong>Working Temperature: <\/strong>-30\u00b0C to +70\u00b0C<\/p>","protected":false},"featured_media":6795,"comment_status":"closed","ping_status":"closed","template":"","meta":[],"product_brand":[],"product_cat":[88,155,77,203,140],"product_tag":[],"class_list":{"0":"post-6797","1":"product","2":"type-product","3":"status-publish","4":"has-post-thumbnail","6":"product_cat-branze","7":"product_cat-budowa-maszyn-i-urzadzen","8":"product_cat-grupy-produktow","9":"product_cat-weze-do-lpg","10":"product_cat-weze-przemyslowe","12":"first","13":"instock","14":"taxable","15":"shipping-taxable","16":"purchasable","17":"product-type-variable"},"stomil_properties":[{"variation_id":6799,"sku":"","variation_title":"W\u0105\u017c do LPG 2,0 MPa DN 5,0_3\/16\"","properties":[{"property":"\u015arednica nominalna wewn\u0119trzna","unit":"mm","value":"5,0"},{"property":"\u015arednica nominalna wewn\u0119trzna","unit":"ukryte","value":"\u00b10,50"},{"property":"\u015arednica nominalna wewn\u0119trzna","unit":"cal","value":"3\/16"},{"property":"\u015arednica zewn\u0119trzna [mm]","unit":"mm","value":"12,0"},{"property":"\u015arednica zewn\u0119trzna [mm]","unit":"ukryte","value":"\u00b11,00"},{"property":"Maksymalne ci\u015bnienie robocze","unit":"bar","value":"20"},{"property":"Maksymalne ci\u015bnienie robocze","unit":"MPa","value":"2,0"},{"property":"Maksymalne ci\u015bnienie robocze","unit":"psi","value":"290"},{"property":"Ci\u015bnienie rozrywaj\u0105ce","unit":"bar","value":"100"},{"property":"Wsp\u00f3\u0142czynnik bezpiecze\u0144stwa","unit":"-","value":"5:1"},{"property":"Najmniejszy promie\u0144 zgi\u0119cia","unit":"mm","value":"50"},{"property":"Standardowe d\u0142ugo\u015bci odcink\u00f3w","unit":"m","value":"od 5 do 100 "},{"property":"Waga jednostkowa","unit":"kg\/m","value":"0,11"},{"property":"Rodzaj wzmocnienia","unit":"-","value":"nici"}]},{"variation_id":6801,"sku":"","variation_title":"W\u0105\u017c do LPG 2,0 MPa DN 6,3_1\/4\"","properties":[{"property":"\u015arednica nominalna wewn\u0119trzna","unit":"mm","value":"6,3"},{"property":"\u015arednica nominalna wewn\u0119trzna","unit":"ukryte","value":"\u00b10,75"},{"property":"\u015arednica nominalna wewn\u0119trzna","unit":"cal","value":"1\/4"},{"property":"\u015arednica zewn\u0119trzna [mm]","unit":"mm","value":"13,0"},{"property":"\u015arednica zewn\u0119trzna [mm]","unit":"ukryte","value":"\u00b11,50"},{"property":"Maksymalne ci\u015bnienie robocze","unit":"bar","value":"20"},{"property":"Maksymalne ci\u015bnienie robocze","unit":"MPa","value":"2,0"},{"property":"Maksymalne ci\u015bnienie robocze","unit":"psi","value":"290"},{"property":"Ci\u015bnienie rozrywaj\u0105ce","unit":"bar","value":"100"},{"property":"Wsp\u00f3\u0142czynnik bezpiecze\u0144stwa","unit":"-","value":"5:1"},{"property":"Najmniejszy promie\u0144 zgi\u0119cia","unit":"mm","value":"63"},{"property":"Standardowe d\u0142ugo\u015bci odcink\u00f3w","unit":"m","value":"od 5 do 100 m"},{"property":"Waga jednostkowa","unit":"kg\/m","value":"0,13"},{"property":"Rodzaj wzmocnienia","unit":"-","value":"nici"}]},{"variation_id":6803,"sku":"WPPB20ZW008PF011","variation_title":"W\u0105\u017c do LPG 2,0 MPa DN8 (5\/16\")","properties":[{"property":"\u015arednica nominalna wewn\u0119trzna","unit":"mm","value":"8,0"},{"property":"\u015arednica nominalna wewn\u0119trzna","unit":"ukryte","value":"\u00b10,75"},{"property":"\u015arednica nominalna wewn\u0119trzna","unit":"cal","value":"5\/16"},{"property":"\u015arednica zewn\u0119trzna [mm]","unit":"mm","value":"15,0"},{"property":"\u015arednica zewn\u0119trzna [mm]","unit":"ukryte","value":"\u00b11,50"},{"property":"Maksymalne ci\u015bnienie robocze","unit":"bar","value":"20"},{"property":"Maksymalne ci\u015bnienie robocze","unit":"MPa","value":"2,0"},{"property":"Maksymalne ci\u015bnienie robocze","unit":"psi","value":"290"},{"property":"Ci\u015bnienie rozrywaj\u0105ce","unit":"bar","value":"100"},{"property":"Wsp\u00f3\u0142czynnik bezpiecze\u0144stwa","unit":"-","value":"5:1"},{"property":"Najmniejszy promie\u0144 zgi\u0119cia","unit":"mm","value":"80"},{"property":"Standardowe d\u0142ugo\u015bci odcink\u00f3w","unit":"m","value":"od 5 do 100 m"},{"property":"Waga jednostkowa","unit":"kg\/m","value":"0,15"},{"property":"Rodzaj wzmocnienia","unit":"-","value":"nici"}]},{"variation_id":6805,"sku":"WPPB20ZW010PF011","variation_title":"W\u0105\u017c do LPG 2,0 MPa DN10 (3\/8\")","properties":[{"property":"\u015arednica nominalna wewn\u0119trzna","unit":"mm","value":"10,0"},{"property":"\u015arednica nominalna wewn\u0119trzna","unit":"ukryte","value":"\u00b10,75"},{"property":"\u015arednica nominalna wewn\u0119trzna","unit":"cal","value":"3\/8"},{"property":"\u015arednica zewn\u0119trzna [mm]","unit":"mm","value":"17,0"},{"property":"\u015arednica zewn\u0119trzna [mm]","unit":"ukryte","value":"\u00b11,50"},{"property":"Maksymalne ci\u015bnienie robocze","unit":"bar","value":"20"},{"property":"Maksymalne ci\u015bnienie robocze","unit":"MPa","value":"2,0"},{"property":"Maksymalne ci\u015bnienie robocze","unit":"psi","value":"290"},{"property":"Ci\u015bnienie rozrywaj\u0105ce","unit":"bar","value":"100"},{"property":"Wsp\u00f3\u0142czynnik bezpiecze\u0144stwa","unit":"-","value":"5:1"},{"property":"Najmniejszy promie\u0144 zgi\u0119cia","unit":"mm","value":"100"},{"property":"Standardowe d\u0142ugo\u015bci odcink\u00f3w","unit":"m","value":"od 5 do 100 m"},{"property":"Waga jednostkowa","unit":"kg\/m","value":"0,21"},{"property":"Rodzaj wzmocnienia","unit":"-","value":"nici"}]},{"variation_id":6807,"sku":"WPPB20ZW012PF011","variation_title":"W\u0105\u017c do LPG 2,0 MPa DN12,5 (1\/2'')","properties":[{"property":"\u015arednica nominalna wewn\u0119trzna","unit":"mm","value":"12,5"},{"property":"\u015arednica nominalna wewn\u0119trzna","unit":"ukryte","value":"\u00b10,75"},{"property":"\u015arednica nominalna wewn\u0119trzna","unit":"cal","value":"1\/2"},{"property":"\u015arednica zewn\u0119trzna [mm]","unit":"mm","value":"21,0"},{"property":"\u015arednica zewn\u0119trzna [mm]","unit":"ukryte","value":"\u00b11,50"},{"property":"Maksymalne ci\u015bnienie robocze","unit":"bar","value":"20"},{"property":"Maksymalne ci\u015bnienie robocze","unit":"MPa","value":"2,0"},{"property":"Maksymalne ci\u015bnienie robocze","unit":"psi","value":"290"},{"property":"Ci\u015bnienie rozrywaj\u0105ce","unit":"bar","value":"100"},{"property":"Wsp\u00f3\u0142czynnik bezpiecze\u0144stwa","unit":"-","value":"5:1"},{"property":"Najmniejszy promie\u0144 zgi\u0119cia","unit":"mm","value":"100"},{"property":"Standardowe d\u0142ugo\u015bci odcink\u00f3w","unit":"m","value":"od 5 do 100 m"},{"property":"Waga jednostkowa","unit":"kg\/m","value":"0,27"},{"property":"Rodzaj wzmocnienia","unit":"-","value":"nici"}]},{"variation_id":6809,"sku":"","variation_title":"W\u0105\u017c do LPG 2,0 MPa DN 16_5\/8\"","properties":[{"property":"\u015arednica nominalna wewn\u0119trzna","unit":"mm","value":"16,0"},{"property":"\u015arednica nominalna wewn\u0119trzna","unit":"ukryte","value":"\u00b10,75"},{"property":"\u015arednica nominalna wewn\u0119trzna","unit":"cal","value":"5\/8"},{"property":"\u015arednica zewn\u0119trzna [mm]","unit":"mm","value":"25,0"},{"property":"\u015arednica zewn\u0119trzna [mm]","unit":"ukryte","value":"\u00b11,50"},{"property":"Maksymalne ci\u015bnienie robocze","unit":"bar","value":"20"},{"property":"Maksymalne ci\u015bnienie robocze","unit":"MPa","value":"2,0"},{"property":"Maksymalne ci\u015bnienie robocze","unit":"psi","value":"290"},{"property":"Ci\u015bnienie rozrywaj\u0105ce","unit":"bar","value":"100"},{"property":"Wsp\u00f3\u0142czynnik bezpiecze\u0144stwa","unit":"-","value":"5:1"},{"property":"Najmniejszy promie\u0144 zgi\u0119cia","unit":"mm","value":"125"},{"property":"Standardowe d\u0142ugo\u015bci odcink\u00f3w","unit":"m","value":"od 5 do 100 m"},{"property":"Waga jednostkowa","unit":"kg\/m","value":"0,37"},{"property":"Rodzaj wzmocnienia","unit":"-","value":"nici"}]},{"variation_id":6811,"sku":"","variation_title":"W\u0105\u017c do LPG 2,0 MPa DN 20_25\/32\"","properties":[{"property":"\u015arednica nominalna wewn\u0119trzna","unit":"mm","value":"20,0"},{"property":"\u015arednica nominalna wewn\u0119trzna","unit":"ukryte","value":"\u00b10,75"},{"property":"\u015arednica nominalna wewn\u0119trzna","unit":"cal","value":"25\/32"},{"property":"\u015arednica zewn\u0119trzna [mm]","unit":"mm","value":"30,0"},{"property":"\u015arednica zewn\u0119trzna [mm]","unit":"ukryte","value":"\u00b11,50"},{"property":"Maksymalne ci\u015bnienie robocze","unit":"bar","value":"20"},{"property":"Maksymalne ci\u015bnienie robocze","unit":"MPa","value":"2,0"},{"property":"Maksymalne ci\u015bnienie robocze","unit":"psi","value":"290"},{"property":"Ci\u015bnienie rozrywaj\u0105ce","unit":"bar","value":"100"},{"property":"Wsp\u00f3\u0142czynnik bezpiecze\u0144stwa","unit":"-","value":"5:1"},{"property":"Najmniejszy promie\u0144 zgi\u0119cia","unit":"mm","value":"160"},{"property":"Standardowe d\u0142ugo\u015bci odcink\u00f3w","unit":"m","value":"od 5 do 100 m"},{"property":"Waga jednostkowa","unit":"kg\/m","value":"0,50"},{"property":"Rodzaj wzmocnienia","unit":"-","value":"nici"}]},{"variation_id":6813,"sku":"","variation_title":"W\u0105\u017c do LPG 2,0 MPa DN 25_1\"","properties":[{"property":"\u015arednica nominalna wewn\u0119trzna","unit":"mm","value":"25,0"},{"property":"\u015arednica nominalna wewn\u0119trzna","unit":"ukryte","value":"\u00b10,75"},{"property":"\u015arednica nominalna wewn\u0119trzna","unit":"cal","value":"1"},{"property":"\u015arednica zewn\u0119trzna [mm]","unit":"mm","value":"37,0"},{"property":"\u015arednica zewn\u0119trzna [mm]","unit":"ukryte","value":"\u00b11,50"},{"property":"Maksymalne ci\u015bnienie robocze","unit":"bar","value":"20"},{"property":"Maksymalne ci\u015bnienie robocze","unit":"MPa","value":"2,0"},{"property":"Maksymalne ci\u015bnienie robocze","unit":"psi","value":"290"},{"property":"Ci\u015bnienie rozrywaj\u0105ce","unit":"bar","value":"100"},{"property":"Wsp\u00f3\u0142czynnik bezpiecze\u0144stwa","unit":"-","value":"5:1"},{"property":"Najmniejszy promie\u0144 zgi\u0119cia","unit":"mm","value":"200"},{"property":"Standardowe d\u0142ugo\u015bci odcink\u00f3w","unit":"m","value":"od 5 do 100 m"},{"property":"Waga jednostkowa","unit":"kg\/m","value":"0,71"},{"property":"Rodzaj wzmocnienia","unit":"-","value":"nici"}]},{"variation_id":6815,"sku":"","variation_title":"W\u0105\u017c do LPG 2,0 MPa DN 31,5_15\/64\"","properties":[{"property":"\u015arednica nominalna wewn\u0119trzna","unit":"mm","value":"31,5"},{"property":"\u015arednica nominalna wewn\u0119trzna","unit":"ukryte","value":"\u00b11,25"},{"property":"\u015arednica nominalna wewn\u0119trzna","unit":"cal","value":"15\/64"},{"property":"\u015arednica zewn\u0119trzna [mm]","unit":"mm","value":"45,0"},{"property":"\u015arednica zewn\u0119trzna [mm]","unit":"ukryte","value":"\u00b11,50"},{"property":"Maksymalne ci\u015bnienie robocze","unit":"bar","value":"20"},{"property":"Maksymalne ci\u015bnienie robocze","unit":"MPa","value":"2,0"},{"property":"Maksymalne ci\u015bnienie robocze","unit":"psi","value":"290"},{"property":"Ci\u015bnienie rozrywaj\u0105ce","unit":"bar","value":"100"},{"property":"Wsp\u00f3\u0142czynnik bezpiecze\u0144stwa","unit":"-","value":"5:1"},{"property":"Najmniejszy promie\u0144 zgi\u0119cia","unit":"mm","value":"250"},{"property":"Standardowe d\u0142ugo\u015bci odcink\u00f3w","unit":"m","value":"od 5 do 100 m"},{"property":"Waga jednostkowa","unit":"kg\/m","value":"1,01"},{"property":"Rodzaj wzmocnienia","unit":"-","value":"nici"}]}],"_links":{"self":[{"href":"https:\/\/new.stomil-bydgoszcz.pl\/en\/wp-json\/wp\/v2\/product\/6797","targetHints":{"allow":["GET"]}}],"collection":[{"href":"https:\/\/new.stomil-bydgoszcz.pl\/en\/wp-json\/wp\/v2\/product"}],"about":[{"href":"https:\/\/new.stomil-bydgoszcz.pl\/en\/wp-json\/wp\/v2\/types\/product"}],"replies":[{"embeddable":true,"href":"https:\/\/new.stomil-bydgoszcz.pl\/en\/wp-json\/wp\/v2\/comments?post=6797"}],"wp:featuredmedia":[{"embeddable":true,"href":"https:\/\/new.stomil-bydgoszcz.pl\/en\/wp-json\/wp\/v2\/media\/6795"}],"wp:attachment":[{"href":"https:\/\/new.stomil-bydgoszcz.pl\/en\/wp-json\/wp\/v2\/media?parent=6797"}],"wp:term":[{"taxonomy":"product_brand","embeddable":true,"href":"https:\/\/new.stomil-bydgoszcz.pl\/en\/wp-json\/wp\/v2\/product_brand?post=6797"},{"taxonomy":"product_cat","embeddable":true,"href":"https:\/\/new.stomil-bydgoszcz.pl\/en\/wp-json\/wp\/v2\/product_cat?post=6797"},{"taxonomy":"product_tag","embeddable":true,"href":"https:\/\/new.stomil-bydgoszcz.pl\/en\/wp-json\/wp\/v2\/product_tag?post=6797"}],"curies":[{"name":"wp","href":"https:\/\/api.w.org\/{rel}","templated":true}]}}