{"id":6828,"date":"2026-03-17T21:38:43","date_gmt":"2026-03-17T21:38:43","guid":{"rendered":"https:\/\/new.stomil-bydgoszcz.pl\/produkt\/waz-do-agregatow-40-mpa\/"},"modified":"2026-03-17T21:38:45","modified_gmt":"2026-03-17T21:38:45","slug":"vase-for-aggregates-40-mpa","status":"publish","type":"product","link":"https:\/\/new.stomil-bydgoszcz.pl\/en\/produkt\/waz-do-agregatow-40-mpa\/","title":{"rendered":"Hoses for 4.0 MPa units, &lt;50mm3"},"content":{"rendered":"<p><strong>CHARACTERISTICS<br \/>\n<\/strong>Working Pressure - 40 bar (4 MPa)<br \/>\nBursting Pressure - 100 bar (10 MPa)<br \/>\nAbrasiveness &lt; 50 mm<sup>3 <\/sup>according to ISO 4649<\/p>\n<p><strong>APPLICATION<br \/>\n<\/strong>Antistatic hose for plastering units with high Working Pressure and Abrasion Resistance.<\/p>\n<p>Hoses can also be used to transfer other abrasive materials, both semi-liquid, such concrete and mortar, and dry, such as sand and grit.<\/p>\n<p><strong>Working Temperature<br \/>\n<\/strong>From -35\u00b0C to +60\u00b0C<\/p>\n<p><strong>CONSTRUCTION<br \/>\n<\/strong>Made according to the author's STOMIL WT-53\/BZPG design.<\/p>\n<p><strong>Inner layer<br \/>\n<\/strong>High-quality NR\/BR rubber compound with Abrasion Resistance max. 50 mm<sup>3<\/sup>.<\/p>\n<p><strong>Reinforcement<br \/>\n<\/strong>High strength textile cord spacers.<\/p>\n<p><strong>Outer layer<br \/>\n<\/strong>Black colored rubber with fabric imprint resistant to abrasion and weather and ozone.<\/p>\n<p><strong>OPTIONAL<br \/>\n<\/strong>A version with copper wire conductor is available on request.<\/p>\n<p><strong>SIGNING<br \/>\n<\/strong>Hoses marked with red tape.<\/p>","protected":false},"excerpt":{"rendered":"<p><strong>Working Pressure:<\/strong> 40 bar (4 MPa) |. <strong>Bursting Pressure:<\/strong> 100 bar (10 MPa) |. <strong>Abrasiveness:<\/strong> &lt; 50 mm<sup>3 <\/sup>according to ISO 4649 |&nbsp;<strong>Working Temperature: <\/strong>-35\u00b0C to +60\u00b0C<\/p>","protected":false},"featured_media":6825,"comment_status":"closed","ping_status":"closed","template":"","meta":[],"product_brand":[],"product_cat":[88,155,92,77,205,140],"product_tag":[],"class_list":{"0":"post-6828","1":"product","2":"type-product","3":"status-publish","4":"has-post-thumbnail","6":"product_cat-branze","7":"product_cat-budowa-maszyn-i-urzadzen","8":"product_cat-budownictwo","9":"product_cat-grupy-produktow","10":"product_cat-weze-do-tynkow-zapraw-i-betonu","11":"product_cat-weze-przemyslowe","13":"first","14":"instock","15":"sale","16":"taxable","17":"shipping-taxable","18":"purchasable","19":"product-type-variable"},"stomil_properties":[{"variation_id":6830,"sku":"","variation_title":"W\u0105\u017c do agregat\u00f3w  4,0 MPa DN19 (3\/4\")","properties":[{"property":"\u015arednica nominalna wewn\u0119trzna","unit":"mm","value":"19,0"},{"property":"\u015arednica nominalna wewn\u0119trzna","unit":"ukryte","value":"\u00b10,75"},{"property":"\u015arednica nominalna wewn\u0119trzna","unit":"cal","value":"3\/4"},{"property":"\u015arednica zewn\u0119trzna [mm]","unit":"mm","value":"31,0"},{"property":"Maksymalne ci\u015bnienie robocze","unit":"bar","value":"40"},{"property":"Maksymalne ci\u015bnienie robocze","unit":"MPa","value":"4,0"},{"property":"Maksymalne ci\u015bnienie robocze","unit":"psi","value":"580"},{"property":"Ci\u015bnienie rozrywaj\u0105ce","unit":"bar","value":"100"},{"property":"Wsp\u00f3\u0142czynnik bezpiecze\u0144stwa","unit":"-","value":"2,5:1"},{"property":"Standardowe d\u0142ugo\u015bci odcink\u00f3w","unit":"m","value":"20 "},{"property":"Waga jednostkowa","unit":"kg\/m","value":"0,62"},{"property":"Rodzaj wzmocnienia","unit":"-","value":"kord"}]},{"variation_id":6832,"sku":"WPTY40P5025WT643","variation_title":"W\u0105\u017c do agregat\u00f3w  4,0 MPa DN25 (1 cal)","properties":[{"property":"\u015arednica nominalna wewn\u0119trzna","unit":"mm","value":"25,0"},{"property":"\u015arednica nominalna wewn\u0119trzna","unit":"ukryte","value":"\u00b11,00"},{"property":"\u015arednica nominalna wewn\u0119trzna","unit":"cal","value":"1"},{"property":"\u015arednica zewn\u0119trzna [mm]","unit":"mm","value":"37,0"},{"property":"Maksymalne ci\u015bnienie robocze","unit":"bar","value":"40"},{"property":"Maksymalne ci\u015bnienie robocze","unit":"MPa","value":"4,0"},{"property":"Maksymalne ci\u015bnienie robocze","unit":"psi","value":"580"},{"property":"Ci\u015bnienie rozrywaj\u0105ce","unit":"bar","value":"100"},{"property":"Wsp\u00f3\u0142czynnik bezpiecze\u0144stwa","unit":"-","value":"2,5:1"},{"property":"Standardowe d\u0142ugo\u015bci odcink\u00f3w","unit":"m","value":"20"},{"property":"Waga jednostkowa","unit":"kg\/m","value":"0,75"},{"property":"Rodzaj wzmocnienia","unit":"-","value":"kord"}]},{"variation_id":6834,"sku":"WPTY40P5032WT643","variation_title":"W\u0105\u017c do agregat\u00f3w  4,0 MPa DN32 (1 i 17\/64 cala)","properties":[{"property":"\u015arednica nominalna wewn\u0119trzna","unit":"mm","value":"32,0"},{"property":"\u015arednica nominalna wewn\u0119trzna","unit":"ukryte","value":"\u00b11,00"},{"property":"\u015arednica nominalna wewn\u0119trzna","unit":"cal","value":"1 17\/64"},{"property":"\u015arednica zewn\u0119trzna [mm]","unit":"mm","value":"46,0"},{"property":"Maksymalne ci\u015bnienie robocze","unit":"bar","value":"40"},{"property":"Maksymalne ci\u015bnienie robocze","unit":"MPa","value":"4,0"},{"property":"Maksymalne ci\u015bnienie robocze","unit":"psi","value":"580"},{"property":"Ci\u015bnienie rozrywaj\u0105ce","unit":"bar","value":"100"},{"property":"Wsp\u00f3\u0142czynnik bezpiecze\u0144stwa","unit":"-","value":"2,5:1"},{"property":"Standardowe d\u0142ugo\u015bci odcink\u00f3w","unit":"m","value":"20"},{"property":"Waga jednostkowa","unit":"kg\/m","value":"1,26"},{"property":"Rodzaj wzmocnienia","unit":"-","value":"kord"}]},{"variation_id":6836,"sku":"WPTY40P5035WT643","variation_title":"W\u0105\u017c do agregat\u00f3w  4,0 MPa DN35 (1 i 3\/8 cala)","properties":[{"property":"\u015arednica nominalna wewn\u0119trzna","unit":"mm","value":"35,0"},{"property":"\u015arednica nominalna wewn\u0119trzna","unit":"ukryte","value":"\u00b11,25"},{"property":"\u015arednica nominalna wewn\u0119trzna","unit":"cal","value":"1 3\/8"},{"property":"\u015arednica zewn\u0119trzna [mm]","unit":"mm","value":"49,0"},{"property":"Maksymalne ci\u015bnienie robocze","unit":"bar","value":"40"},{"property":"Maksymalne ci\u015bnienie robocze","unit":"MPa","value":"4,0"},{"property":"Maksymalne ci\u015bnienie robocze","unit":"psi","value":"580"},{"property":"Ci\u015bnienie rozrywaj\u0105ce","unit":"bar","value":"100"},{"property":"Wsp\u00f3\u0142czynnik bezpiecze\u0144stwa","unit":"-","value":"2,5:1"},{"property":"Standardowe d\u0142ugo\u015bci odcink\u00f3w","unit":"m","value":"20"},{"property":"Waga jednostkowa","unit":"kg\/m","value":"1,41"},{"property":"Rodzaj wzmocnienia","unit":"-","value":"kord"}]},{"variation_id":6838,"sku":"WPTY40P5038WT643","variation_title":"W\u0105\u017c do agregat\u00f3w  4,0 MPa DN38 (1.1\/2\")","properties":[{"property":"\u015arednica nominalna wewn\u0119trzna","unit":"mm","value":"38,0"},{"property":"\u015arednica nominalna wewn\u0119trzna","unit":"ukryte","value":"\u00b11,25"},{"property":"\u015arednica nominalna wewn\u0119trzna","unit":"cal","value":"1 1\/2"},{"property":"\u015arednica zewn\u0119trzna [mm]","unit":"mm","value":"54,0"},{"property":"Maksymalne ci\u015bnienie robocze","unit":"bar","value":"40"},{"property":"Maksymalne ci\u015bnienie robocze","unit":"MPa","value":"4,0"},{"property":"Maksymalne ci\u015bnienie robocze","unit":"psi","value":"580"},{"property":"Ci\u015bnienie rozrywaj\u0105ce","unit":"bar","value":"100"},{"property":"Wsp\u00f3\u0142czynnik bezpiecze\u0144stwa","unit":"-","value":"2,5:1"},{"property":"Standardowe d\u0142ugo\u015bci odcink\u00f3w","unit":"m","value":"20"},{"property":"Waga jednostkowa","unit":"kg\/m","value":"1,57"},{"property":"Rodzaj wzmocnienia","unit":"-","value":"kord"}]},{"variation_id":6840,"sku":"WPTY40P5050WT643","variation_title":"W\u0105\u017c do agregat\u00f3w  4,0 MPa DN50 (2 cale)","properties":[{"property":"\u015arednica nominalna wewn\u0119trzna","unit":"mm","value":"50,0"},{"property":"\u015arednica nominalna wewn\u0119trzna","unit":"ukryte","value":"\u00b11,25"},{"property":"\u015arednica nominalna wewn\u0119trzna","unit":"cal","value":"2"},{"property":"\u015arednica zewn\u0119trzna [mm]","unit":"mm","value":"68,0"},{"property":"Maksymalne ci\u015bnienie robocze","unit":"bar","value":"40"},{"property":"Maksymalne ci\u015bnienie robocze","unit":"MPa","value":"4,0"},{"property":"Maksymalne ci\u015bnienie robocze","unit":"psi","value":"580"},{"property":"Ci\u015bnienie rozrywaj\u0105ce","unit":"bar","value":"100"},{"property":"Wsp\u00f3\u0142czynnik bezpiecze\u0144stwa","unit":"-","value":"2,5:1"},{"property":"Standardowe d\u0142ugo\u015bci odcink\u00f3w","unit":"m","value":"20"},{"property":"Waga jednostkowa","unit":"kg\/m","value":"2,21"},{"property":"Rodzaj wzmocnienia","unit":"-","value":"kord"}]},{"variation_id":6842,"sku":"WPTY40P5060WT643","variation_title":"W\u0105\u017c do agregat\u00f3w  4,0 MPa DN60 (2 i 23\/64 cala)","properties":[{"property":"\u015arednica nominalna wewn\u0119trzna","unit":"mm","value":"60,0"},{"property":"\u015arednica nominalna wewn\u0119trzna","unit":"ukryte","value":"\u00b11,25"},{"property":"\u015arednica nominalna wewn\u0119trzna","unit":"cal","value":" 2 23\/64"},{"property":"\u015arednica zewn\u0119trzna [mm]","unit":"mm","value":"80,0"},{"property":"Maksymalne ci\u015bnienie robocze","unit":"bar","value":"40"},{"property":"Maksymalne ci\u015bnienie robocze","unit":"MPa","value":"4,0"},{"property":"Maksymalne ci\u015bnienie robocze","unit":"psi","value":"580"},{"property":"Ci\u015bnienie rozrywaj\u0105ce","unit":"bar","value":"100"},{"property":"Wsp\u00f3\u0142czynnik bezpiecze\u0144stwa","unit":"-","value":"2,5:1"},{"property":"Standardowe d\u0142ugo\u015bci odcink\u00f3w","unit":"m","value":"20"},{"property":"Waga jednostkowa","unit":"kg\/m","value":"3,05"},{"property":"Rodzaj wzmocnienia","unit":"-","value":"kord"}]},{"variation_id":6844,"sku":"WPTY40P5063WT643","variation_title":"W\u0105\u017c do agregat\u00f3w  4,0 MPa DN63 (2 i 1\/2 cala)","properties":[{"property":"\u015arednica nominalna wewn\u0119trzna","unit":"mm","value":"63,0"},{"property":"\u015arednica nominalna wewn\u0119trzna","unit":"ukryte","value":"\u00b11,25"},{"property":"\u015arednica nominalna wewn\u0119trzna","unit":"cal","value":"2 1\/2"},{"property":"\u015arednica zewn\u0119trzna [mm]","unit":"mm","value":"83,0"},{"property":"Maksymalne ci\u015bnienie robocze","unit":"bar","value":"40"},{"property":"Maksymalne ci\u015bnienie robocze","unit":"MPa","value":"4,0"},{"property":"Maksymalne ci\u015bnienie robocze","unit":"psi","value":"580"},{"property":"Ci\u015bnienie rozrywaj\u0105ce","unit":"bar","value":"100"},{"property":"Wsp\u00f3\u0142czynnik bezpiecze\u0144stwa","unit":"-","value":"2,5:1"},{"property":"Standardowe d\u0142ugo\u015bci odcink\u00f3w","unit":"m","value":"20"},{"property":"Waga jednostkowa","unit":"kg\/m","value":"3,18"},{"property":"Rodzaj wzmocnienia","unit":"-","value":"kord"}]}],"_links":{"self":[{"href":"https:\/\/new.stomil-bydgoszcz.pl\/en\/wp-json\/wp\/v2\/product\/6828","targetHints":{"allow":["GET"]}}],"collection":[{"href":"https:\/\/new.stomil-bydgoszcz.pl\/en\/wp-json\/wp\/v2\/product"}],"about":[{"href":"https:\/\/new.stomil-bydgoszcz.pl\/en\/wp-json\/wp\/v2\/types\/product"}],"replies":[{"embeddable":true,"href":"https:\/\/new.stomil-bydgoszcz.pl\/en\/wp-json\/wp\/v2\/comments?post=6828"}],"wp:featuredmedia":[{"embeddable":true,"href":"https:\/\/new.stomil-bydgoszcz.pl\/en\/wp-json\/wp\/v2\/media\/6825"}],"wp:attachment":[{"href":"https:\/\/new.stomil-bydgoszcz.pl\/en\/wp-json\/wp\/v2\/media?parent=6828"}],"wp:term":[{"taxonomy":"product_brand","embeddable":true,"href":"https:\/\/new.stomil-bydgoszcz.pl\/en\/wp-json\/wp\/v2\/product_brand?post=6828"},{"taxonomy":"product_cat","embeddable":true,"href":"https:\/\/new.stomil-bydgoszcz.pl\/en\/wp-json\/wp\/v2\/product_cat?post=6828"},{"taxonomy":"product_tag","embeddable":true,"href":"https:\/\/new.stomil-bydgoszcz.pl\/en\/wp-json\/wp\/v2\/product_tag?post=6828"}],"curies":[{"name":"wp","href":"https:\/\/api.w.org\/{rel}","templated":true}]}}