{"id":6862,"date":"2026-03-17T21:38:49","date_gmt":"2026-03-17T21:38:49","guid":{"rendered":"https:\/\/new.stomil-bydgoszcz.pl\/produkt\/waz-do-piaskowania-12-mpa\/"},"modified":"2026-03-17T21:39:10","modified_gmt":"2026-03-17T21:39:10","slug":"sandblasting-vase-12-mpa","status":"publish","type":"product","link":"https:\/\/new.stomil-bydgoszcz.pl\/en\/produkt\/waz-do-piaskowania-12-mpa\/","title":{"rendered":"1.2 MPa sandblasting Hoses, &lt;50mm3"},"content":{"rendered":"<p><strong>CHARACTERISTICS<br \/>\n<\/strong>Working Pressure- 12 bar (1.2 MPa)<br \/>\nBursting Pressure - 48 bar (4.8 MPa)<br \/>\nSafety ratio of 4:1<br \/>\nAbrasiveness \u2264 50 mm<sup>3 <\/sup>according to ISO 4649<br \/>\nAntistatic R&lt;10<sup>6&nbsp;<\/sup>\u03a9\/m<br \/>\nWith increased flexibility<\/p>\n<p><strong>APPLICATION<br \/>\n<\/strong>Antistatic hose with increased flexibility and high Abrasion Resistance is designed for the transfer of abrasive materials such as sand, electrocorundum, slags, crushed rocks, glass, cast iron and steel shot.<\/p>\n<p>The diameter of the hose is matched to standard clamps for aggregates used on the market.<\/p>\n<p>On request, we make additional protection of Hoses with an external wire spiral, designed to protect against deformation and excessive abrasion of the outer layer.<\/p>\n<p><strong>Working Temperature<br \/>\n<\/strong>From -35\u00b0C to +80\u00b0C<\/p>\n<p><strong>CONSTRUCTION<br \/>\n<\/strong>Made in accordance with EN ISO 3861.<\/p>\n<p><strong>Inner layer<br \/>\n<\/strong>High quality antistatic rubber compound with high abrasion resistance - max. 50 mm<sup>3 <\/sup>&nbsp;(according to ISO 4649).<\/p>\n<p><strong>Reinforcement<br \/>\n<\/strong>High strength textile cord spacers.<\/p>\n<p><strong>Outer layer<br \/>\n<\/strong>Antistatic black colored SBR rubber with fabric imprint, resistant to abrasion and weathering and ozone.<\/p>\n<p><strong>OPTIONAL<br \/>\n<\/strong>A version with copper wire conductor is available on request.<\/p>\n<p><strong>SIGNING<br \/>\n<\/strong>Hoses marked with yellow tape<\/p>","protected":false},"excerpt":{"rendered":"<p><strong>Working Pressure:<\/strong> 12 bar (1.2 MPa) |. <strong>Bursting Pressure:<\/strong> 48 bar (4.8 MPa) |. <strong>Safety factor:<\/strong> 4:1 | <strong>Abrasiveness:<\/strong> \u2264 50 mm<sup>3 <\/sup>according to ISO 4649 | <strong>Anti-electrostatic:<\/strong> R&lt;10<sup>6&nbsp;<\/sup>\u03a9\/m | With increased flexibility |&nbsp;<strong>Working Temperature: <\/strong>-35\u00b0C to +80\u00b0C<\/p>","protected":false},"featured_media":6860,"comment_status":"closed","ping_status":"closed","template":"","meta":[],"product_brand":[],"product_cat":[88,155,92,77,210,140],"product_tag":[],"class_list":{"0":"post-6862","1":"product","2":"type-product","3":"status-publish","4":"has-post-thumbnail","6":"product_cat-branze","7":"product_cat-budowa-maszyn-i-urzadzen","8":"product_cat-budownictwo","9":"product_cat-grupy-produktow","10":"product_cat-weze-do-srutowania-i-piaskowania","11":"product_cat-weze-przemyslowe","13":"first","14":"instock","15":"sale","16":"taxable","17":"shipping-taxable","18":"purchasable","19":"product-type-variable"},"stomil_properties":[{"variation_id":6864,"sku":"WPPI12P4013WT642","variation_title":"W\u0105\u017c do piaskowania 1,2 MPa DN13 (33\/64 cala)","properties":[{"property":"\u015arednica nominalna wewn\u0119trzna","unit":"mm","value":"13,0"},{"property":"\u015arednica nominalna wewn\u0119trzna","unit":"ukryte","value":"\u00b10,75"},{"property":"\u015arednica nominalna wewn\u0119trzna","unit":"cal","value":"33\/64"},{"property":"\u015arednica zewn\u0119trzna [mm]","unit":"mm","value":"27,0"},{"property":"Maksymalne ci\u015bnienie robocze","unit":"bar","value":"12"},{"property":"Maksymalne ci\u015bnienie robocze","unit":"MPa","value":"1,2"},{"property":"Maksymalne ci\u015bnienie robocze","unit":"psi","value":"174"},{"property":"Ci\u015bnienie rozrywaj\u0105ce","unit":"bar","value":"48"},{"property":"Wsp\u00f3\u0142czynnik bezpiecze\u0144stwa","unit":"-","value":"4:1"},{"property":"Standardowe d\u0142ugo\u015bci odcink\u00f3w","unit":"m","value":"20"},{"property":"Waga jednostkowa","unit":"kg\/m","value":"0,54"},{"property":"Rodzaj wzmocnienia","unit":"-","value":"kord"}]},{"variation_id":6866,"sku":"WPPI12P4019WT642","variation_title":"W\u0105\u017c do piaskowania 1,2 MPa DN19 (3\/4 cala)","properties":[{"property":"\u015arednica nominalna wewn\u0119trzna","unit":"mm","value":"19,0"},{"property":"\u015arednica nominalna wewn\u0119trzna","unit":"ukryte","value":"\u00b10,75"},{"property":"\u015arednica nominalna wewn\u0119trzna","unit":"cal","value":"3\/4"},{"property":"\u015arednica zewn\u0119trzna [mm]","unit":"mm","value":"33,0"},{"property":"Maksymalne ci\u015bnienie robocze","unit":"bar","value":"12"},{"property":"Maksymalne ci\u015bnienie robocze","unit":"MPa","value":"1,2"},{"property":"Maksymalne ci\u015bnienie robocze","unit":"psi","value":"174"},{"property":"Ci\u015bnienie rozrywaj\u0105ce","unit":"bar","value":"48"},{"property":"Wsp\u00f3\u0142czynnik bezpiecze\u0144stwa","unit":"-","value":"4:1"},{"property":"Standardowe d\u0142ugo\u015bci odcink\u00f3w","unit":"m","value":"20"},{"property":"Waga jednostkowa","unit":"kg\/m","value":"0,70"},{"property":"Rodzaj wzmocnienia","unit":"-","value":"kord"}]},{"variation_id":6868,"sku":"WPPI12P4025WT642","variation_title":"W\u0105\u017c do piaskowania 1,2 MPa DN25 (1 cal)","properties":[{"property":"\u015arednica nominalna wewn\u0119trzna","unit":"mm","value":"25,0"},{"property":"\u015arednica nominalna wewn\u0119trzna","unit":"ukryte","value":"\u00b11,25"},{"property":"\u015arednica nominalna wewn\u0119trzna","unit":"cal","value":"1"},{"property":"\u015arednica zewn\u0119trzna [mm]","unit":"mm","value":"39,0"},{"property":"Maksymalne ci\u015bnienie robocze","unit":"bar","value":"12"},{"property":"Maksymalne ci\u015bnienie robocze","unit":"MPa","value":"1,2"},{"property":"Maksymalne ci\u015bnienie robocze","unit":"psi","value":"174"},{"property":"Ci\u015bnienie rozrywaj\u0105ce","unit":"bar","value":"48"},{"property":"Wsp\u00f3\u0142czynnik bezpiecze\u0144stwa","unit":"-","value":"4:1"},{"property":"Standardowe d\u0142ugo\u015bci odcink\u00f3w","unit":"m","value":"20"},{"property":"Waga jednostkowa","unit":"kg\/m","value":"0,88"},{"property":"Rodzaj wzmocnienia","unit":"-","value":"kord"}]},{"variation_id":6870,"sku":"WPPI12P4032WT642","variation_title":"W\u0105\u017c do piaskowania 1,2 MPa DN32 (1 i 17\/64 cala)","properties":[{"property":"\u015arednica nominalna wewn\u0119trzna","unit":"mm","value":"32,0"},{"property":"\u015arednica nominalna wewn\u0119trzna","unit":"ukryte","value":"\u00b11,25"},{"property":"\u015arednica nominalna wewn\u0119trzna","unit":"cal","value":"1 17\/64"},{"property":"\u015arednica zewn\u0119trzna [mm]","unit":"mm","value":"48,0"},{"property":"Maksymalne ci\u015bnienie robocze","unit":"bar","value":"12"},{"property":"Maksymalne ci\u015bnienie robocze","unit":"MPa","value":"1,2"},{"property":"Maksymalne ci\u015bnienie robocze","unit":"psi","value":"174"},{"property":"Ci\u015bnienie rozrywaj\u0105ce","unit":"bar","value":"48"},{"property":"Wsp\u00f3\u0142czynnik bezpiecze\u0144stwa","unit":"-","value":"4:1"},{"property":"Standardowe d\u0142ugo\u015bci odcink\u00f3w","unit":"m","value":"20"},{"property":"Waga jednostkowa","unit":"kg\/m","value":"1,18"},{"property":"Rodzaj wzmocnienia","unit":"-","value":"kord"}]},{"variation_id":6872,"sku":"WPPI12P4038WT642","variation_title":"W\u0105\u017c do piaskowania 1,2 MPa DN38 (1.1\/2\")","properties":[{"property":"\u015arednica nominalna wewn\u0119trzna","unit":"mm","value":"38,0"},{"property":"\u015arednica nominalna wewn\u0119trzna","unit":"ukryte","value":"\u00b11,25"},{"property":"\u015arednica nominalna wewn\u0119trzna","unit":"cal","value":"1 1\/2"},{"property":"\u015arednica zewn\u0119trzna [mm]","unit":"mm","value":"56,0"},{"property":"Maksymalne ci\u015bnienie robocze","unit":"bar","value":"12"},{"property":"Maksymalne ci\u015bnienie robocze","unit":"MPa","value":"1,2"},{"property":"Maksymalne ci\u015bnienie robocze","unit":"psi","value":"174"},{"property":"Ci\u015bnienie rozrywaj\u0105ce","unit":"bar","value":"48"},{"property":"Wsp\u00f3\u0142czynnik bezpiecze\u0144stwa","unit":"-","value":"4:1"},{"property":"Standardowe d\u0142ugo\u015bci odcink\u00f3w","unit":"m","value":"20"},{"property":"Waga jednostkowa","unit":"kg\/m","value":"1,62"},{"property":"Rodzaj wzmocnienia","unit":"-","value":"kord"}]}],"_links":{"self":[{"href":"https:\/\/new.stomil-bydgoszcz.pl\/en\/wp-json\/wp\/v2\/product\/6862","targetHints":{"allow":["GET"]}}],"collection":[{"href":"https:\/\/new.stomil-bydgoszcz.pl\/en\/wp-json\/wp\/v2\/product"}],"about":[{"href":"https:\/\/new.stomil-bydgoszcz.pl\/en\/wp-json\/wp\/v2\/types\/product"}],"replies":[{"embeddable":true,"href":"https:\/\/new.stomil-bydgoszcz.pl\/en\/wp-json\/wp\/v2\/comments?post=6862"}],"wp:featuredmedia":[{"embeddable":true,"href":"https:\/\/new.stomil-bydgoszcz.pl\/en\/wp-json\/wp\/v2\/media\/6860"}],"wp:attachment":[{"href":"https:\/\/new.stomil-bydgoszcz.pl\/en\/wp-json\/wp\/v2\/media?parent=6862"}],"wp:term":[{"taxonomy":"product_brand","embeddable":true,"href":"https:\/\/new.stomil-bydgoszcz.pl\/en\/wp-json\/wp\/v2\/product_brand?post=6862"},{"taxonomy":"product_cat","embeddable":true,"href":"https:\/\/new.stomil-bydgoszcz.pl\/en\/wp-json\/wp\/v2\/product_cat?post=6862"},{"taxonomy":"product_tag","embeddable":true,"href":"https:\/\/new.stomil-bydgoszcz.pl\/en\/wp-json\/wp\/v2\/product_tag?post=6862"}],"curies":[{"name":"wp","href":"https:\/\/api.w.org\/{rel}","templated":true}]}}