{"id":6875,"date":"2026-03-17T21:38:50","date_gmt":"2026-03-17T21:38:50","guid":{"rendered":"https:\/\/new.stomil-bydgoszcz.pl\/produkt\/waz-do-piaskowania-08-mpa\/"},"modified":"2026-03-17T21:39:11","modified_gmt":"2026-03-17T21:39:11","slug":"08-mpa-sandblasting-vase","status":"publish","type":"product","link":"https:\/\/new.stomil-bydgoszcz.pl\/en\/produkt\/waz-do-piaskowania-08-mpa\/","title":{"rendered":"Hoses for sandblasting 0.8 MPa, &lt;80mm3"},"content":{"rendered":"<p><strong>CHARACTERISTICS<br \/>\n<\/strong>Working Pressure<strong><br \/>\n<\/strong>- 8 bar (0.8 MPa) up to a diameter of DN 55<br \/>\n- 4 bar (0.4 MPa) from DN 63 onwards<br \/>\nSafety ratio of 4:1<br \/>\nAbrasiveness - max. 80 mm<sup>3 <\/sup>according to ISO 4649<\/p>\n<p><strong>APPLICATION<br \/>\n<\/strong>This hose is designed for the transfer of abrasive materials such as sand, electrocorundum, slags, crushed rocks, cast iron and steel shot.<\/p>\n<p>Abrasion max. 80 mm<sup>3<\/sup> combined with use at Working Pressure of 8 and 4 bar guarantees a long hose life.<\/p>\n<p>On request, we make additional protection of Hoses with an external wire spiral, designed to protect against deformation and excessive abrasion of the outer layer.<\/p>\n<p><strong>Working Temperature<br \/>\n<\/strong>From -30\u00b0C to +60\u00b0C<\/p>\n<p><strong>CONSTRUCTION<br \/>\n<\/strong>Made according to the PN-78\/C-94250\/51 standard.<\/p>\n<p><strong>Inner layer<br \/>\n<\/strong>High-quality thickened rubber compound with an Abrasion Resistance of 80 mm max.<sup>3<\/sup>.<\/p>\n<p><strong>Reinforcement<br \/>\n<\/strong>High strength textile cord spacers.<\/p>\n<p><strong>Outer layer<br \/>\n<\/strong>Black colored rubber resistant to abrasion and weather and ozone.<br \/>\nHoses surface with fabric imprint.<\/p>\n<p><strong>OPTIONAL<br \/>\n<\/strong>A version with copper wire conductor is available on request.<\/p>\n<p><strong>SIGNING<br \/>\n<\/strong>Hoses marked with blue tape.<\/p>","protected":false},"excerpt":{"rendered":"<p><strong>Working Pressure:<\/strong> 8 bar (0.8 MPa) up to diameter DN 55; 4 bar (0.4 MPa) from diameter DN 63 |. <strong>Safety factor:<\/strong> 4:1 | <strong>Abrasiveness:<\/strong> max. 80 mm<sup>3 <\/sup>according to ISO 4649 |&nbsp;<strong>Working Temperature: <\/strong>-30\u00b0C to +60\u00b0C<\/p>\n<p><span style=\"background-color: #ed1a23; color: white; font-size: 15px;\">Due to the very low stock of goods, we kindly ask you to contact our store (tel. 510 326 870, 510 326 664) to confirm the length of available sections of Hoses.<\/span><\/p>","protected":false},"featured_media":6873,"comment_status":"closed","ping_status":"closed","template":"","meta":[],"product_brand":[],"product_cat":[88,155,92,77,210,140],"product_tag":[],"class_list":{"0":"post-6875","1":"product","2":"type-product","3":"status-publish","4":"has-post-thumbnail","6":"product_cat-branze","7":"product_cat-budowa-maszyn-i-urzadzen","8":"product_cat-budownictwo","9":"product_cat-grupy-produktow","10":"product_cat-weze-do-srutowania-i-piaskowania","11":"product_cat-weze-przemyslowe","13":"first","14":"instock","15":"taxable","16":"shipping-taxable","17":"purchasable","18":"product-type-variable"},"stomil_properties":[{"variation_id":6877,"sku":"","variation_title":"W\u0105\u017c do piaskowania 0,8 MPa DN16 (5\/8\")","properties":[{"property":"\u015arednica nominalna wewn\u0119trzna","unit":"mm","value":"16,0"},{"property":"\u015arednica nominalna wewn\u0119trzna","unit":"ukryte","value":"\u00b10,75"},{"property":"\u015arednica nominalna wewn\u0119trzna","unit":"cal","value":"5\/8"},{"property":"\u015arednica zewn\u0119trzna [mm]","unit":"mm","value":"32,0"},{"property":"Maksymalne ci\u015bnienie robocze","unit":"bar","value":"8"},{"property":"Maksymalne ci\u015bnienie robocze","unit":"MPa","value":"0,8"},{"property":"Maksymalne ci\u015bnienie robocze","unit":"psi","value":"116"},{"property":"Ci\u015bnienie rozrywaj\u0105ce","unit":"bar","value":"32"},{"property":"Wsp\u00f3\u0142czynnik bezpiecze\u0144stwa","unit":"-","value":"4:1"},{"property":"Standardowe d\u0142ugo\u015bci odcink\u00f3w","unit":"m","value":"20"},{"property":"Waga jednostkowa","unit":"kg\/m","value":"0,76"},{"property":"Rodzaj wzmocnienia","unit":"-","value":"kord"}]},{"variation_id":6879,"sku":"WPPI08P8020WT632","variation_title":"W\u0105\u017c do piaskowania 0,8 MPa DN20 (25\/32\")","properties":[{"property":"\u015arednica nominalna wewn\u0119trzna","unit":"mm","value":"20,0"},{"property":"\u015arednica nominalna wewn\u0119trzna","unit":"ukryte","value":"\u00b10,75"},{"property":"\u015arednica nominalna wewn\u0119trzna","unit":"cal","value":"25\/32"},{"property":"\u015arednica zewn\u0119trzna [mm]","unit":"mm","value":"36,0"},{"property":"Maksymalne ci\u015bnienie robocze","unit":"bar","value":"8"},{"property":"Maksymalne ci\u015bnienie robocze","unit":"MPa","value":"0,8"},{"property":"Maksymalne ci\u015bnienie robocze","unit":"psi","value":"116"},{"property":"Ci\u015bnienie rozrywaj\u0105ce","unit":"bar","value":"32"},{"property":"Wsp\u00f3\u0142czynnik bezpiecze\u0144stwa","unit":"-","value":"4:1"},{"property":"Standardowe d\u0142ugo\u015bci odcink\u00f3w","unit":"m","value":"20"},{"property":"Waga jednostkowa","unit":"kg\/m","value":"0,88"},{"property":"Rodzaj wzmocnienia","unit":"-","value":"kord"}]},{"variation_id":6881,"sku":"WPPI08P8025WT632","variation_title":"W\u0105\u017c do piaskowania 0,8 MPa DN25 (1\")","properties":[{"property":"\u015arednica nominalna wewn\u0119trzna","unit":"mm","value":"25,0"},{"property":"\u015arednica nominalna wewn\u0119trzna","unit":"ukryte","value":"\u00b11,25"},{"property":"\u015arednica nominalna wewn\u0119trzna","unit":"cal","value":"1"},{"property":"\u015arednica zewn\u0119trzna [mm]","unit":"mm","value":"43,0"},{"property":"Maksymalne ci\u015bnienie robocze","unit":"bar","value":"8"},{"property":"Maksymalne ci\u015bnienie robocze","unit":"MPa","value":"0,8"},{"property":"Maksymalne ci\u015bnienie robocze","unit":"psi","value":"116"},{"property":"Ci\u015bnienie rozrywaj\u0105ce","unit":"bar","value":"32"},{"property":"Wsp\u00f3\u0142czynnik bezpiecze\u0144stwa","unit":"-","value":"4:1"},{"property":"Standardowe d\u0142ugo\u015bci odcink\u00f3w","unit":"m","value":"20"},{"property":"Waga jednostkowa","unit":"kg\/m","value":"1,18"},{"property":"Rodzaj wzmocnienia","unit":"-","value":"kord"}]},{"variation_id":6883,"sku":"WPPI08P8031WT632","variation_title":"W\u0105\u017c do piaskowania 0,8 MPa DN31,5 (1.15\/64\")","properties":[{"property":"\u015arednica nominalna wewn\u0119trzna","unit":"mm","value":"31,5"},{"property":"\u015arednica nominalna wewn\u0119trzna","unit":"ukryte","value":"\u00b11,25"},{"property":"\u015arednica nominalna wewn\u0119trzna","unit":"cal","value":"1 15\/64"},{"property":"\u015arednica zewn\u0119trzna [mm]","unit":"mm","value":"49,0"},{"property":"Maksymalne ci\u015bnienie robocze","unit":"bar","value":"8"},{"property":"Maksymalne ci\u015bnienie robocze","unit":"MPa","value":"0,8"},{"property":"Maksymalne ci\u015bnienie robocze","unit":"psi","value":"116"},{"property":"Ci\u015bnienie rozrywaj\u0105ce","unit":"bar","value":"32"},{"property":"Wsp\u00f3\u0142czynnik bezpiecze\u0144stwa","unit":"-","value":"4:1"},{"property":"Standardowe d\u0142ugo\u015bci odcink\u00f3w","unit":"m","value":"20"},{"property":"Waga jednostkowa","unit":"kg\/m","value":"1,40"},{"property":"Rodzaj wzmocnienia","unit":"-","value":"kord"}]},{"variation_id":6885,"sku":"","variation_title":"W\u0105\u017c do piaskowania 0,8 MPa DN38 (1.1\/2\")","properties":[{"property":"\u015arednica nominalna wewn\u0119trzna","unit":"mm","value":"38,0"},{"property":"\u015arednica nominalna wewn\u0119trzna","unit":"ukryte","value":"\u00b11,25"},{"property":"\u015arednica nominalna wewn\u0119trzna","unit":"cal","value":"1 1\/2"},{"property":"\u015arednica zewn\u0119trzna [mm]","unit":"mm","value":"56,0"},{"property":"Maksymalne ci\u015bnienie robocze","unit":"bar","value":"8"},{"property":"Maksymalne ci\u015bnienie robocze","unit":"MPa","value":"0,8"},{"property":"Maksymalne ci\u015bnienie robocze","unit":"psi","value":"116"},{"property":"Ci\u015bnienie rozrywaj\u0105ce","unit":"bar","value":"32"},{"property":"Wsp\u00f3\u0142czynnik bezpiecze\u0144stwa","unit":"-","value":"4:1"},{"property":"Standardowe d\u0142ugo\u015bci odcink\u00f3w","unit":"m","value":"20"},{"property":"Waga jednostkowa","unit":"kg\/m","value":"1,58"},{"property":"Rodzaj wzmocnienia","unit":"-","value":"kord"}]},{"variation_id":6887,"sku":"WPPI08P8040WT632","variation_title":"W\u0105\u017c do piaskowania 0,8 MPa DN40 (1.9\/16\")","properties":[{"property":"\u015arednica nominalna wewn\u0119trzna","unit":"mm","value":"40,0"},{"property":"\u015arednica nominalna wewn\u0119trzna","unit":"ukryte","value":"\u00b11,50"},{"property":"\u015arednica nominalna wewn\u0119trzna","unit":"cal","value":" 9\/16"},{"property":"\u015arednica zewn\u0119trzna [mm]","unit":"mm","value":"58,0"},{"property":"Maksymalne ci\u015bnienie robocze","unit":"bar","value":"8"},{"property":"Maksymalne ci\u015bnienie robocze","unit":"MPa","value":"0,8"},{"property":"Maksymalne ci\u015bnienie robocze","unit":"psi","value":"116"},{"property":"Ci\u015bnienie rozrywaj\u0105ce","unit":"bar","value":"32"},{"property":"Wsp\u00f3\u0142czynnik bezpiecze\u0144stwa","unit":"-","value":"4:1"},{"property":"Standardowe d\u0142ugo\u015bci odcink\u00f3w","unit":"m","value":"20"},{"property":"Waga jednostkowa","unit":"kg\/m","value":"1,69"},{"property":"Rodzaj wzmocnienia","unit":"-","value":"kord"}]},{"variation_id":6889,"sku":"","variation_title":"W\u0105\u017c do piaskowania 0,8 MPa DN45 (1.3\/4\")","properties":[{"property":"\u015arednica nominalna wewn\u0119trzna","unit":"mm","value":"45,0"},{"property":"\u015arednica nominalna wewn\u0119trzna","unit":"ukryte","value":"\u00b11,50"},{"property":"\u015arednica nominalna wewn\u0119trzna","unit":"cal","value":"1 3\/4"},{"property":"\u015arednica zewn\u0119trzna [mm]","unit":"mm","value":"63,0"},{"property":"Maksymalne ci\u015bnienie robocze","unit":"bar","value":"8"},{"property":"Maksymalne ci\u015bnienie robocze","unit":"MPa","value":"0,8"},{"property":"Maksymalne ci\u015bnienie robocze","unit":"psi","value":"116"},{"property":"Ci\u015bnienie rozrywaj\u0105ce","unit":"bar","value":"32"},{"property":"Wsp\u00f3\u0142czynnik bezpiecze\u0144stwa","unit":"-","value":"4:1"},{"property":"Standardowe d\u0142ugo\u015bci odcink\u00f3w","unit":"m","value":"20"},{"property":"Waga jednostkowa","unit":"kg\/m","value":"1,81"},{"property":"Rodzaj wzmocnienia","unit":"-","value":"kord"}]},{"variation_id":6891,"sku":"WPPI08P8050WT632","variation_title":"W\u0105\u017c do piaskowania 0,8 MPa DN50 (2\")","properties":[{"property":"\u015arednica nominalna wewn\u0119trzna","unit":"mm","value":"50,0"},{"property":"\u015arednica nominalna wewn\u0119trzna","unit":"ukryte","value":"\u00b11,50"},{"property":"\u015arednica nominalna wewn\u0119trzna","unit":"cal","value":"2"},{"property":"\u015arednica zewn\u0119trzna [mm]","unit":"mm","value":"68,0"},{"property":"Maksymalne ci\u015bnienie robocze","unit":"bar","value":"8"},{"property":"Maksymalne ci\u015bnienie robocze","unit":"MPa","value":"0,8"},{"property":"Maksymalne ci\u015bnienie robocze","unit":"psi","value":"116"},{"property":"Ci\u015bnienie rozrywaj\u0105ce","unit":"bar","value":"32"},{"property":"Wsp\u00f3\u0142czynnik bezpiecze\u0144stwa","unit":"-","value":"4:1"},{"property":"Standardowe d\u0142ugo\u015bci odcink\u00f3w","unit":"m","value":"20"},{"property":"Waga jednostkowa","unit":"kg\/m","value":"2,04"},{"property":"Rodzaj wzmocnienia","unit":"-","value":"kord"}]},{"variation_id":6893,"sku":"","variation_title":"W\u0105\u017c do piaskowania 0,8 MPa DN55 (2.5\/32\")","properties":[{"property":"\u015arednica nominalna wewn\u0119trzna","unit":"mm","value":"55,0"},{"property":"\u015arednica nominalna wewn\u0119trzna","unit":"ukryte","value":"\u00b11,50"},{"property":"\u015arednica nominalna wewn\u0119trzna","unit":"cal","value":"2 5\/32"},{"property":"\u015arednica zewn\u0119trzna [mm]","unit":"mm","value":"73,0"},{"property":"Maksymalne ci\u015bnienie robocze","unit":"bar","value":"8"},{"property":"Maksymalne ci\u015bnienie robocze","unit":"MPa","value":"0,8"},{"property":"Maksymalne ci\u015bnienie robocze","unit":"psi","value":"116"},{"property":"Ci\u015bnienie rozrywaj\u0105ce","unit":"bar","value":"32"},{"property":"Wsp\u00f3\u0142czynnik bezpiecze\u0144stwa","unit":"-","value":"4:1"},{"property":"Standardowe d\u0142ugo\u015bci odcink\u00f3w","unit":"m","value":"20"},{"property":"Waga jednostkowa","unit":"kg\/m","value":"2,21"},{"property":"Rodzaj wzmocnienia","unit":"-","value":"kord"}]},{"variation_id":6895,"sku":"","variation_title":"W\u0105\u017c do piaskowania 0,8 MPa DN63 (2.1\/2\")","properties":[{"property":"\u015arednica nominalna wewn\u0119trzna","unit":"mm","value":"63,0"},{"property":"\u015arednica nominalna wewn\u0119trzna","unit":"ukryte","value":"\u00b11,50"},{"property":"\u015arednica nominalna wewn\u0119trzna","unit":"cal","value":"2 1\/2"},{"property":"\u015arednica zewn\u0119trzna [mm]","unit":"mm","value":"81,0"},{"property":"Maksymalne ci\u015bnienie robocze","unit":"bar","value":"4"},{"property":"Maksymalne ci\u015bnienie robocze","unit":"MPa","value":"0,4"},{"property":"Maksymalne ci\u015bnienie robocze","unit":"psi","value":"58"},{"property":"Ci\u015bnienie rozrywaj\u0105ce","unit":"bar","value":"16"},{"property":"Wsp\u00f3\u0142czynnik bezpiecze\u0144stwa","unit":"-","value":"4:1"},{"property":"Standardowe d\u0142ugo\u015bci odcink\u00f3w","unit":"m","value":"20"},{"property":"Waga jednostkowa","unit":"kg\/m","value":"2,52"},{"property":"Rodzaj wzmocnienia","unit":"-","value":"kord"}]},{"variation_id":6897,"sku":"","variation_title":"W\u0105\u017c do piaskowania 0,8 MPa DN75 (3\")","properties":[{"property":"\u015arednica nominalna wewn\u0119trzna","unit":"mm","value":"75,0"},{"property":"\u015arednica nominalna wewn\u0119trzna","unit":"ukryte","value":"\u00b11,50"},{"property":"\u015arednica nominalna wewn\u0119trzna","unit":"cal","value":"3"},{"property":"\u015arednica zewn\u0119trzna [mm]","unit":"mm","value":"93,0"},{"property":"Maksymalne ci\u015bnienie robocze","unit":"bar","value":"4"},{"property":"Maksymalne ci\u015bnienie robocze","unit":"MPa","value":"0,4"},{"property":"Maksymalne ci\u015bnienie robocze","unit":"psi","value":"58"},{"property":"Ci\u015bnienie rozrywaj\u0105ce","unit":"bar","value":"16"},{"property":"Wsp\u00f3\u0142czynnik bezpiecze\u0144stwa","unit":"-","value":"4:1"},{"property":"Standardowe d\u0142ugo\u015bci odcink\u00f3w","unit":"m","value":"20"},{"property":"Waga jednostkowa","unit":"kg\/m","value":"2,94"},{"property":"Rodzaj wzmocnienia","unit":"-","value":"kord"}]},{"variation_id":6899,"sku":"","variation_title":"W\u0105\u017c do piaskowania 0,8 MPa DN80 (3.5\/32\")","properties":[{"property":"\u015arednica nominalna wewn\u0119trzna","unit":"mm","value":"80,0"},{"property":"\u015arednica nominalna wewn\u0119trzna","unit":"ukryte","value":"\u00b12,00"},{"property":"\u015arednica nominalna wewn\u0119trzna","unit":"cal","value":"3 5\/32"},{"property":"\u015arednica zewn\u0119trzna [mm]","unit":"mm","value":"98,0"},{"property":"Maksymalne ci\u015bnienie robocze","unit":"bar","value":"4"},{"property":"Maksymalne ci\u015bnienie robocze","unit":"MPa","value":"0,4"},{"property":"Maksymalne ci\u015bnienie robocze","unit":"psi","value":"58"},{"property":"Ci\u015bnienie rozrywaj\u0105ce","unit":"bar","value":"16"},{"property":"Wsp\u00f3\u0142czynnik bezpiecze\u0144stwa","unit":"-","value":"4:1"},{"property":"Standardowe d\u0142ugo\u015bci odcink\u00f3w","unit":"m","value":"10"},{"property":"Waga jednostkowa","unit":"kg\/m","value":"3,11"},{"property":"Rodzaj wzmocnienia","unit":"-","value":"kord"}]}],"_links":{"self":[{"href":"https:\/\/new.stomil-bydgoszcz.pl\/en\/wp-json\/wp\/v2\/product\/6875","targetHints":{"allow":["GET"]}}],"collection":[{"href":"https:\/\/new.stomil-bydgoszcz.pl\/en\/wp-json\/wp\/v2\/product"}],"about":[{"href":"https:\/\/new.stomil-bydgoszcz.pl\/en\/wp-json\/wp\/v2\/types\/product"}],"replies":[{"embeddable":true,"href":"https:\/\/new.stomil-bydgoszcz.pl\/en\/wp-json\/wp\/v2\/comments?post=6875"}],"wp:featuredmedia":[{"embeddable":true,"href":"https:\/\/new.stomil-bydgoszcz.pl\/en\/wp-json\/wp\/v2\/media\/6873"}],"wp:attachment":[{"href":"https:\/\/new.stomil-bydgoszcz.pl\/en\/wp-json\/wp\/v2\/media?parent=6875"}],"wp:term":[{"taxonomy":"product_brand","embeddable":true,"href":"https:\/\/new.stomil-bydgoszcz.pl\/en\/wp-json\/wp\/v2\/product_brand?post=6875"},{"taxonomy":"product_cat","embeddable":true,"href":"https:\/\/new.stomil-bydgoszcz.pl\/en\/wp-json\/wp\/v2\/product_cat?post=6875"},{"taxonomy":"product_tag","embeddable":true,"href":"https:\/\/new.stomil-bydgoszcz.pl\/en\/wp-json\/wp\/v2\/product_tag?post=6875"}],"curies":[{"name":"wp","href":"https:\/\/api.w.org\/{rel}","templated":true}]}}