{"id":6935,"date":"2026-03-17T21:38:56","date_gmt":"2026-03-17T21:38:56","guid":{"rendered":"https:\/\/new.stomil-bydgoszcz.pl\/produkt\/waz-do-benzyny-paliw-i-olejow-10-bar\/"},"modified":"2026-03-17T21:39:11","modified_gmt":"2026-03-17T21:39:11","slug":"vase-for-petrol-fuels-and-oils-10-bar","status":"publish","type":"product","link":"https:\/\/new.stomil-bydgoszcz.pl\/en\/produkt\/waz-do-benzyny-paliw-i-olejow-10-bar\/","title":{"rendered":"Hoses for gasoline, fuels and oils 1.0 MPa"},"content":{"rendered":"<p><strong>CHARACTERISTICS<br \/>\n<\/strong>Working Pressure - 10 bar (1.0 MPa)<br \/>\nBursting Pressure - 30 bar (3.0 MPa)<br \/>\nAntistatic<\/p>\n<p><strong>APPLICATION<br \/>\n<\/strong>Antistatic hose commonly used for transfer of conventional fuels (gasoline), diesel fuel, biodiesel, bioethanol and oils. Hoses are weatherproof and ozone resistant.<\/p>\n<p><strong>Working Temperature<br \/>\n<\/strong>From -30\u00b0C to +100\u00b0C for oil<br \/>\nFrom -30\u00b0C to +45\u00b0C for gasoline<\/p>\n<p><strong>CONSTRUCTION<br \/>\n<\/strong>Made according to the author's Stomil WT-33\/15-1\/BZPG design.<br \/>\nIn addition, the hose meets the requirements of EN 1360 for chemical resistance.<\/p>\n<p><strong>Inner layer<br \/>\n<\/strong>High-quality NBR rubber compound resistant to oils and fuels containing 15% oxygenated compounds and biodiesel - a mixture of diesel 80% with fatty acid esters (biocomponents) 20%.<\/p>\n<p><strong>Reinforcement<br \/>\n<\/strong>Braided with high-strength synthetic threads.<\/p>\n<p><strong>Outer layer<br \/>\n<\/strong>High-quality smooth, anti-electrostatic black colored synthetic rubber, resistant to fuel and oil, as well as abrasion and weathering and ozone.<\/p>\n<p><strong>SIGNING<br \/>\n<\/strong>Hoses marked with white paint.<\/p>","protected":false},"excerpt":{"rendered":"<p><strong>Working Pressure:<\/strong> 10 bar (1.0 MPa) |. <strong>Bursting Pressure:<\/strong> 30 bar (3.0 MPa) | antistatic | antistatic | antistatic.\u00a0<strong>Working Temperature:<\/strong>\u00a0-30\u00b0C to +100\u00b0C for oil; -30\u00b0C to +45\u00b0C for gasoline.<\/p>","protected":false},"featured_media":6933,"comment_status":"closed","ping_status":"closed","template":"","meta":[],"product_brand":[],"product_cat":[154,88,155,89,77,157,158,140],"product_tag":[],"class_list":{"0":"post-6935","1":"product","2":"type-product","3":"status-publish","4":"has-post-thumbnail","6":"product_cat-automotive","7":"product_cat-branze","8":"product_cat-budowa-maszyn-i-urzadzen","9":"product_cat-gornictwo","10":"product_cat-grupy-produktow","11":"product_cat-przewody-olejowe","12":"product_cat-przewody-paliwowe","13":"product_cat-weze-przemyslowe","15":"first","16":"instock","17":"taxable","18":"shipping-taxable","19":"purchasable","20":"product-type-variable"},"stomil_properties":[{"variation_id":6937,"sku":"WPPL10ZW006NF609","variation_title":"W\u0105\u017c do benzyny, paliw i olej\u00f3w 1,0 MPa DN6,3 (1\/4\")","properties":[{"property":"\u015arednica nominalna wewn\u0119trzna","unit":"mm","value":"6,3"},{"property":"\u015arednica nominalna wewn\u0119trzna","unit":"ukryte","value":"\u00b10,80"},{"property":"\u015arednica nominalna wewn\u0119trzna","unit":"cal","value":"1\/4"},{"property":"\u015arednica zewn\u0119trzna [mm]","unit":"mm","value":"12,0"},{"property":"Maksymalne ci\u015bnienie robocze","unit":"bar","value":"10 "},{"property":"Maksymalne ci\u015bnienie robocze","unit":"MPa","value":"1,0 "},{"property":"Maksymalne ci\u015bnienie robocze","unit":"psi","value":"145 "},{"property":"Ci\u015bnienie rozrywaj\u0105ce","unit":"bar","value":"30"},{"property":"Wsp\u00f3\u0142czynnik bezpiecze\u0144stwa","unit":"-","value":"3:1"},{"property":"Standardowe d\u0142ugo\u015bci odcink\u00f3w","unit":"m","value":"50"},{"property":"Waga jednostkowa","unit":"kg\/m","value":"0,12"},{"property":"Rodzaj wzmocnienia","unit":"-","value":"nici"}]},{"variation_id":6939,"sku":"WPPL10ZW008NF609","variation_title":"W\u0105\u017c do benzyny, paliw i olej\u00f3w 1,0 MPa DN8 (5\/16\")","properties":[{"property":"\u015arednica nominalna wewn\u0119trzna","unit":"mm","value":"8,0"},{"property":"\u015arednica nominalna wewn\u0119trzna","unit":"ukryte","value":"\u00b10,80"},{"property":"\u015arednica nominalna wewn\u0119trzna","unit":"cal","value":"5\/16"},{"property":"\u015arednica zewn\u0119trzna [mm]","unit":"mm","value":"15,0"},{"property":"Maksymalne ci\u015bnienie robocze","unit":"bar","value":"10 "},{"property":"Maksymalne ci\u015bnienie robocze","unit":"MPa","value":"1,0 "},{"property":"Maksymalne ci\u015bnienie robocze","unit":"psi","value":"145 "},{"property":"Ci\u015bnienie rozrywaj\u0105ce","unit":"bar","value":"30"},{"property":"Wsp\u00f3\u0142czynnik bezpiecze\u0144stwa","unit":"-","value":"3:1"},{"property":"Standardowe d\u0142ugo\u015bci odcink\u00f3w","unit":"m","value":"50"},{"property":"Waga jednostkowa","unit":"kg\/m","value":"0,17"},{"property":"Rodzaj wzmocnienia","unit":"-","value":"nici"}]},{"variation_id":6941,"sku":"WPPL10ZW010NF609","variation_title":"W\u0105\u017c do benzyny, paliw i olej\u00f3w 1,0 MPa DN10 (3\/8\")","properties":[{"property":"\u015arednica nominalna wewn\u0119trzna","unit":"mm","value":"10,0"},{"property":"\u015arednica nominalna wewn\u0119trzna","unit":"ukryte","value":"\u00b10,80"},{"property":"\u015arednica nominalna wewn\u0119trzna","unit":"cal","value":"3\/8"},{"property":"\u015arednica zewn\u0119trzna [mm]","unit":"mm","value":"17,0"},{"property":"Maksymalne ci\u015bnienie robocze","unit":"bar","value":"10 "},{"property":"Maksymalne ci\u015bnienie robocze","unit":"MPa","value":"1,0 "},{"property":"Maksymalne ci\u015bnienie robocze","unit":"psi","value":"145 "},{"property":"Ci\u015bnienie rozrywaj\u0105ce","unit":"bar","value":"30 "},{"property":"Wsp\u00f3\u0142czynnik bezpiecze\u0144stwa","unit":"-","value":"3:1"},{"property":"Standardowe d\u0142ugo\u015bci odcink\u00f3w","unit":"m","value":"50"},{"property":"Waga jednostkowa","unit":"kg\/m","value":"0,20"},{"property":"Rodzaj wzmocnienia","unit":"-","value":"nici"}]},{"variation_id":6943,"sku":"WPPL10ZW012NF609","variation_title":"W\u0105\u017c do benzyny, paliw i olej\u00f3w 1,0 MPa DN12,5 (1\/2\")","properties":[{"property":"\u015arednica nominalna wewn\u0119trzna","unit":"mm","value":"12,5"},{"property":"\u015arednica nominalna wewn\u0119trzna","unit":"ukryte","value":"\u00b10,80"},{"property":"\u015arednica nominalna wewn\u0119trzna","unit":"cal","value":"1\/2"},{"property":"\u015arednica zewn\u0119trzna [mm]","unit":"mm","value":"19,0"},{"property":"Maksymalne ci\u015bnienie robocze","unit":"bar","value":"10"},{"property":"Maksymalne ci\u015bnienie robocze","unit":"MPa","value":"1,0"},{"property":"Maksymalne ci\u015bnienie robocze","unit":"psi","value":"145"},{"property":"Ci\u015bnienie rozrywaj\u0105ce","unit":"bar","value":"30"},{"property":"Wsp\u00f3\u0142czynnik bezpiecze\u0144stwa","unit":"-","value":"3:1"},{"property":"Standardowe d\u0142ugo\u015bci odcink\u00f3w","unit":"m","value":"50"},{"property":"Waga jednostkowa","unit":"kg\/m","value":"0,23"},{"property":"Rodzaj wzmocnienia","unit":"-","value":"nici"}]}],"_links":{"self":[{"href":"https:\/\/new.stomil-bydgoszcz.pl\/en\/wp-json\/wp\/v2\/product\/6935","targetHints":{"allow":["GET"]}}],"collection":[{"href":"https:\/\/new.stomil-bydgoszcz.pl\/en\/wp-json\/wp\/v2\/product"}],"about":[{"href":"https:\/\/new.stomil-bydgoszcz.pl\/en\/wp-json\/wp\/v2\/types\/product"}],"replies":[{"embeddable":true,"href":"https:\/\/new.stomil-bydgoszcz.pl\/en\/wp-json\/wp\/v2\/comments?post=6935"}],"wp:featuredmedia":[{"embeddable":true,"href":"https:\/\/new.stomil-bydgoszcz.pl\/en\/wp-json\/wp\/v2\/media\/6933"}],"wp:attachment":[{"href":"https:\/\/new.stomil-bydgoszcz.pl\/en\/wp-json\/wp\/v2\/media?parent=6935"}],"wp:term":[{"taxonomy":"product_brand","embeddable":true,"href":"https:\/\/new.stomil-bydgoszcz.pl\/en\/wp-json\/wp\/v2\/product_brand?post=6935"},{"taxonomy":"product_cat","embeddable":true,"href":"https:\/\/new.stomil-bydgoszcz.pl\/en\/wp-json\/wp\/v2\/product_cat?post=6935"},{"taxonomy":"product_tag","embeddable":true,"href":"https:\/\/new.stomil-bydgoszcz.pl\/en\/wp-json\/wp\/v2\/product_tag?post=6935"}],"curies":[{"name":"wp","href":"https:\/\/api.w.org\/{rel}","templated":true}]}}