{"id":6962,"date":"2026-03-17T21:38:59","date_gmt":"2026-03-17T21:38:59","guid":{"rendered":"https:\/\/new.stomil-bydgoszcz.pl\/produkt\/waz-do-olejow-16-mpa\/"},"modified":"2026-03-17T21:39:11","modified_gmt":"2026-03-17T21:39:11","slug":"oil-vase-16-mpa","status":"publish","type":"product","link":"https:\/\/new.stomil-bydgoszcz.pl\/en\/produkt\/waz-do-olejow-16-mpa\/","title":{"rendered":"Oil Hoses 1.6 MPa"},"content":{"rendered":"<p><strong>CHARACTERISTICS<br \/>\n<\/strong>Working Pressure - 16 bar (1.6 MPa)<br \/>\nBursting Pressure - 50 bar (5.0 MPa)<\/p>\n<p><strong>APPLICATION<br \/>\n<\/strong>Hose commonly used to transfer hydraulic oil, lubricating oil, diesel fuel (diesel), as well as oil and emulsion used in machining.<\/p>\n<p>It is also eagerly used in highly oily environments for the transfer of water and light chemicals.<\/p>\n<p>Hoses are weatherproof and ozone resistant.<\/p>\n<p>On request, we make additional protection of Hoses with an external wire spiral, designed to protect against deformation and excessive abrasion of the outer layer. SERVICES offered for Hoses from DN 12.5 upwards.<\/p>\n<p><strong>Working Temperature<br \/>\n<\/strong>From -30\u00b0C to +80\u00b0C (diesel up to +50\u00b0C)<\/p>\n<p><strong>CONSTRUCTION<br \/>\n<\/strong>Designed according to the author's Stomil Bydgoszcz WT-52\/BZPG project.<\/p>\n<p><strong>Inner layer<br \/>\n<\/strong>High-quality oil-resistant NBR rubber compound.<\/p>\n<p><strong>Reinforcement<br \/>\n<\/strong>Braided textile cord or braided high-strength synthetic threads.<\/p>\n<p><strong>Outer layer<br \/>\n<\/strong>High-quality black colored rubber made of synthetic rubber, resistant to abrasion and weather and ozone.<br \/>\nHoses surface smooth up to a diameter of DN 12.5. Larger diameters with fabric imprint.<\/p>\n<p><strong>SIGNING<br \/>\n<\/strong>Smaller, smooth diameters marked with white paint.<br \/>\nLarger diameters with a fabric imprint are marked with orange tape.<\/p>","protected":false},"excerpt":{"rendered":"<p><strong>Working Pressure:<\/strong> 16 bar (1.6 MPa) |. <strong>Bursting Pressure:<\/strong> 50 bar (5.0 MPa) |.&nbsp;<strong>Working Temperature: <\/strong>From -30\u00b0C to +80\u00b0C (diesel up to +50\u00b0C)<\/p>","protected":false},"featured_media":6959,"comment_status":"closed","ping_status":"closed","template":"","meta":[],"product_brand":[],"product_cat":[88,155,77,157,140],"product_tag":[],"class_list":{"0":"post-6962","1":"product","2":"type-product","3":"status-publish","4":"has-post-thumbnail","6":"product_cat-branze","7":"product_cat-budowa-maszyn-i-urzadzen","8":"product_cat-grupy-produktow","9":"product_cat-przewody-olejowe","10":"product_cat-weze-przemyslowe","12":"first","13":"instock","14":"taxable","15":"shipping-taxable","16":"purchasable","17":"product-type-variable"},"stomil_properties":[{"variation_id":6964,"sku":"","variation_title":"W\u0105\u017c do olej\u00f3w 1,6 MPa DN6,3 (1\/4\")","properties":[{"property":"\u015arednica nominalna wewn\u0119trzna","unit":"mm","value":"6,3"},{"property":"\u015arednica nominalna wewn\u0119trzna","unit":"ukryte","value":"\u00b10,75"},{"property":"\u015arednica nominalna wewn\u0119trzna","unit":"cal","value":"1\/4"},{"property":"\u015arednica zewn\u0119trzna [mm]","unit":"mm","value":"13,0"},{"property":"Maksymalne ci\u015bnienie robocze","unit":"bar","value":"16"},{"property":"Maksymalne ci\u015bnienie robocze","unit":"MPa","value":"1,6"},{"property":"Maksymalne ci\u015bnienie robocze","unit":"psi","value":"232"},{"property":"Ci\u015bnienie rozrywaj\u0105ce","unit":"bar","value":"50"},{"property":"Wsp\u00f3\u0142czynnik bezpiecze\u0144stwa","unit":"-","value":"3,1:1"},{"property":"Standardowe d\u0142ugo\u015bci odcink\u00f3w","unit":"m","value":"50"},{"property":"Waga jednostkowa","unit":"kg\/m","value":"0,18"},{"property":"Rodzaj wzmocnienia","unit":"-","value":"nici"}]},{"variation_id":6966,"sku":"WPOL16ZW008NF604","variation_title":"W\u0105\u017c do olej\u00f3w 1,6 MPa DN8 (5\/16\")","properties":[{"property":"\u015arednica nominalna wewn\u0119trzna","unit":"mm","value":"8,0"},{"property":"\u015arednica nominalna wewn\u0119trzna","unit":"ukryte","value":"\u00b10,75"},{"property":"\u015arednica nominalna wewn\u0119trzna","unit":"cal","value":"5\/16"},{"property":"\u015arednica zewn\u0119trzna [mm]","unit":"mm","value":"15,0"},{"property":"Maksymalne ci\u015bnienie robocze","unit":"bar","value":"16"},{"property":"Maksymalne ci\u015bnienie robocze","unit":"MPa","value":"1,6"},{"property":"Maksymalne ci\u015bnienie robocze","unit":"psi","value":"232"},{"property":"Ci\u015bnienie rozrywaj\u0105ce","unit":"bar","value":"50"},{"property":"Wsp\u00f3\u0142czynnik bezpiecze\u0144stwa","unit":"-","value":"3,1:1"},{"property":"Standardowe d\u0142ugo\u015bci odcink\u00f3w","unit":"m","value":"50"},{"property":"Waga jednostkowa","unit":"kg\/m","value":"0,25"},{"property":"Rodzaj wzmocnienia","unit":"-","value":"nici"}]},{"variation_id":6968,"sku":"WPOL16ZW010NF604","variation_title":"W\u0105\u017c do olej\u00f3w 1,6 MPa DN10 (3\/8\")","properties":[{"property":"\u015arednica nominalna wewn\u0119trzna","unit":"mm","value":"10,0"},{"property":"\u015arednica nominalna wewn\u0119trzna","unit":"ukryte","value":"\u00b10,75"},{"property":"\u015arednica nominalna wewn\u0119trzna","unit":"cal","value":"3\/8"},{"property":"\u015arednica zewn\u0119trzna [mm]","unit":"mm","value":"17,0"},{"property":"Maksymalne ci\u015bnienie robocze","unit":"bar","value":"16"},{"property":"Maksymalne ci\u015bnienie robocze","unit":"MPa","value":"1,6"},{"property":"Maksymalne ci\u015bnienie robocze","unit":"psi","value":"232"},{"property":"Ci\u015bnienie rozrywaj\u0105ce","unit":"bar","value":"50"},{"property":"Wsp\u00f3\u0142czynnik bezpiecze\u0144stwa","unit":"-","value":"3,1:1"},{"property":"Standardowe d\u0142ugo\u015bci odcink\u00f3w","unit":"m","value":"50"},{"property":"Waga jednostkowa","unit":"kg\/m","value":"0,21"},{"property":"Rodzaj wzmocnienia","unit":"-","value":"nici"}]},{"variation_id":6970,"sku":"WPOL16ZW012NF604","variation_title":"W\u0105\u017c do olej\u00f3w 1,6 MPa DN12,5 (1\/2\")","properties":[{"property":"\u015arednica nominalna wewn\u0119trzna","unit":"mm","value":"12,5"},{"property":"\u015arednica nominalna wewn\u0119trzna","unit":"ukryte","value":"\u00b10,75"},{"property":"\u015arednica nominalna wewn\u0119trzna","unit":"cal","value":"1\/2"},{"property":"\u015arednica zewn\u0119trzna [mm]","unit":"mm","value":"21,0"},{"property":"Maksymalne ci\u015bnienie robocze","unit":"bar","value":"16"},{"property":"Maksymalne ci\u015bnienie robocze","unit":"MPa","value":"1,6"},{"property":"Maksymalne ci\u015bnienie robocze","unit":"psi","value":"232"},{"property":"Ci\u015bnienie rozrywaj\u0105ce","unit":"bar","value":"50"},{"property":"Wsp\u00f3\u0142czynnik bezpiecze\u0144stwa","unit":"-","value":"3,1:1"},{"property":"Standardowe d\u0142ugo\u015bci odcink\u00f3w","unit":"m","value":"50 lub 20"},{"property":"Waga jednostkowa","unit":"kg\/m","value":"0,25"},{"property":"Rodzaj wzmocnienia","unit":"-","value":"nici lub kord"}]},{"variation_id":6972,"sku":"WPOL16ZW014OT640","variation_title":"W\u0105\u017c do olej\u00f3w 1,6 MPa DN14 (9\/16\")","properties":[{"property":"\u015arednica nominalna wewn\u0119trzna","unit":"mm","value":"14,0"},{"property":"\u015arednica nominalna wewn\u0119trzna","unit":"ukryte","value":"\u00b10,75"},{"property":"\u015arednica nominalna wewn\u0119trzna","unit":"cal","value":"9\/16"},{"property":"\u015arednica zewn\u0119trzna [mm]","unit":"mm","value":"22,0"},{"property":"Maksymalne ci\u015bnienie robocze","unit":"bar","value":"16"},{"property":"Maksymalne ci\u015bnienie robocze","unit":"MPa","value":"1,6"},{"property":"Maksymalne ci\u015bnienie robocze","unit":"psi","value":"232"},{"property":"Ci\u015bnienie rozrywaj\u0105ce","unit":"bar","value":"50"},{"property":"Wsp\u00f3\u0142czynnik bezpiecze\u0144stwa","unit":"-","value":"3,1:1"},{"property":"Standardowe d\u0142ugo\u015bci odcink\u00f3w","unit":"m","value":"20"},{"property":"Waga jednostkowa","unit":"kg\/m","value":"0,30"},{"property":"Rodzaj wzmocnienia","unit":"-","value":"kord"}]},{"variation_id":6974,"sku":"WPOL16ZW016OT640","variation_title":"W\u0105\u017c do olej\u00f3w 1,6 MPa DN16 (5\/8\")","properties":[{"property":"\u015arednica nominalna wewn\u0119trzna","unit":"mm","value":"16,0"},{"property":"\u015arednica nominalna wewn\u0119trzna","unit":"ukryte","value":"\u00b10,75"},{"property":"\u015arednica nominalna wewn\u0119trzna","unit":"cal","value":"5\/8"},{"property":"\u015arednica zewn\u0119trzna [mm]","unit":"mm","value":"24,0"},{"property":"Maksymalne ci\u015bnienie robocze","unit":"bar","value":"16"},{"property":"Maksymalne ci\u015bnienie robocze","unit":"MPa","value":"1,6"},{"property":"Maksymalne ci\u015bnienie robocze","unit":"psi","value":"232"},{"property":"Ci\u015bnienie rozrywaj\u0105ce","unit":"bar","value":"50"},{"property":"Wsp\u00f3\u0142czynnik bezpiecze\u0144stwa","unit":"-","value":"3,1:1"},{"property":"Standardowe d\u0142ugo\u015bci odcink\u00f3w","unit":"m","value":"20"},{"property":"Waga jednostkowa","unit":"kg\/m","value":"0,32"},{"property":"Rodzaj wzmocnienia","unit":"-","value":"kord"}]},{"variation_id":6976,"sku":"WPOL16ZW018OT640","variation_title":"W\u0105\u017c do olej\u00f3w 1,6 MPa DN18 (23\/32\")","properties":[{"property":"\u015arednica nominalna wewn\u0119trzna","unit":"mm","value":"18,0"},{"property":"\u015arednica nominalna wewn\u0119trzna","unit":"ukryte","value":"\u00b10,75"},{"property":"\u015arednica nominalna wewn\u0119trzna","unit":"cal","value":"23\/32"},{"property":"\u015arednica zewn\u0119trzna [mm]","unit":"mm","value":"26,0"},{"property":"Maksymalne ci\u015bnienie robocze","unit":"bar","value":"16"},{"property":"Maksymalne ci\u015bnienie robocze","unit":"MPa","value":"1,6"},{"property":"Maksymalne ci\u015bnienie robocze","unit":"psi","value":"232"},{"property":"Ci\u015bnienie rozrywaj\u0105ce","unit":"bar","value":"50"},{"property":"Wsp\u00f3\u0142czynnik bezpiecze\u0144stwa","unit":"-","value":"3,1:1"},{"property":"Standardowe d\u0142ugo\u015bci odcink\u00f3w","unit":"m","value":"20"},{"property":"Waga jednostkowa","unit":"kg\/m","value":"0,35"},{"property":"Rodzaj wzmocnienia","unit":"-","value":"kord"}]},{"variation_id":6978,"sku":"WPOL16ZW020OT640","variation_title":"W\u0105\u017c do olej\u00f3w 1,6 MPa DN20 (25\/32\")","properties":[{"property":"\u015arednica nominalna wewn\u0119trzna","unit":"mm","value":"20,0"},{"property":"\u015arednica nominalna wewn\u0119trzna","unit":"ukryte","value":"\u00b10,75"},{"property":"\u015arednica nominalna wewn\u0119trzna","unit":"cal","value":"25\/32"},{"property":"\u015arednica zewn\u0119trzna [mm]","unit":"mm","value":"30,0"},{"property":"Maksymalne ci\u015bnienie robocze","unit":"bar","value":"16"},{"property":"Maksymalne ci\u015bnienie robocze","unit":"MPa","value":"1,6"},{"property":"Maksymalne ci\u015bnienie robocze","unit":"psi","value":"232"},{"property":"Ci\u015bnienie rozrywaj\u0105ce","unit":"bar","value":"50"},{"property":"Wsp\u00f3\u0142czynnik bezpiecze\u0144stwa","unit":"-","value":"3,1:1"},{"property":"Standardowe d\u0142ugo\u015bci odcink\u00f3w","unit":"m","value":"20"},{"property":"Waga jednostkowa","unit":"kg\/m","value":"0,38"},{"property":"Rodzaj wzmocnienia","unit":"-","value":"kord"}]},{"variation_id":6980,"sku":"WPOL16ZW025OT640","variation_title":"W\u0105\u017c do olej\u00f3w 1,6 MPa DN25 (1\")","properties":[{"property":"\u015arednica nominalna wewn\u0119trzna","unit":"mm","value":"25,0"},{"property":"\u015arednica nominalna wewn\u0119trzna","unit":"ukryte","value":"\u00b10,75"},{"property":"\u015arednica nominalna wewn\u0119trzna","unit":"cal","value":"1"},{"property":"\u015arednica zewn\u0119trzna [mm]","unit":"mm","value":"35,0"},{"property":"Maksymalne ci\u015bnienie robocze","unit":"bar","value":"16"},{"property":"Maksymalne ci\u015bnienie robocze","unit":"MPa","value":"1,6"},{"property":"Maksymalne ci\u015bnienie robocze","unit":"psi","value":"232"},{"property":"Ci\u015bnienie rozrywaj\u0105ce","unit":"bar","value":"50"},{"property":"Wsp\u00f3\u0142czynnik bezpiecze\u0144stwa","unit":"-","value":"3,1:1"},{"property":"Standardowe d\u0142ugo\u015bci odcink\u00f3w","unit":"m","value":"20"},{"property":"Waga jednostkowa","unit":"kg\/m","value":"0,53"},{"property":"Rodzaj wzmocnienia","unit":"-","value":"kord"}]},{"variation_id":6982,"sku":"","variation_title":"W\u0105\u017c do olej\u00f3w 1,6 MPa DN28 (1.3\/32\")","properties":[{"property":"\u015arednica nominalna wewn\u0119trzna","unit":"mm","value":"28,0"},{"property":"\u015arednica nominalna wewn\u0119trzna","unit":"ukryte","value":"\u00b10,75"},{"property":"\u015arednica nominalna wewn\u0119trzna","unit":"cal","value":"1 3\/32"},{"property":"\u015arednica zewn\u0119trzna [mm]","unit":"mm","value":"37,0"},{"property":"Maksymalne ci\u015bnienie robocze","unit":"bar","value":"16"},{"property":"Maksymalne ci\u015bnienie robocze","unit":"MPa","value":"1,6"},{"property":"Maksymalne ci\u015bnienie robocze","unit":"psi","value":"232"},{"property":"Ci\u015bnienie rozrywaj\u0105ce","unit":"bar","value":"50"},{"property":"Wsp\u00f3\u0142czynnik bezpiecze\u0144stwa","unit":"-","value":"3,1:1"},{"property":"Standardowe d\u0142ugo\u015bci odcink\u00f3w","unit":"m","value":"20"},{"property":"Waga jednostkowa","unit":"kg\/m","value":"0,75"},{"property":"Rodzaj wzmocnienia","unit":"-","value":"kord"}]},{"variation_id":6984,"sku":"WPOL16ZW031WT640","variation_title":"W\u0105\u017c do olej\u00f3w 1,6 MPa DN31,5 (1.15\/64\")","properties":[{"property":"\u015arednica nominalna wewn\u0119trzna","unit":"mm","value":"31,5"},{"property":"\u015arednica nominalna wewn\u0119trzna","unit":"ukryte","value":"\u00b10,75"},{"property":"\u015arednica nominalna wewn\u0119trzna","unit":"cal","value":"1 15\/64"},{"property":"\u015arednica zewn\u0119trzna [mm]","unit":"mm","value":"45,0"},{"property":"Maksymalne ci\u015bnienie robocze","unit":"bar","value":"16"},{"property":"Maksymalne ci\u015bnienie robocze","unit":"MPa","value":"1,6"},{"property":"Maksymalne ci\u015bnienie robocze","unit":"psi","value":"232"},{"property":"Ci\u015bnienie rozrywaj\u0105ce","unit":"bar","value":"50"},{"property":"Wsp\u00f3\u0142czynnik bezpiecze\u0144stwa","unit":"-","value":"3,1:1"},{"property":"Standardowe d\u0142ugo\u015bci odcink\u00f3w","unit":"m","value":"20"},{"property":"Waga jednostkowa","unit":"kg\/m","value":"1,13"},{"property":"Rodzaj wzmocnienia","unit":"-","value":"kord"}]},{"variation_id":6986,"sku":"WPOL16ZW038WT640","variation_title":"W\u0105\u017c do olej\u00f3w 1,6 MPa DN38 (1.1\/2\")","properties":[{"property":"\u015arednica nominalna wewn\u0119trzna","unit":"mm","value":"38,0"},{"property":"\u015arednica nominalna wewn\u0119trzna","unit":"ukryte","value":"\u00b11,50"},{"property":"\u015arednica nominalna wewn\u0119trzna","unit":"cal","value":"1 1\/2"},{"property":"\u015arednica zewn\u0119trzna [mm]","unit":"mm","value":"52,0"},{"property":"Maksymalne ci\u015bnienie robocze","unit":"bar","value":"16"},{"property":"Maksymalne ci\u015bnienie robocze","unit":"MPa","value":"1,6"},{"property":"Maksymalne ci\u015bnienie robocze","unit":"psi","value":"232"},{"property":"Ci\u015bnienie rozrywaj\u0105ce","unit":"bar","value":"50"},{"property":"Wsp\u00f3\u0142czynnik bezpiecze\u0144stwa","unit":"-","value":"3,1:1"},{"property":"Standardowe d\u0142ugo\u015bci odcink\u00f3w","unit":"m","value":"20"},{"property":"Waga jednostkowa","unit":"kg\/m","value":"1,32"},{"property":"Rodzaj wzmocnienia","unit":"-","value":"kord"}]},{"variation_id":6988,"sku":"WPOL16ZW040WT640","variation_title":"W\u0105\u017c do olej\u00f3w 1,6 MPa DN40 (1.9\/16\")","properties":[{"property":"\u015arednica nominalna wewn\u0119trzna","unit":"mm","value":"40,0"},{"property":"\u015arednica nominalna wewn\u0119trzna","unit":"ukryte","value":"\u00b11,50"},{"property":"\u015arednica nominalna wewn\u0119trzna","unit":"cal","value":"1 9\/16"},{"property":"\u015arednica zewn\u0119trzna [mm]","unit":"mm","value":"54,0"},{"property":"Maksymalne ci\u015bnienie robocze","unit":"bar","value":"16"},{"property":"Maksymalne ci\u015bnienie robocze","unit":"MPa","value":"1,6"},{"property":"Maksymalne ci\u015bnienie robocze","unit":"psi","value":"232"},{"property":"Ci\u015bnienie rozrywaj\u0105ce","unit":"bar","value":"50"},{"property":"Wsp\u00f3\u0142czynnik bezpiecze\u0144stwa","unit":"-","value":"3,1:1"},{"property":"Standardowe d\u0142ugo\u015bci odcink\u00f3w","unit":"m","value":"20"},{"property":"Waga jednostkowa","unit":"kg\/m","value":"1,38"},{"property":"Rodzaj wzmocnienia","unit":"-","value":"kord"}]},{"variation_id":6990,"sku":"WPOL16ZW045WT640","variation_title":"W\u0105\u017c do olej\u00f3w 1,6 MPa DN45 (1.3\/4\")","properties":[{"property":"\u015arednica nominalna wewn\u0119trzna","unit":"mm","value":"45,0"},{"property":"\u015arednica nominalna wewn\u0119trzna","unit":"ukryte","value":"\u00b11,50"},{"property":"\u015arednica nominalna wewn\u0119trzna","unit":"cal","value":"1 3\/4"},{"property":"\u015arednica zewn\u0119trzna [mm]","unit":"mm","value":"58,0"},{"property":"Maksymalne ci\u015bnienie robocze","unit":"bar","value":"16"},{"property":"Maksymalne ci\u015bnienie robocze","unit":"MPa","value":"1,6"},{"property":"Maksymalne ci\u015bnienie robocze","unit":"psi","value":"232"},{"property":"Ci\u015bnienie rozrywaj\u0105ce","unit":"bar","value":"50"},{"property":"Wsp\u00f3\u0142czynnik bezpiecze\u0144stwa","unit":"-","value":"3,1:1"},{"property":"Standardowe d\u0142ugo\u015bci odcink\u00f3w","unit":"m","value":"20"},{"property":"Waga jednostkowa","unit":"kg\/m","value":"1,52"},{"property":"Rodzaj wzmocnienia","unit":"-","value":"kord"}]},{"variation_id":6992,"sku":"WPOL16ZW050WT640","variation_title":"W\u0105\u017c do olej\u00f3w 1,6 MPa DN50 (2\")","properties":[{"property":"\u015arednica nominalna wewn\u0119trzna","unit":"mm","value":"50,0"},{"property":"\u015arednica nominalna wewn\u0119trzna","unit":"ukryte","value":"\u00b11,50"},{"property":"\u015arednica nominalna wewn\u0119trzna","unit":"cal","value":"2"},{"property":"\u015arednica zewn\u0119trzna [mm]","unit":"mm","value":"63,0"},{"property":"Maksymalne ci\u015bnienie robocze","unit":"bar","value":"16"},{"property":"Maksymalne ci\u015bnienie robocze","unit":"MPa","value":"1,6"},{"property":"Maksymalne ci\u015bnienie robocze","unit":"psi","value":"232"},{"property":"Ci\u015bnienie rozrywaj\u0105ce","unit":"bar","value":"50"},{"property":"Wsp\u00f3\u0142czynnik bezpiecze\u0144stwa","unit":"-","value":"3,1:1"},{"property":"Standardowe d\u0142ugo\u015bci odcink\u00f3w","unit":"m","value":"20"},{"property":"Waga jednostkowa","unit":"kg\/m","value":"1,67"},{"property":"Rodzaj wzmocnienia","unit":"-","value":"kord"}]},{"variation_id":6994,"sku":"WPOL16ZW055WT640","variation_title":"W\u0105\u017c do olej\u00f3w 1,6 MPa DN55 (2.5\/32\")","properties":[{"property":"\u015arednica nominalna wewn\u0119trzna","unit":"mm","value":"55,0"},{"property":"\u015arednica nominalna wewn\u0119trzna","unit":"ukryte","value":"\u00b11,50"},{"property":"\u015arednica nominalna wewn\u0119trzna","unit":"cal","value":"2 5\/32"},{"property":"\u015arednica zewn\u0119trzna [mm]","unit":"mm","value":"68,0"},{"property":"Maksymalne ci\u015bnienie robocze","unit":"bar","value":"16"},{"property":"Maksymalne ci\u015bnienie robocze","unit":"MPa","value":"1,6"},{"property":"Maksymalne ci\u015bnienie robocze","unit":"psi","value":"232"},{"property":"Ci\u015bnienie rozrywaj\u0105ce","unit":"bar","value":"50"},{"property":"Wsp\u00f3\u0142czynnik bezpiecze\u0144stwa","unit":"-","value":"3,1:1"},{"property":"Standardowe d\u0142ugo\u015bci odcink\u00f3w","unit":"m","value":"20"},{"property":"Waga jednostkowa","unit":"kg\/m","value":"1,86"},{"property":"Rodzaj wzmocnienia","unit":"-","value":"kord"}]},{"variation_id":6996,"sku":"WPOL16ZW063WT640","variation_title":"W\u0105\u017c do olej\u00f3w 1,6 MPa DN63 (2.1\/2\")","properties":[{"property":"\u015arednica nominalna wewn\u0119trzna","unit":"mm","value":"63,0"},{"property":"\u015arednica nominalna wewn\u0119trzna","unit":"ukryte","value":"\u00b11,50"},{"property":"\u015arednica nominalna wewn\u0119trzna","unit":"cal","value":"2 1\/2"},{"property":"\u015arednica zewn\u0119trzna [mm]","unit":"mm","value":"77,0"},{"property":"Maksymalne ci\u015bnienie robocze","unit":"bar","value":"16"},{"property":"Maksymalne ci\u015bnienie robocze","unit":"MPa","value":"1,6"},{"property":"Maksymalne ci\u015bnienie robocze","unit":"psi","value":"232"},{"property":"Ci\u015bnienie rozrywaj\u0105ce","unit":"bar","value":"50"},{"property":"Wsp\u00f3\u0142czynnik bezpiecze\u0144stwa","unit":"-","value":"3,1:1"},{"property":"Standardowe d\u0142ugo\u015bci odcink\u00f3w","unit":"m","value":"20"},{"property":"Waga jednostkowa","unit":"kg\/m","value":"2,24"},{"property":"Rodzaj wzmocnienia","unit":"-","value":"kord"}]},{"variation_id":6998,"sku":"","variation_title":"W\u0105\u017c do olej\u00f3w 1,6 MPa DN75 (3\")","properties":[{"property":"\u015arednica nominalna wewn\u0119trzna","unit":"mm","value":"75,0"},{"property":"\u015arednica nominalna wewn\u0119trzna","unit":"ukryte","value":"\u00b11,50"},{"property":"\u015arednica nominalna wewn\u0119trzna","unit":"cal","value":"3"},{"property":"\u015arednica zewn\u0119trzna [mm]","unit":"mm","value":"90,0"},{"property":"Maksymalne ci\u015bnienie robocze","unit":"bar","value":"16"},{"property":"Maksymalne ci\u015bnienie robocze","unit":"MPa","value":"1,6"},{"property":"Maksymalne ci\u015bnienie robocze","unit":"psi","value":"232"},{"property":"Ci\u015bnienie rozrywaj\u0105ce","unit":"bar","value":"50"},{"property":"Wsp\u00f3\u0142czynnik bezpiecze\u0144stwa","unit":"-","value":"3,1:1"},{"property":"Standardowe d\u0142ugo\u015bci odcink\u00f3w","unit":"m","value":"20"},{"property":"Waga jednostkowa","unit":"kg\/m","value":"2,65"},{"property":"Rodzaj wzmocnienia","unit":"-","value":"kord"}]},{"variation_id":7000,"sku":"WPOL16ZW080WT640","variation_title":"W\u0105\u017c do olej\u00f3w 1,6 MPa DN80 (3.5\/32\")","properties":[{"property":"\u015arednica nominalna wewn\u0119trzna","unit":"mm","value":"80,0"},{"property":"\u015arednica nominalna wewn\u0119trzna","unit":"ukryte","value":"\u00b12,00"},{"property":"\u015arednica nominalna wewn\u0119trzna","unit":"cal","value":"3 5\/32"},{"property":"\u015arednica zewn\u0119trzna [mm]","unit":"mm","value":"95,0"},{"property":"Maksymalne ci\u015bnienie robocze","unit":"bar","value":"16"},{"property":"Maksymalne ci\u015bnienie robocze","unit":"MPa","value":"1,6"},{"property":"Maksymalne ci\u015bnienie robocze","unit":"psi","value":"232"},{"property":"Ci\u015bnienie rozrywaj\u0105ce","unit":"bar","value":"50"},{"property":"Wsp\u00f3\u0142czynnik bezpiecze\u0144stwa","unit":"-","value":"3,1:1"},{"property":"Standardowe d\u0142ugo\u015bci odcink\u00f3w","unit":"m","value":"10"},{"property":"Waga jednostkowa","unit":"kg\/m","value":"2,82"},{"property":"Rodzaj wzmocnienia","unit":"-","value":"kord"}]}],"_links":{"self":[{"href":"https:\/\/new.stomil-bydgoszcz.pl\/en\/wp-json\/wp\/v2\/product\/6962","targetHints":{"allow":["GET"]}}],"collection":[{"href":"https:\/\/new.stomil-bydgoszcz.pl\/en\/wp-json\/wp\/v2\/product"}],"about":[{"href":"https:\/\/new.stomil-bydgoszcz.pl\/en\/wp-json\/wp\/v2\/types\/product"}],"replies":[{"embeddable":true,"href":"https:\/\/new.stomil-bydgoszcz.pl\/en\/wp-json\/wp\/v2\/comments?post=6962"}],"wp:featuredmedia":[{"embeddable":true,"href":"https:\/\/new.stomil-bydgoszcz.pl\/en\/wp-json\/wp\/v2\/media\/6959"}],"wp:attachment":[{"href":"https:\/\/new.stomil-bydgoszcz.pl\/en\/wp-json\/wp\/v2\/media?parent=6962"}],"wp:term":[{"taxonomy":"product_brand","embeddable":true,"href":"https:\/\/new.stomil-bydgoszcz.pl\/en\/wp-json\/wp\/v2\/product_brand?post=6962"},{"taxonomy":"product_cat","embeddable":true,"href":"https:\/\/new.stomil-bydgoszcz.pl\/en\/wp-json\/wp\/v2\/product_cat?post=6962"},{"taxonomy":"product_tag","embeddable":true,"href":"https:\/\/new.stomil-bydgoszcz.pl\/en\/wp-json\/wp\/v2\/product_tag?post=6962"}],"curies":[{"name":"wp","href":"https:\/\/api.w.org\/{rel}","templated":true}]}}